{"id":6314,"date":"2020-12-02T16:54:40","date_gmt":"2020-12-02T16:54:40","guid":{"rendered":"http:\/\/dexterra2020.jkmprojects.com\/vegetation-management\/"},"modified":"2021-06-22T17:24:04","modified_gmt":"2021-06-22T17:24:04","slug":"vegetation-management","status":"publish","type":"page","link":"http:\/\/dexterra.jkmprojects.com\/fr\/services-de-foresterie\/vegetation-management\/","title":{"rendered":"Gestion de la v\u00e9g\u00e9tation"},"content":{"rendered":"\t\t<div data-elementor-type=\"wp-page\" data-elementor-id=\"6314\" class=\"elementor elementor-6314 elementor-2781\">\n\t\t\t\t\t\t<div class=\"elementor-inner\">\n\t\t\t\t<div class=\"elementor-section-wrap\">\n\t\t\t\t\t\t\t\t\t<header class=\"elementor-section elementor-top-section elementor-element elementor-element-55ac0f6e elementor-section-full_width elementor-section-height-default elementor-section-height-default\" data-id=\"55ac0f6e\" data-element_type=\"section\">\n\t\t\t\t\t\t<div class=\"elementor-container elementor-column-gap-default\">\n\t\t\t\t\t\t\t<div class=\"elementor-row\">\n\t\t\t\t\t<div class=\"elementor-column elementor-col-100 elementor-top-column elementor-element elementor-element-198375df\" data-id=\"198375df\" data-element_type=\"column\">\n\t\t\t<div class=\"elementor-column-wrap elementor-element-populated\">\n\t\t\t\t\t\t\t<div class=\"elementor-widget-wrap\">\n\t\t\t\t\t\t<div class=\"elementor-element elementor-element-f927781 elementor-widget elementor-widget-jk-pageheader\" data-id=\"f927781\" data-element_type=\"widget\" data-widget_type=\"jk-pageheader.default\">\n\t\t\t\t<div class=\"elementor-widget-container\">\n\t\t\t<header class=\"medium\"><div class=\"jkea_header\"><div class=\"jkea_header__contentwrap\"><div class=\"jkea_header__content\"><div class=\"title\"><h1><span class=\"orange\">Gestion<\/span> de la v\u00e9g\u00e9tation <\/h1><\/div><div class=\"text\"><p><p><img loading=\"lazy\" class=\"alignnone\" src=\"https:\/\/dexterra.com\/wp-content\/uploads\/2020\/11\/DexterraLogo-1.png\" alt=\"Dexterra\" width=\"191\" height=\"91\" \/><\/p><\/p><\/div><\/div><\/div><div class=\"jkea_header__graphic\"><div class=\"featuredimage full\"><img src=\"https:\/\/dexterra.com\/wp-content\/uploads\/2020\/12\/1pt4pt3.jpg\" alt=\"Une personne qui marche dans une for\u00eat avec de l\u2019\u00e9quipement de s\u00e9curit\u00e9\"><\/div><div class=\"bars\"><div class=\"whiteslice\"><\/div><div class=\"dots\"><\/div><div class=\"greybar\"><\/div><div class=\"bluebar\"><\/div><\/div><div class=\"jkea_header__chevrons\"><div class=\"chevrons\"><div class=\"chevronbg\"><\/div><div class=\"dots\"><\/div><div class=\"greychevronshadow\"><div class=\"greychevron\"><\/div><\/div><div class=\"bluechevron\"><\/div><\/div><\/div><\/div><\/div><\/div><\/header>\t\t<\/div>\n\t\t\t\t<\/div>\n\t\t\t\t\t\t<\/div>\n\t\t\t\t\t<\/div>\n\t\t<\/div>\n\t\t\t\t\t\t\t\t<\/div>\n\t\t\t\t\t<\/div>\n\t\t<\/header>\n\t\t\t\t<section class=\"elementor-section elementor-top-section elementor-element elementor-element-c5003e4 keyline elementor-section-boxed elementor-section-height-default elementor-section-height-default\" data-id=\"c5003e4\" data-element_type=\"section\">\n\t\t\t\t\t\t<div class=\"elementor-container elementor-column-gap-default\">\n\t\t\t\t\t\t\t<div class=\"elementor-row\">\n\t\t\t\t\t<div class=\"elementor-column elementor-col-100 elementor-top-column elementor-element elementor-element-4846b6c\" data-id=\"4846b6c\" data-element_type=\"column\">\n\t\t\t<div class=\"elementor-column-wrap elementor-element-populated\">\n\t\t\t\t\t\t\t<div class=\"elementor-widget-wrap\">\n\t\t\t\t\t\t<div class=\"elementor-element elementor-element-a9a0904 elementor-widget elementor-widget-jk-pageintro\" data-id=\"a9a0904\" data-element_type=\"widget\" data-widget_type=\"jk-pageintro.default\">\n\t\t\t\t<div class=\"elementor-widget-container\">\n\t\t\t<div class=\"jkea_pageintro_wrapper\"><div class=\"jkea_pageintro\">\n                    <div class=\"jkea_pageintro_content\">\n                        <div class=\"jkea_title\"><h2>Maintenir des for\u00eats saines<\/h2><\/div>\n                    \t<div class=\"jkea_text\">\n                    \t\t<p><span style=\"font-weight: 400;\">Nos for\u00eats sont un actif environnemental et industriel. Nous sommes l\u00e0 pour maintenir cet actif. Planter des arbres est un \u00e9l\u00e9ment de cela, mais c\u2019est aussi l\u2019\u00e9chantillonnage des semences, la gestion des esp\u00e8ces envahissantes, la pr\u00e9vention des incendies et le d\u00e9frichage s\u00e9curitaire.\u00a0 <\/span><\/p>\n                    \t<\/div> <\/div>\n                <\/div>\t\t<\/div>\n\t\t\t\t<\/div>\n\t\t\t\t\t\t<\/div>\n\t\t\t\t\t<\/div>\n\t\t<\/div>\n\t\t\t\t\t\t\t\t<\/div>\n\t\t\t\t\t<\/div>\n\t\t<\/section>\n\t\t\t\t<section class=\"elementor-section elementor-top-section elementor-element elementor-element-644dd5a2 elementor-section-full_width divider elementor-section-height-default elementor-section-height-default\" data-id=\"644dd5a2\" data-element_type=\"section\">\n\t\t\t\t\t\t<div class=\"elementor-container elementor-column-gap-default\">\n\t\t\t\t\t\t\t<div class=\"elementor-row\">\n\t\t\t\t\t<div class=\"elementor-column elementor-col-100 elementor-top-column elementor-element elementor-element-2e928d0\" data-id=\"2e928d0\" data-element_type=\"column\">\n\t\t\t<div class=\"elementor-column-wrap elementor-element-populated\">\n\t\t\t\t\t\t\t<div class=\"elementor-widget-wrap\">\n\t\t\t\t\t\t<div class=\"elementor-element elementor-element-4e9c0220 elementor-widget elementor-widget-jk-divider\" data-id=\"4e9c0220\" data-element_type=\"widget\" data-widget_type=\"jk-divider.default\">\n\t\t\t\t<div class=\"elementor-widget-container\">\n\t\t\t<div class=\"jkea_divider grey\"><div class=\"barholder\"><div class=\"greybar\"><\/div><div class=\"bluebar\"><\/div><\/div>\t\t<\/div>\n\t\t\t\t<\/div>\n\t\t\t\t\t\t<\/div>\n\t\t\t\t\t<\/div>\n\t\t<\/div>\n\t\t\t\t\t\t\t\t<\/div>\n\t\t\t\t\t<\/div>\n\t\t<\/section>\n\t\t\t\t<section class=\"elementor-section elementor-top-section elementor-element elementor-element-4c4e11d0 grey faq elementor-section-boxed elementor-section-height-default elementor-section-height-default\" data-id=\"4c4e11d0\" data-element_type=\"section\">\n\t\t\t\t\t\t<div class=\"elementor-container elementor-column-gap-default\">\n\t\t\t\t\t\t\t<div class=\"elementor-row\">\n\t\t\t\t\t<div class=\"elementor-column elementor-col-100 elementor-top-column elementor-element elementor-element-710dec1e\" data-id=\"710dec1e\" data-element_type=\"column\">\n\t\t\t<div class=\"elementor-column-wrap elementor-element-populated\">\n\t\t\t\t\t\t\t<div class=\"elementor-widget-wrap\">\n\t\t\t\t\t\t<div class=\"elementor-element elementor-element-72bb2864 elementor-widget elementor-widget-jk-faq-accordion\" data-id=\"72bb2864\" data-element_type=\"widget\" data-widget_type=\"jk-faq-accordion.default\">\n\t\t\t\t<div class=\"elementor-widget-container\">\n\t\t\t<div class=\"jkea-faq-accordion\" itemscope itemtype=\"https:\/\/schema.org\/FAQPage\"><div class=\"jkea-faq-title\"><h2> Services<\/h2><\/div><div itemscope itemprop=\"mainEntity\" itemtype=\"https:\/\/schema.org\/Question\" class=\"jkea-accordion-item\" data-tabid=\"tab-6324\"><div class=\"jkea-tab-title\"><div class=\"jkea-accordion-title\"><span class=\"question\" itemprop=\"name\">\u00c9claircissage pr\u00e9-commercial<\/span><\/div><div class=\"openclose\"><\/div><\/div><div class=\"jkea-tab-content\" itemscope itemprop=\"acceptedAnswer\" itemtype=\"https:\/\/schema.org\/Answer\"><div class=\"jkea-image\"><img src=\"http:\/\/dexterra.jkmprojects.com\/wp-content\/uploads\/2020\/12\/PreCommercial.jpg\" alt=\"Une image de paysage de for\u00eat et d\u2019eau\"><\/div><div class=\"jkea-text\"  itemprop=\"text\"><p><span style=\"font-weight: 400;\">Nous offrons des services d\u2019\u00e9claircissage pr\u00e9-commercial pour enlever certains arbres dans des peuplements forestiers excessivement rebois\u00e9s afin d\u2019emp\u00eacher la stagnation et d\u2019augmenter la croissance des arbres restants.<\/span><\/p><\/div><\/div><\/div><div itemscope itemprop=\"mainEntity\" itemtype=\"https:\/\/schema.org\/Question\" class=\"jkea-accordion-item\" data-tabid=\"tab-6329\"><div class=\"jkea-tab-title\"><div class=\"jkea-accordion-title\"><span class=\"question\" itemprop=\"name\">D\u00e9broussaillage<\/span><\/div><div class=\"openclose\"><\/div><\/div><div class=\"jkea-tab-content\" itemscope itemprop=\"acceptedAnswer\" itemtype=\"https:\/\/schema.org\/Answer\"><div class=\"jkea-image\"><img src=\"http:\/\/dexterra.jkmprojects.com\/wp-content\/uploads\/2020\/12\/BrushClearing.jpg\" alt=\" Un homme avec des protections auditives et un \u00e9quipement de s\u00e9curit\u00e9 qui fait du d\u00e9broussaillage\"><\/div><div class=\"jkea-text\"  itemprop=\"text\"><p><span style=\"font-weight: 400;\">Lorsque vous devez nettoyer des arbres et d\u2019autres v\u00e9g\u00e9tations de fa\u00e7on s\u00e9curitaire et efficace, nous d\u00e9broussaillons tout en pr\u00e9servant l\u2019int\u00e9grit\u00e9 du sol.<\/span><\/p><\/div><\/div><\/div><div itemscope itemprop=\"mainEntity\" itemtype=\"https:\/\/schema.org\/Question\" class=\"jkea-accordion-item\" data-tabid=\"tab-6328\"><div class=\"jkea-tab-title\"><div class=\"jkea-accordion-title\"><span class=\"question\" itemprop=\"name\">Herbicide manuel<\/span><\/div><div class=\"openclose\"><\/div><\/div><div class=\"jkea-tab-content\" itemscope itemprop=\"acceptedAnswer\" itemtype=\"https:\/\/schema.org\/Answer\"><div class=\"jkea-image\"><img src=\"http:\/\/dexterra.jkmprojects.com\/wp-content\/uploads\/2020\/12\/manualherbicide.jpg\" alt=\"Une vue a\u00e9rienne de la for\u00eat avec du brouillard\"><\/div><div class=\"jkea-text\"  itemprop=\"text\"><p><span style=\"font-weight: 400;\">Nos experts utilisent des herbicides forestiers cibl\u00e9s pour g\u00e9rer la v\u00e9g\u00e9tation foresti\u00e8re, offrant un avantage concurrentiel aux arbres ou semis d\u00e9sirables pour augmenter leur croissance et leur survie.<\/span><\/p><\/div><\/div><\/div><div itemscope itemprop=\"mainEntity\" itemtype=\"https:\/\/schema.org\/Question\" class=\"jkea-accordion-item\" data-tabid=\"tab-6327\"><div class=\"jkea-tab-title\"><div class=\"jkea-accordion-title\"><span class=\"question\" itemprop=\"name\">Travaux de techniciens forestiers<\/span><\/div><div class=\"openclose\"><\/div><\/div><div class=\"jkea-tab-content\" itemscope itemprop=\"acceptedAnswer\" itemtype=\"https:\/\/schema.org\/Answer\"><div class=\"jkea-image\"><img src=\"http:\/\/dexterra.jkmprojects.com\/wp-content\/uploads\/2020\/12\/ForestTech.jpg\" alt=\"Un homme qui regarde \u00e0 travers des arbres dans la for\u00eat\"><\/div><div class=\"jkea-text\"  itemprop=\"text\"><p><span style=\"font-weight: 400;\">Nous avons une \u00e9quipe de techniciens qui aident \u00e0 g\u00e9rer et \u00e0 conserver les for\u00eats. Leurs services vont de la collecte de donn\u00e9es et de l\u2019arpentage terrestre \u00e0 la pr\u00e9vention des incendies et \u00e0 la surveillance de la conformit\u00e9.<\/span><\/p><\/div><\/div><\/div><div itemscope itemprop=\"mainEntity\" itemtype=\"https:\/\/schema.org\/Question\" class=\"jkea-accordion-item\" data-tabid=\"tab-6326\"><div class=\"jkea-tab-title\"><div class=\"jkea-accordion-title\"><span class=\"question\" itemprop=\"name\">Arpentage et cartographie<\/span><\/div><div class=\"openclose\"><\/div><\/div><div class=\"jkea-tab-content\" itemscope itemprop=\"acceptedAnswer\" itemtype=\"https:\/\/schema.org\/Answer\"><div class=\"jkea-image\"><img src=\"http:\/\/dexterra.jkmprojects.com\/wp-content\/uploads\/2020\/12\/surveying.jpg\" alt=\"Un homme qui porte un casque de protection et fait de l\u2019arpentage\"><\/div><div class=\"jkea-text\"  itemprop=\"text\"><p><span style=\"font-weight: 400;\">Nos services d\u2019arpentage et de cartographie hautement techniques comprennent la photographie a\u00e9rienne, les cartes num\u00e9riques et l\u2019\u00e9chantillonnage sur place pour comprendre la croissance des peuplements forestiers.<\/span><\/p><\/div><\/div><\/div><div itemscope itemprop=\"mainEntity\" itemtype=\"https:\/\/schema.org\/Question\" class=\"jkea-accordion-item\" data-tabid=\"tab-6325\"><div class=\"jkea-tab-title\"><div class=\"jkea-accordion-title\"><span class=\"question\" itemprop=\"name\">Incin\u00e9ration des r\u00e9sidus de coupe<\/span><\/div><div class=\"openclose\"><\/div><\/div><div class=\"jkea-tab-content\" itemscope itemprop=\"acceptedAnswer\" itemtype=\"https:\/\/schema.org\/Answer\"><div class=\"jkea-image\"><img src=\"http:\/\/dexterra.jkmprojects.com\/wp-content\/uploads\/2020\/12\/slashburn.jpg\" alt=\"Un homme sur un 4x4 qui conduit \u00e0 travers un terrain bois\u00e9 en feu\"><\/div><div class=\"jkea-text\"  itemprop=\"text\"><p>Notre service d\u2019incin\u00e9ration des r\u00e9sidus de coupe est un moyen s\u00e9curitaire, contr\u00f4l\u00e9 et efficace d\u2019\u00e9liminer les d\u00e9bris forestiers et de pr\u00e9venir les feux de for\u00eat.<\/p><\/div><\/div><\/div><\/div>\t\t<\/div>\n\t\t\t\t<\/div>\n\t\t\t\t\t\t<\/div>\n\t\t\t\t\t<\/div>\n\t\t<\/div>\n\t\t\t\t\t\t\t\t<\/div>\n\t\t\t\t\t<\/div>\n\t\t<\/section>\n\t\t\t\t<section class=\"elementor-section elementor-top-section elementor-element elementor-element-16f58f1d grey elementor-section-boxed elementor-section-height-default elementor-section-height-default\" data-id=\"16f58f1d\" data-element_type=\"section\">\n\t\t\t\t\t\t<div class=\"elementor-container elementor-column-gap-default\">\n\t\t\t\t\t\t\t<div class=\"elementor-row\">\n\t\t\t\t\t<div class=\"elementor-column elementor-col-100 elementor-top-column elementor-element elementor-element-6c9ad8bf\" data-id=\"6c9ad8bf\" data-element_type=\"column\">\n\t\t\t<div class=\"elementor-column-wrap elementor-element-populated\">\n\t\t\t\t\t\t\t<div class=\"elementor-widget-wrap\">\n\t\t\t\t\t\t<div class=\"elementor-element elementor-element-3cffd4f5 elementor-widget elementor-widget-jk-spacer\" data-id=\"3cffd4f5\" data-element_type=\"widget\" data-widget_type=\"jk-spacer.default\">\n\t\t\t\t<div class=\"elementor-widget-container\">\n\t\t\t<div class=\"jkea_spacer_wrapper\"><div class=\"jkea_spacer\"><\/div><\/div>\t\t<\/div>\n\t\t\t\t<\/div>\n\t\t\t\t\t\t<\/div>\n\t\t\t\t\t<\/div>\n\t\t<\/div>\n\t\t\t\t\t\t\t\t<\/div>\n\t\t\t\t\t<\/div>\n\t\t<\/section>\n\t\t\t\t<section class=\"elementor-section elementor-top-section elementor-element elementor-element-4deb48ac elementor-section-full_width elementor-section-height-default elementor-section-height-default\" data-id=\"4deb48ac\" data-element_type=\"section\">\n\t\t\t\t\t\t<div class=\"elementor-container elementor-column-gap-default\">\n\t\t\t\t\t\t\t<div class=\"elementor-row\">\n\t\t\t\t\t<div class=\"elementor-column elementor-col-100 elementor-top-column elementor-element elementor-element-3540c6c4\" data-id=\"3540c6c4\" data-element_type=\"column\">\n\t\t\t<div class=\"elementor-column-wrap elementor-element-populated\">\n\t\t\t\t\t\t\t<div class=\"elementor-widget-wrap\">\n\t\t\t\t\t\t<div class=\"elementor-element elementor-element-1768fc3 elementor-widget elementor-widget-jk-cta-bar\" data-id=\"1768fc3\" data-element_type=\"widget\" data-widget_type=\"jk-cta-bar.default\">\n\t\t\t\t<div class=\"elementor-widget-container\">\n\t\t\t<div class=\"jkea_cta-bar_wrapper\">\n            <div class=\"bars\"><div class=\"dots\"><\/div><div class=\"greybar\"><\/div><div class=\"bluebar\"><\/div><\/div>\n                <div class=\"jkea_cta-bar\">\n                    <div class=\"jkea_cta-bar_content\">\n                        <div class=\"jkea_title\">\n                    \t    <h2>Nous sommes l\u00e0 pour aider<\/h2>\n                    \t<\/div>\n                    \t<div class=\"jkea_text\">\n                    \t\t<p>Communiquez avec nous pour toute question au sujet de la meilleure solution de gestion de la v\u00e9g\u00e9tation pour votre entreprise.<\/p>\n                    \t<\/div><div class=\"jkea_button\">\n                    \t\t<a href=\"\/fr\/personne-ressource\/\" class=\"btn\">Contactez-nous<\/a>\n                    \t<\/div> <\/div>\n                    <\/div>\n                <\/div>\t\t<\/div>\n\t\t\t\t<\/div>\n\t\t\t\t\t\t<\/div>\n\t\t\t\t\t<\/div>\n\t\t<\/div>\n\t\t\t\t\t\t\t\t<\/div>\n\t\t\t\t\t<\/div>\n\t\t<\/section>\n\t\t\t\t\t\t\t\t\t<\/div>\n\t\t\t<\/div>\n\t\t\t\t\t<\/div>\n\t\t","protected":false},"excerpt":{"rendered":"<p>Gestion de la v\u00e9g\u00e9tation Maintenir des for\u00eats saines Nos for\u00eats sont un actif environnemental et industriel. Nous sommes l\u00e0 pour maintenir cet actif. Planter des arbres est un \u00e9l\u00e9ment de cela, mais c\u2019est aussi l\u2019\u00e9chantillonnage des semences, la gestion des esp\u00e8ces envahissantes, la pr\u00e9vention des incendies et le d\u00e9frichage s\u00e9curitaire.\u00a0 Services \u00c9claircissage pr\u00e9-commercial Nous offrons [&hellip;]<\/p>\n","protected":false},"author":1,"featured_media":0,"parent":6632,"menu_order":0,"comment_status":"closed","ping_status":"closed","template":"","meta":[],"acf":[],"yoast_head":"<!-- This site is optimized with the Yoast SEO plugin v19.3 - https:\/\/yoast.com\/wordpress\/plugins\/seo\/ -->\n<title>Gestion de la v\u00e9g\u00e9tation | Dexterra Group<\/title>\n<meta name=\"description\" content=\"Nous sommes ici pour entretenir les for\u00eats en plantant des arbres, en pr\u00e9levant des semences, en g\u00e9rant des esp\u00e8ces envahissantes, en pr\u00e9venant les incendies et en d\u00e9frichant les lieux en toute s\u00e9curit\u00e9.\" \/>\n<meta name=\"robots\" content=\"noindex, follow\" \/>\n<meta property=\"og:locale\" content=\"fr_FR\" \/>\n<meta property=\"og:type\" content=\"article\" \/>\n<meta property=\"og:title\" content=\"Gestion de la v\u00e9g\u00e9tation | Dexterra Group\" \/>\n<meta property=\"og:description\" content=\"Nous sommes ici pour entretenir les for\u00eats en plantant des arbres, en pr\u00e9levant des semences, en g\u00e9rant des esp\u00e8ces envahissantes, en pr\u00e9venant les incendies et en d\u00e9frichant les lieux en toute s\u00e9curit\u00e9.\" \/>\n<meta property=\"og:url\" content=\"http:\/\/dexterra.jkmprojects.com\/fr\/services-de-foresterie\/vegetation-management\/\" \/>\n<meta property=\"og:site_name\" content=\"Dexterra\" \/>\n<meta property=\"article:modified_time\" content=\"2021-06-22T17:24:04+00:00\" \/>\n<meta property=\"og:image\" content=\"https:\/\/dexterra.com\/wp-content\/uploads\/2020\/11\/DexterraLogo-1.png\" \/>\n<meta name=\"twitter:card\" content=\"summary_large_image\" \/>\n<meta name=\"twitter:label1\" content=\"Dur\u00e9e de lecture estim\u00e9e\" \/>\n\t<meta name=\"twitter:data1\" content=\"2 minutes\" \/>\n<script type=\"application\/ld+json\" class=\"yoast-schema-graph\">{\"@context\":\"https:\/\/schema.org\",\"@graph\":[{\"@type\":\"Organization\",\"@id\":\"https:\/\/dexterra.jkmprojects.com\/#organization\",\"name\":\"Dexterra Group\",\"url\":\"https:\/\/dexterra.jkmprojects.com\/\",\"sameAs\":[],\"logo\":{\"@type\":\"ImageObject\",\"inLanguage\":\"fr-FR\",\"@id\":\"https:\/\/dexterra.jkmprojects.com\/#\/schema\/logo\/image\/\",\"url\":\"https:\/\/dexterra.jkmprojects.com\/wp-content\/uploads\/2020\/11\/DexterraGroupLogo-1.png\",\"contentUrl\":\"https:\/\/dexterra.jkmprojects.com\/wp-content\/uploads\/2020\/11\/DexterraGroupLogo-1.png\",\"width\":302,\"height\":144,\"caption\":\"Dexterra Group\"},\"image\":{\"@id\":\"https:\/\/dexterra.jkmprojects.com\/#\/schema\/logo\/image\/\"}},{\"@type\":\"WebSite\",\"@id\":\"https:\/\/dexterra.jkmprojects.com\/#website\",\"url\":\"https:\/\/dexterra.jkmprojects.com\/\",\"name\":\"Dexterra\",\"description\":\"\",\"publisher\":{\"@id\":\"https:\/\/dexterra.jkmprojects.com\/#organization\"},\"potentialAction\":[{\"@type\":\"SearchAction\",\"target\":{\"@type\":\"EntryPoint\",\"urlTemplate\":\"https:\/\/dexterra.jkmprojects.com\/?s={search_term_string}\"},\"query-input\":\"required name=search_term_string\"}],\"inLanguage\":\"fr-FR\"},{\"@type\":\"ImageObject\",\"inLanguage\":\"fr-FR\",\"@id\":\"http:\/\/dexterra.jkmprojects.com\/fr\/services-de-foresterie\/vegetation-management\/#primaryimage\",\"url\":\"https:\/\/dexterra.com\/wp-content\/uploads\/2020\/11\/DexterraLogo-1.png\",\"contentUrl\":\"https:\/\/dexterra.com\/wp-content\/uploads\/2020\/11\/DexterraLogo-1.png\"},{\"@type\":\"WebPage\",\"@id\":\"http:\/\/dexterra.jkmprojects.com\/fr\/services-de-foresterie\/vegetation-management\/\",\"url\":\"http:\/\/dexterra.jkmprojects.com\/fr\/services-de-foresterie\/vegetation-management\/\",\"name\":\"Gestion de la v\u00e9g\u00e9tation | Dexterra Group\",\"isPartOf\":{\"@id\":\"https:\/\/dexterra.jkmprojects.com\/#website\"},\"primaryImageOfPage\":{\"@id\":\"http:\/\/dexterra.jkmprojects.com\/fr\/services-de-foresterie\/vegetation-management\/#primaryimage\"},\"datePublished\":\"2020-12-02T16:54:40+00:00\",\"dateModified\":\"2021-06-22T17:24:04+00:00\",\"description\":\"Nous sommes ici pour entretenir les for\u00eats en plantant des arbres, en pr\u00e9levant des semences, en g\u00e9rant des esp\u00e8ces envahissantes, en pr\u00e9venant les incendies et en d\u00e9frichant les lieux en toute s\u00e9curit\u00e9.\",\"breadcrumb\":{\"@id\":\"http:\/\/dexterra.jkmprojects.com\/fr\/services-de-foresterie\/vegetation-management\/#breadcrumb\"},\"inLanguage\":\"fr-FR\",\"potentialAction\":[{\"@type\":\"ReadAction\",\"target\":[\"http:\/\/dexterra.jkmprojects.com\/fr\/services-de-foresterie\/vegetation-management\/\"]}]},{\"@type\":\"BreadcrumbList\",\"@id\":\"http:\/\/dexterra.jkmprojects.com\/fr\/services-de-foresterie\/vegetation-management\/#breadcrumb\",\"itemListElement\":[{\"@type\":\"ListItem\",\"position\":1,\"name\":\"Home\",\"item\":\"https:\/\/dexterra.jkmprojects.com\/fr\/\"},{\"@type\":\"ListItem\",\"position\":2,\"name\":\"Services de foresterie\",\"item\":\"https:\/\/dexterra.jkmprojects.com\/fr\/services-de-foresterie\/\"},{\"@type\":\"ListItem\",\"position\":3,\"name\":\"Gestion de la v\u00e9g\u00e9tation\"}]}]}<\/script>\n<!-- \/ Yoast SEO plugin. -->","yoast_head_json":{"title":"Gestion de la v\u00e9g\u00e9tation | Dexterra Group","description":"Nous sommes ici pour entretenir les for\u00eats en plantant des arbres, en pr\u00e9levant des semences, en g\u00e9rant des esp\u00e8ces envahissantes, en pr\u00e9venant les incendies et en d\u00e9frichant les lieux en toute s\u00e9curit\u00e9.","robots":{"index":"noindex","follow":"follow"},"og_locale":"fr_FR","og_type":"article","og_title":"Gestion de la v\u00e9g\u00e9tation | Dexterra Group","og_description":"Nous sommes ici pour entretenir les for\u00eats en plantant des arbres, en pr\u00e9levant des semences, en g\u00e9rant des esp\u00e8ces envahissantes, en pr\u00e9venant les incendies et en d\u00e9frichant les lieux en toute s\u00e9curit\u00e9.","og_url":"http:\/\/dexterra.jkmprojects.com\/fr\/services-de-foresterie\/vegetation-management\/","og_site_name":"Dexterra","article_modified_time":"2021-06-22T17:24:04+00:00","og_image":[{"url":"https:\/\/dexterra.com\/wp-content\/uploads\/2020\/11\/DexterraLogo-1.png"}],"twitter_card":"summary_large_image","twitter_misc":{"Dur\u00e9e de lecture estim\u00e9e":"2 minutes"},"schema":{"@context":"https:\/\/schema.org","@graph":[{"@type":"Organization","@id":"https:\/\/dexterra.jkmprojects.com\/#organization","name":"Dexterra Group","url":"https:\/\/dexterra.jkmprojects.com\/","sameAs":[],"logo":{"@type":"ImageObject","inLanguage":"fr-FR","@id":"https:\/\/dexterra.jkmprojects.com\/#\/schema\/logo\/image\/","url":"https:\/\/dexterra.jkmprojects.com\/wp-content\/uploads\/2020\/11\/DexterraGroupLogo-1.png","contentUrl":"https:\/\/dexterra.jkmprojects.com\/wp-content\/uploads\/2020\/11\/DexterraGroupLogo-1.png","width":302,"height":144,"caption":"Dexterra Group"},"image":{"@id":"https:\/\/dexterra.jkmprojects.com\/#\/schema\/logo\/image\/"}},{"@type":"WebSite","@id":"https:\/\/dexterra.jkmprojects.com\/#website","url":"https:\/\/dexterra.jkmprojects.com\/","name":"Dexterra","description":"","publisher":{"@id":"https:\/\/dexterra.jkmprojects.com\/#organization"},"potentialAction":[{"@type":"SearchAction","target":{"@type":"EntryPoint","urlTemplate":"https:\/\/dexterra.jkmprojects.com\/?s={search_term_string}"},"query-input":"required name=search_term_string"}],"inLanguage":"fr-FR"},{"@type":"ImageObject","inLanguage":"fr-FR","@id":"http:\/\/dexterra.jkmprojects.com\/fr\/services-de-foresterie\/vegetation-management\/#primaryimage","url":"https:\/\/dexterra.com\/wp-content\/uploads\/2020\/11\/DexterraLogo-1.png","contentUrl":"https:\/\/dexterra.com\/wp-content\/uploads\/2020\/11\/DexterraLogo-1.png"},{"@type":"WebPage","@id":"http:\/\/dexterra.jkmprojects.com\/fr\/services-de-foresterie\/vegetation-management\/","url":"http:\/\/dexterra.jkmprojects.com\/fr\/services-de-foresterie\/vegetation-management\/","name":"Gestion de la v\u00e9g\u00e9tation | Dexterra Group","isPartOf":{"@id":"https:\/\/dexterra.jkmprojects.com\/#website"},"primaryImageOfPage":{"@id":"http:\/\/dexterra.jkmprojects.com\/fr\/services-de-foresterie\/vegetation-management\/#primaryimage"},"datePublished":"2020-12-02T16:54:40+00:00","dateModified":"2021-06-22T17:24:04+00:00","description":"Nous sommes ici pour entretenir les for\u00eats en plantant des arbres, en pr\u00e9levant des semences, en g\u00e9rant des esp\u00e8ces envahissantes, en pr\u00e9venant les incendies et en d\u00e9frichant les lieux en toute s\u00e9curit\u00e9.","breadcrumb":{"@id":"http:\/\/dexterra.jkmprojects.com\/fr\/services-de-foresterie\/vegetation-management\/#breadcrumb"},"inLanguage":"fr-FR","potentialAction":[{"@type":"ReadAction","target":["http:\/\/dexterra.jkmprojects.com\/fr\/services-de-foresterie\/vegetation-management\/"]}]},{"@type":"BreadcrumbList","@id":"http:\/\/dexterra.jkmprojects.com\/fr\/services-de-foresterie\/vegetation-management\/#breadcrumb","itemListElement":[{"@type":"ListItem","position":1,"name":"Home","item":"https:\/\/dexterra.jkmprojects.com\/fr\/"},{"@type":"ListItem","position":2,"name":"Services de foresterie","item":"https:\/\/dexterra.jkmprojects.com\/fr\/services-de-foresterie\/"},{"@type":"ListItem","position":3,"name":"Gestion de la v\u00e9g\u00e9tation"}]}]}},"_links":{"self":[{"href":"http:\/\/dexterra.jkmprojects.com\/fr\/wp-json\/wp\/v2\/pages\/6314"}],"collection":[{"href":"http:\/\/dexterra.jkmprojects.com\/fr\/wp-json\/wp\/v2\/pages"}],"about":[{"href":"http:\/\/dexterra.jkmprojects.com\/fr\/wp-json\/wp\/v2\/types\/page"}],"author":[{"embeddable":true,"href":"http:\/\/dexterra.jkmprojects.com\/fr\/wp-json\/wp\/v2\/users\/1"}],"replies":[{"embeddable":true,"href":"http:\/\/dexterra.jkmprojects.com\/fr\/wp-json\/wp\/v2\/comments?post=6314"}],"version-history":[{"count":33,"href":"http:\/\/dexterra.jkmprojects.com\/fr\/wp-json\/wp\/v2\/pages\/6314\/revisions"}],"predecessor-version":[{"id":7533,"href":"http:\/\/dexterra.jkmprojects.com\/fr\/wp-json\/wp\/v2\/pages\/6314\/revisions\/7533"}],"up":[{"embeddable":true,"href":"http:\/\/dexterra.jkmprojects.com\/fr\/wp-json\/wp\/v2\/pages\/6632"}],"wp:attachment":[{"href":"http:\/\/dexterra.jkmprojects.com\/fr\/wp-json\/wp\/v2\/media?parent=6314"}],"curies":[{"name":"wp","href":"https:\/\/api.w.org\/{rel}","templated":true}]}}