{"id":6389,"date":"2020-10-19T16:45:27","date_gmt":"2020-10-19T16:45:27","guid":{"rendered":"http:\/\/dexterra2020.jkmprojects.com\/modular-solutions\/"},"modified":"2021-06-22T13:23:50","modified_gmt":"2021-06-22T13:23:50","slug":"solutions-modulaires","status":"publish","type":"page","link":"http:\/\/dexterra.jkmprojects.com\/fr\/solutions-modulaires\/","title":{"rendered":"Solutions modulaires"},"content":{"rendered":"\t\t<div data-elementor-type=\"wp-page\" data-elementor-id=\"6389\" class=\"elementor elementor-6389 elementor-20\">\n\t\t\t\t\t\t<div class=\"elementor-inner\">\n\t\t\t\t<div class=\"elementor-section-wrap\">\n\t\t\t\t\t\t\t\t\t<header class=\"elementor-section elementor-top-section elementor-element elementor-element-2931910c elementor-section-full_width elementor-section-height-default elementor-section-height-default\" data-id=\"2931910c\" data-element_type=\"section\" data-settings=\"{&quot;sticky&quot;:&quot;top&quot;,&quot;sticky_on&quot;:[&quot;desktop&quot;,&quot;tablet&quot;,&quot;mobile&quot;],&quot;sticky_offset&quot;:0,&quot;sticky_effects_offset&quot;:0}\">\n\t\t\t\t\t\t<div class=\"elementor-container elementor-column-gap-default\">\n\t\t\t\t\t\t\t<div class=\"elementor-row\">\n\t\t\t\t\t<div class=\"elementor-column elementor-col-100 elementor-top-column elementor-element elementor-element-5fe0cb70\" data-id=\"5fe0cb70\" data-element_type=\"column\">\n\t\t\t<div class=\"elementor-column-wrap elementor-element-populated\">\n\t\t\t\t\t\t\t<div class=\"elementor-widget-wrap\">\n\t\t\t\t\t\t<div class=\"elementor-element elementor-element-3140a313 elementor-widget elementor-widget-jk-pageheader\" data-id=\"3140a313\" data-element_type=\"widget\" data-widget_type=\"jk-pageheader.default\">\n\t\t\t\t<div class=\"elementor-widget-container\">\n\t\t\t<header class=\"medium\"><div class=\"jkea_header\"><div class=\"jkea_header__contentwrap\"><div class=\"jkea_header__content\"><div class=\"title\"><h1><span class=\"orange\">Solutions<\/span> de construction modulaires <\/h1><\/div><div class=\"text\"><p><p><img loading=\"lazy\" class=\"alignnone size-medium wp-image-1169\" src=\"https:\/\/dexterra.com\/wp-content\/uploads\/2020\/11\/NRBLogo-300x86.png\" alt=\"NRB Logo\" width=\"300\" height=\"86\" srcset=\"http:\/\/dexterra.jkmprojects.com\/wp-content\/uploads\/2020\/11\/NRBLogo-300x86.png 300w, http:\/\/dexterra.jkmprojects.com\/wp-content\/uploads\/2020\/11\/NRBLogo.png 504w\" sizes=\"(max-width: 300px) 100vw, 300px\" \/><\/p><\/p><\/div><\/div><\/div><div class=\"jkea_header__graphic\"><div class=\"featuredimage f\"><img src=\"https:\/\/dexterra.com\/wp-content\/uploads\/2020\/11\/Dexterra-Headers_1pt3mod.jpg\" alt=\"Un b\u00e2timent modulaire soulev\u00e9 par une grue\"><\/div><div class=\"bars\"><div class=\"whiteslice\"><\/div><div class=\"dots\"><\/div><div class=\"greybar\"><\/div><div class=\"bluebar\"><\/div><\/div><div class=\"jkea_header__chevrons\"><div class=\"chevrons\"><div class=\"chevronbg\"><\/div><div class=\"dots\"><\/div><div class=\"greychevronshadow\"><div class=\"greychevron\"><\/div><\/div><div class=\"bluechevron\"><\/div><\/div><\/div><\/div><\/div><\/div><\/header>\t\t<\/div>\n\t\t\t\t<\/div>\n\t\t\t\t\t\t<\/div>\n\t\t\t\t\t<\/div>\n\t\t<\/div>\n\t\t\t\t\t\t\t\t<\/div>\n\t\t\t\t\t<\/div>\n\t\t<\/header>\n\t\t\t\t<section class=\"elementor-section elementor-top-section elementor-element elementor-element-5ac16ed5 keyline elementor-section-boxed elementor-section-height-default elementor-section-height-default\" data-id=\"5ac16ed5\" data-element_type=\"section\">\n\t\t\t\t\t\t<div class=\"elementor-container elementor-column-gap-default\">\n\t\t\t\t\t\t\t<div class=\"elementor-row\">\n\t\t\t\t\t<div class=\"elementor-column elementor-col-100 elementor-top-column elementor-element elementor-element-60d88e05\" data-id=\"60d88e05\" data-element_type=\"column\">\n\t\t\t<div class=\"elementor-column-wrap elementor-element-populated\">\n\t\t\t\t\t\t\t<div class=\"elementor-widget-wrap\">\n\t\t\t\t\t\t<div class=\"elementor-element elementor-element-2df6ea79 elementor-widget elementor-widget-jk-pageintro\" data-id=\"2df6ea79\" data-element_type=\"widget\" data-widget_type=\"jk-pageintro.default\">\n\t\t\t\t<div class=\"elementor-widget-container\">\n\t\t\t<div class=\"jkea_pageintro_wrapper\"><div class=\"jkea_pageintro\">\n                    <div class=\"jkea_pageintro_content\">\n                        <div class=\"jkea_title\"><h2>Vitesse. Flexibilit\u00e9. Certitude.<\/h2><\/div>\n                    \t<div class=\"jkea_text\">\n                    \t\t<p>Nous croyons que les solutions de construction modulaires sont l\u2019avenir de la construction. Vous obtenez les m\u00eames capacit\u00e9s de personnalisation, le m\u00eame attrait architectural et la m\u00eame science du b\u00e2timent qui r\u00e9pondent aux m\u00eames codes. La grande diff\u00e9rence est que le processus prend jusqu\u2019\u00e0 50 % moins de temps.<\/p>\n                    \t<\/div> <\/div>\n                <\/div>\t\t<\/div>\n\t\t\t\t<\/div>\n\t\t\t\t\t\t<\/div>\n\t\t\t\t\t<\/div>\n\t\t<\/div>\n\t\t\t\t\t\t\t\t<\/div>\n\t\t\t\t\t<\/div>\n\t\t<\/section>\n\t\t\t\t<section class=\"elementor-section elementor-top-section elementor-element elementor-element-71589ae9 elementor-section-boxed elementor-section-height-default elementor-section-height-default\" data-id=\"71589ae9\" data-element_type=\"section\">\n\t\t\t\t\t\t<div class=\"elementor-container elementor-column-gap-default\">\n\t\t\t\t\t\t\t<div class=\"elementor-row\">\n\t\t\t\t\t<div class=\"elementor-column elementor-col-100 elementor-top-column elementor-element elementor-element-15710909\" data-id=\"15710909\" data-element_type=\"column\">\n\t\t\t<div class=\"elementor-column-wrap elementor-element-populated\">\n\t\t\t\t\t\t\t<div class=\"elementor-widget-wrap\">\n\t\t\t\t\t\t<div class=\"elementor-element elementor-element-370e0035 elementor-widget elementor-widget-jk-pod\" data-id=\"370e0035\" data-element_type=\"widget\" data-widget_type=\"jk-pod.default\">\n\t\t\t\t<div class=\"elementor-widget-container\">\n\t\t\t<div class=\"jkea_pod_wrapper \"><div class=\"jkea_pods \"><div class=\"jkea_pod_content\">\r\n                    <div class=\"jkea_title center\"><div class=\"jkea_icon\">\r\n                        \t<div class=\"icon\">\r\n                        \t    <img src=\"https:\/\/dexterra.com\/wp-content\/uploads\/2020\/11\/entrepreneur-1.png\" alt=\"flag\">\r\n                    \t    <\/div>\r\n                        <\/div>    <h3>Esprit entrepreneurial<\/h3>\r\n                \t<\/div>\r\n                \t<div class=\"jkea_text center\">\r\n                \t\tParlez-nous d\u2019un projet et nous ne dirons presque jamais non. Nous verrons comment le livrer avec tous les avantages de la construction modulaire.\r\n                \t<\/div> <\/div><div class=\"jkea_pod_content\">\r\n                    <div class=\"jkea_title center\"><div class=\"jkea_icon\">\r\n                        \t<div class=\"icon\">\r\n                        \t    <img src=\"https:\/\/dexterra.com\/wp-content\/uploads\/2020\/11\/construction-1.png\" alt=\"construction hat\">\r\n                    \t    <\/div>\r\n                        <\/div>    <h3>Fabricants avec \u00e9tats d\u2019esprit de construction<\/h3>\r\n                \t<\/div>\r\n                \t<div class=\"jkea_text center\">\r\n                \t\tNous adorons le son de l\u2019acier de broyage et l\u2019odeur du bois d\u2019\u0153uvre fra\u00eechement coup\u00e9. Nous pouvons faire passer des tuyaux et installer des c\u00e9ramiques \u00e0 la perfection. Et nous pouvons superviser n\u2019importe quel chantier.\r\n                \t<\/div> <\/div><div class=\"jkea_pod_content\">\r\n                    <div class=\"jkea_title center\"><div class=\"jkea_icon\">\r\n                        \t<div class=\"icon\">\r\n                        \t    <img src=\"https:\/\/dexterra.com\/wp-content\/uploads\/2020\/11\/innovation-1.png\" alt=\"lightbulb icon\">\r\n                    \t    <\/div>\r\n                        <\/div>    <h3>Solutions novatrices<\/h3>\r\n                \t<\/div>\r\n                \t<div class=\"jkea_text center\">\r\n                \t\tLes besoins de chaque client sont diff\u00e9rents. Nous adaptons, personnalisons et cr\u00e9ons des solutions qui r\u00e9pondent \u00e0 des exigences uniques en mati\u00e8re d\u2019infrastructure ou d\u2019exploitation.\r\n                \t<\/div> <\/div><div class=\"jkea_pod_content\">\r\n                    <div class=\"jkea_title center\"><div class=\"jkea_icon\">\r\n                        \t<div class=\"icon\">\r\n                        \t    <img src=\"https:\/\/dexterra.com\/wp-content\/uploads\/2020\/11\/people-1.png\" alt=\"3 people icon\">\r\n                    \t    <\/div>\r\n                        <\/div>    <h3>Nous b\u00e2tissons ensemble<\/h3>\r\n                \t<\/div>\r\n                \t<div class=\"jkea_text center\">\r\n                \t\tC\u2019est notre m\u00e9thodologie et notre \u00e9tat d\u2019esprit. Nous collaborons avec nos clients et nos partenaires de construction pour obtenir les meilleurs r\u00e9sultats possible en mati\u00e8re de conception, d\u2019ing\u00e9nierie, de planification et de co\u00fbts.\r\n                \t<\/div> <\/div><\/div><\/div>\t\t<\/div>\n\t\t\t\t<\/div>\n\t\t\t\t\t\t<\/div>\n\t\t\t\t\t<\/div>\n\t\t<\/div>\n\t\t\t\t\t\t\t\t<\/div>\n\t\t\t\t\t<\/div>\n\t\t<\/section>\n\t\t\t\t<section class=\"elementor-section elementor-top-section elementor-element elementor-element-2a63e893 elementor-section-full_width elementor-section-height-default elementor-section-height-default\" data-id=\"2a63e893\" data-element_type=\"section\">\n\t\t\t\t\t\t<div class=\"elementor-container elementor-column-gap-default\">\n\t\t\t\t\t\t\t<div class=\"elementor-row\">\n\t\t\t\t\t<div class=\"elementor-column elementor-col-100 elementor-top-column elementor-element elementor-element-69210f56\" data-id=\"69210f56\" data-element_type=\"column\">\n\t\t\t<div class=\"elementor-column-wrap elementor-element-populated\">\n\t\t\t\t\t\t\t<div class=\"elementor-widget-wrap\">\n\t\t\t\t\t\t<div class=\"elementor-element elementor-element-6f7a57b8 elementor-widget elementor-widget-jk-divider\" data-id=\"6f7a57b8\" data-element_type=\"widget\" data-widget_type=\"jk-divider.default\">\n\t\t\t\t<div class=\"elementor-widget-container\">\n\t\t\t<div class=\"jkea_divider grey\"><div class=\"barholder\"><div class=\"greybar\"><\/div><div class=\"bluebar\"><\/div><\/div>\t\t<\/div>\n\t\t\t\t<\/div>\n\t\t\t\t\t\t<\/div>\n\t\t\t\t\t<\/div>\n\t\t<\/div>\n\t\t\t\t\t\t\t\t<\/div>\n\t\t\t\t\t<\/div>\n\t\t<\/section>\n\t\t\t\t<section class=\"elementor-section elementor-top-section elementor-element elementor-element-4fab363 sectionwithlink grey elementor-section-boxed elementor-section-height-default elementor-section-height-default\" data-id=\"4fab363\" data-element_type=\"section\">\n\t\t\t\t\t\t<div class=\"elementor-container elementor-column-gap-default\">\n\t\t\t\t\t\t\t<div class=\"elementor-row\">\n\t\t\t\t\t<div class=\"elementor-column elementor-col-100 elementor-top-column elementor-element elementor-element-6338e04 container\" data-id=\"6338e04\" data-element_type=\"column\">\n\t\t\t<div class=\"elementor-column-wrap elementor-element-populated\">\n\t\t\t\t\t\t\t<div class=\"elementor-widget-wrap\">\n\t\t\t\t\t\t<div class=\"elementor-section elementor-inner-section elementor-element elementor-element-8eaf634 elementor-section-boxed elementor-section-height-default elementor-section-height-default\" data-id=\"8eaf634\" data-element_type=\"section\">\n\t\t\t\t\t\t<div class=\"elementor-container elementor-column-gap-default\">\n\t\t\t\t\t\t\t<div class=\"elementor-row\">\n\t\t\t\t\t<div class=\"elementor-column elementor-col-50 elementor-inner-column elementor-element elementor-element-f9952c5 col\" data-id=\"f9952c5\" data-element_type=\"column\">\n\t\t\t<div class=\"elementor-column-wrap elementor-element-populated\">\n\t\t\t\t\t\t\t<div class=\"elementor-widget-wrap\">\n\t\t\t\t\t\t<div class=\"elementor-element elementor-element-9c9e587 title elementor-widget elementor-widget-heading\" data-id=\"9c9e587\" data-element_type=\"widget\" data-widget_type=\"heading.default\">\n\t\t\t\t<div class=\"elementor-widget-container\">\n\t\t\t<h2 class=\"elementor-heading-title elementor-size-default\">NRB b\u00e2tit plus intelligemment<\/h2>\t\t<\/div>\n\t\t\t\t<\/div>\n\t\t\t\t<div class=\"elementor-element elementor-element-3ab4acb text elementor-widget elementor-widget-text-editor\" data-id=\"3ab4acb\" data-element_type=\"widget\" data-widget_type=\"text-editor.default\">\n\t\t\t\t<div class=\"elementor-widget-container\">\n\t\t\t\t\t\t\t\t<div class=\"elementor-text-editor elementor-clearfix\">\n\t\t\t\t<p>Nous sommes la plus grande entreprise de solutions modulaires au Canada. De la conception \u00e0 l\u2019ach\u00e8vement, NRB collabore avec vous pour s\u2019assurer que vous obtenez exactement ce dont vous avez besoin, quand vous en avez besoin, le tout pour le co\u00fbt budg\u00e9tis\u00e9. Il en r\u00e9sulte les meilleurs b\u00e2timents de leur cat\u00e9gorie avec la performance de la construction conventionnelle, garantie.<\/p>\n\t\t\t\t\t<\/div>\n\t\t\t\t\t\t<\/div>\n\t\t\t\t<\/div>\n\t\t\t\t\t\t<\/div>\n\t\t\t\t\t<\/div>\n\t\t<\/div>\n\t\t\t\t<div class=\"elementor-column elementor-col-50 elementor-inner-column elementor-element elementor-element-5a2f656 col\" data-id=\"5a2f656\" data-element_type=\"column\">\n\t\t\t<div class=\"elementor-column-wrap elementor-element-populated\">\n\t\t\t\t\t\t\t<div class=\"elementor-widget-wrap\">\n\t\t\t\t\t\t<div class=\"elementor-element elementor-element-917a6e6 button externallink elementor-widget elementor-widget-button\" data-id=\"917a6e6\" data-element_type=\"widget\" data-widget_type=\"button.default\">\n\t\t\t\t<div class=\"elementor-widget-container\">\n\t\t\t\t\t<div class=\"elementor-button-wrapper\">\n\t\t\t<a href=\"http:\/\/www.nrbmodular.com\" target=\"_blank\" class=\"elementor-button-link elementor-button elementor-size-sm\" role=\"button\">\n\t\t\t\t\t\t<span class=\"elementor-button-content-wrapper\">\n\t\t\t\t\t\t<span class=\"elementor-button-text\">Visitez le site Web de NRB<\/span>\n\t\t<\/span>\n\t\t\t\t\t<\/a>\n\t\t<\/div>\n\t\t\t\t<\/div>\n\t\t\t\t<\/div>\n\t\t\t\t\t\t<\/div>\n\t\t\t\t\t<\/div>\n\t\t<\/div>\n\t\t\t\t\t\t\t\t<\/div>\n\t\t\t\t\t<\/div>\n\t\t<\/div>\n\t\t\t\t\t\t<\/div>\n\t\t\t\t\t<\/div>\n\t\t<\/div>\n\t\t\t\t\t\t\t\t<\/div>\n\t\t\t\t\t<\/div>\n\t\t<\/section>\n\t\t\t\t<section class=\"elementor-section elementor-top-section elementor-element elementor-element-675cd97 grey elementor-section-boxed elementor-section-height-default elementor-section-height-default\" data-id=\"675cd97\" data-element_type=\"section\">\n\t\t\t\t\t\t<div class=\"elementor-container elementor-column-gap-default\">\n\t\t\t\t\t\t\t<div class=\"elementor-row\">\n\t\t\t\t\t<div class=\"elementor-column elementor-col-100 elementor-top-column elementor-element elementor-element-1f74e94\" data-id=\"1f74e94\" data-element_type=\"column\">\n\t\t\t<div class=\"elementor-column-wrap elementor-element-populated\">\n\t\t\t\t\t\t\t<div class=\"elementor-widget-wrap\">\n\t\t\t\t\t\t<div class=\"elementor-element elementor-element-6dad5e2 elementor-widget elementor-widget-jk-connect\" data-id=\"6dad5e2\" data-element_type=\"widget\" data-widget_type=\"jk-connect.default\">\n\t\t\t\t<div class=\"elementor-widget-container\">\n\t\t\t<div class=\"jkea_connect bar\"><div class=\"barholder\"><div class=\"title\">Contactez NRB Modular Solutions<\/div><div class=\"icons\"><div class=\"icon linkedin orange\" ><a href=\"https:\/\/www.linkedin.com\/company\/nrb-inc-modular-building-specialists\/\" target=\"_blank\"><\/a><\/div><div class=\"icon youtube orange\"><a href=\"https:\/\/www.youtube.com\/user\/NRBinc\" target=\"_blank\"><\/a><\/div><div class=\"icon twitter orange\"><a href=\"https:\/\/twitter.com\/NRB_modular\" target=\"_blank\"><\/a><\/div><div class=\"icon facebook orange\"><a href=\"https:\/\/www.facebook.com\/NRB.Inc\/\" target=\"_blank\"><\/a><\/div><\/div><\/div><\/div>\t\t<\/div>\n\t\t\t\t<\/div>\n\t\t\t\t\t\t<\/div>\n\t\t\t\t\t<\/div>\n\t\t<\/div>\n\t\t\t\t\t\t\t\t<\/div>\n\t\t\t\t\t<\/div>\n\t\t<\/section>\n\t\t\t\t\t\t\t\t\t<\/div>\n\t\t\t<\/div>\n\t\t\t\t\t<\/div>\n\t\t","protected":false},"excerpt":{"rendered":"<p>Solutions de construction modulaires Vitesse. Flexibilit\u00e9. Certitude. Nous croyons que les solutions de construction modulaires sont l\u2019avenir de la construction. Vous obtenez les m\u00eames capacit\u00e9s de personnalisation, le m\u00eame attrait architectural et la m\u00eame science du b\u00e2timent qui r\u00e9pondent aux m\u00eames codes. La grande diff\u00e9rence est que le processus prend jusqu\u2019\u00e0 50 % moins de [&hellip;]<\/p>\n","protected":false},"author":1,"featured_media":0,"parent":0,"menu_order":0,"comment_status":"closed","ping_status":"closed","template":"","meta":[],"acf":[],"yoast_head":"<!-- This site is optimized with the Yoast SEO plugin v19.3 - https:\/\/yoast.com\/wordpress\/plugins\/seo\/ -->\n<title>Solutions modulaires | Dexterra Group<\/title>\n<meta name=\"description\" content=\"Nos solutions de construction modulaires prim\u00e9es donnent vie \u00e0 votre vision avec une certitude absolue. En savoir plus.\" \/>\n<meta name=\"robots\" content=\"noindex, follow\" \/>\n<meta property=\"og:locale\" content=\"fr_FR\" \/>\n<meta property=\"og:type\" content=\"article\" \/>\n<meta property=\"og:title\" content=\"Solutions modulaires | Dexterra Group\" \/>\n<meta property=\"og:description\" content=\"Nos solutions de construction modulaires prim\u00e9es donnent vie \u00e0 votre vision avec une certitude absolue. En savoir plus.\" \/>\n<meta property=\"og:url\" content=\"http:\/\/dexterra.jkmprojects.com\/fr\/solutions-modulaires\/\" \/>\n<meta property=\"og:site_name\" content=\"Dexterra\" \/>\n<meta property=\"article:modified_time\" content=\"2021-06-22T13:23:50+00:00\" \/>\n<meta property=\"og:image\" content=\"https:\/\/dexterra.com\/wp-content\/uploads\/2020\/11\/NRBLogo-300x86.png\" \/>\n<meta name=\"twitter:card\" content=\"summary_large_image\" \/>\n<meta name=\"twitter:label1\" content=\"Dur\u00e9e de lecture estim\u00e9e\" \/>\n\t<meta name=\"twitter:data1\" content=\"3 minutes\" \/>\n<script type=\"application\/ld+json\" class=\"yoast-schema-graph\">{\"@context\":\"https:\/\/schema.org\",\"@graph\":[{\"@type\":\"Organization\",\"@id\":\"https:\/\/dexterra.jkmprojects.com\/#organization\",\"name\":\"Dexterra Group\",\"url\":\"https:\/\/dexterra.jkmprojects.com\/\",\"sameAs\":[],\"logo\":{\"@type\":\"ImageObject\",\"inLanguage\":\"fr-FR\",\"@id\":\"https:\/\/dexterra.jkmprojects.com\/#\/schema\/logo\/image\/\",\"url\":\"https:\/\/dexterra.jkmprojects.com\/wp-content\/uploads\/2020\/11\/DexterraGroupLogo-1.png\",\"contentUrl\":\"https:\/\/dexterra.jkmprojects.com\/wp-content\/uploads\/2020\/11\/DexterraGroupLogo-1.png\",\"width\":302,\"height\":144,\"caption\":\"Dexterra Group\"},\"image\":{\"@id\":\"https:\/\/dexterra.jkmprojects.com\/#\/schema\/logo\/image\/\"}},{\"@type\":\"WebSite\",\"@id\":\"https:\/\/dexterra.jkmprojects.com\/#website\",\"url\":\"https:\/\/dexterra.jkmprojects.com\/\",\"name\":\"Dexterra\",\"description\":\"\",\"publisher\":{\"@id\":\"https:\/\/dexterra.jkmprojects.com\/#organization\"},\"potentialAction\":[{\"@type\":\"SearchAction\",\"target\":{\"@type\":\"EntryPoint\",\"urlTemplate\":\"https:\/\/dexterra.jkmprojects.com\/?s={search_term_string}\"},\"query-input\":\"required name=search_term_string\"}],\"inLanguage\":\"fr-FR\"},{\"@type\":\"ImageObject\",\"inLanguage\":\"fr-FR\",\"@id\":\"http:\/\/dexterra.jkmprojects.com\/fr\/solutions-modulaires\/#primaryimage\",\"url\":\"https:\/\/dexterra.com\/wp-content\/uploads\/2020\/11\/NRBLogo-300x86.png\",\"contentUrl\":\"https:\/\/dexterra.com\/wp-content\/uploads\/2020\/11\/NRBLogo-300x86.png\"},{\"@type\":\"WebPage\",\"@id\":\"http:\/\/dexterra.jkmprojects.com\/fr\/solutions-modulaires\/\",\"url\":\"http:\/\/dexterra.jkmprojects.com\/fr\/solutions-modulaires\/\",\"name\":\"Solutions modulaires | Dexterra Group\",\"isPartOf\":{\"@id\":\"https:\/\/dexterra.jkmprojects.com\/#website\"},\"primaryImageOfPage\":{\"@id\":\"http:\/\/dexterra.jkmprojects.com\/fr\/solutions-modulaires\/#primaryimage\"},\"datePublished\":\"2020-10-19T16:45:27+00:00\",\"dateModified\":\"2021-06-22T13:23:50+00:00\",\"description\":\"Nos solutions de construction modulaires prim\u00e9es donnent vie \u00e0 votre vision avec une certitude absolue. En savoir plus.\",\"breadcrumb\":{\"@id\":\"http:\/\/dexterra.jkmprojects.com\/fr\/solutions-modulaires\/#breadcrumb\"},\"inLanguage\":\"fr-FR\",\"potentialAction\":[{\"@type\":\"ReadAction\",\"target\":[\"http:\/\/dexterra.jkmprojects.com\/fr\/solutions-modulaires\/\"]}]},{\"@type\":\"BreadcrumbList\",\"@id\":\"http:\/\/dexterra.jkmprojects.com\/fr\/solutions-modulaires\/#breadcrumb\",\"itemListElement\":[{\"@type\":\"ListItem\",\"position\":1,\"name\":\"Home\",\"item\":\"https:\/\/dexterra.jkmprojects.com\/fr\/\"},{\"@type\":\"ListItem\",\"position\":2,\"name\":\"Solutions modulaires\"}]}]}<\/script>\n<!-- \/ Yoast SEO plugin. -->","yoast_head_json":{"title":"Solutions modulaires | Dexterra Group","description":"Nos solutions de construction modulaires prim\u00e9es donnent vie \u00e0 votre vision avec une certitude absolue. En savoir plus.","robots":{"index":"noindex","follow":"follow"},"og_locale":"fr_FR","og_type":"article","og_title":"Solutions modulaires | Dexterra Group","og_description":"Nos solutions de construction modulaires prim\u00e9es donnent vie \u00e0 votre vision avec une certitude absolue. En savoir plus.","og_url":"http:\/\/dexterra.jkmprojects.com\/fr\/solutions-modulaires\/","og_site_name":"Dexterra","article_modified_time":"2021-06-22T13:23:50+00:00","og_image":[{"url":"https:\/\/dexterra.com\/wp-content\/uploads\/2020\/11\/NRBLogo-300x86.png"}],"twitter_card":"summary_large_image","twitter_misc":{"Dur\u00e9e de lecture estim\u00e9e":"3 minutes"},"schema":{"@context":"https:\/\/schema.org","@graph":[{"@type":"Organization","@id":"https:\/\/dexterra.jkmprojects.com\/#organization","name":"Dexterra Group","url":"https:\/\/dexterra.jkmprojects.com\/","sameAs":[],"logo":{"@type":"ImageObject","inLanguage":"fr-FR","@id":"https:\/\/dexterra.jkmprojects.com\/#\/schema\/logo\/image\/","url":"https:\/\/dexterra.jkmprojects.com\/wp-content\/uploads\/2020\/11\/DexterraGroupLogo-1.png","contentUrl":"https:\/\/dexterra.jkmprojects.com\/wp-content\/uploads\/2020\/11\/DexterraGroupLogo-1.png","width":302,"height":144,"caption":"Dexterra Group"},"image":{"@id":"https:\/\/dexterra.jkmprojects.com\/#\/schema\/logo\/image\/"}},{"@type":"WebSite","@id":"https:\/\/dexterra.jkmprojects.com\/#website","url":"https:\/\/dexterra.jkmprojects.com\/","name":"Dexterra","description":"","publisher":{"@id":"https:\/\/dexterra.jkmprojects.com\/#organization"},"potentialAction":[{"@type":"SearchAction","target":{"@type":"EntryPoint","urlTemplate":"https:\/\/dexterra.jkmprojects.com\/?s={search_term_string}"},"query-input":"required name=search_term_string"}],"inLanguage":"fr-FR"},{"@type":"ImageObject","inLanguage":"fr-FR","@id":"http:\/\/dexterra.jkmprojects.com\/fr\/solutions-modulaires\/#primaryimage","url":"https:\/\/dexterra.com\/wp-content\/uploads\/2020\/11\/NRBLogo-300x86.png","contentUrl":"https:\/\/dexterra.com\/wp-content\/uploads\/2020\/11\/NRBLogo-300x86.png"},{"@type":"WebPage","@id":"http:\/\/dexterra.jkmprojects.com\/fr\/solutions-modulaires\/","url":"http:\/\/dexterra.jkmprojects.com\/fr\/solutions-modulaires\/","name":"Solutions modulaires | Dexterra Group","isPartOf":{"@id":"https:\/\/dexterra.jkmprojects.com\/#website"},"primaryImageOfPage":{"@id":"http:\/\/dexterra.jkmprojects.com\/fr\/solutions-modulaires\/#primaryimage"},"datePublished":"2020-10-19T16:45:27+00:00","dateModified":"2021-06-22T13:23:50+00:00","description":"Nos solutions de construction modulaires prim\u00e9es donnent vie \u00e0 votre vision avec une certitude absolue. En savoir plus.","breadcrumb":{"@id":"http:\/\/dexterra.jkmprojects.com\/fr\/solutions-modulaires\/#breadcrumb"},"inLanguage":"fr-FR","potentialAction":[{"@type":"ReadAction","target":["http:\/\/dexterra.jkmprojects.com\/fr\/solutions-modulaires\/"]}]},{"@type":"BreadcrumbList","@id":"http:\/\/dexterra.jkmprojects.com\/fr\/solutions-modulaires\/#breadcrumb","itemListElement":[{"@type":"ListItem","position":1,"name":"Home","item":"https:\/\/dexterra.jkmprojects.com\/fr\/"},{"@type":"ListItem","position":2,"name":"Solutions modulaires"}]}]}},"_links":{"self":[{"href":"http:\/\/dexterra.jkmprojects.com\/fr\/wp-json\/wp\/v2\/pages\/6389"}],"collection":[{"href":"http:\/\/dexterra.jkmprojects.com\/fr\/wp-json\/wp\/v2\/pages"}],"about":[{"href":"http:\/\/dexterra.jkmprojects.com\/fr\/wp-json\/wp\/v2\/types\/page"}],"author":[{"embeddable":true,"href":"http:\/\/dexterra.jkmprojects.com\/fr\/wp-json\/wp\/v2\/users\/1"}],"replies":[{"embeddable":true,"href":"http:\/\/dexterra.jkmprojects.com\/fr\/wp-json\/wp\/v2\/comments?post=6389"}],"version-history":[{"count":17,"href":"http:\/\/dexterra.jkmprojects.com\/fr\/wp-json\/wp\/v2\/pages\/6389\/revisions"}],"predecessor-version":[{"id":7484,"href":"http:\/\/dexterra.jkmprojects.com\/fr\/wp-json\/wp\/v2\/pages\/6389\/revisions\/7484"}],"wp:attachment":[{"href":"http:\/\/dexterra.jkmprojects.com\/fr\/wp-json\/wp\/v2\/media?parent=6389"}],"curies":[{"name":"wp","href":"https:\/\/api.w.org\/{rel}","templated":true}]}}