{"id":6401,"date":"2021-06-10T19:34:09","date_gmt":"2021-06-10T19:34:09","guid":{"rendered":"http:\/\/dexterra2020.jkmprojects.com\/personne-ressource\/"},"modified":"2021-07-16T14:30:52","modified_gmt":"2021-07-16T14:30:52","slug":"contact","status":"publish","type":"page","link":"http:\/\/dexterra.jkmprojects.com\/fr\/contact\/","title":{"rendered":"Contact"},"content":{"rendered":"\t\t<div data-elementor-type=\"wp-page\" data-elementor-id=\"6401\" class=\"elementor elementor-6401 elementor-42\">\n\t\t\t\t\t\t<div class=\"elementor-inner\">\n\t\t\t\t<div class=\"elementor-section-wrap\">\n\t\t\t\t\t\t\t\t\t<header class=\"elementor-section elementor-top-section elementor-element elementor-element-31b7e7d elementor-section-full_width elementor-section-height-default elementor-section-height-default\" data-id=\"31b7e7d\" data-element_type=\"section\" data-settings=\"{&quot;sticky&quot;:&quot;top&quot;,&quot;sticky_on&quot;:[&quot;desktop&quot;,&quot;tablet&quot;,&quot;mobile&quot;],&quot;sticky_offset&quot;:0,&quot;sticky_effects_offset&quot;:0}\">\n\t\t\t\t\t\t<div class=\"elementor-container elementor-column-gap-default\">\n\t\t\t\t\t\t\t<div class=\"elementor-row\">\n\t\t\t\t\t<div class=\"elementor-column elementor-col-100 elementor-top-column elementor-element elementor-element-b20b1d3\" data-id=\"b20b1d3\" data-element_type=\"column\">\n\t\t\t<div class=\"elementor-column-wrap elementor-element-populated\">\n\t\t\t\t\t\t\t<div class=\"elementor-widget-wrap\">\n\t\t\t\t\t\t<div class=\"elementor-element elementor-element-559f73a elementor-widget elementor-widget-jk-pageheader\" data-id=\"559f73a\" data-element_type=\"widget\" data-widget_type=\"jk-pageheader.default\">\n\t\t\t\t<div class=\"elementor-widget-container\">\n\t\t\t<header class=\"small\"><div class=\"jkea_header\"><div class=\"jkea_header__contentwrap\"><div class=\"jkea_header__content\"><div class=\"title\"><h1> \u00c0 votre service<\/h1><\/div><div class=\"text\"><p><\/p><\/div><\/div><\/div><div class=\"jkea_header__graphic\"><div class=\"featuredimage full\"><img src=\"\" alt=\"\"><\/div><div class=\"bars\"><div class=\"whiteslice\"><\/div><div class=\"dots\"><\/div><div class=\"greybar\"><\/div><div class=\"bluebar\"><\/div><\/div><div class=\"jkea_header__chevrons\"><div class=\"chevrons\"><div class=\"chevronbg\"><\/div><div class=\"dots\"><\/div><div class=\"greychevronshadow\"><div class=\"greychevron\"><\/div><\/div><div class=\"bluechevron\"><\/div><\/div><\/div><\/div><\/div><\/div><\/header>\t\t<\/div>\n\t\t\t\t<\/div>\n\t\t\t\t\t\t<\/div>\n\t\t\t\t\t<\/div>\n\t\t<\/div>\n\t\t\t\t\t\t\t\t<\/div>\n\t\t\t\t\t<\/div>\n\t\t<\/header>\n\t\t\t\t<section class=\"elementor-section elementor-top-section elementor-element elementor-element-23c3ba1 contactform elementor-section-boxed elementor-section-height-default elementor-section-height-default\" data-id=\"23c3ba1\" data-element_type=\"section\">\n\t\t\t\t\t\t<div class=\"elementor-container elementor-column-gap-default\">\n\t\t\t\t\t\t\t<div class=\"elementor-row\">\n\t\t\t\t\t<div class=\"elementor-column elementor-col-100 elementor-top-column elementor-element elementor-element-c4a6990\" data-id=\"c4a6990\" data-element_type=\"column\">\n\t\t\t<div class=\"elementor-column-wrap elementor-element-populated\">\n\t\t\t\t\t\t\t<div class=\"elementor-widget-wrap\">\n\t\t\t\t\t\t<div class=\"elementor-element elementor-element-e2a58c0 elementor-widget elementor-widget-html\" data-id=\"e2a58c0\" data-element_type=\"widget\" data-widget_type=\"html.default\">\n\t\t\t\t<div class=\"elementor-widget-container\">\n\t\t\t    <section id=\"contact\">\n        <div class=\"container\">\n\n            <div class=\"contactform\">\n                <div class=\"options\">\n                    <div class=\"contactselection\">\n                        <p>Vous avez une question? Besoin d\u2019aide? Vous commencez un projet? Dites-nous ce que vous cherchez et nous communiquerons avec vous d\u00e8s que possible.<\/p>\n                        <h2>QUEL TYPE D\u2019INFORMATION CHERCHEZ-VOUS?<\/h2>\n                        <label class=\"screen-reader-text\" for=\"reasonselect\">QUEL TYPE D\u2019INFORMATION CHERCHEZ-VOUS?<\/label>\n                        <select id=\"reasonselect\" class=\"\" name=\"reasonselect\">\n                            <option value=\"\">Veuillez s\u00e9lectionner<\/option>\n                            <option value=\"General Inquiries\">Demandes de renseignements g\u00e9n\u00e9raux<\/option>\n                            <option value=\"Service Inquiries\">Demandes de renseignements sur la ligne de service<\/option>\n                            <option value=\"Supplier Inquiries\">Demandes de renseignements des fournisseurs<\/option>\n                            <option value=\"Hiring Inquiries\">Demandes de renseignements sur l\u2019embauche<\/option>\n                            <option value=\"Media Inquiries\">Demandes des m\u00e9dias<\/option>\n                        <\/select>\n                    <\/div>\n                    <div class=\"phoneus\">\n                        <p>Pour toute question d\u2019ordre g\u00e9n\u00e9ral, composez le<span class=\"phonenumber\"><a href=\"tel:18663056565\">1 866 305 6565<\/a><\/span><\/p>\n                    <\/div>\n                <\/div>\n                <div class=\"contactformtab\">\n                    <div role=\"form\" class=\"wpcf7\" id=\"wpcf7-f7705-o1\" lang=\"fr-FR\" dir=\"ltr\">\n<div class=\"screen-reader-response\"><p role=\"status\" aria-live=\"polite\" aria-atomic=\"true\"><\/p> <ul><\/ul><\/div>\n<form action=\"\/fr\/wp-json\/wp\/v2\/pages\/6401#wpcf7-f7705-o1\" method=\"post\" class=\"wpcf7-form init\" novalidate=\"novalidate\" data-status=\"init\">\n<div style=\"display: none;\">\n<input type=\"hidden\" name=\"_wpcf7\" value=\"7705\" \/>\n<input type=\"hidden\" name=\"_wpcf7_version\" value=\"5.6.1\" \/>\n<input type=\"hidden\" name=\"_wpcf7_locale\" value=\"fr_FR\" \/>\n<input type=\"hidden\" name=\"_wpcf7_unit_tag\" value=\"wpcf7-f7705-o1\" \/>\n<input type=\"hidden\" name=\"_wpcf7_container_post\" value=\"0\" \/>\n<input type=\"hidden\" name=\"_wpcf7_posted_data_hash\" value=\"\" \/>\n<input type=\"hidden\" name=\"_wpcf7_recaptcha_response\" value=\"\" \/>\n<\/div>\n<input type=\"hidden\" name=\"formid\" value=\"contactForm\" class=\"wpcf7-form-control wpcf7-hidden\" \/>\r\n<input type=\"hidden\" name=\"reason\" value=\"\" class=\"wpcf7-form-control wpcf7-hidden\" id=\"reason\" \/>\r\n<input type=\"hidden\" name=\"contactid\" value=\"0\" class=\"wpcf7-form-control wpcf7-hidden\" id=\"contactid\" \/>\r\n\r\n<div class=\"formfields two\">\r\n    <div class=\"form-group\">\r\n        <label for=\"firstname\"> Pr\u00e9nom (obligatoire)\r\n        <span class=\"wpcf7-form-control-wrap\" data-name=\"firstname\"><input type=\"text\" name=\"firstname\" value=\"\" size=\"40\" class=\"wpcf7-form-control wpcf7-text wpcf7-validates-as-required\" id=\"firstname\" aria-required=\"true\" aria-invalid=\"false\" \/><\/span> <\/label>\r\n    <\/div>\r\n    <div class=\"form-group\">\r\n        <label for=\"lastname\"> Nom (obligatoire)\r\n        <span class=\"wpcf7-form-control-wrap\" data-name=\"lastname\"><input type=\"text\" name=\"lastname\" value=\"\" size=\"40\" class=\"wpcf7-form-control wpcf7-text wpcf7-validates-as-required\" id=\"lastname\" aria-required=\"true\" aria-invalid=\"false\" \/><\/span> <\/label>\r\n    <\/div>\r\n<\/div>\r\n<div class=\"formfields one\">\r\n    <div class=\"form-group\">\r\n    <label>Courriel (obligatoire)\r\n        <span class=\"wpcf7-form-control-wrap\" data-name=\"email\"><input type=\"email\" name=\"email\" value=\"\" size=\"40\" class=\"wpcf7-form-control wpcf7-text wpcf7-email wpcf7-validates-as-required wpcf7-validates-as-email\" aria-required=\"true\" aria-invalid=\"false\" \/><\/span> <\/label>\r\n    <\/div>\r\n    <\/div>\r\n    \r\n<div class=\"formfields two\">\r\n    <div class=\"form-group\">\r\n        <label for=\"company\"> Company\r\n        <span class=\"wpcf7-form-control-wrap\" data-name=\"company\"><input type=\"text\" name=\"company\" value=\"\" size=\"40\" class=\"wpcf7-form-control wpcf7-text\" id=\"company\" aria-invalid=\"false\" \/><\/span> <\/label>\r\n    <\/div>\r\n    <div class=\"form-group\">\r\n        <label for=\"phone\">Num\u00e9ro de t\u00e9l\u00e9phone\r\n        <span class=\"wpcf7-form-control-wrap\" data-name=\"phone\"><input type=\"text\" name=\"phone\" value=\"\" size=\"40\" class=\"wpcf7-form-control wpcf7-text\" id=\"phone\" aria-invalid=\"false\" \/><\/span> <\/label>\r\n    <\/div>\r\n<\/div>\r\n\r\n<div class=\"formfields two\">\r\n    <div class=\"form-group\">\r\n        <label for=\"country\"> Pays\r\n        <span class=\"wpcf7-form-control-wrap\" data-name=\"country\"><input type=\"text\" name=\"country\" value=\"\" size=\"40\" class=\"wpcf7-form-control wpcf7-text\" id=\"country\" aria-invalid=\"false\" \/><\/span> <\/label>\r\n    <\/div>\r\n    <div class=\"form-group\">\r\n        <label for=\"state\"> Province \/ \u00c9tat\r\n        <span class=\"wpcf7-form-control-wrap\" data-name=\"state\"><input type=\"text\" name=\"state\" value=\"\" size=\"40\" class=\"wpcf7-form-control wpcf7-text\" id=\"state\" aria-invalid=\"false\" \/><\/span> <\/label>\r\n    <\/div>\r\n<\/div>\r\n\r\n\r\n<div class=\"formfields one\">\r\n<div class=\"form-group\">\r\n<label for=\"message\"> Message\r\n    <span class=\"wpcf7-form-control-wrap\" data-name=\"message\"><textarea name=\"message\" cols=\"40\" rows=\"10\" class=\"wpcf7-form-control wpcf7-textarea\" id=\"message\" aria-invalid=\"false\"><\/textarea><\/span> <\/label>\r\n<\/div>\r\n<\/div>\r\n\r\n<div class=\"formfields one\">\r\n    \r\n    <div class=\"form-group casl\">\r\n        <span class=\"wpcf7-form-control-wrap\" data-name=\"casl\"><span class=\"wpcf7-form-control wpcf7-acceptance optional\"><span class=\"wpcf7-list-item\"><label><input type=\"checkbox\" name=\"casl\" value=\"1\" aria-invalid=\"false\" class=\"styled-checkbox\" \/><span class=\"wpcf7-list-item-label\"><span> By checking this box, you agree to receive updates, announcements, offers and promotions from Dexterra Group. You may later withdraw your consent at any time. If you have any questions, please contact us by writing to 5915 Airport Rd., Suite 425, Mississauga, ON L4V 1T1, or by calling us at +1 (416) 483-5152 | <a href=\"\/privacy-policy\">Privacy Policy<\/a><\/nobr>. This site is protected by reCAPTCHA and the Google <a href=\"https:\/\/policies.google.com\/privacy\" target=\"_blank\">Privacy Policy<\/a> and <a href=\"https:\/\/policies.google.com\/terms\" target=\"_blank\">Terms of Service<\/a> apply. <\/span><\/span><\/label><\/span><\/span><\/span>\r\n    <\/div>\r\n<\/div>\r\n<div class=\"formfields one\">\r\n<div class=\"form-group\">\r\n<button class=\"wpcf7-form-control wpcf7-submit btn\">Soumettre<\/button>\r\n<\/div>\r\n<\/div>\r\n<div class=\"formfields\"><div class=\"wpcf7-response-output\" aria-hidden=\"true\"><\/div><\/form><\/div>                <\/div>\n            <\/div>\n\n        <\/div>\n\n    <\/section>\n\n    \t\t<\/div>\n\t\t\t\t<\/div>\n\t\t\t\t\t\t<\/div>\n\t\t\t\t\t<\/div>\n\t\t<\/div>\n\t\t\t\t\t\t\t\t<\/div>\n\t\t\t\t\t<\/div>\n\t\t<\/section>\n\t\t\t\t<section class=\"elementor-section elementor-top-section elementor-element elementor-element-201e734 locations elementor-section-boxed elementor-section-height-default elementor-section-height-default\" data-id=\"201e734\" data-element_type=\"section\">\n\t\t\t\t\t\t<div class=\"elementor-container elementor-column-gap-default\">\n\t\t\t\t\t\t\t<div class=\"elementor-row\">\n\t\t\t\t\t<div class=\"elementor-column elementor-col-100 elementor-top-column elementor-element elementor-element-f87adac\" data-id=\"f87adac\" data-element_type=\"column\">\n\t\t\t<div class=\"elementor-column-wrap elementor-element-populated\">\n\t\t\t\t\t\t\t<div class=\"elementor-widget-wrap\">\n\t\t\t\t\t\t<div class=\"elementor-element elementor-element-80af72b elementor-widget elementor-widget-html\" data-id=\"80af72b\" data-element_type=\"widget\" data-widget_type=\"html.default\">\n\t\t\t\t<div class=\"elementor-widget-container\">\n\t\t\t<div id=\"kb-locations-wrapper\">\n\n    <div id=\"map\"><\/div>\n\n    <div id=\"pagetitle\">\n\n        <h2>Emplacements des bureaux<\/h2>\n        <p class=\"subhead\"><\/p>\n        \n    <\/div>\n\n\n\n    <div class=\"searchfilterwrap\">\n        <div class=\"inputwrapper\">\n       \t<label class=\"visually-hidden\" for=\"addressInput\">Rechercher un emplacement : <\/label>\n        <div class=\"search\">\n            <div class=\"search-form-control\">\n                <input type=\"text\" id=\"addressInput\" size=\"15\" placeholder=\"Rechercher un emplacement : \" class=\"search\" \/>\n                <button type=\"submit\" id=\"searchButton\" ><span class=\"visually-hidden\">Rechercher<\/span><\/button>\n            <\/div>\n        <\/div>\n<!--             <input type=\"button\" id=\"searchButton\" value=\"Rechercher\"\/> -->\n\n        <\/div>\n        <!-- <div class=\"uselocation\">\n            <a href=\"\" id=\"userLocationLink\" class=\"locationlink\">\n                <img src=\"http:\/\/dexterra.jkmprojects.com\/wp-content\/plugins\/kb-locations\/public\/images\/mylocationicon.png\" alt=\"Use My Location\" width=\"25\" height=\"25\" \/>\n                Use my location            <\/a>\n        <\/div> -->\n        <div class=\"inputwrapper\">\n            <!-- <label for=\"filterLocation\">Filter by service<\/label>\n            <div class=\"categoryfilter select\">\n                <select name='filterLocation' id='filterLocation' class='postform'><option value=''>Select service<\/option><\/select>            <\/div> -->\n        <\/div>\n    <\/div>\n\n    <div id=\"locations\"><\/div>\n<\/div>\t\t<\/div>\n\t\t\t\t<\/div>\n\t\t\t\t<div class=\"elementor-element elementor-element-1925c11 elementor-widget elementor-widget-jk-spacer\" data-id=\"1925c11\" data-element_type=\"widget\" data-widget_type=\"jk-spacer.default\">\n\t\t\t\t<div class=\"elementor-widget-container\">\n\t\t\t<div class=\"jkea_spacer_wrapper\"><div class=\"jkea_spacer\"><\/div><\/div>\t\t<\/div>\n\t\t\t\t<\/div>\n\t\t\t\t\t\t<\/div>\n\t\t\t\t\t<\/div>\n\t\t<\/div>\n\t\t\t\t\t\t\t\t<\/div>\n\t\t\t\t\t<\/div>\n\t\t<\/section>\n\t\t\t\t\t\t\t\t\t<\/div>\n\t\t\t<\/div>\n\t\t\t\t\t<\/div>\n\t\t","protected":false},"excerpt":{"rendered":"<p>\u00c0 votre service<\/p>\n","protected":false},"author":1,"featured_media":0,"parent":0,"menu_order":0,"comment_status":"closed","ping_status":"closed","template":"","meta":[],"acf":[],"yoast_head":"<!-- This site is optimized with the Yoast SEO plugin v19.3 - https:\/\/yoast.com\/wordpress\/plugins\/seo\/ -->\n<title>Personne-ressource | Dexterra<\/title>\n<meta name=\"description\" content=\"Vous avez une question? Besoin d\u2019aide? Vous commencez un projet? Dites-nous ce que vous cherchez et nous communiquerons avec vous d\u00e8s que possible.\" \/>\n<meta name=\"robots\" content=\"noindex, follow\" \/>\n<meta property=\"og:locale\" content=\"fr_FR\" \/>\n<meta property=\"og:type\" content=\"article\" \/>\n<meta property=\"og:title\" content=\"Personne-ressource | Dexterra\" \/>\n<meta property=\"og:description\" content=\"Vous avez une question? Besoin d\u2019aide? Vous commencez un projet? Dites-nous ce que vous cherchez et nous communiquerons avec vous d\u00e8s que possible.\" \/>\n<meta property=\"og:url\" content=\"http:\/\/dexterra.jkmprojects.com\/fr\/contact\/\" \/>\n<meta property=\"og:site_name\" content=\"Dexterra\" \/>\n<meta property=\"article:modified_time\" content=\"2021-07-16T14:30:52+00:00\" \/>\n<meta name=\"twitter:card\" content=\"summary_large_image\" \/>\n<meta name=\"twitter:label1\" content=\"Dur\u00e9e de lecture estim\u00e9e\" \/>\n\t<meta name=\"twitter:data1\" content=\"1 minute\" \/>\n<script type=\"application\/ld+json\" class=\"yoast-schema-graph\">{\"@context\":\"https:\/\/schema.org\",\"@graph\":[{\"@type\":\"Organization\",\"@id\":\"https:\/\/dexterra.jkmprojects.com\/#organization\",\"name\":\"Dexterra Group\",\"url\":\"https:\/\/dexterra.jkmprojects.com\/\",\"sameAs\":[],\"logo\":{\"@type\":\"ImageObject\",\"inLanguage\":\"fr-FR\",\"@id\":\"https:\/\/dexterra.jkmprojects.com\/#\/schema\/logo\/image\/\",\"url\":\"https:\/\/dexterra.jkmprojects.com\/wp-content\/uploads\/2020\/11\/DexterraGroupLogo-1.png\",\"contentUrl\":\"https:\/\/dexterra.jkmprojects.com\/wp-content\/uploads\/2020\/11\/DexterraGroupLogo-1.png\",\"width\":302,\"height\":144,\"caption\":\"Dexterra Group\"},\"image\":{\"@id\":\"https:\/\/dexterra.jkmprojects.com\/#\/schema\/logo\/image\/\"}},{\"@type\":\"WebSite\",\"@id\":\"https:\/\/dexterra.jkmprojects.com\/#website\",\"url\":\"https:\/\/dexterra.jkmprojects.com\/\",\"name\":\"Dexterra\",\"description\":\"\",\"publisher\":{\"@id\":\"https:\/\/dexterra.jkmprojects.com\/#organization\"},\"potentialAction\":[{\"@type\":\"SearchAction\",\"target\":{\"@type\":\"EntryPoint\",\"urlTemplate\":\"https:\/\/dexterra.jkmprojects.com\/?s={search_term_string}\"},\"query-input\":\"required name=search_term_string\"}],\"inLanguage\":\"fr-FR\"},{\"@type\":\"WebPage\",\"@id\":\"http:\/\/dexterra.jkmprojects.com\/fr\/contact\/\",\"url\":\"http:\/\/dexterra.jkmprojects.com\/fr\/contact\/\",\"name\":\"Personne-ressource | Dexterra\",\"isPartOf\":{\"@id\":\"https:\/\/dexterra.jkmprojects.com\/#website\"},\"datePublished\":\"2021-06-10T19:34:09+00:00\",\"dateModified\":\"2021-07-16T14:30:52+00:00\",\"description\":\"Vous avez une question? Besoin d\u2019aide? Vous commencez un projet? Dites-nous ce que vous cherchez et nous communiquerons avec vous d\u00e8s que possible.\",\"breadcrumb\":{\"@id\":\"http:\/\/dexterra.jkmprojects.com\/fr\/contact\/#breadcrumb\"},\"inLanguage\":\"fr-FR\",\"potentialAction\":[{\"@type\":\"ReadAction\",\"target\":[\"http:\/\/dexterra.jkmprojects.com\/fr\/contact\/\"]}]},{\"@type\":\"BreadcrumbList\",\"@id\":\"http:\/\/dexterra.jkmprojects.com\/fr\/contact\/#breadcrumb\",\"itemListElement\":[{\"@type\":\"ListItem\",\"position\":1,\"name\":\"Home\",\"item\":\"https:\/\/dexterra.jkmprojects.com\/fr\/\"},{\"@type\":\"ListItem\",\"position\":2,\"name\":\"Contact\"}]}]}<\/script>\n<!-- \/ Yoast SEO plugin. -->","yoast_head_json":{"title":"Personne-ressource | Dexterra","description":"Vous avez une question? Besoin d\u2019aide? Vous commencez un projet? Dites-nous ce que vous cherchez et nous communiquerons avec vous d\u00e8s que possible.","robots":{"index":"noindex","follow":"follow"},"og_locale":"fr_FR","og_type":"article","og_title":"Personne-ressource | Dexterra","og_description":"Vous avez une question? Besoin d\u2019aide? Vous commencez un projet? Dites-nous ce que vous cherchez et nous communiquerons avec vous d\u00e8s que possible.","og_url":"http:\/\/dexterra.jkmprojects.com\/fr\/contact\/","og_site_name":"Dexterra","article_modified_time":"2021-07-16T14:30:52+00:00","twitter_card":"summary_large_image","twitter_misc":{"Dur\u00e9e de lecture estim\u00e9e":"1 minute"},"schema":{"@context":"https:\/\/schema.org","@graph":[{"@type":"Organization","@id":"https:\/\/dexterra.jkmprojects.com\/#organization","name":"Dexterra Group","url":"https:\/\/dexterra.jkmprojects.com\/","sameAs":[],"logo":{"@type":"ImageObject","inLanguage":"fr-FR","@id":"https:\/\/dexterra.jkmprojects.com\/#\/schema\/logo\/image\/","url":"https:\/\/dexterra.jkmprojects.com\/wp-content\/uploads\/2020\/11\/DexterraGroupLogo-1.png","contentUrl":"https:\/\/dexterra.jkmprojects.com\/wp-content\/uploads\/2020\/11\/DexterraGroupLogo-1.png","width":302,"height":144,"caption":"Dexterra Group"},"image":{"@id":"https:\/\/dexterra.jkmprojects.com\/#\/schema\/logo\/image\/"}},{"@type":"WebSite","@id":"https:\/\/dexterra.jkmprojects.com\/#website","url":"https:\/\/dexterra.jkmprojects.com\/","name":"Dexterra","description":"","publisher":{"@id":"https:\/\/dexterra.jkmprojects.com\/#organization"},"potentialAction":[{"@type":"SearchAction","target":{"@type":"EntryPoint","urlTemplate":"https:\/\/dexterra.jkmprojects.com\/?s={search_term_string}"},"query-input":"required name=search_term_string"}],"inLanguage":"fr-FR"},{"@type":"WebPage","@id":"http:\/\/dexterra.jkmprojects.com\/fr\/contact\/","url":"http:\/\/dexterra.jkmprojects.com\/fr\/contact\/","name":"Personne-ressource | Dexterra","isPartOf":{"@id":"https:\/\/dexterra.jkmprojects.com\/#website"},"datePublished":"2021-06-10T19:34:09+00:00","dateModified":"2021-07-16T14:30:52+00:00","description":"Vous avez une question? Besoin d\u2019aide? Vous commencez un projet? Dites-nous ce que vous cherchez et nous communiquerons avec vous d\u00e8s que possible.","breadcrumb":{"@id":"http:\/\/dexterra.jkmprojects.com\/fr\/contact\/#breadcrumb"},"inLanguage":"fr-FR","potentialAction":[{"@type":"ReadAction","target":["http:\/\/dexterra.jkmprojects.com\/fr\/contact\/"]}]},{"@type":"BreadcrumbList","@id":"http:\/\/dexterra.jkmprojects.com\/fr\/contact\/#breadcrumb","itemListElement":[{"@type":"ListItem","position":1,"name":"Home","item":"https:\/\/dexterra.jkmprojects.com\/fr\/"},{"@type":"ListItem","position":2,"name":"Contact"}]}]}},"_links":{"self":[{"href":"http:\/\/dexterra.jkmprojects.com\/fr\/wp-json\/wp\/v2\/pages\/6401"}],"collection":[{"href":"http:\/\/dexterra.jkmprojects.com\/fr\/wp-json\/wp\/v2\/pages"}],"about":[{"href":"http:\/\/dexterra.jkmprojects.com\/fr\/wp-json\/wp\/v2\/types\/page"}],"author":[{"embeddable":true,"href":"http:\/\/dexterra.jkmprojects.com\/fr\/wp-json\/wp\/v2\/users\/1"}],"replies":[{"embeddable":true,"href":"http:\/\/dexterra.jkmprojects.com\/fr\/wp-json\/wp\/v2\/comments?post=6401"}],"version-history":[{"count":11,"href":"http:\/\/dexterra.jkmprojects.com\/fr\/wp-json\/wp\/v2\/pages\/6401\/revisions"}],"predecessor-version":[{"id":7966,"href":"http:\/\/dexterra.jkmprojects.com\/fr\/wp-json\/wp\/v2\/pages\/6401\/revisions\/7966"}],"wp:attachment":[{"href":"http:\/\/dexterra.jkmprojects.com\/fr\/wp-json\/wp\/v2\/media?parent=6401"}],"curies":[{"name":"wp","href":"https:\/\/api.w.org\/{rel}","templated":true}]}}