{"id":6550,"date":"2021-01-07T19:38:40","date_gmt":"2021-01-07T19:38:40","guid":{"rendered":"http:\/\/dexterra2020.jkmprojects.com\/who-we-serve\/aviation\/"},"modified":"2021-06-24T18:21:28","modified_gmt":"2021-06-24T18:21:28","slug":"aviation","status":"publish","type":"page","link":"http:\/\/dexterra.jkmprojects.com\/fr\/qui-nous-servons\/aviation\/","title":{"rendered":"Aviation"},"content":{"rendered":"\t\t<div data-elementor-type=\"wp-page\" data-elementor-id=\"6550\" class=\"elementor elementor-6550 elementor-4312\">\n\t\t\t\t\t\t<div class=\"elementor-inner\">\n\t\t\t\t<div class=\"elementor-section-wrap\">\n\t\t\t\t\t\t\t\t\t<header class=\"elementor-section elementor-top-section elementor-element elementor-element-4b0ea818 elementor-section-full_width elementor-section-height-default elementor-section-height-default\" data-id=\"4b0ea818\" data-element_type=\"section\">\n\t\t\t\t\t\t<div class=\"elementor-container elementor-column-gap-default\">\n\t\t\t\t\t\t\t<div class=\"elementor-row\">\n\t\t\t\t\t<div class=\"elementor-column elementor-col-100 elementor-top-column elementor-element elementor-element-71560cc\" data-id=\"71560cc\" data-element_type=\"column\">\n\t\t\t<div class=\"elementor-column-wrap elementor-element-populated\">\n\t\t\t\t\t\t\t<div class=\"elementor-widget-wrap\">\n\t\t\t\t\t\t<div class=\"elementor-element elementor-element-1385cabc elementor-widget elementor-widget-jk-pageheader\" data-id=\"1385cabc\" data-element_type=\"widget\" data-widget_type=\"jk-pageheader.default\">\n\t\t\t\t<div class=\"elementor-widget-container\">\n\t\t\t<header class=\"medium\"><div class=\"jkea_header\"><div class=\"jkea_header__contentwrap\"><div class=\"jkea_header__content\"><div class=\"title\"><h1>Aviation<\/h1><\/div><div class=\"text\"><p><\/p><\/div><\/div><\/div><div class=\"jkea_header__graphic\"><div class=\"featuredimage full\"><img src=\"https:\/\/dexterra.com\/wp-content\/uploads\/2021\/02\/Dexterra-Banner-2.1_Aviation-1.png\" alt=\"Un angle lat\u00e9ral d\u2019une construction en verre avec la marque Dexterra et une sculpture sur roche\"><\/div><div class=\"bars\"><div class=\"whiteslice\"><\/div><div class=\"dots\"><\/div><div class=\"greybar\"><\/div><div class=\"bluebar\"><\/div><\/div><div class=\"jkea_header__chevrons\"><div class=\"chevrons\"><div class=\"chevronbg\"><\/div><div class=\"dots\"><\/div><div class=\"greychevronshadow\"><div class=\"greychevron\"><\/div><\/div><div class=\"bluechevron\"><\/div><\/div><\/div><\/div><\/div><\/div><\/header>\t\t<\/div>\n\t\t\t\t<\/div>\n\t\t\t\t\t\t<\/div>\n\t\t\t\t\t<\/div>\n\t\t<\/div>\n\t\t\t\t\t\t\t\t<\/div>\n\t\t\t\t\t<\/div>\n\t\t<\/header>\n\t\t\t\t<section class=\"elementor-section elementor-top-section elementor-element elementor-element-1dd37944 keyline elementor-section-boxed elementor-section-height-default elementor-section-height-default\" data-id=\"1dd37944\" data-element_type=\"section\">\n\t\t\t\t\t\t<div class=\"elementor-container elementor-column-gap-default\">\n\t\t\t\t\t\t\t<div class=\"elementor-row\">\n\t\t\t\t\t<div class=\"elementor-column elementor-col-100 elementor-top-column elementor-element elementor-element-62aee1cc\" data-id=\"62aee1cc\" data-element_type=\"column\">\n\t\t\t<div class=\"elementor-column-wrap elementor-element-populated\">\n\t\t\t\t\t\t\t<div class=\"elementor-widget-wrap\">\n\t\t\t\t\t\t<div class=\"elementor-element elementor-element-39eddea8 elementor-widget elementor-widget-jk-spacer\" data-id=\"39eddea8\" data-element_type=\"widget\" data-widget_type=\"jk-spacer.default\">\n\t\t\t\t<div class=\"elementor-widget-container\">\n\t\t\t<div class=\"jkea_spacer_wrapper\"><div class=\"jkea_spacer\"><\/div><\/div>\t\t<\/div>\n\t\t\t\t<\/div>\n\t\t\t\t<div class=\"elementor-element elementor-element-6a44bec6 elementor-widget elementor-widget-jk-tabs\" data-id=\"6a44bec6\" data-element_type=\"widget\" data-widget_type=\"jk-tabs.default\">\n\t\t\t\t<div class=\"elementor-widget-container\">\n\t\t\t<div class=\"jkea-tabs-section\"><div class=\"container\"><div class=\"jkea-tabs-title\"><h2>Du trottoir \u00e0 la porte, nous sommes l\u00e0 pour aider.  <\/h2><\/div><div class=\"jkea-tabs-text\"><p><p><span style=\"font-weight: 400;\">Les a\u00e9roports sont complexes et dynamiques, comme les petites villes, mais avec des scores de qualit\u00e9 et une s\u00e9curit\u00e9 plus \u00e9lev\u00e9s. Il est important que tout soit en bon \u00e9tat de fonctionnement, tout comme il est important de d\u00e9placer les personnes dans le b\u00e2timent de mani\u00e8re efficace et s\u00e9curitaire. Chez Dexterra Group, nous savons ce qu\u2019il faut pour int\u00e9grer la gestion harmonieuse des installations et une exp\u00e9rience client sup\u00e9rieure dans des a\u00e9roports de classe mondiale.<\/span><\/p><\/p><\/div><\/div><div class=\"jkea-tabs-tab-wrapper\"><div class=\"container\"><ul class=\"tabmenu\"><li class=\"tabitem active\" data-tabid=\"tab-83da281\">Exp\u00e9rience des passagers<\/li><li class=\"tabitem\" data-tabid=\"tab-e5f7e2e\"> Co\u00fbt de propri\u00e9t\u00e9 r\u00e9duit <\/li><li class=\"tabitem\" data-tabid=\"tab-2a38d47\">Innovation<\/li><li class=\"tabitem\" data-tabid=\"tab-7500822\">Construction agile<\/li><li class=\"tabactivemarker\"><\/li><\/ul><\/div><div class=\"tabcontent\"><div class=\"container\"><div class=\"tab active\" id=\"tab-83da281\"><div class=\"jkea_image\" style=\"background-image: url(https:\/\/dexterra.com\/wp-content\/uploads\/2021\/02\/2.1-Aviation-Passenger-Experience_EDIT.jpg)\"><\/div><div class=\"jkea-tabcontent\" style=\"\"><div class=\"title\">Exp\u00e9rience des passagers<\/div><div class=\"text\" style=\"\"><p><span style=\"font-weight: 400;\">Une grande partie de votre activit\u00e9 repose sur l\u2019exp\u00e9rience et la demande des passagers. Nos solutions de personnel et d\u2019organisation offrent le meilleur service \u00e0 la client\u00e8le, l\u2019optimisation de l\u2019espace, le flux de foules et la s\u00e9curit\u00e9. <\/span><\/p><\/div><\/div><\/div><div class=\"tab\" id=\"tab-e5f7e2e\"><div class=\"jkea_image\" style=\"background-image: url(https:\/\/dexterra.com\/wp-content\/uploads\/2021\/02\/2.1-Aviation-Lower-Cost-of-Ownership_EDIT-3.jpg)\"><\/div><div class=\"jkea-tabcontent\" style=\"\"><div class=\"title\"> Co\u00fbt de propri\u00e9t\u00e9 r\u00e9duit <\/div><div class=\"text\" style=\"\"><p><span style=\"font-weight: 400;\">Nous g\u00e9rons, entretenons, r\u00e9parons et nettoyons les a\u00e9roports comme les actifs essentiels qu\u2019ils sont. Nous recherchons des gains d\u2019efficacit\u00e9 et des moyens d\u2019ajouter de la valeur en int\u00e9grant des services, en am\u00e9liorant les performances des b\u00e2timents, en maximisant le cycle de vie des syst\u00e8mes et en cr\u00e9ant des atmosph\u00e8res o\u00f9 les passagers ont envie de revenir.<\/span><\/p><\/div><\/div><\/div><div class=\"tab\" id=\"tab-2a38d47\"><div class=\"jkea_image\" style=\"background-image: url(https:\/\/dexterra.com\/wp-content\/uploads\/2021\/02\/2.1-Aviation-Innovation.jpg)\"><\/div><div class=\"jkea-tabcontent\" style=\"\"><div class=\"title\">Innovation<\/div><div class=\"text\" style=\"\"><p><span style=\"font-weight: 400;\">Les a\u00e9roports ne se reposent pas, et nous non plus. Nos \u00e9quipes \u00e9valuent constamment les technologies les plus r\u00e9centes des installations, les outils de productivit\u00e9 et les cadres d\u2019assurance de la qualit\u00e9 pour assurer l\u2019efficacit\u00e9 de vos op\u00e9rations et l\u2019excellence de votre service.<\/span><\/p><\/div><\/div><\/div><div class=\"tab\" id=\"tab-7500822\"><div class=\"jkea_image\" style=\"background-image: url(https:\/\/dexterra.com\/wp-content\/uploads\/2021\/02\/0R1A9465.jpg)\"><\/div><div class=\"jkea-tabcontent\" style=\"\"><div class=\"title\">Construction agile<\/div><div class=\"text\" style=\"\"><p><span style=\"font-weight: 400;\">Nous savons que les choses changent rapidement en coulisses. C\u2019est pourquoi nous offrons des solutions de construction modulaires pour les b\u00e2timents auxiliaires, tels que des hangars, des installations d\u2019entreposage, des installations de s\u00e9curit\u00e9 et les zones des employ\u00e9s. Pour les a\u00e9roports r\u00e9gionaux, les b\u00e2timents modulaires sont parfaits pour les terminaux.<\/span><\/p><\/div><\/div><\/div><\/div><\/div><\/div>\t\t<\/div>\n\t\t\t\t<\/div>\n\t\t\t\t\t\t<\/div>\n\t\t\t\t\t<\/div>\n\t\t<\/div>\n\t\t\t\t\t\t\t\t<\/div>\n\t\t\t\t\t<\/div>\n\t\t<\/section>\n\t\t\t\t<section class=\"elementor-section elementor-top-section elementor-element elementor-element-4320e14e elementor-section-full_width cta elementor-section-height-default elementor-section-height-default\" data-id=\"4320e14e\" data-element_type=\"section\">\n\t\t\t\t\t\t<div class=\"elementor-container elementor-column-gap-default\">\n\t\t\t\t\t\t\t<div class=\"elementor-row\">\n\t\t\t\t\t<div class=\"elementor-column elementor-col-100 elementor-top-column elementor-element elementor-element-63baf0c8\" data-id=\"63baf0c8\" data-element_type=\"column\">\n\t\t\t<div class=\"elementor-column-wrap elementor-element-populated\">\n\t\t\t\t\t\t\t<div class=\"elementor-widget-wrap\">\n\t\t\t\t\t\t<div class=\"elementor-element elementor-element-296c29f4 elementor-widget elementor-widget-jk-cta-bar\" data-id=\"296c29f4\" data-element_type=\"widget\" data-widget_type=\"jk-cta-bar.default\">\n\t\t\t\t<div class=\"elementor-widget-container\">\n\t\t\t<div class=\"jkea_cta-bar_wrapper\">\n            <div class=\"bars\"><div class=\"dots\"><\/div><div class=\"greybar\"><\/div><div class=\"bluebar\"><\/div><\/div>\n                <div class=\"jkea_cta-bar\">\n                    <div class=\"jkea_cta-bar_content\">\n                        <div class=\"jkea_title\">\n                    \t    <h2>Nous sommes l\u00e0 pour aider<\/h2>\n                    \t<\/div>\n                    \t<div class=\"jkea_text\">\n                    \t\t<p><span style=\"font-weight: 400;\">D\u00e9couvrez toutes les fa\u00e7ons dont nous pouvons aider votre entreprise. <\/span><\/p>\n                    \t<\/div><div class=\"jkea_button\">\n                    \t\t<a href=\"\/contact\" class=\"btn\">Contactez-nous<\/a>\n                    \t<\/div> <\/div>\n                    <\/div>\n                <\/div>\t\t<\/div>\n\t\t\t\t<\/div>\n\t\t\t\t\t\t<\/div>\n\t\t\t\t\t<\/div>\n\t\t<\/div>\n\t\t\t\t\t\t\t\t<\/div>\n\t\t\t\t\t<\/div>\n\t\t<\/section>\n\t\t\t\t\t\t\t\t\t<\/div>\n\t\t\t<\/div>\n\t\t\t\t\t<\/div>\n\t\t","protected":false},"excerpt":{"rendered":"<p>Aviation Du trottoir \u00e0 la porte, nous sommes l\u00e0 pour aider. Les a\u00e9roports sont complexes et dynamiques, comme les petites villes, mais avec des scores de qualit\u00e9 et une s\u00e9curit\u00e9 plus \u00e9lev\u00e9s. Il est important que tout soit en bon \u00e9tat de fonctionnement, tout comme il est important de d\u00e9placer les personnes dans le b\u00e2timent [&hellip;]<\/p>\n","protected":false},"author":8,"featured_media":0,"parent":6292,"menu_order":0,"comment_status":"closed","ping_status":"closed","template":"","meta":[],"acf":[],"yoast_head":"<!-- This site is optimized with the Yoast SEO plugin v19.3 - https:\/\/yoast.com\/wordpress\/plugins\/seo\/ -->\n<title>Aviation | Dexterra Group<\/title>\n<meta name=\"description\" content=\"D\u00e9couvrez comment Dexterra Group dessert les installations a\u00e9roportuaires, am\u00e9liore l\u2019exp\u00e9rience des passagers et favorise l\u2019efficacit\u00e9.\" \/>\n<meta name=\"robots\" content=\"noindex, follow\" \/>\n<meta property=\"og:locale\" content=\"fr_FR\" \/>\n<meta property=\"og:type\" content=\"article\" \/>\n<meta property=\"og:title\" content=\"Aviation | Dexterra Group\" \/>\n<meta property=\"og:description\" content=\"D\u00e9couvrez comment Dexterra Group dessert les installations a\u00e9roportuaires, am\u00e9liore l\u2019exp\u00e9rience des passagers et favorise l\u2019efficacit\u00e9.\" \/>\n<meta property=\"og:url\" content=\"http:\/\/dexterra.jkmprojects.com\/fr\/qui-nous-servons\/aviation\/\" \/>\n<meta property=\"og:site_name\" content=\"Dexterra\" \/>\n<meta property=\"article:modified_time\" content=\"2021-06-24T18:21:28+00:00\" \/>\n<meta property=\"og:image\" content=\"https:\/\/dexterra.com\/wp-content\/uploads\/2021\/02\/Dexterra-Banner-2.1_Aviation-1.png\" \/>\n<meta name=\"twitter:card\" content=\"summary_large_image\" \/>\n<meta name=\"twitter:label1\" content=\"Dur\u00e9e de lecture estim\u00e9e\" \/>\n\t<meta name=\"twitter:data1\" content=\"2 minutes\" \/>\n<script type=\"application\/ld+json\" class=\"yoast-schema-graph\">{\"@context\":\"https:\/\/schema.org\",\"@graph\":[{\"@type\":\"Organization\",\"@id\":\"https:\/\/dexterra.jkmprojects.com\/#organization\",\"name\":\"Dexterra Group\",\"url\":\"https:\/\/dexterra.jkmprojects.com\/\",\"sameAs\":[],\"logo\":{\"@type\":\"ImageObject\",\"inLanguage\":\"fr-FR\",\"@id\":\"https:\/\/dexterra.jkmprojects.com\/#\/schema\/logo\/image\/\",\"url\":\"https:\/\/dexterra.jkmprojects.com\/wp-content\/uploads\/2020\/11\/DexterraGroupLogo-1.png\",\"contentUrl\":\"https:\/\/dexterra.jkmprojects.com\/wp-content\/uploads\/2020\/11\/DexterraGroupLogo-1.png\",\"width\":302,\"height\":144,\"caption\":\"Dexterra Group\"},\"image\":{\"@id\":\"https:\/\/dexterra.jkmprojects.com\/#\/schema\/logo\/image\/\"}},{\"@type\":\"WebSite\",\"@id\":\"https:\/\/dexterra.jkmprojects.com\/#website\",\"url\":\"https:\/\/dexterra.jkmprojects.com\/\",\"name\":\"Dexterra\",\"description\":\"\",\"publisher\":{\"@id\":\"https:\/\/dexterra.jkmprojects.com\/#organization\"},\"potentialAction\":[{\"@type\":\"SearchAction\",\"target\":{\"@type\":\"EntryPoint\",\"urlTemplate\":\"https:\/\/dexterra.jkmprojects.com\/?s={search_term_string}\"},\"query-input\":\"required name=search_term_string\"}],\"inLanguage\":\"fr-FR\"},{\"@type\":\"ImageObject\",\"inLanguage\":\"fr-FR\",\"@id\":\"http:\/\/dexterra.jkmprojects.com\/fr\/qui-nous-servons\/aviation\/#primaryimage\",\"url\":\"https:\/\/dexterra.com\/wp-content\/uploads\/2021\/02\/Dexterra-Banner-2.1_Aviation-1.png\",\"contentUrl\":\"https:\/\/dexterra.com\/wp-content\/uploads\/2021\/02\/Dexterra-Banner-2.1_Aviation-1.png\"},{\"@type\":\"WebPage\",\"@id\":\"http:\/\/dexterra.jkmprojects.com\/fr\/qui-nous-servons\/aviation\/\",\"url\":\"http:\/\/dexterra.jkmprojects.com\/fr\/qui-nous-servons\/aviation\/\",\"name\":\"Aviation | Dexterra Group\",\"isPartOf\":{\"@id\":\"https:\/\/dexterra.jkmprojects.com\/#website\"},\"primaryImageOfPage\":{\"@id\":\"http:\/\/dexterra.jkmprojects.com\/fr\/qui-nous-servons\/aviation\/#primaryimage\"},\"datePublished\":\"2021-01-07T19:38:40+00:00\",\"dateModified\":\"2021-06-24T18:21:28+00:00\",\"description\":\"D\u00e9couvrez comment Dexterra Group dessert les installations a\u00e9roportuaires, am\u00e9liore l\u2019exp\u00e9rience des passagers et favorise l\u2019efficacit\u00e9.\",\"breadcrumb\":{\"@id\":\"http:\/\/dexterra.jkmprojects.com\/fr\/qui-nous-servons\/aviation\/#breadcrumb\"},\"inLanguage\":\"fr-FR\",\"potentialAction\":[{\"@type\":\"ReadAction\",\"target\":[\"http:\/\/dexterra.jkmprojects.com\/fr\/qui-nous-servons\/aviation\/\"]}]},{\"@type\":\"BreadcrumbList\",\"@id\":\"http:\/\/dexterra.jkmprojects.com\/fr\/qui-nous-servons\/aviation\/#breadcrumb\",\"itemListElement\":[{\"@type\":\"ListItem\",\"position\":1,\"name\":\"Home\",\"item\":\"https:\/\/dexterra.jkmprojects.com\/fr\/\"},{\"@type\":\"ListItem\",\"position\":2,\"name\":\"Qui nous servons\",\"item\":\"https:\/\/dexterra.jkmprojects.com\/fr\/qui-nous-servons\/\"},{\"@type\":\"ListItem\",\"position\":3,\"name\":\"Aviation\"}]}]}<\/script>\n<!-- \/ Yoast SEO plugin. -->","yoast_head_json":{"title":"Aviation | Dexterra Group","description":"D\u00e9couvrez comment Dexterra Group dessert les installations a\u00e9roportuaires, am\u00e9liore l\u2019exp\u00e9rience des passagers et favorise l\u2019efficacit\u00e9.","robots":{"index":"noindex","follow":"follow"},"og_locale":"fr_FR","og_type":"article","og_title":"Aviation | Dexterra Group","og_description":"D\u00e9couvrez comment Dexterra Group dessert les installations a\u00e9roportuaires, am\u00e9liore l\u2019exp\u00e9rience des passagers et favorise l\u2019efficacit\u00e9.","og_url":"http:\/\/dexterra.jkmprojects.com\/fr\/qui-nous-servons\/aviation\/","og_site_name":"Dexterra","article_modified_time":"2021-06-24T18:21:28+00:00","og_image":[{"url":"https:\/\/dexterra.com\/wp-content\/uploads\/2021\/02\/Dexterra-Banner-2.1_Aviation-1.png"}],"twitter_card":"summary_large_image","twitter_misc":{"Dur\u00e9e de lecture estim\u00e9e":"2 minutes"},"schema":{"@context":"https:\/\/schema.org","@graph":[{"@type":"Organization","@id":"https:\/\/dexterra.jkmprojects.com\/#organization","name":"Dexterra Group","url":"https:\/\/dexterra.jkmprojects.com\/","sameAs":[],"logo":{"@type":"ImageObject","inLanguage":"fr-FR","@id":"https:\/\/dexterra.jkmprojects.com\/#\/schema\/logo\/image\/","url":"https:\/\/dexterra.jkmprojects.com\/wp-content\/uploads\/2020\/11\/DexterraGroupLogo-1.png","contentUrl":"https:\/\/dexterra.jkmprojects.com\/wp-content\/uploads\/2020\/11\/DexterraGroupLogo-1.png","width":302,"height":144,"caption":"Dexterra Group"},"image":{"@id":"https:\/\/dexterra.jkmprojects.com\/#\/schema\/logo\/image\/"}},{"@type":"WebSite","@id":"https:\/\/dexterra.jkmprojects.com\/#website","url":"https:\/\/dexterra.jkmprojects.com\/","name":"Dexterra","description":"","publisher":{"@id":"https:\/\/dexterra.jkmprojects.com\/#organization"},"potentialAction":[{"@type":"SearchAction","target":{"@type":"EntryPoint","urlTemplate":"https:\/\/dexterra.jkmprojects.com\/?s={search_term_string}"},"query-input":"required name=search_term_string"}],"inLanguage":"fr-FR"},{"@type":"ImageObject","inLanguage":"fr-FR","@id":"http:\/\/dexterra.jkmprojects.com\/fr\/qui-nous-servons\/aviation\/#primaryimage","url":"https:\/\/dexterra.com\/wp-content\/uploads\/2021\/02\/Dexterra-Banner-2.1_Aviation-1.png","contentUrl":"https:\/\/dexterra.com\/wp-content\/uploads\/2021\/02\/Dexterra-Banner-2.1_Aviation-1.png"},{"@type":"WebPage","@id":"http:\/\/dexterra.jkmprojects.com\/fr\/qui-nous-servons\/aviation\/","url":"http:\/\/dexterra.jkmprojects.com\/fr\/qui-nous-servons\/aviation\/","name":"Aviation | Dexterra Group","isPartOf":{"@id":"https:\/\/dexterra.jkmprojects.com\/#website"},"primaryImageOfPage":{"@id":"http:\/\/dexterra.jkmprojects.com\/fr\/qui-nous-servons\/aviation\/#primaryimage"},"datePublished":"2021-01-07T19:38:40+00:00","dateModified":"2021-06-24T18:21:28+00:00","description":"D\u00e9couvrez comment Dexterra Group dessert les installations a\u00e9roportuaires, am\u00e9liore l\u2019exp\u00e9rience des passagers et favorise l\u2019efficacit\u00e9.","breadcrumb":{"@id":"http:\/\/dexterra.jkmprojects.com\/fr\/qui-nous-servons\/aviation\/#breadcrumb"},"inLanguage":"fr-FR","potentialAction":[{"@type":"ReadAction","target":["http:\/\/dexterra.jkmprojects.com\/fr\/qui-nous-servons\/aviation\/"]}]},{"@type":"BreadcrumbList","@id":"http:\/\/dexterra.jkmprojects.com\/fr\/qui-nous-servons\/aviation\/#breadcrumb","itemListElement":[{"@type":"ListItem","position":1,"name":"Home","item":"https:\/\/dexterra.jkmprojects.com\/fr\/"},{"@type":"ListItem","position":2,"name":"Qui nous servons","item":"https:\/\/dexterra.jkmprojects.com\/fr\/qui-nous-servons\/"},{"@type":"ListItem","position":3,"name":"Aviation"}]}]}},"_links":{"self":[{"href":"http:\/\/dexterra.jkmprojects.com\/fr\/wp-json\/wp\/v2\/pages\/6550"}],"collection":[{"href":"http:\/\/dexterra.jkmprojects.com\/fr\/wp-json\/wp\/v2\/pages"}],"about":[{"href":"http:\/\/dexterra.jkmprojects.com\/fr\/wp-json\/wp\/v2\/types\/page"}],"author":[{"embeddable":true,"href":"http:\/\/dexterra.jkmprojects.com\/fr\/wp-json\/wp\/v2\/users\/8"}],"replies":[{"embeddable":true,"href":"http:\/\/dexterra.jkmprojects.com\/fr\/wp-json\/wp\/v2\/comments?post=6550"}],"version-history":[{"count":25,"href":"http:\/\/dexterra.jkmprojects.com\/fr\/wp-json\/wp\/v2\/pages\/6550\/revisions"}],"predecessor-version":[{"id":7589,"href":"http:\/\/dexterra.jkmprojects.com\/fr\/wp-json\/wp\/v2\/pages\/6550\/revisions\/7589"}],"up":[{"embeddable":true,"href":"http:\/\/dexterra.jkmprojects.com\/fr\/wp-json\/wp\/v2\/pages\/6292"}],"wp:attachment":[{"href":"http:\/\/dexterra.jkmprojects.com\/fr\/wp-json\/wp\/v2\/media?parent=6550"}],"curies":[{"name":"wp","href":"https:\/\/api.w.org\/{rel}","templated":true}]}}