{"id":6618,"date":"2020-12-02T16:48:17","date_gmt":"2020-12-02T16:48:17","guid":{"rendered":"http:\/\/dexterra2020.jkmprojects.com\/hebergement-des-effectifs\/catering-and-operations\/"},"modified":"2021-06-22T13:09:55","modified_gmt":"2021-06-22T13:09:55","slug":"restauration-et-exploitation","status":"publish","type":"page","link":"http:\/\/dexterra.jkmprojects.com\/fr\/hebergement-des-effectifs\/restauration-et-exploitation\/","title":{"rendered":"Restauration et exploitation"},"content":{"rendered":"\t\t<div data-elementor-type=\"wp-page\" data-elementor-id=\"6618\" class=\"elementor elementor-6618 elementor-2762\">\n\t\t\t\t\t\t<div class=\"elementor-inner\">\n\t\t\t\t<div class=\"elementor-section-wrap\">\n\t\t\t\t\t\t\t\t\t<header class=\"elementor-section elementor-top-section elementor-element elementor-element-54454bd elementor-section-full_width elementor-section-height-default elementor-section-height-default\" data-id=\"54454bd\" data-element_type=\"section\">\n\t\t\t\t\t\t<div class=\"elementor-container elementor-column-gap-default\">\n\t\t\t\t\t\t\t<div class=\"elementor-row\">\n\t\t\t\t\t<div class=\"elementor-column elementor-col-100 elementor-top-column elementor-element elementor-element-368040c6\" data-id=\"368040c6\" data-element_type=\"column\">\n\t\t\t<div class=\"elementor-column-wrap elementor-element-populated\">\n\t\t\t\t\t\t\t<div class=\"elementor-widget-wrap\">\n\t\t\t\t\t\t<div class=\"elementor-element elementor-element-401eff15 elementor-widget elementor-widget-jk-pageheader\" data-id=\"401eff15\" data-element_type=\"widget\" data-widget_type=\"jk-pageheader.default\">\n\t\t\t\t<div class=\"elementor-widget-container\">\n\t\t\t<header class=\"medium\"><div class=\"jkea_header\"><div class=\"jkea_header__contentwrap\"><div class=\"jkea_header__content\"><div class=\"title\"><h1>Restauration et <span class=\"orange\">exploitation<\/span><\/h1><\/div><div class=\"text\"><p><p><img loading=\"lazy\" class=\"alignnone\" src=\"https:\/\/dexterra.com\/wp-content\/uploads\/2020\/11\/DexterraLogo-1.png\" alt=\"Dexterra\" width=\"191\" height=\"91\" \/><\/p><\/p><\/div><\/div><\/div><div class=\"jkea_header__graphic\"><div class=\"featuredimage full\"><img src=\"https:\/\/dexterra.com\/wp-content\/uploads\/2020\/12\/1pt2pt4.jpg\" alt=\"Un chef de partie dans un restaurant\"><\/div><div class=\"bars\"><div class=\"whiteslice\"><\/div><div class=\"dots\"><\/div><div class=\"greybar\"><\/div><div class=\"bluebar\"><\/div><\/div><div class=\"jkea_header__chevrons\"><div class=\"chevrons\"><div class=\"chevronbg\"><\/div><div class=\"dots\"><\/div><div class=\"greychevronshadow\"><div class=\"greychevron\"><\/div><\/div><div class=\"bluechevron\"><\/div><\/div><\/div><\/div><\/div><\/div><\/header>\t\t<\/div>\n\t\t\t\t<\/div>\n\t\t\t\t\t\t<\/div>\n\t\t\t\t\t<\/div>\n\t\t<\/div>\n\t\t\t\t\t\t\t\t<\/div>\n\t\t\t\t\t<\/div>\n\t\t<\/header>\n\t\t\t\t<section class=\"elementor-section elementor-top-section elementor-element elementor-element-13f4900 keyline elementor-section-boxed elementor-section-height-default elementor-section-height-default\" data-id=\"13f4900\" data-element_type=\"section\">\n\t\t\t\t\t\t<div class=\"elementor-container elementor-column-gap-default\">\n\t\t\t\t\t\t\t<div class=\"elementor-row\">\n\t\t\t\t\t<div class=\"elementor-column elementor-col-100 elementor-top-column elementor-element elementor-element-7938492\" data-id=\"7938492\" data-element_type=\"column\">\n\t\t\t<div class=\"elementor-column-wrap elementor-element-populated\">\n\t\t\t\t\t\t\t<div class=\"elementor-widget-wrap\">\n\t\t\t\t\t\t<div class=\"elementor-element elementor-element-051ed2d elementor-widget elementor-widget-jk-pageintro\" data-id=\"051ed2d\" data-element_type=\"widget\" data-widget_type=\"jk-pageintro.default\">\n\t\t\t\t<div class=\"elementor-widget-container\">\n\t\t\t<div class=\"jkea_pageintro_wrapper\"><div class=\"jkea_pageintro\">\n                    <div class=\"jkea_pageintro_content\">\n                        <div class=\"jkea_title\"><h2>Meilleur h\u00e9bergement de sa cat\u00e9gorie<\/h2><\/div>\n                    \t<div class=\"jkea_text\">\n                    \t\t<p><span style=\"font-weight: 400;\">Nos \u00e9quipes de restauration, de gestion de camp et d\u2019entretien m\u00e9nager sont celles qui ajoutent une touche personnelle \u00e0 l\u2019h\u00e9bergement des effectifs. Offrant tout ce qu\u2019il faut pour se reposer et se d\u00e9tendre, notre personnel est \u00e0 la hauteur du bien-\u00eatre de vos \u00e9quipes et cr\u00e9e une exp\u00e9rience vraiment confortable, s\u00e9curitaire et conviviale.<\/span><\/p>\n                    \t<\/div> <\/div>\n                <\/div>\t\t<\/div>\n\t\t\t\t<\/div>\n\t\t\t\t\t\t<\/div>\n\t\t\t\t\t<\/div>\n\t\t<\/div>\n\t\t\t\t\t\t\t\t<\/div>\n\t\t\t\t\t<\/div>\n\t\t<\/section>\n\t\t\t\t<section class=\"elementor-section elementor-top-section elementor-element elementor-element-216b5ad9 elementor-section-full_width divider elementor-section-height-default elementor-section-height-default\" data-id=\"216b5ad9\" data-element_type=\"section\">\n\t\t\t\t\t\t<div class=\"elementor-container elementor-column-gap-default\">\n\t\t\t\t\t\t\t<div class=\"elementor-row\">\n\t\t\t\t\t<div class=\"elementor-column elementor-col-100 elementor-top-column elementor-element elementor-element-4b674abd\" data-id=\"4b674abd\" data-element_type=\"column\">\n\t\t\t<div class=\"elementor-column-wrap elementor-element-populated\">\n\t\t\t\t\t\t\t<div class=\"elementor-widget-wrap\">\n\t\t\t\t\t\t<div class=\"elementor-element elementor-element-3ac5867b elementor-widget elementor-widget-jk-divider\" data-id=\"3ac5867b\" data-element_type=\"widget\" data-widget_type=\"jk-divider.default\">\n\t\t\t\t<div class=\"elementor-widget-container\">\n\t\t\t<div class=\"jkea_divider grey\"><div class=\"barholder\"><div class=\"greybar\"><\/div><div class=\"bluebar\"><\/div><\/div>\t\t<\/div>\n\t\t\t\t<\/div>\n\t\t\t\t\t\t<\/div>\n\t\t\t\t\t<\/div>\n\t\t<\/div>\n\t\t\t\t\t\t\t\t<\/div>\n\t\t\t\t\t<\/div>\n\t\t<\/section>\n\t\t\t\t<section class=\"elementor-section elementor-top-section elementor-element elementor-element-4a534d6f grey faq elementor-section-boxed elementor-section-height-default elementor-section-height-default\" data-id=\"4a534d6f\" data-element_type=\"section\">\n\t\t\t\t\t\t<div class=\"elementor-container elementor-column-gap-default\">\n\t\t\t\t\t\t\t<div class=\"elementor-row\">\n\t\t\t\t\t<div class=\"elementor-column elementor-col-100 elementor-top-column elementor-element elementor-element-630a3141\" data-id=\"630a3141\" data-element_type=\"column\">\n\t\t\t<div class=\"elementor-column-wrap elementor-element-populated\">\n\t\t\t\t\t\t\t<div class=\"elementor-widget-wrap\">\n\t\t\t\t\t\t<div class=\"elementor-element elementor-element-59f0d6de elementor-widget elementor-widget-jk-faq-accordion\" data-id=\"59f0d6de\" data-element_type=\"widget\" data-widget_type=\"jk-faq-accordion.default\">\n\t\t\t\t<div class=\"elementor-widget-container\">\n\t\t\t<div class=\"jkea-faq-accordion\" itemscope itemtype=\"https:\/\/schema.org\/FAQPage\"><div class=\"jkea-faq-title\"><h2>Services<\/h2><\/div><\/div>\t\t<\/div>\n\t\t\t\t<\/div>\n\t\t\t\t\t\t<\/div>\n\t\t\t\t\t<\/div>\n\t\t<\/div>\n\t\t\t\t\t\t\t\t<\/div>\n\t\t\t\t\t<\/div>\n\t\t<\/section>\n\t\t\t\t<section class=\"elementor-section elementor-top-section elementor-element elementor-element-1068e72e elementor-section-boxed elementor-section-height-default elementor-section-height-default\" data-id=\"1068e72e\" data-element_type=\"section\">\n\t\t\t\t\t\t<div class=\"elementor-container elementor-column-gap-default\">\n\t\t\t\t\t\t\t<div class=\"elementor-row\">\n\t\t\t\t\t<div class=\"elementor-column elementor-col-100 elementor-top-column elementor-element elementor-element-498cbb61\" data-id=\"498cbb61\" data-element_type=\"column\">\n\t\t\t<div class=\"elementor-column-wrap elementor-element-populated\">\n\t\t\t\t\t\t\t<div class=\"elementor-widget-wrap\">\n\t\t\t\t\t\t<div class=\"elementor-element elementor-element-5fccd25b elementor-widget elementor-widget-jk-spacer\" data-id=\"5fccd25b\" data-element_type=\"widget\" data-widget_type=\"jk-spacer.default\">\n\t\t\t\t<div class=\"elementor-widget-container\">\n\t\t\t<div class=\"jkea_spacer_wrapper\"><div class=\"jkea_spacer\"><\/div><\/div>\t\t<\/div>\n\t\t\t\t<\/div>\n\t\t\t\t\t\t<\/div>\n\t\t\t\t\t<\/div>\n\t\t<\/div>\n\t\t\t\t\t\t\t\t<\/div>\n\t\t\t\t\t<\/div>\n\t\t<\/section>\n\t\t\t\t<section class=\"elementor-section elementor-top-section elementor-element elementor-element-6aab8e0f elementor-section-full_width elementor-section-height-default elementor-section-height-default\" data-id=\"6aab8e0f\" data-element_type=\"section\">\n\t\t\t\t\t\t<div class=\"elementor-container elementor-column-gap-default\">\n\t\t\t\t\t\t\t<div class=\"elementor-row\">\n\t\t\t\t\t<div class=\"elementor-column elementor-col-100 elementor-top-column elementor-element elementor-element-27d864a0\" data-id=\"27d864a0\" data-element_type=\"column\">\n\t\t\t<div class=\"elementor-column-wrap elementor-element-populated\">\n\t\t\t\t\t\t\t<div class=\"elementor-widget-wrap\">\n\t\t\t\t\t\t<div class=\"elementor-element elementor-element-3f0dd8e5 elementor-widget elementor-widget-jk-cta-bar\" data-id=\"3f0dd8e5\" data-element_type=\"widget\" data-widget_type=\"jk-cta-bar.default\">\n\t\t\t\t<div class=\"elementor-widget-container\">\n\t\t\t<div class=\"jkea_cta-bar_wrapper\">\n            <div class=\"bars\"><div class=\"dots\"><\/div><div class=\"greybar\"><\/div><div class=\"bluebar\"><\/div><\/div>\n                <div class=\"jkea_cta-bar\">\n                    <div class=\"jkea_cta-bar_content\">\n                        <div class=\"jkea_title\">\n                    \t    <h2>Pr\u00eats pour une exp\u00e9rience harmonieuse?<\/h2>\n                    \t<\/div>\n                    \t<div class=\"jkea_text\">\n                    \t\t<p><span style=\"font-weight: 400;\">Nous sommes l\u00e0 pour vous aider \u00e0 personnaliser les services de restauration et d\u2019exploitation les meilleurs et les plus efficaces pour votre entreprise. <\/span><\/p>\n                    \t<\/div><div class=\"jkea_button\">\n                    \t\t<a href=\"\/fr\/personne-ressource\/\" class=\"btn\">Contactez-nous<\/a>\n                    \t<\/div> <\/div>\n                    <\/div>\n                <\/div>\t\t<\/div>\n\t\t\t\t<\/div>\n\t\t\t\t\t\t<\/div>\n\t\t\t\t\t<\/div>\n\t\t<\/div>\n\t\t\t\t\t\t\t\t<\/div>\n\t\t\t\t\t<\/div>\n\t\t<\/section>\n\t\t\t\t\t\t\t\t\t<\/div>\n\t\t\t<\/div>\n\t\t\t\t\t<\/div>\n\t\t","protected":false},"excerpt":{"rendered":"<p>Restauration et exploitation Meilleur h\u00e9bergement de sa cat\u00e9gorie Nos \u00e9quipes de restauration, de gestion de camp et d\u2019entretien m\u00e9nager sont celles qui ajoutent une touche personnelle \u00e0 l\u2019h\u00e9bergement des effectifs. Offrant tout ce qu\u2019il faut pour se reposer et se d\u00e9tendre, notre personnel est \u00e0 la hauteur du bien-\u00eatre de vos \u00e9quipes et cr\u00e9e une [&hellip;]<\/p>\n","protected":false},"author":1,"featured_media":0,"parent":6606,"menu_order":0,"comment_status":"closed","ping_status":"closed","template":"","meta":[],"acf":[],"yoast_head":"<!-- This site is optimized with the Yoast SEO plugin v19.3 - https:\/\/yoast.com\/wordpress\/plugins\/seo\/ -->\n<title>Restauration et exploitation | Dexterra Group<\/title>\n<meta name=\"description\" content=\"Ajouter cette touche personnelle \u00e0 l\u2019h\u00e9bergement des effectifs.\" \/>\n<meta name=\"robots\" content=\"noindex, follow\" \/>\n<meta property=\"og:locale\" content=\"fr_FR\" \/>\n<meta property=\"og:type\" content=\"article\" \/>\n<meta property=\"og:title\" content=\"Restauration et exploitation | Dexterra Group\" \/>\n<meta property=\"og:description\" content=\"Ajouter cette touche personnelle \u00e0 l\u2019h\u00e9bergement des effectifs.\" \/>\n<meta property=\"og:url\" content=\"http:\/\/dexterra.jkmprojects.com\/fr\/hebergement-des-effectifs\/restauration-et-exploitation\/\" \/>\n<meta property=\"og:site_name\" content=\"Dexterra\" \/>\n<meta property=\"article:modified_time\" content=\"2021-06-22T13:09:55+00:00\" \/>\n<meta property=\"og:image\" content=\"https:\/\/dexterra.com\/wp-content\/uploads\/2020\/11\/DexterraLogo-1.png\" \/>\n<meta name=\"twitter:card\" content=\"summary_large_image\" \/>\n<meta name=\"twitter:label1\" content=\"Dur\u00e9e de lecture estim\u00e9e\" \/>\n\t<meta name=\"twitter:data1\" content=\"1 minute\" \/>\n<script type=\"application\/ld+json\" class=\"yoast-schema-graph\">{\"@context\":\"https:\/\/schema.org\",\"@graph\":[{\"@type\":\"Organization\",\"@id\":\"https:\/\/dexterra.jkmprojects.com\/#organization\",\"name\":\"Dexterra Group\",\"url\":\"https:\/\/dexterra.jkmprojects.com\/\",\"sameAs\":[],\"logo\":{\"@type\":\"ImageObject\",\"inLanguage\":\"fr-FR\",\"@id\":\"https:\/\/dexterra.jkmprojects.com\/#\/schema\/logo\/image\/\",\"url\":\"https:\/\/dexterra.jkmprojects.com\/wp-content\/uploads\/2020\/11\/DexterraGroupLogo-1.png\",\"contentUrl\":\"https:\/\/dexterra.jkmprojects.com\/wp-content\/uploads\/2020\/11\/DexterraGroupLogo-1.png\",\"width\":302,\"height\":144,\"caption\":\"Dexterra Group\"},\"image\":{\"@id\":\"https:\/\/dexterra.jkmprojects.com\/#\/schema\/logo\/image\/\"}},{\"@type\":\"WebSite\",\"@id\":\"https:\/\/dexterra.jkmprojects.com\/#website\",\"url\":\"https:\/\/dexterra.jkmprojects.com\/\",\"name\":\"Dexterra\",\"description\":\"\",\"publisher\":{\"@id\":\"https:\/\/dexterra.jkmprojects.com\/#organization\"},\"potentialAction\":[{\"@type\":\"SearchAction\",\"target\":{\"@type\":\"EntryPoint\",\"urlTemplate\":\"https:\/\/dexterra.jkmprojects.com\/?s={search_term_string}\"},\"query-input\":\"required name=search_term_string\"}],\"inLanguage\":\"fr-FR\"},{\"@type\":\"ImageObject\",\"inLanguage\":\"fr-FR\",\"@id\":\"http:\/\/dexterra.jkmprojects.com\/fr\/hebergement-des-effectifs\/restauration-et-exploitation\/#primaryimage\",\"url\":\"https:\/\/dexterra.com\/wp-content\/uploads\/2020\/11\/DexterraLogo-1.png\",\"contentUrl\":\"https:\/\/dexterra.com\/wp-content\/uploads\/2020\/11\/DexterraLogo-1.png\"},{\"@type\":\"WebPage\",\"@id\":\"http:\/\/dexterra.jkmprojects.com\/fr\/hebergement-des-effectifs\/restauration-et-exploitation\/\",\"url\":\"http:\/\/dexterra.jkmprojects.com\/fr\/hebergement-des-effectifs\/restauration-et-exploitation\/\",\"name\":\"Restauration et exploitation | Dexterra Group\",\"isPartOf\":{\"@id\":\"https:\/\/dexterra.jkmprojects.com\/#website\"},\"primaryImageOfPage\":{\"@id\":\"http:\/\/dexterra.jkmprojects.com\/fr\/hebergement-des-effectifs\/restauration-et-exploitation\/#primaryimage\"},\"datePublished\":\"2020-12-02T16:48:17+00:00\",\"dateModified\":\"2021-06-22T13:09:55+00:00\",\"description\":\"Ajouter cette touche personnelle \u00e0 l\u2019h\u00e9bergement des effectifs.\",\"breadcrumb\":{\"@id\":\"http:\/\/dexterra.jkmprojects.com\/fr\/hebergement-des-effectifs\/restauration-et-exploitation\/#breadcrumb\"},\"inLanguage\":\"fr-FR\",\"potentialAction\":[{\"@type\":\"ReadAction\",\"target\":[\"http:\/\/dexterra.jkmprojects.com\/fr\/hebergement-des-effectifs\/restauration-et-exploitation\/\"]}]},{\"@type\":\"BreadcrumbList\",\"@id\":\"http:\/\/dexterra.jkmprojects.com\/fr\/hebergement-des-effectifs\/restauration-et-exploitation\/#breadcrumb\",\"itemListElement\":[{\"@type\":\"ListItem\",\"position\":1,\"name\":\"Home\",\"item\":\"https:\/\/dexterra.jkmprojects.com\/fr\/\"},{\"@type\":\"ListItem\",\"position\":2,\"name\":\"H\u00e9bergement des effectifs\",\"item\":\"http:\/\/dexterra.jkmprojects.com\/fr\/hebergement-des-effectifs\/\"},{\"@type\":\"ListItem\",\"position\":3,\"name\":\"Restauration et exploitation\"}]}]}<\/script>\n<!-- \/ Yoast SEO plugin. -->","yoast_head_json":{"title":"Restauration et exploitation | Dexterra Group","description":"Ajouter cette touche personnelle \u00e0 l\u2019h\u00e9bergement des effectifs.","robots":{"index":"noindex","follow":"follow"},"og_locale":"fr_FR","og_type":"article","og_title":"Restauration et exploitation | Dexterra Group","og_description":"Ajouter cette touche personnelle \u00e0 l\u2019h\u00e9bergement des effectifs.","og_url":"http:\/\/dexterra.jkmprojects.com\/fr\/hebergement-des-effectifs\/restauration-et-exploitation\/","og_site_name":"Dexterra","article_modified_time":"2021-06-22T13:09:55+00:00","og_image":[{"url":"https:\/\/dexterra.com\/wp-content\/uploads\/2020\/11\/DexterraLogo-1.png"}],"twitter_card":"summary_large_image","twitter_misc":{"Dur\u00e9e de lecture estim\u00e9e":"1 minute"},"schema":{"@context":"https:\/\/schema.org","@graph":[{"@type":"Organization","@id":"https:\/\/dexterra.jkmprojects.com\/#organization","name":"Dexterra Group","url":"https:\/\/dexterra.jkmprojects.com\/","sameAs":[],"logo":{"@type":"ImageObject","inLanguage":"fr-FR","@id":"https:\/\/dexterra.jkmprojects.com\/#\/schema\/logo\/image\/","url":"https:\/\/dexterra.jkmprojects.com\/wp-content\/uploads\/2020\/11\/DexterraGroupLogo-1.png","contentUrl":"https:\/\/dexterra.jkmprojects.com\/wp-content\/uploads\/2020\/11\/DexterraGroupLogo-1.png","width":302,"height":144,"caption":"Dexterra Group"},"image":{"@id":"https:\/\/dexterra.jkmprojects.com\/#\/schema\/logo\/image\/"}},{"@type":"WebSite","@id":"https:\/\/dexterra.jkmprojects.com\/#website","url":"https:\/\/dexterra.jkmprojects.com\/","name":"Dexterra","description":"","publisher":{"@id":"https:\/\/dexterra.jkmprojects.com\/#organization"},"potentialAction":[{"@type":"SearchAction","target":{"@type":"EntryPoint","urlTemplate":"https:\/\/dexterra.jkmprojects.com\/?s={search_term_string}"},"query-input":"required name=search_term_string"}],"inLanguage":"fr-FR"},{"@type":"ImageObject","inLanguage":"fr-FR","@id":"http:\/\/dexterra.jkmprojects.com\/fr\/hebergement-des-effectifs\/restauration-et-exploitation\/#primaryimage","url":"https:\/\/dexterra.com\/wp-content\/uploads\/2020\/11\/DexterraLogo-1.png","contentUrl":"https:\/\/dexterra.com\/wp-content\/uploads\/2020\/11\/DexterraLogo-1.png"},{"@type":"WebPage","@id":"http:\/\/dexterra.jkmprojects.com\/fr\/hebergement-des-effectifs\/restauration-et-exploitation\/","url":"http:\/\/dexterra.jkmprojects.com\/fr\/hebergement-des-effectifs\/restauration-et-exploitation\/","name":"Restauration et exploitation | Dexterra Group","isPartOf":{"@id":"https:\/\/dexterra.jkmprojects.com\/#website"},"primaryImageOfPage":{"@id":"http:\/\/dexterra.jkmprojects.com\/fr\/hebergement-des-effectifs\/restauration-et-exploitation\/#primaryimage"},"datePublished":"2020-12-02T16:48:17+00:00","dateModified":"2021-06-22T13:09:55+00:00","description":"Ajouter cette touche personnelle \u00e0 l\u2019h\u00e9bergement des effectifs.","breadcrumb":{"@id":"http:\/\/dexterra.jkmprojects.com\/fr\/hebergement-des-effectifs\/restauration-et-exploitation\/#breadcrumb"},"inLanguage":"fr-FR","potentialAction":[{"@type":"ReadAction","target":["http:\/\/dexterra.jkmprojects.com\/fr\/hebergement-des-effectifs\/restauration-et-exploitation\/"]}]},{"@type":"BreadcrumbList","@id":"http:\/\/dexterra.jkmprojects.com\/fr\/hebergement-des-effectifs\/restauration-et-exploitation\/#breadcrumb","itemListElement":[{"@type":"ListItem","position":1,"name":"Home","item":"https:\/\/dexterra.jkmprojects.com\/fr\/"},{"@type":"ListItem","position":2,"name":"H\u00e9bergement des effectifs","item":"http:\/\/dexterra.jkmprojects.com\/fr\/hebergement-des-effectifs\/"},{"@type":"ListItem","position":3,"name":"Restauration et exploitation"}]}]}},"_links":{"self":[{"href":"http:\/\/dexterra.jkmprojects.com\/fr\/wp-json\/wp\/v2\/pages\/6618"}],"collection":[{"href":"http:\/\/dexterra.jkmprojects.com\/fr\/wp-json\/wp\/v2\/pages"}],"about":[{"href":"http:\/\/dexterra.jkmprojects.com\/fr\/wp-json\/wp\/v2\/types\/page"}],"author":[{"embeddable":true,"href":"http:\/\/dexterra.jkmprojects.com\/fr\/wp-json\/wp\/v2\/users\/1"}],"replies":[{"embeddable":true,"href":"http:\/\/dexterra.jkmprojects.com\/fr\/wp-json\/wp\/v2\/comments?post=6618"}],"version-history":[{"count":16,"href":"http:\/\/dexterra.jkmprojects.com\/fr\/wp-json\/wp\/v2\/pages\/6618\/revisions"}],"predecessor-version":[{"id":7477,"href":"http:\/\/dexterra.jkmprojects.com\/fr\/wp-json\/wp\/v2\/pages\/6618\/revisions\/7477"}],"up":[{"embeddable":true,"href":"http:\/\/dexterra.jkmprojects.com\/fr\/wp-json\/wp\/v2\/pages\/6606"}],"wp:attachment":[{"href":"http:\/\/dexterra.jkmprojects.com\/fr\/wp-json\/wp\/v2\/media?parent=6618"}],"curies":[{"name":"wp","href":"https:\/\/api.w.org\/{rel}","templated":true}]}}