{"id":6623,"date":"2020-12-02T16:48:29","date_gmt":"2020-12-02T16:48:29","guid":{"rendered":"http:\/\/dexterra2020.jkmprojects.com\/hebergement-des-effectifs\/structure-supply\/"},"modified":"2021-06-22T13:16:33","modified_gmt":"2021-06-22T13:16:33","slug":"approvisionnement-en-structures","status":"publish","type":"page","link":"http:\/\/dexterra.jkmprojects.com\/fr\/hebergement-des-effectifs\/approvisionnement-en-structures\/","title":{"rendered":"Approvisionnement en structures"},"content":{"rendered":"\t\t<div data-elementor-type=\"wp-page\" data-elementor-id=\"6623\" class=\"elementor elementor-6623 elementor-2764\">\n\t\t\t\t\t\t<div class=\"elementor-inner\">\n\t\t\t\t<div class=\"elementor-section-wrap\">\n\t\t\t\t\t\t\t\t\t<header class=\"elementor-section elementor-top-section elementor-element elementor-element-432dac94 elementor-section-full_width elementor-section-height-default elementor-section-height-default\" data-id=\"432dac94\" data-element_type=\"section\">\n\t\t\t\t\t\t<div class=\"elementor-container elementor-column-gap-default\">\n\t\t\t\t\t\t\t<div class=\"elementor-row\">\n\t\t\t\t\t<div class=\"elementor-column elementor-col-100 elementor-top-column elementor-element elementor-element-6c765656\" data-id=\"6c765656\" data-element_type=\"column\">\n\t\t\t<div class=\"elementor-column-wrap elementor-element-populated\">\n\t\t\t\t\t\t\t<div class=\"elementor-widget-wrap\">\n\t\t\t\t\t\t<div class=\"elementor-element elementor-element-1af8bb43 elementor-widget elementor-widget-jk-pageheader\" data-id=\"1af8bb43\" data-element_type=\"widget\" data-widget_type=\"jk-pageheader.default\">\n\t\t\t\t<div class=\"elementor-widget-container\">\n\t\t\t<header class=\"medium\"><div class=\"jkea_header\"><div class=\"jkea_header__contentwrap\"><div class=\"jkea_header__content\"><div class=\"title\"><h1><span class=\"orange\">Approvisionnement<\/span> en structures<\/h1><\/div><div class=\"text\"><p><p><img loading=\"lazy\" class=\"alignnone\" src=\"https:\/\/dexterra.com\/wp-content\/uploads\/2020\/11\/DexterraLogo-1.png\" alt=\"Dexterra\" width=\"191\" height=\"91\" \/><\/p><\/p><\/div><\/div><\/div><div class=\"jkea_header__graphic\"><div class=\"featuredimage full\"><img src=\"https:\/\/dexterra.com\/wp-content\/uploads\/2020\/12\/1pt2pt5.jpg\" alt=\"Une prise de vue ext\u00e9rieure d\u2019un pavillon au lever du soleil\"><\/div><div class=\"bars\"><div class=\"whiteslice\"><\/div><div class=\"dots\"><\/div><div class=\"greybar\"><\/div><div class=\"bluebar\"><\/div><\/div><div class=\"jkea_header__chevrons\"><div class=\"chevrons\"><div class=\"chevronbg\"><\/div><div class=\"dots\"><\/div><div class=\"greychevronshadow\"><div class=\"greychevron\"><\/div><\/div><div class=\"bluechevron\"><\/div><\/div><\/div><\/div><\/div><\/div><\/header>\t\t<\/div>\n\t\t\t\t<\/div>\n\t\t\t\t\t\t<\/div>\n\t\t\t\t\t<\/div>\n\t\t<\/div>\n\t\t\t\t\t\t\t\t<\/div>\n\t\t\t\t\t<\/div>\n\t\t<\/header>\n\t\t\t\t<section class=\"elementor-section elementor-top-section elementor-element elementor-element-34abc69 keyline elementor-section-boxed elementor-section-height-default elementor-section-height-default\" data-id=\"34abc69\" data-element_type=\"section\">\n\t\t\t\t\t\t<div class=\"elementor-container elementor-column-gap-default\">\n\t\t\t\t\t\t\t<div class=\"elementor-row\">\n\t\t\t\t\t<div class=\"elementor-column elementor-col-100 elementor-top-column elementor-element elementor-element-1897ebd\" data-id=\"1897ebd\" data-element_type=\"column\">\n\t\t\t<div class=\"elementor-column-wrap elementor-element-populated\">\n\t\t\t\t\t\t\t<div class=\"elementor-widget-wrap\">\n\t\t\t\t\t\t<div class=\"elementor-element elementor-element-214f041 elementor-widget elementor-widget-jk-pageintro\" data-id=\"214f041\" data-element_type=\"widget\" data-widget_type=\"jk-pageintro.default\">\n\t\t\t\t<div class=\"elementor-widget-container\">\n\t\t\t<div class=\"jkea_pageintro_wrapper\"><div class=\"jkea_pageintro\">\n                    <div class=\"jkea_pageintro_content\">\n                        <div class=\"jkea_title\"><h2>H\u00e9bergements \u00e9volutifs, durables et confortables<\/h2><\/div>\n                    \t<div class=\"jkea_text\">\n                    \t\t<p><span style=\"font-weight: 400;\">Horizon North offre un inventaire complet et diversifi\u00e9 d\u2019options de logement des effectifs. Avec des chantiers strat\u00e9giquement situ\u00e9s partout au Canada, nous sommes extr\u00eamement r\u00e9actifs et pouvons installer des structures sur le site en moins d\u2019une semaine. Nous avons la flexibilit\u00e9 de fabriquer des solutions modulaires et \u00e9volutives pour r\u00e9pondre \u00e0 la taille et aux exigences de votre projet. <\/span><\/p>\n                    \t<\/div> <\/div>\n                <\/div>\t\t<\/div>\n\t\t\t\t<\/div>\n\t\t\t\t\t\t<\/div>\n\t\t\t\t\t<\/div>\n\t\t<\/div>\n\t\t\t\t\t\t\t\t<\/div>\n\t\t\t\t\t<\/div>\n\t\t<\/section>\n\t\t\t\t<section class=\"elementor-section elementor-top-section elementor-element elementor-element-461df529 elementor-section-full_width divider elementor-section-height-default elementor-section-height-default\" data-id=\"461df529\" data-element_type=\"section\">\n\t\t\t\t\t\t<div class=\"elementor-container elementor-column-gap-default\">\n\t\t\t\t\t\t\t<div class=\"elementor-row\">\n\t\t\t\t\t<div class=\"elementor-column elementor-col-100 elementor-top-column elementor-element elementor-element-55931f64\" data-id=\"55931f64\" data-element_type=\"column\">\n\t\t\t<div class=\"elementor-column-wrap elementor-element-populated\">\n\t\t\t\t\t\t\t<div class=\"elementor-widget-wrap\">\n\t\t\t\t\t\t<div class=\"elementor-element elementor-element-3ed056cf elementor-widget elementor-widget-jk-divider\" data-id=\"3ed056cf\" data-element_type=\"widget\" data-widget_type=\"jk-divider.default\">\n\t\t\t\t<div class=\"elementor-widget-container\">\n\t\t\t<div class=\"jkea_divider grey\"><div class=\"barholder\"><div class=\"greybar\"><\/div><div class=\"bluebar\"><\/div><\/div>\t\t<\/div>\n\t\t\t\t<\/div>\n\t\t\t\t\t\t<\/div>\n\t\t\t\t\t<\/div>\n\t\t<\/div>\n\t\t\t\t\t\t\t\t<\/div>\n\t\t\t\t\t<\/div>\n\t\t<\/section>\n\t\t\t\t<section class=\"elementor-section elementor-top-section elementor-element elementor-element-1654524 grey faq elementor-section-boxed elementor-section-height-default elementor-section-height-default\" data-id=\"1654524\" data-element_type=\"section\">\n\t\t\t\t\t\t<div class=\"elementor-container elementor-column-gap-default\">\n\t\t\t\t\t\t\t<div class=\"elementor-row\">\n\t\t\t\t\t<div class=\"elementor-column elementor-col-100 elementor-top-column elementor-element elementor-element-2bd4b3c5\" data-id=\"2bd4b3c5\" data-element_type=\"column\">\n\t\t\t<div class=\"elementor-column-wrap elementor-element-populated\">\n\t\t\t\t\t\t\t<div class=\"elementor-widget-wrap\">\n\t\t\t\t\t\t<div class=\"elementor-element elementor-element-34506d9c elementor-widget elementor-widget-jk-faq-accordion\" data-id=\"34506d9c\" data-element_type=\"widget\" data-widget_type=\"jk-faq-accordion.default\">\n\t\t\t\t<div class=\"elementor-widget-container\">\n\t\t\t<div class=\"jkea-faq-accordion\" itemscope itemtype=\"https:\/\/schema.org\/FAQPage\"><div class=\"jkea-faq-title\"><h2>Services<\/h2><\/div><div itemscope itemprop=\"mainEntity\" itemtype=\"https:\/\/schema.org\/Question\" class=\"jkea-accordion-item\" data-tabid=\"tab-7012\"><div class=\"jkea-tab-title\"><div class=\"jkea-accordion-title\"><span class=\"question\" itemprop=\"name\">Structures d\u2019intervention d\u2019urgence et camps de base<\/span><\/div><div class=\"openclose\"><\/div><\/div><div class=\"jkea-tab-content\" itemscope itemprop=\"acceptedAnswer\" itemtype=\"https:\/\/schema.org\/Answer\"><div class=\"jkea-image\"><img src=\"http:\/\/dexterra.jkmprojects.com\/wp-content\/uploads\/2020\/12\/Saddlebrook-flood-relief-community.jpg\" alt=\"Une vue a\u00e9rienne de l\u2019ext\u00e9rieur d\u2019un camp d\u2019urgence\"><\/div><div class=\"jkea-text\"  itemprop=\"text\"><p><span style=\"font-weight: 400;\">Nous sommes tr\u00e8s bien pr\u00e9par\u00e9s \u00e0 faire face aux situations d\u2019urgence gr\u00e2ce \u00e0 des services de d\u00e9ploiement rapide \u00e0 distance partout au Canada. Nous pouvons vous offrir des h\u00f4pitaux mobiles, des solutions de camp et des structures d\u2019installations sur le terrain en quelques jours. <\/span><\/p><\/div><\/div><\/div><div itemscope itemprop=\"mainEntity\" itemtype=\"https:\/\/schema.org\/Question\" class=\"jkea-accordion-item\" data-tabid=\"tab-7013\"><div class=\"jkea-tab-title\"><div class=\"jkea-accordion-title\"><span class=\"question\" itemprop=\"name\">Locations d\u2019h\u00e9bergement<\/span><\/div><div class=\"openclose\"><\/div><\/div><div class=\"jkea-tab-content\" itemscope itemprop=\"acceptedAnswer\" itemtype=\"https:\/\/schema.org\/Answer\"><div class=\"jkea-image\"><img src=\"http:\/\/dexterra.jkmprojects.com\/wp-content\/uploads\/2020\/12\/AccommodationRentals.jpg\" alt=\"Une prise de vue ext\u00e9rieure d\u2019un pavillon avec de la neige et des arbres\"><\/div><div class=\"jkea-text\"  itemprop=\"text\"><p><span style=\"font-weight: 400;\">Choisissez parmi notre gamme diversifi\u00e9e de structures de location avec des plans d\u2019\u00e9tage standard et personnalis\u00e9s. Une fois que vous commandez, nous pouvons vous faire parvenir vos b\u00e2timents en quelques jours. <\/span><\/p><\/div><\/div><\/div><div itemscope itemprop=\"mainEntity\" itemtype=\"https:\/\/schema.org\/Question\" class=\"jkea-accordion-item\" data-tabid=\"tab-7014\"><div class=\"jkea-tab-title\"><div class=\"jkea-accordion-title\"><span class=\"question\" itemprop=\"name\">Ventes d\u2019h\u00e9bergement<\/span><\/div><div class=\"openclose\"><\/div><\/div><div class=\"jkea-tab-content\" itemscope itemprop=\"acceptedAnswer\" itemtype=\"https:\/\/schema.org\/Answer\"><div class=\"jkea-image\"><img src=\"http:\/\/dexterra.jkmprojects.com\/wp-content\/uploads\/2020\/12\/AccommodationSales.jpg\" alt=\"Fourniture de structure \u00e0 double empilement pour l\u2019h\u00e9bergement des effectifs\"><\/div><div class=\"jkea-text\"  itemprop=\"text\"><p><span style=\"font-weight: 400;\">Si poss\u00e9der vos structures est ce qui est le plus judicieux, nous construisons et vendons des b\u00e2timents personnalis\u00e9s pour r\u00e9pondre aux besoins de votre projet. Nous disposons \u00e9galement d\u2019\u00e9quipement d\u2019h\u00e9bergement usager disponible \u00e0 l\u2019achat.<\/span><\/p><\/div><\/div><\/div><div itemscope itemprop=\"mainEntity\" itemtype=\"https:\/\/schema.org\/Question\" class=\"jkea-accordion-item\" data-tabid=\"tab-7015\"><div class=\"jkea-tab-title\"><div class=\"jkea-accordion-title\"><span class=\"question\" itemprop=\"name\">Infrastructure auxiliaire<\/span><\/div><div class=\"openclose\"><\/div><\/div><div class=\"jkea-tab-content\" itemscope itemprop=\"acceptedAnswer\" itemtype=\"https:\/\/schema.org\/Answer\"><div class=\"jkea-image\"><img src=\"http:\/\/dexterra.jkmprojects.com\/wp-content\/uploads\/2020\/12\/Ancilary.jpg\" alt=\"Une prise de vue ext\u00e9rieure d\u2019un pavillon auxiliaire\"><\/div><div class=\"jkea-text\"  itemprop=\"text\"><p><span style=\"font-weight: 400;\">Pour compl\u00e9ter l\u2019h\u00e9bergement, nous offrons d\u2019autres structures afin de soutenir la productivit\u00e9 de votre \u00e9quipe. Notre inventaire comprend des espaces de bureau, des salles \u00e0 manger et des installations sanitaires, qui peuvent tous \u00eatre personnalis\u00e9s selon vos besoins.<\/span><\/p><\/div><\/div><\/div><\/div>\t\t<\/div>\n\t\t\t\t<\/div>\n\t\t\t\t\t\t<\/div>\n\t\t\t\t\t<\/div>\n\t\t<\/div>\n\t\t\t\t\t\t\t\t<\/div>\n\t\t\t\t\t<\/div>\n\t\t<\/section>\n\t\t\t\t<section class=\"elementor-section elementor-top-section elementor-element elementor-element-64a220ef elementor-section-boxed elementor-section-height-default elementor-section-height-default\" data-id=\"64a220ef\" data-element_type=\"section\">\n\t\t\t\t\t\t<div class=\"elementor-container elementor-column-gap-default\">\n\t\t\t\t\t\t\t<div class=\"elementor-row\">\n\t\t\t\t\t<div class=\"elementor-column elementor-col-100 elementor-top-column elementor-element elementor-element-6e1e9399\" data-id=\"6e1e9399\" data-element_type=\"column\">\n\t\t\t<div class=\"elementor-column-wrap elementor-element-populated\">\n\t\t\t\t\t\t\t<div class=\"elementor-widget-wrap\">\n\t\t\t\t\t\t<div class=\"elementor-element elementor-element-103dd3b9 elementor-widget elementor-widget-jk-spacer\" data-id=\"103dd3b9\" data-element_type=\"widget\" data-widget_type=\"jk-spacer.default\">\n\t\t\t\t<div class=\"elementor-widget-container\">\n\t\t\t<div class=\"jkea_spacer_wrapper\"><div class=\"jkea_spacer\"><\/div><\/div>\t\t<\/div>\n\t\t\t\t<\/div>\n\t\t\t\t\t\t<\/div>\n\t\t\t\t\t<\/div>\n\t\t<\/div>\n\t\t\t\t\t\t\t\t<\/div>\n\t\t\t\t\t<\/div>\n\t\t<\/section>\n\t\t\t\t<section class=\"elementor-section elementor-top-section elementor-element elementor-element-5b380628 elementor-section-full_width elementor-section-height-default elementor-section-height-default\" data-id=\"5b380628\" data-element_type=\"section\">\n\t\t\t\t\t\t<div class=\"elementor-container elementor-column-gap-default\">\n\t\t\t\t\t\t\t<div class=\"elementor-row\">\n\t\t\t\t\t<div class=\"elementor-column elementor-col-100 elementor-top-column elementor-element elementor-element-2f5ccf8d\" data-id=\"2f5ccf8d\" data-element_type=\"column\">\n\t\t\t<div class=\"elementor-column-wrap elementor-element-populated\">\n\t\t\t\t\t\t\t<div class=\"elementor-widget-wrap\">\n\t\t\t\t\t\t<div class=\"elementor-element elementor-element-7894aa24 elementor-widget elementor-widget-jk-cta-bar\" data-id=\"7894aa24\" data-element_type=\"widget\" data-widget_type=\"jk-cta-bar.default\">\n\t\t\t\t<div class=\"elementor-widget-container\">\n\t\t\t<div class=\"jkea_cta-bar_wrapper\">\n            <div class=\"bars\"><div class=\"dots\"><\/div><div class=\"greybar\"><\/div><div class=\"bluebar\"><\/div><\/div>\n                <div class=\"jkea_cta-bar\">\n                    <div class=\"jkea_cta-bar_content\">\n                        <div class=\"jkea_title\">\n                    \t    <h2>Pr\u00eats pour une exp\u00e9rience harmonieuse?<\/h2>\n                    \t<\/div>\n                    \t<div class=\"jkea_text\">\n                    \t\t<p><span style=\"font-weight: 400;\">Nous sommes l\u00e0 pour vous aider \u00e0 personnaliser les solutions de structure les plus rentables et les plus efficaces pour votre entreprise.\u00a0<\/span><\/p>\n                    \t<\/div><div class=\"jkea_button\">\n                    \t\t<a href=\"\/fr\/personne-ressource\/\" class=\"btn\">Contactez-nous<\/a>\n                    \t<\/div> <\/div>\n                    <\/div>\n                <\/div>\t\t<\/div>\n\t\t\t\t<\/div>\n\t\t\t\t\t\t<\/div>\n\t\t\t\t\t<\/div>\n\t\t<\/div>\n\t\t\t\t\t\t\t\t<\/div>\n\t\t\t\t\t<\/div>\n\t\t<\/section>\n\t\t\t\t\t\t\t\t\t<\/div>\n\t\t\t<\/div>\n\t\t\t\t\t<\/div>\n\t\t","protected":false},"excerpt":{"rendered":"<p>Approvisionnement en structures H\u00e9bergements \u00e9volutifs, durables et confortables Horizon North offre un inventaire complet et diversifi\u00e9 d\u2019options de logement des effectifs. Avec des chantiers strat\u00e9giquement situ\u00e9s partout au Canada, nous sommes extr\u00eamement r\u00e9actifs et pouvons installer des structures sur le site en moins d\u2019une semaine. Nous avons la flexibilit\u00e9 de fabriquer des solutions modulaires et [&hellip;]<\/p>\n","protected":false},"author":1,"featured_media":0,"parent":6606,"menu_order":0,"comment_status":"closed","ping_status":"closed","template":"","meta":[],"acf":[],"yoast_head":"<!-- This site is optimized with the Yoast SEO plugin v19.3 - https:\/\/yoast.com\/wordpress\/plugins\/seo\/ -->\n<title>Approvisionnement en structures | Dexterra Group<\/title>\n<meta name=\"description\" content=\"Avec des chantiers strat\u00e9giquement situ\u00e9s partout au Canada, nous sommes extr\u00eamement r\u00e9actifs et pouvons avoir des structures sur le site en moins d\u2019une semaine.\" \/>\n<meta name=\"robots\" content=\"noindex, follow\" \/>\n<meta property=\"og:locale\" content=\"fr_FR\" \/>\n<meta property=\"og:type\" content=\"article\" \/>\n<meta property=\"og:title\" content=\"Approvisionnement en structures | Dexterra Group\" \/>\n<meta property=\"og:description\" content=\"Avec des chantiers strat\u00e9giquement situ\u00e9s partout au Canada, nous sommes extr\u00eamement r\u00e9actifs et pouvons avoir des structures sur le site en moins d\u2019une semaine.\" \/>\n<meta property=\"og:url\" content=\"http:\/\/dexterra.jkmprojects.com\/fr\/hebergement-des-effectifs\/approvisionnement-en-structures\/\" \/>\n<meta property=\"og:site_name\" content=\"Dexterra\" \/>\n<meta property=\"article:modified_time\" content=\"2021-06-22T13:16:33+00:00\" \/>\n<meta property=\"og:image\" content=\"https:\/\/dexterra.com\/wp-content\/uploads\/2020\/11\/DexterraLogo-1.png\" \/>\n<meta name=\"twitter:card\" content=\"summary_large_image\" \/>\n<meta name=\"twitter:label1\" content=\"Dur\u00e9e de lecture estim\u00e9e\" \/>\n\t<meta name=\"twitter:data1\" content=\"3 minutes\" \/>\n<script type=\"application\/ld+json\" class=\"yoast-schema-graph\">{\"@context\":\"https:\/\/schema.org\",\"@graph\":[{\"@type\":\"Organization\",\"@id\":\"https:\/\/dexterra.jkmprojects.com\/#organization\",\"name\":\"Dexterra Group\",\"url\":\"https:\/\/dexterra.jkmprojects.com\/\",\"sameAs\":[],\"logo\":{\"@type\":\"ImageObject\",\"inLanguage\":\"fr-FR\",\"@id\":\"https:\/\/dexterra.jkmprojects.com\/#\/schema\/logo\/image\/\",\"url\":\"https:\/\/dexterra.jkmprojects.com\/wp-content\/uploads\/2020\/11\/DexterraGroupLogo-1.png\",\"contentUrl\":\"https:\/\/dexterra.jkmprojects.com\/wp-content\/uploads\/2020\/11\/DexterraGroupLogo-1.png\",\"width\":302,\"height\":144,\"caption\":\"Dexterra Group\"},\"image\":{\"@id\":\"https:\/\/dexterra.jkmprojects.com\/#\/schema\/logo\/image\/\"}},{\"@type\":\"WebSite\",\"@id\":\"https:\/\/dexterra.jkmprojects.com\/#website\",\"url\":\"https:\/\/dexterra.jkmprojects.com\/\",\"name\":\"Dexterra\",\"description\":\"\",\"publisher\":{\"@id\":\"https:\/\/dexterra.jkmprojects.com\/#organization\"},\"potentialAction\":[{\"@type\":\"SearchAction\",\"target\":{\"@type\":\"EntryPoint\",\"urlTemplate\":\"https:\/\/dexterra.jkmprojects.com\/?s={search_term_string}\"},\"query-input\":\"required name=search_term_string\"}],\"inLanguage\":\"fr-FR\"},{\"@type\":\"ImageObject\",\"inLanguage\":\"fr-FR\",\"@id\":\"http:\/\/dexterra.jkmprojects.com\/fr\/hebergement-des-effectifs\/approvisionnement-en-structures\/#primaryimage\",\"url\":\"https:\/\/dexterra.com\/wp-content\/uploads\/2020\/11\/DexterraLogo-1.png\",\"contentUrl\":\"https:\/\/dexterra.com\/wp-content\/uploads\/2020\/11\/DexterraLogo-1.png\"},{\"@type\":\"WebPage\",\"@id\":\"http:\/\/dexterra.jkmprojects.com\/fr\/hebergement-des-effectifs\/approvisionnement-en-structures\/\",\"url\":\"http:\/\/dexterra.jkmprojects.com\/fr\/hebergement-des-effectifs\/approvisionnement-en-structures\/\",\"name\":\"Approvisionnement en structures | Dexterra Group\",\"isPartOf\":{\"@id\":\"https:\/\/dexterra.jkmprojects.com\/#website\"},\"primaryImageOfPage\":{\"@id\":\"http:\/\/dexterra.jkmprojects.com\/fr\/hebergement-des-effectifs\/approvisionnement-en-structures\/#primaryimage\"},\"datePublished\":\"2020-12-02T16:48:29+00:00\",\"dateModified\":\"2021-06-22T13:16:33+00:00\",\"description\":\"Avec des chantiers strat\u00e9giquement situ\u00e9s partout au Canada, nous sommes extr\u00eamement r\u00e9actifs et pouvons avoir des structures sur le site en moins d\u2019une semaine.\",\"breadcrumb\":{\"@id\":\"http:\/\/dexterra.jkmprojects.com\/fr\/hebergement-des-effectifs\/approvisionnement-en-structures\/#breadcrumb\"},\"inLanguage\":\"fr-FR\",\"potentialAction\":[{\"@type\":\"ReadAction\",\"target\":[\"http:\/\/dexterra.jkmprojects.com\/fr\/hebergement-des-effectifs\/approvisionnement-en-structures\/\"]}]},{\"@type\":\"BreadcrumbList\",\"@id\":\"http:\/\/dexterra.jkmprojects.com\/fr\/hebergement-des-effectifs\/approvisionnement-en-structures\/#breadcrumb\",\"itemListElement\":[{\"@type\":\"ListItem\",\"position\":1,\"name\":\"Home\",\"item\":\"https:\/\/dexterra.jkmprojects.com\/fr\/\"},{\"@type\":\"ListItem\",\"position\":2,\"name\":\"H\u00e9bergement des effectifs\",\"item\":\"http:\/\/dexterra.jkmprojects.com\/fr\/hebergement-des-effectifs\/\"},{\"@type\":\"ListItem\",\"position\":3,\"name\":\"Approvisionnement en structures\"}]}]}<\/script>\n<!-- \/ Yoast SEO plugin. -->","yoast_head_json":{"title":"Approvisionnement en structures | Dexterra Group","description":"Avec des chantiers strat\u00e9giquement situ\u00e9s partout au Canada, nous sommes extr\u00eamement r\u00e9actifs et pouvons avoir des structures sur le site en moins d\u2019une semaine.","robots":{"index":"noindex","follow":"follow"},"og_locale":"fr_FR","og_type":"article","og_title":"Approvisionnement en structures | Dexterra Group","og_description":"Avec des chantiers strat\u00e9giquement situ\u00e9s partout au Canada, nous sommes extr\u00eamement r\u00e9actifs et pouvons avoir des structures sur le site en moins d\u2019une semaine.","og_url":"http:\/\/dexterra.jkmprojects.com\/fr\/hebergement-des-effectifs\/approvisionnement-en-structures\/","og_site_name":"Dexterra","article_modified_time":"2021-06-22T13:16:33+00:00","og_image":[{"url":"https:\/\/dexterra.com\/wp-content\/uploads\/2020\/11\/DexterraLogo-1.png"}],"twitter_card":"summary_large_image","twitter_misc":{"Dur\u00e9e de lecture estim\u00e9e":"3 minutes"},"schema":{"@context":"https:\/\/schema.org","@graph":[{"@type":"Organization","@id":"https:\/\/dexterra.jkmprojects.com\/#organization","name":"Dexterra Group","url":"https:\/\/dexterra.jkmprojects.com\/","sameAs":[],"logo":{"@type":"ImageObject","inLanguage":"fr-FR","@id":"https:\/\/dexterra.jkmprojects.com\/#\/schema\/logo\/image\/","url":"https:\/\/dexterra.jkmprojects.com\/wp-content\/uploads\/2020\/11\/DexterraGroupLogo-1.png","contentUrl":"https:\/\/dexterra.jkmprojects.com\/wp-content\/uploads\/2020\/11\/DexterraGroupLogo-1.png","width":302,"height":144,"caption":"Dexterra Group"},"image":{"@id":"https:\/\/dexterra.jkmprojects.com\/#\/schema\/logo\/image\/"}},{"@type":"WebSite","@id":"https:\/\/dexterra.jkmprojects.com\/#website","url":"https:\/\/dexterra.jkmprojects.com\/","name":"Dexterra","description":"","publisher":{"@id":"https:\/\/dexterra.jkmprojects.com\/#organization"},"potentialAction":[{"@type":"SearchAction","target":{"@type":"EntryPoint","urlTemplate":"https:\/\/dexterra.jkmprojects.com\/?s={search_term_string}"},"query-input":"required name=search_term_string"}],"inLanguage":"fr-FR"},{"@type":"ImageObject","inLanguage":"fr-FR","@id":"http:\/\/dexterra.jkmprojects.com\/fr\/hebergement-des-effectifs\/approvisionnement-en-structures\/#primaryimage","url":"https:\/\/dexterra.com\/wp-content\/uploads\/2020\/11\/DexterraLogo-1.png","contentUrl":"https:\/\/dexterra.com\/wp-content\/uploads\/2020\/11\/DexterraLogo-1.png"},{"@type":"WebPage","@id":"http:\/\/dexterra.jkmprojects.com\/fr\/hebergement-des-effectifs\/approvisionnement-en-structures\/","url":"http:\/\/dexterra.jkmprojects.com\/fr\/hebergement-des-effectifs\/approvisionnement-en-structures\/","name":"Approvisionnement en structures | Dexterra Group","isPartOf":{"@id":"https:\/\/dexterra.jkmprojects.com\/#website"},"primaryImageOfPage":{"@id":"http:\/\/dexterra.jkmprojects.com\/fr\/hebergement-des-effectifs\/approvisionnement-en-structures\/#primaryimage"},"datePublished":"2020-12-02T16:48:29+00:00","dateModified":"2021-06-22T13:16:33+00:00","description":"Avec des chantiers strat\u00e9giquement situ\u00e9s partout au Canada, nous sommes extr\u00eamement r\u00e9actifs et pouvons avoir des structures sur le site en moins d\u2019une semaine.","breadcrumb":{"@id":"http:\/\/dexterra.jkmprojects.com\/fr\/hebergement-des-effectifs\/approvisionnement-en-structures\/#breadcrumb"},"inLanguage":"fr-FR","potentialAction":[{"@type":"ReadAction","target":["http:\/\/dexterra.jkmprojects.com\/fr\/hebergement-des-effectifs\/approvisionnement-en-structures\/"]}]},{"@type":"BreadcrumbList","@id":"http:\/\/dexterra.jkmprojects.com\/fr\/hebergement-des-effectifs\/approvisionnement-en-structures\/#breadcrumb","itemListElement":[{"@type":"ListItem","position":1,"name":"Home","item":"https:\/\/dexterra.jkmprojects.com\/fr\/"},{"@type":"ListItem","position":2,"name":"H\u00e9bergement des effectifs","item":"http:\/\/dexterra.jkmprojects.com\/fr\/hebergement-des-effectifs\/"},{"@type":"ListItem","position":3,"name":"Approvisionnement en structures"}]}]}},"_links":{"self":[{"href":"http:\/\/dexterra.jkmprojects.com\/fr\/wp-json\/wp\/v2\/pages\/6623"}],"collection":[{"href":"http:\/\/dexterra.jkmprojects.com\/fr\/wp-json\/wp\/v2\/pages"}],"about":[{"href":"http:\/\/dexterra.jkmprojects.com\/fr\/wp-json\/wp\/v2\/types\/page"}],"author":[{"embeddable":true,"href":"http:\/\/dexterra.jkmprojects.com\/fr\/wp-json\/wp\/v2\/users\/1"}],"replies":[{"embeddable":true,"href":"http:\/\/dexterra.jkmprojects.com\/fr\/wp-json\/wp\/v2\/comments?post=6623"}],"version-history":[{"count":16,"href":"http:\/\/dexterra.jkmprojects.com\/fr\/wp-json\/wp\/v2\/pages\/6623\/revisions"}],"predecessor-version":[{"id":7481,"href":"http:\/\/dexterra.jkmprojects.com\/fr\/wp-json\/wp\/v2\/pages\/6623\/revisions\/7481"}],"up":[{"embeddable":true,"href":"http:\/\/dexterra.jkmprojects.com\/fr\/wp-json\/wp\/v2\/pages\/6606"}],"wp:attachment":[{"href":"http:\/\/dexterra.jkmprojects.com\/fr\/wp-json\/wp\/v2\/media?parent=6623"}],"curies":[{"name":"wp","href":"https:\/\/api.w.org\/{rel}","templated":true}]}}