{"id":6643,"date":"2020-12-02T16:54:32","date_gmt":"2020-12-02T16:54:32","guid":{"rendered":"http:\/\/dexterra2020.jkmprojects.com\/services-de-foresterie\/fire-support\/"},"modified":"2021-07-15T23:43:51","modified_gmt":"2021-07-15T23:43:51","slug":"soutien-en-incendie","status":"publish","type":"page","link":"http:\/\/dexterra.jkmprojects.com\/fr\/services-de-foresterie\/soutien-en-incendie\/","title":{"rendered":"Soutien en incendie"},"content":{"rendered":"\t\t<div data-elementor-type=\"wp-page\" data-elementor-id=\"6643\" class=\"elementor elementor-6643 elementor-2780\">\n\t\t\t\t\t\t<div class=\"elementor-inner\">\n\t\t\t\t<div class=\"elementor-section-wrap\">\n\t\t\t\t\t\t\t\t\t<header class=\"elementor-section elementor-top-section elementor-element elementor-element-732afbe5 elementor-section-full_width elementor-section-height-default elementor-section-height-default\" data-id=\"732afbe5\" data-element_type=\"section\">\n\t\t\t\t\t\t<div class=\"elementor-container elementor-column-gap-default\">\n\t\t\t\t\t\t\t<div class=\"elementor-row\">\n\t\t\t\t\t<div class=\"elementor-column elementor-col-100 elementor-top-column elementor-element elementor-element-44c5ab60\" data-id=\"44c5ab60\" data-element_type=\"column\">\n\t\t\t<div class=\"elementor-column-wrap elementor-element-populated\">\n\t\t\t\t\t\t\t<div class=\"elementor-widget-wrap\">\n\t\t\t\t\t\t<div class=\"elementor-element elementor-element-614963f0 elementor-widget elementor-widget-jk-pageheader\" data-id=\"614963f0\" data-element_type=\"widget\" data-widget_type=\"jk-pageheader.default\">\n\t\t\t\t<div class=\"elementor-widget-container\">\n\t\t\t<header class=\"medium\"><div class=\"jkea_header\"><div class=\"jkea_header__contentwrap\"><div class=\"jkea_header__content\"><div class=\"title\"><h1><span class=\"orange\">Soutien<\/span> en incendie<\/h1><\/div><div class=\"text\"><p><p><img loading=\"lazy\" class=\"alignnone\" src=\"https:\/\/dexterra.com\/wp-content\/uploads\/2020\/11\/DexterraLogo-1.png\" alt=\"Dexterra\" width=\"191\" height=\"91\" \/><\/p><\/p><\/div><\/div><\/div><div class=\"jkea_header__graphic\"><div class=\"featuredimage full\"><img src=\"https:\/\/dexterra.com\/wp-content\/uploads\/2020\/12\/header-firesupport.jpg\" alt=\"Un pompier avec un boyau d\u2019incendie dans une for\u00eat\"><\/div><div class=\"bars\"><div class=\"whiteslice\"><\/div><div class=\"dots\"><\/div><div class=\"greybar\"><\/div><div class=\"bluebar\"><\/div><\/div><div class=\"jkea_header__chevrons\"><div class=\"chevrons\"><div class=\"chevronbg\"><\/div><div class=\"dots\"><\/div><div class=\"greychevronshadow\"><div class=\"greychevron\"><\/div><\/div><div class=\"bluechevron\"><\/div><\/div><\/div><\/div><\/div><\/div><\/header>\t\t<\/div>\n\t\t\t\t<\/div>\n\t\t\t\t\t\t<\/div>\n\t\t\t\t\t<\/div>\n\t\t<\/div>\n\t\t\t\t\t\t\t\t<\/div>\n\t\t\t\t\t<\/div>\n\t\t<\/header>\n\t\t\t\t<section class=\"elementor-section elementor-top-section elementor-element elementor-element-2eb988d keyline elementor-section-boxed elementor-section-height-default elementor-section-height-default\" data-id=\"2eb988d\" data-element_type=\"section\">\n\t\t\t\t\t\t<div class=\"elementor-container elementor-column-gap-default\">\n\t\t\t\t\t\t\t<div class=\"elementor-row\">\n\t\t\t\t\t<div class=\"elementor-column elementor-col-100 elementor-top-column elementor-element elementor-element-6c78da2\" data-id=\"6c78da2\" data-element_type=\"column\">\n\t\t\t<div class=\"elementor-column-wrap elementor-element-populated\">\n\t\t\t\t\t\t\t<div class=\"elementor-widget-wrap\">\n\t\t\t\t\t\t<div class=\"elementor-element elementor-element-7e915e7 elementor-widget elementor-widget-jk-pageintro\" data-id=\"7e915e7\" data-element_type=\"widget\" data-widget_type=\"jk-pageintro.default\">\n\t\t\t\t<div class=\"elementor-widget-container\">\n\t\t\t<div class=\"jkea_pageintro_wrapper\"><div class=\"jkea_pageintro\">\n                    <div class=\"jkea_pageintro_content\">\n                        <div class=\"jkea_title\"><h2>Toujours pr\u00eats<\/h2><\/div>\n                    \t<div class=\"jkea_text\">\n                    \t\t<p><span style=\"font-weight: 400;\">En tant que plus grand fournisseur d\u2019\u00e9quipes d\u2019incendie de type 2 en Ontario, <\/span><span style=\"font-weight: 400;\">les \u00e9quipes d\u2019Outland sont bien form\u00e9es, bien \u00e9quip\u00e9es et toujours disponibles pour l\u2019extinction d\u2019incendie en toute s\u00e9curit\u00e9. Une fois l\u2019appel effectu\u00e9, nos \u00e9quipes arrivent dans les 24 heures.\u00a0 <\/span><\/p>\n                    \t<\/div> <\/div>\n                <\/div>\t\t<\/div>\n\t\t\t\t<\/div>\n\t\t\t\t\t\t<\/div>\n\t\t\t\t\t<\/div>\n\t\t<\/div>\n\t\t\t\t\t\t\t\t<\/div>\n\t\t\t\t\t<\/div>\n\t\t<\/section>\n\t\t\t\t<section class=\"elementor-section elementor-top-section elementor-element elementor-element-2c2114c4 keyline grey elementor-section-boxed elementor-section-height-default elementor-section-height-default\" data-id=\"2c2114c4\" data-element_type=\"section\">\n\t\t\t\t\t\t<div class=\"elementor-container elementor-column-gap-default\">\n\t\t\t\t\t\t\t<div class=\"elementor-row\">\n\t\t\t\t\t<div class=\"elementor-column elementor-col-100 elementor-top-column elementor-element elementor-element-1861024e\" data-id=\"1861024e\" data-element_type=\"column\">\n\t\t\t<div class=\"elementor-column-wrap elementor-element-populated\">\n\t\t\t\t\t\t\t<div class=\"elementor-widget-wrap\">\n\t\t\t\t\t\t<div class=\"elementor-element elementor-element-41807c42 elementor-widget elementor-widget-jk-halfpage\" data-id=\"41807c42\" data-element_type=\"widget\" data-widget_type=\"jk-halfpage.default\">\n\t\t\t\t<div class=\"elementor-widget-container\">\n\t\t\t<div class=\"halfpageheadline\"><div class=\"jkea-halfpage-title\"><\/div><div class=\"jkea-halfpage-text\"><p><\/p><\/div><\/div><div class=\"jkea_halfpage_wrapper left\">\n                <div class=\"jkea_image\">\n                \t<div class=\"image\">\n                \t    <img src=\"https:\/\/dexterra.com\/wp-content\/uploads\/2020\/12\/ServiceImage1-1.jpg\" alt=\"Un pompier qui \u00e9teint un incendie dans une for\u00eat\">\n            \t    <\/div>\n\n                <\/div>\n                <div class=\"jkea_halfpage\">\n                    <div class=\"jkea_halfpage_content\">\n                        <div class=\"jkea_title\">\n                    \t    <h2>\u00c9quipes d\u2019incendie d\u2019Outland<\/h2>\n                    \t<\/div>\n                    \t<div class=\"jkea_text\">\n                    \t\t<p><span style=\"font-weight: 400;\">Les pompiers de type 2 sont \u00e9galement appel\u00e9s les \u00e9quipes d\u2019\u00ab attaque soutenue \u00bb. Les \u00e9quipes d\u2019attaque soutenue sont d\u00e9ploy\u00e9es jusqu\u2019\u00e0 la ligne d\u2019arr\u00eat imm\u00e9diatement apr\u00e8s que les garde-feu du MRN (pompiers de type 1) aient effectu\u00e9 les m\u00e9thodes initiales d\u2019extinction des attaques. Les \u00e9quipes de type 2 travaillent aux c\u00f4t\u00e9s des \u00e9quipes de garde-feu jusqu\u2019\u00e0 ce qu\u2019un incendie soit d\u00e9clar\u00e9 sous contr\u00f4le. Une fois que les \u00e9quipes de garde-feu partent, les \u00e9quipes d\u2019attaque soutenue parcourront les zones chaudes qui pourraient mener \u00e0 une propagation future de l\u2019incendie.<\/span><\/p>\n                    \t<\/div> <\/div>\n                    <\/div>\n                <\/div>\t\t<\/div>\n\t\t\t\t<\/div>\n\t\t\t\t\t\t<\/div>\n\t\t\t\t\t<\/div>\n\t\t<\/div>\n\t\t\t\t\t\t\t\t<\/div>\n\t\t\t\t\t<\/div>\n\t\t<\/section>\n\t\t\t\t<section class=\"elementor-section elementor-top-section elementor-element elementor-element-d94a58b grey elementor-section-boxed elementor-section-height-default elementor-section-height-default\" data-id=\"d94a58b\" data-element_type=\"section\">\n\t\t\t\t\t\t<div class=\"elementor-container elementor-column-gap-default\">\n\t\t\t\t\t\t\t<div class=\"elementor-row\">\n\t\t\t\t\t<div class=\"elementor-column elementor-col-100 elementor-top-column elementor-element elementor-element-04611a2\" data-id=\"04611a2\" data-element_type=\"column\">\n\t\t\t<div class=\"elementor-column-wrap elementor-element-populated\">\n\t\t\t\t\t\t\t<div class=\"elementor-widget-wrap\">\n\t\t\t\t\t\t<div class=\"elementor-element elementor-element-89b446a elementor-widget elementor-widget-jk-halfpage\" data-id=\"89b446a\" data-element_type=\"widget\" data-widget_type=\"jk-halfpage.default\">\n\t\t\t\t<div class=\"elementor-widget-container\">\n\t\t\t<div class=\"halfpageheadline\"><div class=\"jkea-halfpage-title\"><\/div><div class=\"jkea-halfpage-text\"><p><\/p><\/div><\/div><div class=\"jkea_halfpage_wrapper right\">\n                <div class=\"jkea_image\">\n                \t<div class=\"image\">\n                \t    <img src=\"https:\/\/dexterra.com\/wp-content\/uploads\/2020\/12\/ServiceImage2.jpg\" alt=\"Un pompier qui \u00e9teint un incendie dans une for\u00eat\">\n            \t    <\/div>\n\n                <\/div>\n                <div class=\"jkea_halfpage\">\n                    <div class=\"jkea_halfpage_content\">\n                        <div class=\"jkea_title\">\n                    \t    <h2>Qualifications des pompiers de type 2 <\/h2>\n                    \t<\/div>\n                    \t<div class=\"jkea_text\">\n                    \t\t<p><span style=\"font-weight: 400;\">Les pompiers de type 2 ont satisfait aux exigences suivantes :<\/span><\/p><ul><li style=\"font-weight: 400;\" aria-level=\"1\"><span style=\"font-weight: 400;\">Cours de formation SP-100 pour les pompiers<\/span><span style=\"font-weight: 400;\"><br \/><\/span><span style=\"font-weight: 400;\">OU Programme annuel d\u2019entretien de formation pour les pompiers de type 2 <\/span><span style=\"font-weight: 400;\">OU renouvellement de la certification SP-100 pour maintenir les qualifications\u00a0<\/span><\/li><li style=\"font-weight: 400;\" aria-level=\"1\"><span style=\"font-weight: 400;\">Certificat de premiers soins standard valide<\/span><\/li><li style=\"font-weight: 400;\" aria-level=\"1\"><span style=\"font-weight: 400;\">Formation sur le Syst\u00e8me d\u2019information sur les mati\u00e8res dangereuses utilis\u00e9es au travail (SIMDUT)<\/span><\/li><li style=\"font-weight: 400;\" aria-level=\"1\"><span style=\"font-weight: 400;\">Notez les autres certifications pertinentes (Scie \u00e0 cha\u00eene-Radio-TMD) que vous avez peut-\u00eatre obtenues<\/span><\/li><\/ul>\n                    \t<\/div> <\/div>\n                    <\/div>\n                <\/div>\t\t<\/div>\n\t\t\t\t<\/div>\n\t\t\t\t\t\t<\/div>\n\t\t\t\t\t<\/div>\n\t\t<\/div>\n\t\t\t\t\t\t\t\t<\/div>\n\t\t\t\t\t<\/div>\n\t\t<\/section>\n\t\t\t\t<section class=\"elementor-section elementor-top-section elementor-element elementor-element-20c947b4 elementor-section-full_width elementor-section-height-default elementor-section-height-default\" data-id=\"20c947b4\" data-element_type=\"section\">\n\t\t\t\t\t\t<div class=\"elementor-container elementor-column-gap-default\">\n\t\t\t\t\t\t\t<div class=\"elementor-row\">\n\t\t\t\t\t<div class=\"elementor-column elementor-col-100 elementor-top-column elementor-element elementor-element-2b49a710\" data-id=\"2b49a710\" data-element_type=\"column\">\n\t\t\t<div class=\"elementor-column-wrap elementor-element-populated\">\n\t\t\t\t\t\t\t<div class=\"elementor-widget-wrap\">\n\t\t\t\t\t\t<div class=\"elementor-element elementor-element-65270efd elementor-widget elementor-widget-jk-calloutdownload\" data-id=\"65270efd\" data-element_type=\"widget\" data-widget_type=\"jk-calloutdownload.default\">\n\t\t\t\t<div class=\"elementor-widget-container\">\n\t\t\t<div class=\"jkea_calloutdownload box grey\"><div class=\"jkea_container\"><div class=\"jkea_content\"><div class=\"jkea_title\">Cours de formation pompier SP100<\/div><div class=\"jkea_text\">Trouvez les dates des cours de formation et soumettez votre candidature. <\/div><\/div><div class=\"jkea_link\"><div class=\"jkea_button blue\"><a href=\"http:\/\/outlandwfx.com\/\" class=\"btn\" target=\"_blank\">Postulez maintenant<\/a><\/div><\/div><\/div><\/div>\t\t<\/div>\n\t\t\t\t<\/div>\n\t\t\t\t\t\t<\/div>\n\t\t\t\t\t<\/div>\n\t\t<\/div>\n\t\t\t\t\t\t\t\t<\/div>\n\t\t\t\t\t<\/div>\n\t\t<\/section>\n\t\t\t\t<section class=\"elementor-section elementor-top-section elementor-element elementor-element-7bfb760 grey elementor-section-boxed elementor-section-height-default elementor-section-height-default\" data-id=\"7bfb760\" data-element_type=\"section\">\n\t\t\t\t\t\t<div class=\"elementor-container elementor-column-gap-default\">\n\t\t\t\t\t\t\t<div class=\"elementor-row\">\n\t\t\t\t\t<div class=\"elementor-column elementor-col-100 elementor-top-column elementor-element elementor-element-7ae44994\" data-id=\"7ae44994\" data-element_type=\"column\">\n\t\t\t<div class=\"elementor-column-wrap elementor-element-populated\">\n\t\t\t\t\t\t\t<div class=\"elementor-widget-wrap\">\n\t\t\t\t\t\t<div class=\"elementor-element elementor-element-556de206 elementor-widget elementor-widget-jk-spacer\" data-id=\"556de206\" data-element_type=\"widget\" data-widget_type=\"jk-spacer.default\">\n\t\t\t\t<div class=\"elementor-widget-container\">\n\t\t\t<div class=\"jkea_spacer_wrapper\"><div class=\"jkea_spacer\"><\/div><\/div>\t\t<\/div>\n\t\t\t\t<\/div>\n\t\t\t\t\t\t<\/div>\n\t\t\t\t\t<\/div>\n\t\t<\/div>\n\t\t\t\t\t\t\t\t<\/div>\n\t\t\t\t\t<\/div>\n\t\t<\/section>\n\t\t\t\t<section class=\"elementor-section elementor-top-section elementor-element elementor-element-440a0114 elementor-section-full_width elementor-section-height-default elementor-section-height-default\" data-id=\"440a0114\" data-element_type=\"section\">\n\t\t\t\t\t\t<div class=\"elementor-container elementor-column-gap-default\">\n\t\t\t\t\t\t\t<div class=\"elementor-row\">\n\t\t\t\t\t<div class=\"elementor-column elementor-col-100 elementor-top-column elementor-element elementor-element-2eda7925\" data-id=\"2eda7925\" data-element_type=\"column\">\n\t\t\t<div class=\"elementor-column-wrap elementor-element-populated\">\n\t\t\t\t\t\t\t<div class=\"elementor-widget-wrap\">\n\t\t\t\t\t\t<div class=\"elementor-element elementor-element-9f35f4d elementor-widget elementor-widget-jk-cta-bar\" data-id=\"9f35f4d\" data-element_type=\"widget\" data-widget_type=\"jk-cta-bar.default\">\n\t\t\t\t<div class=\"elementor-widget-container\">\n\t\t\t<div class=\"jkea_cta-bar_wrapper\">\n            <div class=\"bars\"><div class=\"dots\"><\/div><div class=\"greybar\"><\/div><div class=\"bluebar\"><\/div><\/div>\n                <div class=\"jkea_cta-bar\">\n                    <div class=\"jkea_cta-bar_content\">\n                        <div class=\"jkea_title\">\n                    \t    <h2>Nous sommes l\u00e0 pour aider<\/h2>\n                    \t<\/div>\n                    \t<div class=\"jkea_text\">\n                    \t\t<p><span style=\"font-weight: 400;\">Que vous ayez besoin d\u2019un service de soutien en incendie ou que vous souhaitiez vous joindre \u00e0 notre \u00e9quipe de lutte contre les incendies, n\u2019h\u00e9sitez pas \u00e0 poser vos questions.\u00a0<\/span><\/p>\n                    \t<\/div><div class=\"jkea_button\">\n                    \t\t<a href=\"\/fr\/personne-ressource\/\" class=\"btn\">Contactez-nous<\/a>\n                    \t<\/div> <\/div>\n                    <\/div>\n                <\/div>\t\t<\/div>\n\t\t\t\t<\/div>\n\t\t\t\t\t\t<\/div>\n\t\t\t\t\t<\/div>\n\t\t<\/div>\n\t\t\t\t\t\t\t\t<\/div>\n\t\t\t\t\t<\/div>\n\t\t<\/section>\n\t\t\t\t\t\t\t\t\t<\/div>\n\t\t\t<\/div>\n\t\t\t\t\t<\/div>\n\t\t","protected":false},"excerpt":{"rendered":"<p>Soutien en incendie Toujours pr\u00eats En tant que plus grand fournisseur d\u2019\u00e9quipes d\u2019incendie de type 2 en Ontario, les \u00e9quipes d\u2019Outland sont bien form\u00e9es, bien \u00e9quip\u00e9es et toujours disponibles pour l\u2019extinction d\u2019incendie en toute s\u00e9curit\u00e9. Une fois l\u2019appel effectu\u00e9, nos \u00e9quipes arrivent dans les 24 heures.\u00a0 \u00c9quipes d\u2019incendie d\u2019Outland Les pompiers de type 2 sont [&hellip;]<\/p>\n","protected":false},"author":1,"featured_media":0,"parent":6632,"menu_order":0,"comment_status":"closed","ping_status":"closed","template":"","meta":[],"acf":[],"yoast_head":"<!-- This site is optimized with the Yoast SEO plugin v19.3 - https:\/\/yoast.com\/wordpress\/plugins\/seo\/ -->\n<title>Soutien en incendie | Dexterra Group<\/title>\n<meta name=\"description\" content=\"Nos \u00e9quipes d\u2019incendie de type 2 sont bien form\u00e9es, bien \u00e9quip\u00e9es et toujours disponibles pour l\u2019extinction d\u2019incendie en toute s\u00e9curit\u00e9.\" \/>\n<meta name=\"robots\" content=\"noindex, follow\" \/>\n<meta property=\"og:locale\" content=\"fr_FR\" \/>\n<meta property=\"og:type\" content=\"article\" \/>\n<meta property=\"og:title\" content=\"Soutien en incendie | Dexterra Group\" \/>\n<meta property=\"og:description\" content=\"Nos \u00e9quipes d\u2019incendie de type 2 sont bien form\u00e9es, bien \u00e9quip\u00e9es et toujours disponibles pour l\u2019extinction d\u2019incendie en toute s\u00e9curit\u00e9.\" \/>\n<meta property=\"og:url\" content=\"http:\/\/dexterra.jkmprojects.com\/fr\/services-de-foresterie\/soutien-en-incendie\/\" \/>\n<meta property=\"og:site_name\" content=\"Dexterra\" \/>\n<meta property=\"article:modified_time\" content=\"2021-07-15T23:43:51+00:00\" \/>\n<meta property=\"og:image\" content=\"https:\/\/dexterra.com\/wp-content\/uploads\/2020\/11\/DexterraLogo-1.png\" \/>\n<meta name=\"twitter:card\" content=\"summary_large_image\" \/>\n<meta name=\"twitter:label1\" content=\"Dur\u00e9e de lecture estim\u00e9e\" \/>\n\t<meta name=\"twitter:data1\" content=\"2 minutes\" \/>\n<script type=\"application\/ld+json\" class=\"yoast-schema-graph\">{\"@context\":\"https:\/\/schema.org\",\"@graph\":[{\"@type\":\"Organization\",\"@id\":\"https:\/\/dexterra.jkmprojects.com\/#organization\",\"name\":\"Dexterra Group\",\"url\":\"https:\/\/dexterra.jkmprojects.com\/\",\"sameAs\":[],\"logo\":{\"@type\":\"ImageObject\",\"inLanguage\":\"fr-FR\",\"@id\":\"https:\/\/dexterra.jkmprojects.com\/#\/schema\/logo\/image\/\",\"url\":\"https:\/\/dexterra.jkmprojects.com\/wp-content\/uploads\/2020\/11\/DexterraGroupLogo-1.png\",\"contentUrl\":\"https:\/\/dexterra.jkmprojects.com\/wp-content\/uploads\/2020\/11\/DexterraGroupLogo-1.png\",\"width\":302,\"height\":144,\"caption\":\"Dexterra Group\"},\"image\":{\"@id\":\"https:\/\/dexterra.jkmprojects.com\/#\/schema\/logo\/image\/\"}},{\"@type\":\"WebSite\",\"@id\":\"https:\/\/dexterra.jkmprojects.com\/#website\",\"url\":\"https:\/\/dexterra.jkmprojects.com\/\",\"name\":\"Dexterra\",\"description\":\"\",\"publisher\":{\"@id\":\"https:\/\/dexterra.jkmprojects.com\/#organization\"},\"potentialAction\":[{\"@type\":\"SearchAction\",\"target\":{\"@type\":\"EntryPoint\",\"urlTemplate\":\"https:\/\/dexterra.jkmprojects.com\/?s={search_term_string}\"},\"query-input\":\"required name=search_term_string\"}],\"inLanguage\":\"fr-FR\"},{\"@type\":\"ImageObject\",\"inLanguage\":\"fr-FR\",\"@id\":\"http:\/\/dexterra.jkmprojects.com\/fr\/services-de-foresterie\/soutien-en-incendie\/#primaryimage\",\"url\":\"https:\/\/dexterra.com\/wp-content\/uploads\/2020\/11\/DexterraLogo-1.png\",\"contentUrl\":\"https:\/\/dexterra.com\/wp-content\/uploads\/2020\/11\/DexterraLogo-1.png\"},{\"@type\":\"WebPage\",\"@id\":\"http:\/\/dexterra.jkmprojects.com\/fr\/services-de-foresterie\/soutien-en-incendie\/\",\"url\":\"http:\/\/dexterra.jkmprojects.com\/fr\/services-de-foresterie\/soutien-en-incendie\/\",\"name\":\"Soutien en incendie | Dexterra Group\",\"isPartOf\":{\"@id\":\"https:\/\/dexterra.jkmprojects.com\/#website\"},\"primaryImageOfPage\":{\"@id\":\"http:\/\/dexterra.jkmprojects.com\/fr\/services-de-foresterie\/soutien-en-incendie\/#primaryimage\"},\"datePublished\":\"2020-12-02T16:54:32+00:00\",\"dateModified\":\"2021-07-15T23:43:51+00:00\",\"description\":\"Nos \u00e9quipes d\u2019incendie de type 2 sont bien form\u00e9es, bien \u00e9quip\u00e9es et toujours disponibles pour l\u2019extinction d\u2019incendie en toute s\u00e9curit\u00e9.\",\"breadcrumb\":{\"@id\":\"http:\/\/dexterra.jkmprojects.com\/fr\/services-de-foresterie\/soutien-en-incendie\/#breadcrumb\"},\"inLanguage\":\"fr-FR\",\"potentialAction\":[{\"@type\":\"ReadAction\",\"target\":[\"http:\/\/dexterra.jkmprojects.com\/fr\/services-de-foresterie\/soutien-en-incendie\/\"]}]},{\"@type\":\"BreadcrumbList\",\"@id\":\"http:\/\/dexterra.jkmprojects.com\/fr\/services-de-foresterie\/soutien-en-incendie\/#breadcrumb\",\"itemListElement\":[{\"@type\":\"ListItem\",\"position\":1,\"name\":\"Home\",\"item\":\"https:\/\/dexterra.jkmprojects.com\/fr\/\"},{\"@type\":\"ListItem\",\"position\":2,\"name\":\"Services de foresterie\",\"item\":\"https:\/\/dexterra.jkmprojects.com\/fr\/services-de-foresterie\/\"},{\"@type\":\"ListItem\",\"position\":3,\"name\":\"Soutien en incendie\"}]}]}<\/script>\n<!-- \/ Yoast SEO plugin. -->","yoast_head_json":{"title":"Soutien en incendie | Dexterra Group","description":"Nos \u00e9quipes d\u2019incendie de type 2 sont bien form\u00e9es, bien \u00e9quip\u00e9es et toujours disponibles pour l\u2019extinction d\u2019incendie en toute s\u00e9curit\u00e9.","robots":{"index":"noindex","follow":"follow"},"og_locale":"fr_FR","og_type":"article","og_title":"Soutien en incendie | Dexterra Group","og_description":"Nos \u00e9quipes d\u2019incendie de type 2 sont bien form\u00e9es, bien \u00e9quip\u00e9es et toujours disponibles pour l\u2019extinction d\u2019incendie en toute s\u00e9curit\u00e9.","og_url":"http:\/\/dexterra.jkmprojects.com\/fr\/services-de-foresterie\/soutien-en-incendie\/","og_site_name":"Dexterra","article_modified_time":"2021-07-15T23:43:51+00:00","og_image":[{"url":"https:\/\/dexterra.com\/wp-content\/uploads\/2020\/11\/DexterraLogo-1.png"}],"twitter_card":"summary_large_image","twitter_misc":{"Dur\u00e9e de lecture estim\u00e9e":"2 minutes"},"schema":{"@context":"https:\/\/schema.org","@graph":[{"@type":"Organization","@id":"https:\/\/dexterra.jkmprojects.com\/#organization","name":"Dexterra Group","url":"https:\/\/dexterra.jkmprojects.com\/","sameAs":[],"logo":{"@type":"ImageObject","inLanguage":"fr-FR","@id":"https:\/\/dexterra.jkmprojects.com\/#\/schema\/logo\/image\/","url":"https:\/\/dexterra.jkmprojects.com\/wp-content\/uploads\/2020\/11\/DexterraGroupLogo-1.png","contentUrl":"https:\/\/dexterra.jkmprojects.com\/wp-content\/uploads\/2020\/11\/DexterraGroupLogo-1.png","width":302,"height":144,"caption":"Dexterra Group"},"image":{"@id":"https:\/\/dexterra.jkmprojects.com\/#\/schema\/logo\/image\/"}},{"@type":"WebSite","@id":"https:\/\/dexterra.jkmprojects.com\/#website","url":"https:\/\/dexterra.jkmprojects.com\/","name":"Dexterra","description":"","publisher":{"@id":"https:\/\/dexterra.jkmprojects.com\/#organization"},"potentialAction":[{"@type":"SearchAction","target":{"@type":"EntryPoint","urlTemplate":"https:\/\/dexterra.jkmprojects.com\/?s={search_term_string}"},"query-input":"required name=search_term_string"}],"inLanguage":"fr-FR"},{"@type":"ImageObject","inLanguage":"fr-FR","@id":"http:\/\/dexterra.jkmprojects.com\/fr\/services-de-foresterie\/soutien-en-incendie\/#primaryimage","url":"https:\/\/dexterra.com\/wp-content\/uploads\/2020\/11\/DexterraLogo-1.png","contentUrl":"https:\/\/dexterra.com\/wp-content\/uploads\/2020\/11\/DexterraLogo-1.png"},{"@type":"WebPage","@id":"http:\/\/dexterra.jkmprojects.com\/fr\/services-de-foresterie\/soutien-en-incendie\/","url":"http:\/\/dexterra.jkmprojects.com\/fr\/services-de-foresterie\/soutien-en-incendie\/","name":"Soutien en incendie | Dexterra Group","isPartOf":{"@id":"https:\/\/dexterra.jkmprojects.com\/#website"},"primaryImageOfPage":{"@id":"http:\/\/dexterra.jkmprojects.com\/fr\/services-de-foresterie\/soutien-en-incendie\/#primaryimage"},"datePublished":"2020-12-02T16:54:32+00:00","dateModified":"2021-07-15T23:43:51+00:00","description":"Nos \u00e9quipes d\u2019incendie de type 2 sont bien form\u00e9es, bien \u00e9quip\u00e9es et toujours disponibles pour l\u2019extinction d\u2019incendie en toute s\u00e9curit\u00e9.","breadcrumb":{"@id":"http:\/\/dexterra.jkmprojects.com\/fr\/services-de-foresterie\/soutien-en-incendie\/#breadcrumb"},"inLanguage":"fr-FR","potentialAction":[{"@type":"ReadAction","target":["http:\/\/dexterra.jkmprojects.com\/fr\/services-de-foresterie\/soutien-en-incendie\/"]}]},{"@type":"BreadcrumbList","@id":"http:\/\/dexterra.jkmprojects.com\/fr\/services-de-foresterie\/soutien-en-incendie\/#breadcrumb","itemListElement":[{"@type":"ListItem","position":1,"name":"Home","item":"https:\/\/dexterra.jkmprojects.com\/fr\/"},{"@type":"ListItem","position":2,"name":"Services de foresterie","item":"https:\/\/dexterra.jkmprojects.com\/fr\/services-de-foresterie\/"},{"@type":"ListItem","position":3,"name":"Soutien en incendie"}]}]}},"_links":{"self":[{"href":"http:\/\/dexterra.jkmprojects.com\/fr\/wp-json\/wp\/v2\/pages\/6643"}],"collection":[{"href":"http:\/\/dexterra.jkmprojects.com\/fr\/wp-json\/wp\/v2\/pages"}],"about":[{"href":"http:\/\/dexterra.jkmprojects.com\/fr\/wp-json\/wp\/v2\/types\/page"}],"author":[{"embeddable":true,"href":"http:\/\/dexterra.jkmprojects.com\/fr\/wp-json\/wp\/v2\/users\/1"}],"replies":[{"embeddable":true,"href":"http:\/\/dexterra.jkmprojects.com\/fr\/wp-json\/wp\/v2\/comments?post=6643"}],"version-history":[{"count":13,"href":"http:\/\/dexterra.jkmprojects.com\/fr\/wp-json\/wp\/v2\/pages\/6643\/revisions"}],"predecessor-version":[{"id":7904,"href":"http:\/\/dexterra.jkmprojects.com\/fr\/wp-json\/wp\/v2\/pages\/6643\/revisions\/7904"}],"up":[{"embeddable":true,"href":"http:\/\/dexterra.jkmprojects.com\/fr\/wp-json\/wp\/v2\/pages\/6632"}],"wp:attachment":[{"href":"http:\/\/dexterra.jkmprojects.com\/fr\/wp-json\/wp\/v2\/media?parent=6643"}],"curies":[{"name":"wp","href":"https:\/\/api.w.org\/{rel}","templated":true}]}}