{"id":6660,"date":"2021-01-08T13:53:00","date_gmt":"2021-01-08T13:53:00","guid":{"rendered":"http:\/\/dexterra2020.jkmprojects.com\/who-we-serve\/defence-security\/"},"modified":"2021-07-16T00:07:15","modified_gmt":"2021-07-16T00:07:15","slug":"defense-securite","status":"publish","type":"page","link":"http:\/\/dexterra.jkmprojects.com\/fr\/qui-nous-servons\/defense-securite\/","title":{"rendered":"D\u00e9fense et s\u00e9curit\u00e9"},"content":{"rendered":"\t\t<div data-elementor-type=\"wp-page\" data-elementor-id=\"6660\" class=\"elementor elementor-6660 elementor-4330\">\n\t\t\t\t\t\t<div class=\"elementor-inner\">\n\t\t\t\t<div class=\"elementor-section-wrap\">\n\t\t\t\t\t\t\t\t\t<header class=\"elementor-section elementor-top-section elementor-element elementor-element-cb08941 elementor-section-full_width elementor-section-height-default elementor-section-height-default\" data-id=\"cb08941\" data-element_type=\"section\">\n\t\t\t\t\t\t<div class=\"elementor-container elementor-column-gap-default\">\n\t\t\t\t\t\t\t<div class=\"elementor-row\">\n\t\t\t\t\t<div class=\"elementor-column elementor-col-100 elementor-top-column elementor-element elementor-element-1d1d4656\" data-id=\"1d1d4656\" data-element_type=\"column\">\n\t\t\t<div class=\"elementor-column-wrap elementor-element-populated\">\n\t\t\t\t\t\t\t<div class=\"elementor-widget-wrap\">\n\t\t\t\t\t\t<div class=\"elementor-element elementor-element-6089f4e3 elementor-widget elementor-widget-jk-pageheader\" data-id=\"6089f4e3\" data-element_type=\"widget\" data-widget_type=\"jk-pageheader.default\">\n\t\t\t\t<div class=\"elementor-widget-container\">\n\t\t\t<header class=\"medium\"><div class=\"jkea_header\"><div class=\"jkea_header__contentwrap\"><div class=\"jkea_header__content\"><div class=\"title\"><h1>D\u00e9fense et <span class=\"orange\">s\u00e9curit\u00e9<\/span><\/h1><\/div><div class=\"text\"><p><\/p><\/div><\/div><\/div><div class=\"jkea_header__graphic\"><div class=\"featuredimage full\"><img src=\"https:\/\/dexterra.com\/wp-content\/uploads\/2021\/02\/Dexterra-Banner-2.2_Defence-1.png\" alt=\"Une \u00eele avec des usines pr\u00e8s de l\u2019eau\"><\/div><div class=\"bars\"><div class=\"whiteslice\"><\/div><div class=\"dots\"><\/div><div class=\"greybar\"><\/div><div class=\"bluebar\"><\/div><\/div><div class=\"jkea_header__chevrons\"><div class=\"chevrons\"><div class=\"chevronbg\"><\/div><div class=\"dots\"><\/div><div class=\"greychevronshadow\"><div class=\"greychevron\"><\/div><\/div><div class=\"bluechevron\"><\/div><\/div><\/div><\/div><\/div><\/div><\/header>\t\t<\/div>\n\t\t\t\t<\/div>\n\t\t\t\t\t\t<\/div>\n\t\t\t\t\t<\/div>\n\t\t<\/div>\n\t\t\t\t\t\t\t\t<\/div>\n\t\t\t\t\t<\/div>\n\t\t<\/header>\n\t\t\t\t<section class=\"elementor-section elementor-top-section elementor-element elementor-element-4eb3a93d keyline elementor-section-boxed elementor-section-height-default elementor-section-height-default\" data-id=\"4eb3a93d\" data-element_type=\"section\">\n\t\t\t\t\t\t<div class=\"elementor-container elementor-column-gap-default\">\n\t\t\t\t\t\t\t<div class=\"elementor-row\">\n\t\t\t\t\t<div class=\"elementor-column elementor-col-100 elementor-top-column elementor-element elementor-element-57c2e2d4\" data-id=\"57c2e2d4\" data-element_type=\"column\">\n\t\t\t<div class=\"elementor-column-wrap elementor-element-populated\">\n\t\t\t\t\t\t\t<div class=\"elementor-widget-wrap\">\n\t\t\t\t\t\t<div class=\"elementor-element elementor-element-6a2340d4 elementor-widget elementor-widget-jk-spacer\" data-id=\"6a2340d4\" data-element_type=\"widget\" data-widget_type=\"jk-spacer.default\">\n\t\t\t\t<div class=\"elementor-widget-container\">\n\t\t\t<div class=\"jkea_spacer_wrapper\"><div class=\"jkea_spacer\"><\/div><\/div>\t\t<\/div>\n\t\t\t\t<\/div>\n\t\t\t\t<div class=\"elementor-element elementor-element-6a8cf967 elementor-widget elementor-widget-jk-tabs\" data-id=\"6a8cf967\" data-element_type=\"widget\" data-widget_type=\"jk-tabs.default\">\n\t\t\t\t<div class=\"elementor-widget-container\">\n\t\t\t<div class=\"jkea-tabs-section\"><div class=\"container\"><div class=\"jkea-tabs-title\"><h2>Au service de ceux qui servent le Canada<\/h2><\/div><div class=\"jkea-tabs-text\"><p><p><span style=\"font-weight: 400;\">Le secteur de la d\u00e9fense se distingue par sa pr\u00e9sence nationale, sa gamme d\u2019installations et ses mesures de s\u00e9curit\u00e9 uniques. Chez Dexterra, nous avons l\u2019exp\u00e9rience et les ressources pour g\u00e9rer les installations avec des demandes suppl\u00e9mentaires et pour accommoder les effectifs, que vous exploitiez un camp d\u2019entra\u00eenement \u00e0 distance dans le Nord du Canada, une armurerie dans la ville ou un complexe de logement militaire.<\/span><\/p><\/p><\/div><\/div><div class=\"jkea-tabs-tab-wrapper\"><div class=\"container\"><ul class=\"tabmenu\"><li class=\"tabitem active\" data-tabid=\"tab-83da281\">Expertise<\/li><li class=\"tabitem\" data-tabid=\"tab-dfa5995\">Main-d\u2019\u0153uvre r\u00e9active<\/li><li class=\"tabitem\" data-tabid=\"tab-3ee4278\">Approche int\u00e9gr\u00e9e<\/li><li class=\"tabitem\" data-tabid=\"tab-54ef97b\">Soutien aux infrastructures<\/li><li class=\"tabactivemarker\"><\/li><\/ul><\/div><div class=\"tabcontent\"><div class=\"container\"><div class=\"tab active\" id=\"tab-83da281\"><div class=\"jkea_image\" style=\"background-image: url(https:\/\/dexterra.com\/wp-content\/uploads\/2021\/02\/Craig-Francis.jpeg)\"><\/div><div class=\"jkea-tabcontent\" style=\"\"><div class=\"title\">Expertise<\/div><div class=\"text\" style=\"\"><p><span style=\"font-weight: 400;\">Le secteur de la d\u00e9fense se distingue par des comp\u00e9tences et des strat\u00e9gies d\u2019experts. Nous sommes pareils. Nous avons mis au point un r\u00e9servoir de connaissances sp\u00e9cialis\u00e9es, d\u2019\u00e9quipements et de ressources pour soutenir votre activit\u00e9, et nous continuons \u00e0 investir dans de nouveaux produits et de nouvelles technologies pour am\u00e9liorer nos offres.<\/span><\/p><\/div><\/div><\/div><div class=\"tab\" id=\"tab-dfa5995\"><div class=\"jkea_image\" style=\"background-image: url(https:\/\/dexterra.com\/wp-content\/uploads\/2021\/02\/IMG_1494_EDIT.jpg)\"><\/div><div class=\"jkea-tabcontent\" style=\"\"><div class=\"title\">Main-d\u2019\u0153uvre r\u00e9active<\/div><div class=\"text\" style=\"\"><p><span style=\"font-weight: 400;\">Lorsque vous avez besoin de services de soutien rapidement, notre main-d\u2019\u0153uvre est pr\u00eate. Nous avons des groupements d\u2019employ\u00e9s locaux autoris\u00e9s par la s\u00e9curit\u00e9 partout au pays qui sont pr\u00eats \u00e0 construire, entretenir, r\u00e9parer, g\u00e9rer ou vous aider \u00e0 acc\u00e9der \u00e0 votre installation.\u00a0\u00a0<\/span><\/p><\/div><\/div><\/div><div class=\"tab\" id=\"tab-3ee4278\"><div class=\"jkea_image\" style=\"background-image: url(https:\/\/dexterra.com\/wp-content\/uploads\/2021\/02\/PGC.jpg)\"><\/div><div class=\"jkea-tabcontent\" style=\"\"><div class=\"title\">Approche int\u00e9gr\u00e9e<\/div><div class=\"text\" style=\"\"><p><span style=\"font-weight: 400;\">En plus des contrats \u00e0 service unique et des services sur demande, Dexterra Group fournit des services enti\u00e8rement int\u00e9gr\u00e9s pour maximiser les \u00e9conomies de temps, de main-d\u2019\u0153uvre et de co\u00fbts. Tous nos forfaits sont ax\u00e9s sur les donn\u00e9es et adapt\u00e9s aux besoins de chaque installation.<\/span><\/p><\/div><\/div><\/div><div class=\"tab\" id=\"tab-54ef97b\"><div class=\"jkea_image\" style=\"background-image: url(https:\/\/dexterra.com\/wp-content\/uploads\/2021\/02\/Defence-_-Security-Infrastructure-Support-scaled.jpg)\"><\/div><div class=\"jkea-tabcontent\" style=\"\"><div class=\"title\">Soutien aux infrastructures<\/div><div class=\"text\" style=\"\"><p><span style=\"font-weight: 400;\">Lorsque vous avez besoin d\u2019une infrastructure auxiliaire, nous pouvons vous aider \u00e0 concevoir, \u00e0 construire et \u00e0 g\u00e9rer cette infrastructure tout au long de son cycle de vie, partout au Canada. Nos solutions modulaires sont id\u00e9ales pour les camps \u00e9loign\u00e9s, les logements de base militaire et les structures de soutien d\u2019urgence.<\/span><\/p><\/div><\/div><\/div><\/div><\/div><\/div>\t\t<\/div>\n\t\t\t\t<\/div>\n\t\t\t\t\t\t<\/div>\n\t\t\t\t\t<\/div>\n\t\t<\/div>\n\t\t\t\t\t\t\t\t<\/div>\n\t\t\t\t\t<\/div>\n\t\t<\/section>\n\t\t\t\t<section class=\"elementor-section elementor-top-section elementor-element elementor-element-2fac6a09 elementor-section-boxed elementor-section-height-default elementor-section-height-default\" data-id=\"2fac6a09\" data-element_type=\"section\">\n\t\t\t\t\t\t<div class=\"elementor-container elementor-column-gap-default\">\n\t\t\t\t\t\t\t<div class=\"elementor-row\">\n\t\t\t\t\t<div class=\"elementor-column elementor-col-100 elementor-top-column elementor-element elementor-element-4bcb6fc\" data-id=\"4bcb6fc\" data-element_type=\"column\">\n\t\t\t<div class=\"elementor-column-wrap elementor-element-populated\">\n\t\t\t\t\t\t\t<div class=\"elementor-widget-wrap\">\n\t\t\t\t\t\t<div class=\"elementor-element elementor-element-67f4ac53 elementor-widget elementor-widget-jk-spacer\" data-id=\"67f4ac53\" data-element_type=\"widget\" data-widget_type=\"jk-spacer.default\">\n\t\t\t\t<div class=\"elementor-widget-container\">\n\t\t\t<div class=\"jkea_spacer_wrapper\"><div class=\"jkea_spacer\"><\/div><\/div>\t\t<\/div>\n\t\t\t\t<\/div>\n\t\t\t\t\t\t<\/div>\n\t\t\t\t\t<\/div>\n\t\t<\/div>\n\t\t\t\t\t\t\t\t<\/div>\n\t\t\t\t\t<\/div>\n\t\t<\/section>\n\t\t\t\t<section class=\"elementor-section elementor-top-section elementor-element elementor-element-5bc24c48 elementor-section-full_width cta elementor-section-height-default elementor-section-height-default\" data-id=\"5bc24c48\" data-element_type=\"section\">\n\t\t\t\t\t\t<div class=\"elementor-container elementor-column-gap-default\">\n\t\t\t\t\t\t\t<div class=\"elementor-row\">\n\t\t\t\t\t<div class=\"elementor-column elementor-col-100 elementor-top-column elementor-element elementor-element-15898dc5\" data-id=\"15898dc5\" data-element_type=\"column\">\n\t\t\t<div class=\"elementor-column-wrap elementor-element-populated\">\n\t\t\t\t\t\t\t<div class=\"elementor-widget-wrap\">\n\t\t\t\t\t\t<div class=\"elementor-element elementor-element-5e81eb00 elementor-widget elementor-widget-jk-cta-bar\" data-id=\"5e81eb00\" data-element_type=\"widget\" data-widget_type=\"jk-cta-bar.default\">\n\t\t\t\t<div class=\"elementor-widget-container\">\n\t\t\t<div class=\"jkea_cta-bar_wrapper\">\n            <div class=\"bars\"><div class=\"dots\"><\/div><div class=\"greybar\"><\/div><div class=\"bluebar\"><\/div><\/div>\n                <div class=\"jkea_cta-bar\">\n                    <div class=\"jkea_cta-bar_content\">\n                        <div class=\"jkea_title\">\n                    \t    <h2>Nous sommes l\u00e0 pour aider <\/h2>\n                    \t<\/div>\n                    \t<div class=\"jkea_text\">\n                    \t\t<p><span style=\"font-weight: 400;\">D\u00e9couvrez toutes les fa\u00e7ons dont nous pouvons aider votre entreprise.\u00a0<\/span><\/p>\n                    \t<\/div><div class=\"jkea_button\">\n                    \t\t<a href=\"\/contact\" class=\"btn\">Contactez-nous<\/a>\n                    \t<\/div> <\/div>\n                    <\/div>\n                <\/div>\t\t<\/div>\n\t\t\t\t<\/div>\n\t\t\t\t\t\t<\/div>\n\t\t\t\t\t<\/div>\n\t\t<\/div>\n\t\t\t\t\t\t\t\t<\/div>\n\t\t\t\t\t<\/div>\n\t\t<\/section>\n\t\t\t\t\t\t\t\t\t<\/div>\n\t\t\t<\/div>\n\t\t\t\t\t<\/div>\n\t\t","protected":false},"excerpt":{"rendered":"<p>D\u00e9fense et s\u00e9curit\u00e9 Au service de ceux qui servent le Canada Le secteur de la d\u00e9fense se distingue par sa pr\u00e9sence nationale, sa gamme d\u2019installations et ses mesures de s\u00e9curit\u00e9 uniques. Chez Dexterra, nous avons l\u2019exp\u00e9rience et les ressources pour g\u00e9rer les installations avec des demandes suppl\u00e9mentaires et pour accommoder les effectifs, que vous exploitiez [&hellip;]<\/p>\n","protected":false},"author":8,"featured_media":0,"parent":6292,"menu_order":0,"comment_status":"closed","ping_status":"closed","template":"","meta":[],"acf":[],"yoast_head":"<!-- This site is optimized with the Yoast SEO plugin v19.3 - https:\/\/yoast.com\/wordpress\/plugins\/seo\/ -->\n<title>D\u00e9fense et s\u00e9curit\u00e9 | Dexterra Group<\/title>\n<meta name=\"description\" content=\": Dexterra a ce qu\u2019il faut pour accueillir les \u00e9quipes \u00e0 distance, g\u00e9rer les installations avec des exigences de s\u00e9curit\u00e9 accrues et construire une infrastructure auxiliaire.\" \/>\n<meta name=\"robots\" content=\"noindex, follow\" \/>\n<meta property=\"og:locale\" content=\"fr_FR\" \/>\n<meta property=\"og:type\" content=\"article\" \/>\n<meta property=\"og:title\" content=\"D\u00e9fense et s\u00e9curit\u00e9 | Dexterra Group\" \/>\n<meta property=\"og:description\" content=\": Dexterra a ce qu\u2019il faut pour accueillir les \u00e9quipes \u00e0 distance, g\u00e9rer les installations avec des exigences de s\u00e9curit\u00e9 accrues et construire une infrastructure auxiliaire.\" \/>\n<meta property=\"og:url\" content=\"http:\/\/dexterra.jkmprojects.com\/fr\/qui-nous-servons\/defense-securite\/\" \/>\n<meta property=\"og:site_name\" content=\"Dexterra\" \/>\n<meta property=\"article:modified_time\" content=\"2021-07-16T00:07:15+00:00\" \/>\n<meta property=\"og:image\" content=\"https:\/\/dexterra.com\/wp-content\/uploads\/2021\/02\/Dexterra-Banner-2.2_Defence-1.png\" \/>\n<meta name=\"twitter:card\" content=\"summary_large_image\" \/>\n<meta name=\"twitter:label1\" content=\"Dur\u00e9e de lecture estim\u00e9e\" \/>\n\t<meta name=\"twitter:data1\" content=\"2 minutes\" \/>\n<script type=\"application\/ld+json\" class=\"yoast-schema-graph\">{\"@context\":\"https:\/\/schema.org\",\"@graph\":[{\"@type\":\"Organization\",\"@id\":\"https:\/\/dexterra.jkmprojects.com\/#organization\",\"name\":\"Dexterra Group\",\"url\":\"https:\/\/dexterra.jkmprojects.com\/\",\"sameAs\":[],\"logo\":{\"@type\":\"ImageObject\",\"inLanguage\":\"fr-FR\",\"@id\":\"https:\/\/dexterra.jkmprojects.com\/#\/schema\/logo\/image\/\",\"url\":\"https:\/\/dexterra.jkmprojects.com\/wp-content\/uploads\/2020\/11\/DexterraGroupLogo-1.png\",\"contentUrl\":\"https:\/\/dexterra.jkmprojects.com\/wp-content\/uploads\/2020\/11\/DexterraGroupLogo-1.png\",\"width\":302,\"height\":144,\"caption\":\"Dexterra Group\"},\"image\":{\"@id\":\"https:\/\/dexterra.jkmprojects.com\/#\/schema\/logo\/image\/\"}},{\"@type\":\"WebSite\",\"@id\":\"https:\/\/dexterra.jkmprojects.com\/#website\",\"url\":\"https:\/\/dexterra.jkmprojects.com\/\",\"name\":\"Dexterra\",\"description\":\"\",\"publisher\":{\"@id\":\"https:\/\/dexterra.jkmprojects.com\/#organization\"},\"potentialAction\":[{\"@type\":\"SearchAction\",\"target\":{\"@type\":\"EntryPoint\",\"urlTemplate\":\"https:\/\/dexterra.jkmprojects.com\/?s={search_term_string}\"},\"query-input\":\"required name=search_term_string\"}],\"inLanguage\":\"fr-FR\"},{\"@type\":\"ImageObject\",\"inLanguage\":\"fr-FR\",\"@id\":\"http:\/\/dexterra.jkmprojects.com\/fr\/qui-nous-servons\/defense-securite\/#primaryimage\",\"url\":\"https:\/\/dexterra.com\/wp-content\/uploads\/2021\/02\/Dexterra-Banner-2.2_Defence-1.png\",\"contentUrl\":\"https:\/\/dexterra.com\/wp-content\/uploads\/2021\/02\/Dexterra-Banner-2.2_Defence-1.png\"},{\"@type\":\"WebPage\",\"@id\":\"http:\/\/dexterra.jkmprojects.com\/fr\/qui-nous-servons\/defense-securite\/\",\"url\":\"http:\/\/dexterra.jkmprojects.com\/fr\/qui-nous-servons\/defense-securite\/\",\"name\":\"D\u00e9fense et s\u00e9curit\u00e9 | Dexterra Group\",\"isPartOf\":{\"@id\":\"https:\/\/dexterra.jkmprojects.com\/#website\"},\"primaryImageOfPage\":{\"@id\":\"http:\/\/dexterra.jkmprojects.com\/fr\/qui-nous-servons\/defense-securite\/#primaryimage\"},\"datePublished\":\"2021-01-08T13:53:00+00:00\",\"dateModified\":\"2021-07-16T00:07:15+00:00\",\"description\":\": Dexterra a ce qu\u2019il faut pour accueillir les \u00e9quipes \u00e0 distance, g\u00e9rer les installations avec des exigences de s\u00e9curit\u00e9 accrues et construire une infrastructure auxiliaire.\",\"breadcrumb\":{\"@id\":\"http:\/\/dexterra.jkmprojects.com\/fr\/qui-nous-servons\/defense-securite\/#breadcrumb\"},\"inLanguage\":\"fr-FR\",\"potentialAction\":[{\"@type\":\"ReadAction\",\"target\":[\"http:\/\/dexterra.jkmprojects.com\/fr\/qui-nous-servons\/defense-securite\/\"]}]},{\"@type\":\"BreadcrumbList\",\"@id\":\"http:\/\/dexterra.jkmprojects.com\/fr\/qui-nous-servons\/defense-securite\/#breadcrumb\",\"itemListElement\":[{\"@type\":\"ListItem\",\"position\":1,\"name\":\"Home\",\"item\":\"https:\/\/dexterra.jkmprojects.com\/fr\/\"},{\"@type\":\"ListItem\",\"position\":2,\"name\":\"Qui nous servons\",\"item\":\"https:\/\/dexterra.jkmprojects.com\/fr\/qui-nous-servons\/\"},{\"@type\":\"ListItem\",\"position\":3,\"name\":\"D\u00e9fense et s\u00e9curit\u00e9\"}]}]}<\/script>\n<!-- \/ Yoast SEO plugin. -->","yoast_head_json":{"title":"D\u00e9fense et s\u00e9curit\u00e9 | Dexterra Group","description":": Dexterra a ce qu\u2019il faut pour accueillir les \u00e9quipes \u00e0 distance, g\u00e9rer les installations avec des exigences de s\u00e9curit\u00e9 accrues et construire une infrastructure auxiliaire.","robots":{"index":"noindex","follow":"follow"},"og_locale":"fr_FR","og_type":"article","og_title":"D\u00e9fense et s\u00e9curit\u00e9 | Dexterra Group","og_description":": Dexterra a ce qu\u2019il faut pour accueillir les \u00e9quipes \u00e0 distance, g\u00e9rer les installations avec des exigences de s\u00e9curit\u00e9 accrues et construire une infrastructure auxiliaire.","og_url":"http:\/\/dexterra.jkmprojects.com\/fr\/qui-nous-servons\/defense-securite\/","og_site_name":"Dexterra","article_modified_time":"2021-07-16T00:07:15+00:00","og_image":[{"url":"https:\/\/dexterra.com\/wp-content\/uploads\/2021\/02\/Dexterra-Banner-2.2_Defence-1.png"}],"twitter_card":"summary_large_image","twitter_misc":{"Dur\u00e9e de lecture estim\u00e9e":"2 minutes"},"schema":{"@context":"https:\/\/schema.org","@graph":[{"@type":"Organization","@id":"https:\/\/dexterra.jkmprojects.com\/#organization","name":"Dexterra Group","url":"https:\/\/dexterra.jkmprojects.com\/","sameAs":[],"logo":{"@type":"ImageObject","inLanguage":"fr-FR","@id":"https:\/\/dexterra.jkmprojects.com\/#\/schema\/logo\/image\/","url":"https:\/\/dexterra.jkmprojects.com\/wp-content\/uploads\/2020\/11\/DexterraGroupLogo-1.png","contentUrl":"https:\/\/dexterra.jkmprojects.com\/wp-content\/uploads\/2020\/11\/DexterraGroupLogo-1.png","width":302,"height":144,"caption":"Dexterra Group"},"image":{"@id":"https:\/\/dexterra.jkmprojects.com\/#\/schema\/logo\/image\/"}},{"@type":"WebSite","@id":"https:\/\/dexterra.jkmprojects.com\/#website","url":"https:\/\/dexterra.jkmprojects.com\/","name":"Dexterra","description":"","publisher":{"@id":"https:\/\/dexterra.jkmprojects.com\/#organization"},"potentialAction":[{"@type":"SearchAction","target":{"@type":"EntryPoint","urlTemplate":"https:\/\/dexterra.jkmprojects.com\/?s={search_term_string}"},"query-input":"required name=search_term_string"}],"inLanguage":"fr-FR"},{"@type":"ImageObject","inLanguage":"fr-FR","@id":"http:\/\/dexterra.jkmprojects.com\/fr\/qui-nous-servons\/defense-securite\/#primaryimage","url":"https:\/\/dexterra.com\/wp-content\/uploads\/2021\/02\/Dexterra-Banner-2.2_Defence-1.png","contentUrl":"https:\/\/dexterra.com\/wp-content\/uploads\/2021\/02\/Dexterra-Banner-2.2_Defence-1.png"},{"@type":"WebPage","@id":"http:\/\/dexterra.jkmprojects.com\/fr\/qui-nous-servons\/defense-securite\/","url":"http:\/\/dexterra.jkmprojects.com\/fr\/qui-nous-servons\/defense-securite\/","name":"D\u00e9fense et s\u00e9curit\u00e9 | Dexterra Group","isPartOf":{"@id":"https:\/\/dexterra.jkmprojects.com\/#website"},"primaryImageOfPage":{"@id":"http:\/\/dexterra.jkmprojects.com\/fr\/qui-nous-servons\/defense-securite\/#primaryimage"},"datePublished":"2021-01-08T13:53:00+00:00","dateModified":"2021-07-16T00:07:15+00:00","description":": Dexterra a ce qu\u2019il faut pour accueillir les \u00e9quipes \u00e0 distance, g\u00e9rer les installations avec des exigences de s\u00e9curit\u00e9 accrues et construire une infrastructure auxiliaire.","breadcrumb":{"@id":"http:\/\/dexterra.jkmprojects.com\/fr\/qui-nous-servons\/defense-securite\/#breadcrumb"},"inLanguage":"fr-FR","potentialAction":[{"@type":"ReadAction","target":["http:\/\/dexterra.jkmprojects.com\/fr\/qui-nous-servons\/defense-securite\/"]}]},{"@type":"BreadcrumbList","@id":"http:\/\/dexterra.jkmprojects.com\/fr\/qui-nous-servons\/defense-securite\/#breadcrumb","itemListElement":[{"@type":"ListItem","position":1,"name":"Home","item":"https:\/\/dexterra.jkmprojects.com\/fr\/"},{"@type":"ListItem","position":2,"name":"Qui nous servons","item":"https:\/\/dexterra.jkmprojects.com\/fr\/qui-nous-servons\/"},{"@type":"ListItem","position":3,"name":"D\u00e9fense et s\u00e9curit\u00e9"}]}]}},"_links":{"self":[{"href":"http:\/\/dexterra.jkmprojects.com\/fr\/wp-json\/wp\/v2\/pages\/6660"}],"collection":[{"href":"http:\/\/dexterra.jkmprojects.com\/fr\/wp-json\/wp\/v2\/pages"}],"about":[{"href":"http:\/\/dexterra.jkmprojects.com\/fr\/wp-json\/wp\/v2\/types\/page"}],"author":[{"embeddable":true,"href":"http:\/\/dexterra.jkmprojects.com\/fr\/wp-json\/wp\/v2\/users\/8"}],"replies":[{"embeddable":true,"href":"http:\/\/dexterra.jkmprojects.com\/fr\/wp-json\/wp\/v2\/comments?post=6660"}],"version-history":[{"count":32,"href":"http:\/\/dexterra.jkmprojects.com\/fr\/wp-json\/wp\/v2\/pages\/6660\/revisions"}],"predecessor-version":[{"id":7907,"href":"http:\/\/dexterra.jkmprojects.com\/fr\/wp-json\/wp\/v2\/pages\/6660\/revisions\/7907"}],"up":[{"embeddable":true,"href":"http:\/\/dexterra.jkmprojects.com\/fr\/wp-json\/wp\/v2\/pages\/6292"}],"wp:attachment":[{"href":"http:\/\/dexterra.jkmprojects.com\/fr\/wp-json\/wp\/v2\/media?parent=6660"}],"curies":[{"name":"wp","href":"https:\/\/api.w.org\/{rel}","templated":true}]}}