{"id":6702,"date":"2021-01-08T17:11:46","date_gmt":"2021-01-08T17:11:46","guid":{"rendered":"http:\/\/dexterra2020.jkmprojects.com\/who-we-serve\/energy-resources\/"},"modified":"2021-07-08T17:51:15","modified_gmt":"2021-07-08T17:51:15","slug":"energy-resources","status":"publish","type":"page","link":"http:\/\/dexterra.jkmprojects.com\/fr\/qui-nous-servons\/energy-resources\/","title":{"rendered":"Energy &#038; Resources"},"content":{"rendered":"\t\t<div data-elementor-type=\"wp-page\" data-elementor-id=\"6702\" class=\"elementor elementor-6702 elementor-4353\">\n\t\t\t\t\t\t<div class=\"elementor-inner\">\n\t\t\t\t<div class=\"elementor-section-wrap\">\n\t\t\t\t\t\t\t\t\t<header class=\"elementor-section elementor-top-section elementor-element elementor-element-75092b5a elementor-section-full_width elementor-section-height-default elementor-section-height-default\" data-id=\"75092b5a\" data-element_type=\"section\">\n\t\t\t\t\t\t<div class=\"elementor-container elementor-column-gap-default\">\n\t\t\t\t\t\t\t<div class=\"elementor-row\">\n\t\t\t\t\t<div class=\"elementor-column elementor-col-100 elementor-top-column elementor-element elementor-element-1e8956e3\" data-id=\"1e8956e3\" data-element_type=\"column\">\n\t\t\t<div class=\"elementor-column-wrap elementor-element-populated\">\n\t\t\t\t\t\t\t<div class=\"elementor-widget-wrap\">\n\t\t\t\t\t\t<div class=\"elementor-element elementor-element-6347e17f elementor-widget elementor-widget-jk-pageheader\" data-id=\"6347e17f\" data-element_type=\"widget\" data-widget_type=\"jk-pageheader.default\">\n\t\t\t\t<div class=\"elementor-widget-container\">\n\t\t\t<header class=\"medium\"><div class=\"jkea_header\"><div class=\"jkea_header__contentwrap\"><div class=\"jkea_header__content\"><div class=\"title\"><h1>\u00c9nergie et  <span class=\"orange\">ressources<\/span><\/h1><\/div><div class=\"text\"><p><\/p><\/div><\/div><\/div><div class=\"jkea_header__graphic\"><div class=\"featuredimage full\"><img src=\"https:\/\/dexterra.com\/wp-content\/uploads\/2021\/02\/Dexterra-Banner-2.3_Energy-1.png\" alt=\":Un plan a\u00e9rien d\u2019un chantier de construction avec une grue \u00e9lectrique\"><\/div><div class=\"bars\"><div class=\"whiteslice\"><\/div><div class=\"dots\"><\/div><div class=\"greybar\"><\/div><div class=\"bluebar\"><\/div><\/div><div class=\"jkea_header__chevrons\"><div class=\"chevrons\"><div class=\"chevronbg\"><\/div><div class=\"dots\"><\/div><div class=\"greychevronshadow\"><div class=\"greychevron\"><\/div><\/div><div class=\"bluechevron\"><\/div><\/div><\/div><\/div><\/div><\/div><\/header>\t\t<\/div>\n\t\t\t\t<\/div>\n\t\t\t\t\t\t<\/div>\n\t\t\t\t\t<\/div>\n\t\t<\/div>\n\t\t\t\t\t\t\t\t<\/div>\n\t\t\t\t\t<\/div>\n\t\t<\/header>\n\t\t\t\t<section class=\"elementor-section elementor-top-section elementor-element elementor-element-55d207c7 keyline elementor-section-boxed elementor-section-height-default elementor-section-height-default\" data-id=\"55d207c7\" data-element_type=\"section\">\n\t\t\t\t\t\t<div class=\"elementor-container elementor-column-gap-default\">\n\t\t\t\t\t\t\t<div class=\"elementor-row\">\n\t\t\t\t\t<div class=\"elementor-column elementor-col-100 elementor-top-column elementor-element elementor-element-90e8a39\" data-id=\"90e8a39\" data-element_type=\"column\">\n\t\t\t<div class=\"elementor-column-wrap elementor-element-populated\">\n\t\t\t\t\t\t\t<div class=\"elementor-widget-wrap\">\n\t\t\t\t\t\t<div class=\"elementor-element elementor-element-35701a7b elementor-widget elementor-widget-jk-spacer\" data-id=\"35701a7b\" data-element_type=\"widget\" data-widget_type=\"jk-spacer.default\">\n\t\t\t\t<div class=\"elementor-widget-container\">\n\t\t\t<div class=\"jkea_spacer_wrapper\"><div class=\"jkea_spacer\"><\/div><\/div>\t\t<\/div>\n\t\t\t\t<\/div>\n\t\t\t\t<div class=\"elementor-element elementor-element-6c166060 elementor-widget elementor-widget-jk-tabs\" data-id=\"6c166060\" data-element_type=\"widget\" data-widget_type=\"jk-tabs.default\">\n\t\t\t\t<div class=\"elementor-widget-container\">\n\t\t\t<div class=\"jkea-tabs-section\"><div class=\"container\"><div class=\"jkea-tabs-title\"><h2> Soutien harmonieux et sans stress<\/h2><\/div><div class=\"jkea-tabs-text\"><p><p><span style=\"font-weight: 400;\">Pour les op\u00e9rations d\u2019\u00e9nergie et de ressources, o\u00f9 les installations ont tendance \u00e0 \u00eatre \u00e9loign\u00e9es et o\u00f9 les p\u00e9nuries de main-d\u2019\u0153uvre peuvent \u00eatre un probl\u00e8me, Dexterra Group est l\u00e0 pour aider. Nos solutions vous aident non seulement \u00e0 d\u00e9velopper et \u00e0 acc\u00e9der \u00e0 votre projet, mais elles assurent \u00e9galement le confort et le repos de votre main-d\u2019\u0153uvre pendant qu\u2019elle travaille dans des conditions exigeantes.<\/span><\/p><\/p><\/div><\/div><div class=\"jkea-tabs-tab-wrapper\"><div class=\"container\"><ul class=\"tabmenu\"><li class=\"tabitem active\" data-tabid=\"tab-83da281\">Am\u00e9liorer le rendement <\/li><li class=\"tabitem\" data-tabid=\"tab-3e066f9\">Vous mettre au travail<\/li><li class=\"tabitem\" data-tabid=\"tab-9903a3c\">Exp\u00e9rience et expertise<\/li><li class=\"tabitem\" data-tabid=\"tab-34eee20\">Services personnalis\u00e9s pour tous les cycles de vie des projets<\/li><li class=\"tabactivemarker\"><\/li><\/ul><\/div><div class=\"tabcontent\"><div class=\"container\"><div class=\"tab active\" id=\"tab-83da281\"><div class=\"jkea_image\" style=\"background-image: url(https:\/\/dexterra.com\/wp-content\/uploads\/2021\/02\/FINAL-5.jpg)\"><\/div><div class=\"jkea-tabcontent\" style=\"\"><div class=\"title\">Am\u00e9liorer le rendement <\/div><div class=\"text\" style=\"\"><p><span style=\"font-weight: 400;\">Vos \u00e9quipes font face \u00e0 certaines des conditions de travail les plus exigeantes imaginables. C\u2019est pourquoi nous croyons qu\u2019il est essentiel pour votre entreprise de disposer d\u2019une r\u00e9sidence loin de la maison qui est confortable, s\u00e9curitaire et conviviale et qui vous permet d\u2019optimiser les performances et la productivit\u00e9 de votre \u00e9quipe.<\/span><\/p><\/div><\/div><\/div><div class=\"tab\" id=\"tab-3e066f9\"><div class=\"jkea_image\" style=\"background-image: url(https:\/\/dexterra.com\/wp-content\/uploads\/2021\/02\/rentals-and-logisitcs_jan2018-79.jpg)\"><\/div><div class=\"jkea-tabcontent\" style=\"\"><div class=\"title\">Vous mettre au travail<\/div><div class=\"text\" style=\"\"><p><span style=\"font-weight: 400;\">Vous avez besoin d\u2019un acc\u00e8s ininterrompu \u00e0 tout moment de l\u2019ann\u00e9e aux sites de votre projet, peu importe le terrain ou le climat. Qu\u2019il s\u2019agisse d\u2019un tapis pour une chauss\u00e9e temporaire ou d\u2019une plateforme stabilis\u00e9e de mani\u00e8re plus permanente, nos solutions d\u2019acc\u00e8s vous permettent de vous rendre sur vos sites \u00e9loign\u00e9s.<\/span><\/p><\/div><\/div><\/div><div class=\"tab\" id=\"tab-9903a3c\"><div class=\"jkea_image\" style=\"background-image: url(https:\/\/dexterra.com\/wp-content\/uploads\/2021\/01\/UAVNorth-Horizon-Wapiti-2-1-scaled.jpg)\"><\/div><div class=\"jkea-tabcontent\" style=\"\"><div class=\"title\">Exp\u00e9rience et expertise<\/div><div class=\"text\" style=\"\"><p><span style=\"font-weight: 400;\">Dexterra Group a une longue histoire au service de l\u2019industrie de l\u2019\u00e9nergie et des ressources. Des petits camps de forage aux grands pavillons ex\u00e9cutifs, nous savons comment optimiser vos op\u00e9rations et fournir les meilleures infrastructures et services possible pour votre projet.<\/span><\/p><\/div><\/div><\/div><div class=\"tab\" id=\"tab-34eee20\"><div class=\"jkea_image\" style=\"background-image: url(https:\/\/dexterra.com\/wp-content\/uploads\/2020\/12\/Installation.jpg)\"><\/div><div class=\"jkea-tabcontent\" style=\"\"><div class=\"title\">Services personnalis\u00e9s pour tous les cycles de vie des projets<\/div><div class=\"text\" style=\"\"><p><span style=\"font-weight: 400;\">Gestion des installations. H\u00e9bergement des effectifs. Construction modulaire. Services de foresterie. Ou tous les \u00e9l\u00e9ments ci-dessus. Nous adaptons nos solutions \u00e0 votre budget et \u00e0 vos \u00e9ch\u00e9anciers, mais aussi \u00e0 l\u2019ensemble du cycle de vie du projet, en tenant compte de vos objectifs, occasions et obstacles.<\/span><\/p><\/div><\/div><\/div><\/div><\/div><\/div>\t\t<\/div>\n\t\t\t\t<\/div>\n\t\t\t\t\t\t<\/div>\n\t\t\t\t\t<\/div>\n\t\t<\/div>\n\t\t\t\t\t\t\t\t<\/div>\n\t\t\t\t\t<\/div>\n\t\t<\/section>\n\t\t\t\t<section class=\"elementor-section elementor-top-section elementor-element elementor-element-39763697 elementor-section-boxed elementor-section-height-default elementor-section-height-default\" data-id=\"39763697\" data-element_type=\"section\">\n\t\t\t\t\t\t<div class=\"elementor-container elementor-column-gap-default\">\n\t\t\t\t\t\t\t<div class=\"elementor-row\">\n\t\t\t\t\t<div class=\"elementor-column elementor-col-100 elementor-top-column elementor-element elementor-element-2255a767\" data-id=\"2255a767\" data-element_type=\"column\">\n\t\t\t<div class=\"elementor-column-wrap elementor-element-populated\">\n\t\t\t\t\t\t\t<div class=\"elementor-widget-wrap\">\n\t\t\t\t\t\t<div class=\"elementor-element elementor-element-4d695cc2 elementor-widget elementor-widget-jk-spacer\" data-id=\"4d695cc2\" data-element_type=\"widget\" data-widget_type=\"jk-spacer.default\">\n\t\t\t\t<div class=\"elementor-widget-container\">\n\t\t\t<div class=\"jkea_spacer_wrapper\"><div class=\"jkea_spacer\"><\/div><\/div>\t\t<\/div>\n\t\t\t\t<\/div>\n\t\t\t\t\t\t<\/div>\n\t\t\t\t\t<\/div>\n\t\t<\/div>\n\t\t\t\t\t\t\t\t<\/div>\n\t\t\t\t\t<\/div>\n\t\t<\/section>\n\t\t\t\t<section class=\"elementor-section elementor-top-section elementor-element elementor-element-3e5650d5 elementor-section-full_width cta elementor-section-height-default elementor-section-height-default\" data-id=\"3e5650d5\" data-element_type=\"section\">\n\t\t\t\t\t\t<div class=\"elementor-container elementor-column-gap-default\">\n\t\t\t\t\t\t\t<div class=\"elementor-row\">\n\t\t\t\t\t<div class=\"elementor-column elementor-col-100 elementor-top-column elementor-element elementor-element-27280df6\" data-id=\"27280df6\" data-element_type=\"column\">\n\t\t\t<div class=\"elementor-column-wrap elementor-element-populated\">\n\t\t\t\t\t\t\t<div class=\"elementor-widget-wrap\">\n\t\t\t\t\t\t<div class=\"elementor-element elementor-element-d8274a5 elementor-widget elementor-widget-jk-cta-bar\" data-id=\"d8274a5\" data-element_type=\"widget\" data-widget_type=\"jk-cta-bar.default\">\n\t\t\t\t<div class=\"elementor-widget-container\">\n\t\t\t<div class=\"jkea_cta-bar_wrapper\">\n            <div class=\"bars\"><div class=\"dots\"><\/div><div class=\"greybar\"><\/div><div class=\"bluebar\"><\/div><\/div>\n                <div class=\"jkea_cta-bar\">\n                    <div class=\"jkea_cta-bar_content\">\n                        <div class=\"jkea_title\">\n                    \t    <h2>Nous sommes l\u00e0 pour aider<\/h2>\n                    \t<\/div>\n                    \t<div class=\"jkea_text\">\n                    \t\t<p><span style=\"font-weight: 400;\">D\u00e9couvrez toutes les fa\u00e7ons dont nous pouvons aider votre entreprise.<\/span><\/p>\n                    \t<\/div><div class=\"jkea_button\">\n                    \t\t<a href=\"\/contact\" class=\"btn\">Contactez-nous<\/a>\n                    \t<\/div> <\/div>\n                    <\/div>\n                <\/div>\t\t<\/div>\n\t\t\t\t<\/div>\n\t\t\t\t\t\t<\/div>\n\t\t\t\t\t<\/div>\n\t\t<\/div>\n\t\t\t\t\t\t\t\t<\/div>\n\t\t\t\t\t<\/div>\n\t\t<\/section>\n\t\t\t\t\t\t\t\t\t<\/div>\n\t\t\t<\/div>\n\t\t\t\t\t<\/div>\n\t\t","protected":false},"excerpt":{"rendered":"<p>\u00c9nergie et ressources Soutien harmonieux et sans stress Pour les op\u00e9rations d\u2019\u00e9nergie et de ressources, o\u00f9 les installations ont tendance \u00e0 \u00eatre \u00e9loign\u00e9es et o\u00f9 les p\u00e9nuries de main-d\u2019\u0153uvre peuvent \u00eatre un probl\u00e8me, Dexterra Group est l\u00e0 pour aider. Nos solutions vous aident non seulement \u00e0 d\u00e9velopper et \u00e0 acc\u00e9der \u00e0 votre projet, mais elles [&hellip;]<\/p>\n","protected":false},"author":8,"featured_media":0,"parent":6292,"menu_order":0,"comment_status":"closed","ping_status":"closed","template":"","meta":[],"acf":[],"yoast_head":"<!-- This site is optimized with the Yoast SEO plugin v19.3 - https:\/\/yoast.com\/wordpress\/plugins\/seo\/ -->\n<title>\u00c9nergie et ressources | Dexterra Grou<\/title>\n<meta name=\"description\" content=\"Non seulement nous vous aidons \u00e0 d\u00e9velopper et \u00e0 acc\u00e9der \u00e0 votre projet, mais nos \u00e9quipes assurent \u00e9galement le confort et le repos de votre main-d\u2019\u0153uvre pendant qu\u2019elle travaille dans des conditions exigeantes.\" \/>\n<meta name=\"robots\" content=\"noindex, follow\" \/>\n<meta property=\"og:locale\" content=\"fr_FR\" \/>\n<meta property=\"og:type\" content=\"article\" \/>\n<meta property=\"og:title\" content=\"\u00c9nergie et ressources | Dexterra Grou\" \/>\n<meta property=\"og:description\" content=\"Non seulement nous vous aidons \u00e0 d\u00e9velopper et \u00e0 acc\u00e9der \u00e0 votre projet, mais nos \u00e9quipes assurent \u00e9galement le confort et le repos de votre main-d\u2019\u0153uvre pendant qu\u2019elle travaille dans des conditions exigeantes.\" \/>\n<meta property=\"og:url\" content=\"http:\/\/dexterra.jkmprojects.com\/fr\/qui-nous-servons\/energy-resources\/\" \/>\n<meta property=\"og:site_name\" content=\"Dexterra\" \/>\n<meta property=\"article:modified_time\" content=\"2021-07-08T17:51:15+00:00\" \/>\n<meta property=\"og:image\" content=\"https:\/\/dexterra.com\/wp-content\/uploads\/2021\/02\/Dexterra-Banner-2.3_Energy-1.png\" \/>\n<meta name=\"twitter:card\" content=\"summary_large_image\" \/>\n<meta name=\"twitter:label1\" content=\"Dur\u00e9e de lecture estim\u00e9e\" \/>\n\t<meta name=\"twitter:data1\" content=\"2 minutes\" \/>\n<script type=\"application\/ld+json\" class=\"yoast-schema-graph\">{\"@context\":\"https:\/\/schema.org\",\"@graph\":[{\"@type\":\"Organization\",\"@id\":\"https:\/\/dexterra.jkmprojects.com\/#organization\",\"name\":\"Dexterra Group\",\"url\":\"https:\/\/dexterra.jkmprojects.com\/\",\"sameAs\":[],\"logo\":{\"@type\":\"ImageObject\",\"inLanguage\":\"fr-FR\",\"@id\":\"https:\/\/dexterra.jkmprojects.com\/#\/schema\/logo\/image\/\",\"url\":\"https:\/\/dexterra.jkmprojects.com\/wp-content\/uploads\/2020\/11\/DexterraGroupLogo-1.png\",\"contentUrl\":\"https:\/\/dexterra.jkmprojects.com\/wp-content\/uploads\/2020\/11\/DexterraGroupLogo-1.png\",\"width\":302,\"height\":144,\"caption\":\"Dexterra Group\"},\"image\":{\"@id\":\"https:\/\/dexterra.jkmprojects.com\/#\/schema\/logo\/image\/\"}},{\"@type\":\"WebSite\",\"@id\":\"https:\/\/dexterra.jkmprojects.com\/#website\",\"url\":\"https:\/\/dexterra.jkmprojects.com\/\",\"name\":\"Dexterra\",\"description\":\"\",\"publisher\":{\"@id\":\"https:\/\/dexterra.jkmprojects.com\/#organization\"},\"potentialAction\":[{\"@type\":\"SearchAction\",\"target\":{\"@type\":\"EntryPoint\",\"urlTemplate\":\"https:\/\/dexterra.jkmprojects.com\/?s={search_term_string}\"},\"query-input\":\"required name=search_term_string\"}],\"inLanguage\":\"fr-FR\"},{\"@type\":\"ImageObject\",\"inLanguage\":\"fr-FR\",\"@id\":\"http:\/\/dexterra.jkmprojects.com\/fr\/qui-nous-servons\/energy-resources\/#primaryimage\",\"url\":\"https:\/\/dexterra.com\/wp-content\/uploads\/2021\/02\/Dexterra-Banner-2.3_Energy-1.png\",\"contentUrl\":\"https:\/\/dexterra.com\/wp-content\/uploads\/2021\/02\/Dexterra-Banner-2.3_Energy-1.png\"},{\"@type\":\"WebPage\",\"@id\":\"http:\/\/dexterra.jkmprojects.com\/fr\/qui-nous-servons\/energy-resources\/\",\"url\":\"http:\/\/dexterra.jkmprojects.com\/fr\/qui-nous-servons\/energy-resources\/\",\"name\":\"\u00c9nergie et ressources | Dexterra Grou\",\"isPartOf\":{\"@id\":\"https:\/\/dexterra.jkmprojects.com\/#website\"},\"primaryImageOfPage\":{\"@id\":\"http:\/\/dexterra.jkmprojects.com\/fr\/qui-nous-servons\/energy-resources\/#primaryimage\"},\"datePublished\":\"2021-01-08T17:11:46+00:00\",\"dateModified\":\"2021-07-08T17:51:15+00:00\",\"description\":\"Non seulement nous vous aidons \u00e0 d\u00e9velopper et \u00e0 acc\u00e9der \u00e0 votre projet, mais nos \u00e9quipes assurent \u00e9galement le confort et le repos de votre main-d\u2019\u0153uvre pendant qu\u2019elle travaille dans des conditions exigeantes.\",\"breadcrumb\":{\"@id\":\"http:\/\/dexterra.jkmprojects.com\/fr\/qui-nous-servons\/energy-resources\/#breadcrumb\"},\"inLanguage\":\"fr-FR\",\"potentialAction\":[{\"@type\":\"ReadAction\",\"target\":[\"http:\/\/dexterra.jkmprojects.com\/fr\/qui-nous-servons\/energy-resources\/\"]}]},{\"@type\":\"BreadcrumbList\",\"@id\":\"http:\/\/dexterra.jkmprojects.com\/fr\/qui-nous-servons\/energy-resources\/#breadcrumb\",\"itemListElement\":[{\"@type\":\"ListItem\",\"position\":1,\"name\":\"Home\",\"item\":\"https:\/\/dexterra.jkmprojects.com\/fr\/\"},{\"@type\":\"ListItem\",\"position\":2,\"name\":\"Qui nous servons\",\"item\":\"https:\/\/dexterra.jkmprojects.com\/fr\/qui-nous-servons\/\"},{\"@type\":\"ListItem\",\"position\":3,\"name\":\"Energy &#038; Resources\"}]}]}<\/script>\n<!-- \/ Yoast SEO plugin. -->","yoast_head_json":{"title":"\u00c9nergie et ressources | Dexterra Grou","description":"Non seulement nous vous aidons \u00e0 d\u00e9velopper et \u00e0 acc\u00e9der \u00e0 votre projet, mais nos \u00e9quipes assurent \u00e9galement le confort et le repos de votre main-d\u2019\u0153uvre pendant qu\u2019elle travaille dans des conditions exigeantes.","robots":{"index":"noindex","follow":"follow"},"og_locale":"fr_FR","og_type":"article","og_title":"\u00c9nergie et ressources | Dexterra Grou","og_description":"Non seulement nous vous aidons \u00e0 d\u00e9velopper et \u00e0 acc\u00e9der \u00e0 votre projet, mais nos \u00e9quipes assurent \u00e9galement le confort et le repos de votre main-d\u2019\u0153uvre pendant qu\u2019elle travaille dans des conditions exigeantes.","og_url":"http:\/\/dexterra.jkmprojects.com\/fr\/qui-nous-servons\/energy-resources\/","og_site_name":"Dexterra","article_modified_time":"2021-07-08T17:51:15+00:00","og_image":[{"url":"https:\/\/dexterra.com\/wp-content\/uploads\/2021\/02\/Dexterra-Banner-2.3_Energy-1.png"}],"twitter_card":"summary_large_image","twitter_misc":{"Dur\u00e9e de lecture estim\u00e9e":"2 minutes"},"schema":{"@context":"https:\/\/schema.org","@graph":[{"@type":"Organization","@id":"https:\/\/dexterra.jkmprojects.com\/#organization","name":"Dexterra Group","url":"https:\/\/dexterra.jkmprojects.com\/","sameAs":[],"logo":{"@type":"ImageObject","inLanguage":"fr-FR","@id":"https:\/\/dexterra.jkmprojects.com\/#\/schema\/logo\/image\/","url":"https:\/\/dexterra.jkmprojects.com\/wp-content\/uploads\/2020\/11\/DexterraGroupLogo-1.png","contentUrl":"https:\/\/dexterra.jkmprojects.com\/wp-content\/uploads\/2020\/11\/DexterraGroupLogo-1.png","width":302,"height":144,"caption":"Dexterra Group"},"image":{"@id":"https:\/\/dexterra.jkmprojects.com\/#\/schema\/logo\/image\/"}},{"@type":"WebSite","@id":"https:\/\/dexterra.jkmprojects.com\/#website","url":"https:\/\/dexterra.jkmprojects.com\/","name":"Dexterra","description":"","publisher":{"@id":"https:\/\/dexterra.jkmprojects.com\/#organization"},"potentialAction":[{"@type":"SearchAction","target":{"@type":"EntryPoint","urlTemplate":"https:\/\/dexterra.jkmprojects.com\/?s={search_term_string}"},"query-input":"required name=search_term_string"}],"inLanguage":"fr-FR"},{"@type":"ImageObject","inLanguage":"fr-FR","@id":"http:\/\/dexterra.jkmprojects.com\/fr\/qui-nous-servons\/energy-resources\/#primaryimage","url":"https:\/\/dexterra.com\/wp-content\/uploads\/2021\/02\/Dexterra-Banner-2.3_Energy-1.png","contentUrl":"https:\/\/dexterra.com\/wp-content\/uploads\/2021\/02\/Dexterra-Banner-2.3_Energy-1.png"},{"@type":"WebPage","@id":"http:\/\/dexterra.jkmprojects.com\/fr\/qui-nous-servons\/energy-resources\/","url":"http:\/\/dexterra.jkmprojects.com\/fr\/qui-nous-servons\/energy-resources\/","name":"\u00c9nergie et ressources | Dexterra Grou","isPartOf":{"@id":"https:\/\/dexterra.jkmprojects.com\/#website"},"primaryImageOfPage":{"@id":"http:\/\/dexterra.jkmprojects.com\/fr\/qui-nous-servons\/energy-resources\/#primaryimage"},"datePublished":"2021-01-08T17:11:46+00:00","dateModified":"2021-07-08T17:51:15+00:00","description":"Non seulement nous vous aidons \u00e0 d\u00e9velopper et \u00e0 acc\u00e9der \u00e0 votre projet, mais nos \u00e9quipes assurent \u00e9galement le confort et le repos de votre main-d\u2019\u0153uvre pendant qu\u2019elle travaille dans des conditions exigeantes.","breadcrumb":{"@id":"http:\/\/dexterra.jkmprojects.com\/fr\/qui-nous-servons\/energy-resources\/#breadcrumb"},"inLanguage":"fr-FR","potentialAction":[{"@type":"ReadAction","target":["http:\/\/dexterra.jkmprojects.com\/fr\/qui-nous-servons\/energy-resources\/"]}]},{"@type":"BreadcrumbList","@id":"http:\/\/dexterra.jkmprojects.com\/fr\/qui-nous-servons\/energy-resources\/#breadcrumb","itemListElement":[{"@type":"ListItem","position":1,"name":"Home","item":"https:\/\/dexterra.jkmprojects.com\/fr\/"},{"@type":"ListItem","position":2,"name":"Qui nous servons","item":"https:\/\/dexterra.jkmprojects.com\/fr\/qui-nous-servons\/"},{"@type":"ListItem","position":3,"name":"Energy &#038; Resources"}]}]}},"_links":{"self":[{"href":"http:\/\/dexterra.jkmprojects.com\/fr\/wp-json\/wp\/v2\/pages\/6702"}],"collection":[{"href":"http:\/\/dexterra.jkmprojects.com\/fr\/wp-json\/wp\/v2\/pages"}],"about":[{"href":"http:\/\/dexterra.jkmprojects.com\/fr\/wp-json\/wp\/v2\/types\/page"}],"author":[{"embeddable":true,"href":"http:\/\/dexterra.jkmprojects.com\/fr\/wp-json\/wp\/v2\/users\/8"}],"replies":[{"embeddable":true,"href":"http:\/\/dexterra.jkmprojects.com\/fr\/wp-json\/wp\/v2\/comments?post=6702"}],"version-history":[{"count":25,"href":"http:\/\/dexterra.jkmprojects.com\/fr\/wp-json\/wp\/v2\/pages\/6702\/revisions"}],"predecessor-version":[{"id":7854,"href":"http:\/\/dexterra.jkmprojects.com\/fr\/wp-json\/wp\/v2\/pages\/6702\/revisions\/7854"}],"up":[{"embeddable":true,"href":"http:\/\/dexterra.jkmprojects.com\/fr\/wp-json\/wp\/v2\/pages\/6292"}],"wp:attachment":[{"href":"http:\/\/dexterra.jkmprojects.com\/fr\/wp-json\/wp\/v2\/media?parent=6702"}],"curies":[{"name":"wp","href":"https:\/\/api.w.org\/{rel}","templated":true}]}}