{"id":6789,"date":"2021-01-08T21:21:36","date_gmt":"2021-01-08T21:21:36","guid":{"rendered":"http:\/\/dexterra2020.jkmprojects.com\/who-we-serve\/healthcare-wellbeing\/"},"modified":"2022-04-25T19:03:55","modified_gmt":"2022-04-25T19:03:55","slug":"soins-de-sante-et-bien-etre","status":"publish","type":"page","link":"http:\/\/dexterra.jkmprojects.com\/fr\/qui-nous-servons\/soins-de-sante-et-bien-etre\/","title":{"rendered":"Soins de sant\u00e9 et bien-\u00eatre"},"content":{"rendered":"\t\t<div data-elementor-type=\"wp-page\" data-elementor-id=\"6789\" class=\"elementor elementor-6789 elementor-4362\">\n\t\t\t\t\t\t<div class=\"elementor-inner\">\n\t\t\t\t<div class=\"elementor-section-wrap\">\n\t\t\t\t\t\t\t\t\t<header class=\"elementor-section elementor-top-section elementor-element elementor-element-3009ca28 elementor-section-full_width elementor-section-height-default elementor-section-height-default\" data-id=\"3009ca28\" data-element_type=\"section\">\n\t\t\t\t\t\t<div class=\"elementor-container elementor-column-gap-default\">\n\t\t\t\t\t\t\t<div class=\"elementor-row\">\n\t\t\t\t\t<div class=\"elementor-column elementor-col-100 elementor-top-column elementor-element elementor-element-46172236\" data-id=\"46172236\" data-element_type=\"column\">\n\t\t\t<div class=\"elementor-column-wrap elementor-element-populated\">\n\t\t\t\t\t\t\t<div class=\"elementor-widget-wrap\">\n\t\t\t\t\t\t<div class=\"elementor-element elementor-element-6d2efcc4 elementor-widget elementor-widget-jk-pageheader\" data-id=\"6d2efcc4\" data-element_type=\"widget\" data-widget_type=\"jk-pageheader.default\">\n\t\t\t\t<div class=\"elementor-widget-container\">\n\t\t\t<header class=\"medium\"><div class=\"jkea_header\"><div class=\"jkea_header__contentwrap\"><div class=\"jkea_header__content\"><div class=\"title\"><h1>Soins de sant\u00e9 et <span class=\"orange\">bien-\u00eatre<\/span><\/h1><\/div><div class=\"text\"><p><\/p><\/div><\/div><\/div><div class=\"jkea_header__graphic\"><div class=\"featuredimage full\"><img src=\"https:\/\/dexterra.com\/wp-content\/uploads\/2021\/02\/Dexterra-Banner-2.4_Healthcare-1.png\" alt=\"Un b\u00e2timent du Stanton Territorial Hospital avec la marque Dexterra\"><\/div><div class=\"bars\"><div class=\"whiteslice\"><\/div><div class=\"dots\"><\/div><div class=\"greybar\"><\/div><div class=\"bluebar\"><\/div><\/div><div class=\"jkea_header__chevrons\"><div class=\"chevrons\"><div class=\"chevronbg\"><\/div><div class=\"dots\"><\/div><div class=\"greychevronshadow\"><div class=\"greychevron\"><\/div><\/div><div class=\"bluechevron\"><\/div><\/div><\/div><\/div><\/div><\/div><\/header>\t\t<\/div>\n\t\t\t\t<\/div>\n\t\t\t\t\t\t<\/div>\n\t\t\t\t\t<\/div>\n\t\t<\/div>\n\t\t\t\t\t\t\t\t<\/div>\n\t\t\t\t\t<\/div>\n\t\t<\/header>\n\t\t\t\t<section class=\"elementor-section elementor-top-section elementor-element elementor-element-2fc30072 keyline elementor-section-boxed elementor-section-height-default elementor-section-height-default\" data-id=\"2fc30072\" data-element_type=\"section\">\n\t\t\t\t\t\t<div class=\"elementor-container elementor-column-gap-default\">\n\t\t\t\t\t\t\t<div class=\"elementor-row\">\n\t\t\t\t\t<div class=\"elementor-column elementor-col-100 elementor-top-column elementor-element elementor-element-122c75b8\" data-id=\"122c75b8\" data-element_type=\"column\">\n\t\t\t<div class=\"elementor-column-wrap elementor-element-populated\">\n\t\t\t\t\t\t\t<div class=\"elementor-widget-wrap\">\n\t\t\t\t\t\t<div class=\"elementor-element elementor-element-4ab1d921 elementor-widget elementor-widget-jk-spacer\" data-id=\"4ab1d921\" data-element_type=\"widget\" data-widget_type=\"jk-spacer.default\">\n\t\t\t\t<div class=\"elementor-widget-container\">\n\t\t\t<div class=\"jkea_spacer_wrapper\"><div class=\"jkea_spacer\"><\/div><\/div>\t\t<\/div>\n\t\t\t\t<\/div>\n\t\t\t\t<div class=\"elementor-element elementor-element-6d13384e elementor-widget elementor-widget-jk-tabs\" data-id=\"6d13384e\" data-element_type=\"widget\" data-widget_type=\"jk-tabs.default\">\n\t\t\t\t<div class=\"elementor-widget-container\">\n\t\t\t<div class=\"jkea-tabs-section\"><div class=\"container\"><div class=\"jkea-tabs-title\"><h2>Travailler plus fort pour que les patients aillent mieux. <\/h2><\/div><div class=\"jkea-tabs-text\"><p><p><span style=\"font-weight: 400;\">Votre installation joue un r\u00f4le essentiel dans la fa\u00e7on dont vous prodiguez les soins. C\u2019est pourquoi vous voulez une bonne \u00e9quipe de gestion des installations derri\u00e8re vous. Dexterra Group sait comment g\u00e9rer la complexit\u00e9 et l\u2019urgence de la gestion des \u00e9tablissements de sant\u00e9, en donnant la priorit\u00e9 \u00e0 l\u2019int\u00e9grit\u00e9 des actifs, aux environnements sanitaires et \u00e0 l\u2019exp\u00e9rience globale des patients.<\/span><\/p><\/p><\/div><\/div><div class=\"jkea-tabs-tab-wrapper\"><div class=\"container\"><ul class=\"tabmenu\"><li class=\"tabitem active\" data-tabid=\"tab-83da281\"> Exp\u00e9rience de qualit\u00e9 pour les patients et les clients<\/li><li class=\"tabitem\" data-tabid=\"tab-e8e26db\">Optimisation des installations<\/li><li class=\"tabitem\" data-tabid=\"tab-0873514\">Installations d\u2019urgence<\/li><li class=\"tabitem\" data-tabid=\"tab-eaa44e9\">Expertise en soins de sant\u00e9<\/li><li class=\"tabactivemarker\"><\/li><\/ul><\/div><div class=\"tabcontent\"><div class=\"container\"><div class=\"tab active\" id=\"tab-83da281\"><div class=\"jkea_image\" style=\"background-image: url(https:\/\/dexterra.com\/wp-content\/uploads\/2021\/02\/AdobeStock_377951529_EDIT.jpg)\"><\/div><div class=\"jkea-tabcontent\" style=\"\"><div class=\"title\"> Exp\u00e9rience de qualit\u00e9 pour les patients et les clients<\/div><div class=\"text\" style=\"\"><p><span style=\"font-weight: 400;\">Nous savons que les environnements b\u00e2tis peuvent affecter les r\u00e9sultats de sant\u00e9 d\u2019un patient, et nous croyons que nous avons un r\u00f4le \u00e0 jouer. Qu\u2019il s\u2019agisse de la propret\u00e9, de l\u2019optimisation de l\u2019espace ou de syst\u00e8mes de b\u00e2timent bien exploit\u00e9s, nous concevons nos solutions de gestion des installations en tenant compte de l\u2019exp\u00e9rience des patients et des clients.<\/span><\/p><\/div><\/div><\/div><div class=\"tab\" id=\"tab-e8e26db\"><div class=\"jkea_image\" style=\"background-image: url(https:\/\/dexterra.com\/wp-content\/uploads\/2021\/02\/AdobeStock_381439942.jpg)\"><\/div><div class=\"jkea-tabcontent\" style=\"\"><div class=\"title\">Optimisation des installations<\/div><div class=\"text\" style=\"\"><p><span style=\"font-weight: 400;\">Nous comprenons que le fonctionnement des h\u00f4pitaux et des \u00e9tablissements de soins de sant\u00e9 est co\u00fbteux et qu\u2019aller au plus vite n\u2019est pas une option. C\u2019est pourquoi nous offrons une approche int\u00e9gr\u00e9e de la gestion des installations pour maintenir des normes \u00e9lev\u00e9es, tout en trouvant des gains d\u2019efficacit\u00e9 gr\u00e2ce \u00e0 des \u00e9conomies d\u2019\u00e9chelle. <\/span><\/p><\/div><\/div><\/div><div class=\"tab\" id=\"tab-0873514\"><div class=\"jkea_image\" style=\"background-image: url(https:\/\/dexterra.com\/wp-content\/uploads\/2021\/02\/AdobeStock_334611827.jpg)\"><\/div><div class=\"jkea-tabcontent\" style=\"\"><div class=\"title\">Installations d\u2019urgence<\/div><div class=\"text\" style=\"\"><p><span style=\"font-weight: 400;\">Pour les situations d\u2019urgence, lorsque la capacit\u00e9 est un probl\u00e8me ou lorsque des installations d\u2019essai sont n\u00e9cessaires imm\u00e9diatement, nous sommes l\u00e0. Gr\u00e2ce aux capacit\u00e9s de construction modulaires, nous pouvons construire, g\u00e9rer et aider le personnel des \u00e9tablissements d\u2019intervention rapide, des unit\u00e9s de soins de sant\u00e9 et d\u2019autres infrastructures.<\/span><\/p><\/div><\/div><\/div><div class=\"tab\" id=\"tab-eaa44e9\"><div class=\"jkea_image\" style=\"background-image: url(https:\/\/dexterra.com\/wp-content\/uploads\/2021\/02\/P7230298_EDIT.jpg)\"><\/div><div class=\"jkea-tabcontent\" style=\"\"><div class=\"title\">Expertise en soins de sant\u00e9<\/div><div class=\"text\" style=\"\"><p><span style=\"font-weight: 400;\">Dans un environnement critique, vous avez besoin des bons outils et des bonnes personnes, avec la bonne formation. Fortes de d\u00e9cennies d\u2019exp\u00e9rience dans des \u00e9tablissements de soins de sant\u00e9 cliniques et non cliniques, nos \u00e9quipes r\u00e9pondent \u00e0 toutes les normes et pratiques exemplaires en mati\u00e8re de sant\u00e9 et de s\u00e9curit\u00e9.<\/span><\/p><\/div><\/div><\/div><\/div><\/div><\/div>\t\t<\/div>\n\t\t\t\t<\/div>\n\t\t\t\t\t\t<\/div>\n\t\t\t\t\t<\/div>\n\t\t<\/div>\n\t\t\t\t\t\t\t\t<\/div>\n\t\t\t\t\t<\/div>\n\t\t<\/section>\n\t\t\t\t<section class=\"elementor-section elementor-top-section elementor-element elementor-element-2686f957 elementor-section-boxed elementor-section-height-default elementor-section-height-default\" data-id=\"2686f957\" data-element_type=\"section\">\n\t\t\t\t\t\t<div class=\"elementor-container elementor-column-gap-default\">\n\t\t\t\t\t\t\t<div class=\"elementor-row\">\n\t\t\t\t\t<div class=\"elementor-column elementor-col-100 elementor-top-column elementor-element elementor-element-5fee47a1\" data-id=\"5fee47a1\" data-element_type=\"column\">\n\t\t\t<div class=\"elementor-column-wrap elementor-element-populated\">\n\t\t\t\t\t\t\t<div class=\"elementor-widget-wrap\">\n\t\t\t\t\t\t<div class=\"elementor-element elementor-element-1ca1b328 elementor-widget elementor-widget-jk-spacer\" data-id=\"1ca1b328\" data-element_type=\"widget\" data-widget_type=\"jk-spacer.default\">\n\t\t\t\t<div class=\"elementor-widget-container\">\n\t\t\t<div class=\"jkea_spacer_wrapper\"><div class=\"jkea_spacer\"><\/div><\/div>\t\t<\/div>\n\t\t\t\t<\/div>\n\t\t\t\t\t\t<\/div>\n\t\t\t\t\t<\/div>\n\t\t<\/div>\n\t\t\t\t\t\t\t\t<\/div>\n\t\t\t\t\t<\/div>\n\t\t<\/section>\n\t\t\t\t<section class=\"elementor-section elementor-top-section elementor-element elementor-element-43141d79 elementor-section-full_width cta elementor-section-height-default elementor-section-height-default\" data-id=\"43141d79\" data-element_type=\"section\">\n\t\t\t\t\t\t<div class=\"elementor-container elementor-column-gap-default\">\n\t\t\t\t\t\t\t<div class=\"elementor-row\">\n\t\t\t\t\t<div class=\"elementor-column elementor-col-100 elementor-top-column elementor-element elementor-element-2f9b7ff0\" data-id=\"2f9b7ff0\" data-element_type=\"column\">\n\t\t\t<div class=\"elementor-column-wrap elementor-element-populated\">\n\t\t\t\t\t\t\t<div class=\"elementor-widget-wrap\">\n\t\t\t\t\t\t<div class=\"elementor-element elementor-element-4d0f376a elementor-widget elementor-widget-jk-cta-bar\" data-id=\"4d0f376a\" data-element_type=\"widget\" data-widget_type=\"jk-cta-bar.default\">\n\t\t\t\t<div class=\"elementor-widget-container\">\n\t\t\t<div class=\"jkea_cta-bar_wrapper\">\n            <div class=\"bars\"><div class=\"dots\"><\/div><div class=\"greybar\"><\/div><div class=\"bluebar\"><\/div><\/div>\n                <div class=\"jkea_cta-bar\">\n                    <div class=\"jkea_cta-bar_content\">\n                        <div class=\"jkea_title\">\n                    \t    <h2> Nous sommes l\u00e0 pour aider <\/h2>\n                    \t<\/div>\n                    \t<div class=\"jkea_text\">\n                    \t\t<p><span style=\"font-weight: 400;\">D\u00e9couvrez toutes les fa\u00e7ons dont nous pouvons aider votre entreprise. <\/span><\/p>\n                    \t<\/div><div class=\"jkea_button\">\n                    \t\t<a href=\"\/fr\/contact\" class=\"btn\">Contactez-nous<\/a>\n                    \t<\/div> <\/div>\n                    <\/div>\n                <\/div>\t\t<\/div>\n\t\t\t\t<\/div>\n\t\t\t\t\t\t<\/div>\n\t\t\t\t\t<\/div>\n\t\t<\/div>\n\t\t\t\t\t\t\t\t<\/div>\n\t\t\t\t\t<\/div>\n\t\t<\/section>\n\t\t\t\t\t\t\t\t\t<\/div>\n\t\t\t<\/div>\n\t\t\t\t\t<\/div>\n\t\t","protected":false},"excerpt":{"rendered":"<p>Soins de sant\u00e9 et bien-\u00eatre Travailler plus fort pour que les patients aillent mieux. Votre installation joue un r\u00f4le essentiel dans la fa\u00e7on dont vous prodiguez les soins. C\u2019est pourquoi vous voulez une bonne \u00e9quipe de gestion des installations derri\u00e8re vous. Dexterra Group sait comment g\u00e9rer la complexit\u00e9 et l\u2019urgence de la gestion des \u00e9tablissements [&hellip;]<\/p>\n","protected":false},"author":8,"featured_media":0,"parent":6292,"menu_order":0,"comment_status":"closed","ping_status":"closed","template":"","meta":[],"acf":[],"yoast_head":"<!-- This site is optimized with the Yoast SEO plugin v19.3 - https:\/\/yoast.com\/wordpress\/plugins\/seo\/ -->\n<title>Soins de sant\u00e9 et bien-\u00eatre | Dexterra Group<\/title>\n<meta name=\"description\" content=\"Nous g\u00e9rons la complexit\u00e9 et l\u2019urgence de la gestion des \u00e9tablissements de sant\u00e9, en donnant la priorit\u00e9 \u00e0 l\u2019int\u00e9grit\u00e9 des actifs, aux environnements sanitaires et \u00e0 l\u2019exp\u00e9rience globale des patients.\" \/>\n<meta name=\"robots\" content=\"noindex, follow\" \/>\n<meta property=\"og:locale\" content=\"fr_FR\" \/>\n<meta property=\"og:type\" content=\"article\" \/>\n<meta property=\"og:title\" content=\"Soins de sant\u00e9 et bien-\u00eatre | Dexterra Group\" \/>\n<meta property=\"og:description\" content=\"Nous g\u00e9rons la complexit\u00e9 et l\u2019urgence de la gestion des \u00e9tablissements de sant\u00e9, en donnant la priorit\u00e9 \u00e0 l\u2019int\u00e9grit\u00e9 des actifs, aux environnements sanitaires et \u00e0 l\u2019exp\u00e9rience globale des patients.\" \/>\n<meta property=\"og:url\" content=\"http:\/\/dexterra.jkmprojects.com\/fr\/qui-nous-servons\/soins-de-sante-et-bien-etre\/\" \/>\n<meta property=\"og:site_name\" content=\"Dexterra\" \/>\n<meta property=\"article:modified_time\" content=\"2022-04-25T19:03:55+00:00\" \/>\n<meta property=\"og:image\" content=\"https:\/\/dexterra.com\/wp-content\/uploads\/2021\/02\/Dexterra-Banner-2.4_Healthcare-1.png\" \/>\n<meta name=\"twitter:card\" content=\"summary_large_image\" \/>\n<meta name=\"twitter:label1\" content=\"Dur\u00e9e de lecture estim\u00e9e\" \/>\n\t<meta name=\"twitter:data1\" content=\"2 minutes\" \/>\n<script type=\"application\/ld+json\" class=\"yoast-schema-graph\">{\"@context\":\"https:\/\/schema.org\",\"@graph\":[{\"@type\":\"Organization\",\"@id\":\"https:\/\/dexterra.jkmprojects.com\/#organization\",\"name\":\"Dexterra Group\",\"url\":\"https:\/\/dexterra.jkmprojects.com\/\",\"sameAs\":[],\"logo\":{\"@type\":\"ImageObject\",\"inLanguage\":\"fr-FR\",\"@id\":\"https:\/\/dexterra.jkmprojects.com\/#\/schema\/logo\/image\/\",\"url\":\"https:\/\/dexterra.jkmprojects.com\/wp-content\/uploads\/2020\/11\/DexterraGroupLogo-1.png\",\"contentUrl\":\"https:\/\/dexterra.jkmprojects.com\/wp-content\/uploads\/2020\/11\/DexterraGroupLogo-1.png\",\"width\":302,\"height\":144,\"caption\":\"Dexterra Group\"},\"image\":{\"@id\":\"https:\/\/dexterra.jkmprojects.com\/#\/schema\/logo\/image\/\"}},{\"@type\":\"WebSite\",\"@id\":\"https:\/\/dexterra.jkmprojects.com\/#website\",\"url\":\"https:\/\/dexterra.jkmprojects.com\/\",\"name\":\"Dexterra\",\"description\":\"\",\"publisher\":{\"@id\":\"https:\/\/dexterra.jkmprojects.com\/#organization\"},\"potentialAction\":[{\"@type\":\"SearchAction\",\"target\":{\"@type\":\"EntryPoint\",\"urlTemplate\":\"https:\/\/dexterra.jkmprojects.com\/?s={search_term_string}\"},\"query-input\":\"required name=search_term_string\"}],\"inLanguage\":\"fr-FR\"},{\"@type\":\"ImageObject\",\"inLanguage\":\"fr-FR\",\"@id\":\"http:\/\/dexterra.jkmprojects.com\/fr\/qui-nous-servons\/soins-de-sante-et-bien-etre\/#primaryimage\",\"url\":\"https:\/\/dexterra.com\/wp-content\/uploads\/2021\/02\/Dexterra-Banner-2.4_Healthcare-1.png\",\"contentUrl\":\"https:\/\/dexterra.com\/wp-content\/uploads\/2021\/02\/Dexterra-Banner-2.4_Healthcare-1.png\"},{\"@type\":\"WebPage\",\"@id\":\"http:\/\/dexterra.jkmprojects.com\/fr\/qui-nous-servons\/soins-de-sante-et-bien-etre\/\",\"url\":\"http:\/\/dexterra.jkmprojects.com\/fr\/qui-nous-servons\/soins-de-sante-et-bien-etre\/\",\"name\":\"Soins de sant\u00e9 et bien-\u00eatre | Dexterra Group\",\"isPartOf\":{\"@id\":\"https:\/\/dexterra.jkmprojects.com\/#website\"},\"primaryImageOfPage\":{\"@id\":\"http:\/\/dexterra.jkmprojects.com\/fr\/qui-nous-servons\/soins-de-sante-et-bien-etre\/#primaryimage\"},\"datePublished\":\"2021-01-08T21:21:36+00:00\",\"dateModified\":\"2022-04-25T19:03:55+00:00\",\"description\":\"Nous g\u00e9rons la complexit\u00e9 et l\u2019urgence de la gestion des \u00e9tablissements de sant\u00e9, en donnant la priorit\u00e9 \u00e0 l\u2019int\u00e9grit\u00e9 des actifs, aux environnements sanitaires et \u00e0 l\u2019exp\u00e9rience globale des patients.\",\"breadcrumb\":{\"@id\":\"http:\/\/dexterra.jkmprojects.com\/fr\/qui-nous-servons\/soins-de-sante-et-bien-etre\/#breadcrumb\"},\"inLanguage\":\"fr-FR\",\"potentialAction\":[{\"@type\":\"ReadAction\",\"target\":[\"http:\/\/dexterra.jkmprojects.com\/fr\/qui-nous-servons\/soins-de-sante-et-bien-etre\/\"]}]},{\"@type\":\"BreadcrumbList\",\"@id\":\"http:\/\/dexterra.jkmprojects.com\/fr\/qui-nous-servons\/soins-de-sante-et-bien-etre\/#breadcrumb\",\"itemListElement\":[{\"@type\":\"ListItem\",\"position\":1,\"name\":\"Home\",\"item\":\"https:\/\/dexterra.jkmprojects.com\/fr\/\"},{\"@type\":\"ListItem\",\"position\":2,\"name\":\"Qui nous servons\",\"item\":\"https:\/\/dexterra.jkmprojects.com\/fr\/qui-nous-servons\/\"},{\"@type\":\"ListItem\",\"position\":3,\"name\":\"Soins de sant\u00e9 et bien-\u00eatre\"}]}]}<\/script>\n<!-- \/ Yoast SEO plugin. -->","yoast_head_json":{"title":"Soins de sant\u00e9 et bien-\u00eatre | Dexterra Group","description":"Nous g\u00e9rons la complexit\u00e9 et l\u2019urgence de la gestion des \u00e9tablissements de sant\u00e9, en donnant la priorit\u00e9 \u00e0 l\u2019int\u00e9grit\u00e9 des actifs, aux environnements sanitaires et \u00e0 l\u2019exp\u00e9rience globale des patients.","robots":{"index":"noindex","follow":"follow"},"og_locale":"fr_FR","og_type":"article","og_title":"Soins de sant\u00e9 et bien-\u00eatre | Dexterra Group","og_description":"Nous g\u00e9rons la complexit\u00e9 et l\u2019urgence de la gestion des \u00e9tablissements de sant\u00e9, en donnant la priorit\u00e9 \u00e0 l\u2019int\u00e9grit\u00e9 des actifs, aux environnements sanitaires et \u00e0 l\u2019exp\u00e9rience globale des patients.","og_url":"http:\/\/dexterra.jkmprojects.com\/fr\/qui-nous-servons\/soins-de-sante-et-bien-etre\/","og_site_name":"Dexterra","article_modified_time":"2022-04-25T19:03:55+00:00","og_image":[{"url":"https:\/\/dexterra.com\/wp-content\/uploads\/2021\/02\/Dexterra-Banner-2.4_Healthcare-1.png"}],"twitter_card":"summary_large_image","twitter_misc":{"Dur\u00e9e de lecture estim\u00e9e":"2 minutes"},"schema":{"@context":"https:\/\/schema.org","@graph":[{"@type":"Organization","@id":"https:\/\/dexterra.jkmprojects.com\/#organization","name":"Dexterra Group","url":"https:\/\/dexterra.jkmprojects.com\/","sameAs":[],"logo":{"@type":"ImageObject","inLanguage":"fr-FR","@id":"https:\/\/dexterra.jkmprojects.com\/#\/schema\/logo\/image\/","url":"https:\/\/dexterra.jkmprojects.com\/wp-content\/uploads\/2020\/11\/DexterraGroupLogo-1.png","contentUrl":"https:\/\/dexterra.jkmprojects.com\/wp-content\/uploads\/2020\/11\/DexterraGroupLogo-1.png","width":302,"height":144,"caption":"Dexterra Group"},"image":{"@id":"https:\/\/dexterra.jkmprojects.com\/#\/schema\/logo\/image\/"}},{"@type":"WebSite","@id":"https:\/\/dexterra.jkmprojects.com\/#website","url":"https:\/\/dexterra.jkmprojects.com\/","name":"Dexterra","description":"","publisher":{"@id":"https:\/\/dexterra.jkmprojects.com\/#organization"},"potentialAction":[{"@type":"SearchAction","target":{"@type":"EntryPoint","urlTemplate":"https:\/\/dexterra.jkmprojects.com\/?s={search_term_string}"},"query-input":"required name=search_term_string"}],"inLanguage":"fr-FR"},{"@type":"ImageObject","inLanguage":"fr-FR","@id":"http:\/\/dexterra.jkmprojects.com\/fr\/qui-nous-servons\/soins-de-sante-et-bien-etre\/#primaryimage","url":"https:\/\/dexterra.com\/wp-content\/uploads\/2021\/02\/Dexterra-Banner-2.4_Healthcare-1.png","contentUrl":"https:\/\/dexterra.com\/wp-content\/uploads\/2021\/02\/Dexterra-Banner-2.4_Healthcare-1.png"},{"@type":"WebPage","@id":"http:\/\/dexterra.jkmprojects.com\/fr\/qui-nous-servons\/soins-de-sante-et-bien-etre\/","url":"http:\/\/dexterra.jkmprojects.com\/fr\/qui-nous-servons\/soins-de-sante-et-bien-etre\/","name":"Soins de sant\u00e9 et bien-\u00eatre | Dexterra Group","isPartOf":{"@id":"https:\/\/dexterra.jkmprojects.com\/#website"},"primaryImageOfPage":{"@id":"http:\/\/dexterra.jkmprojects.com\/fr\/qui-nous-servons\/soins-de-sante-et-bien-etre\/#primaryimage"},"datePublished":"2021-01-08T21:21:36+00:00","dateModified":"2022-04-25T19:03:55+00:00","description":"Nous g\u00e9rons la complexit\u00e9 et l\u2019urgence de la gestion des \u00e9tablissements de sant\u00e9, en donnant la priorit\u00e9 \u00e0 l\u2019int\u00e9grit\u00e9 des actifs, aux environnements sanitaires et \u00e0 l\u2019exp\u00e9rience globale des patients.","breadcrumb":{"@id":"http:\/\/dexterra.jkmprojects.com\/fr\/qui-nous-servons\/soins-de-sante-et-bien-etre\/#breadcrumb"},"inLanguage":"fr-FR","potentialAction":[{"@type":"ReadAction","target":["http:\/\/dexterra.jkmprojects.com\/fr\/qui-nous-servons\/soins-de-sante-et-bien-etre\/"]}]},{"@type":"BreadcrumbList","@id":"http:\/\/dexterra.jkmprojects.com\/fr\/qui-nous-servons\/soins-de-sante-et-bien-etre\/#breadcrumb","itemListElement":[{"@type":"ListItem","position":1,"name":"Home","item":"https:\/\/dexterra.jkmprojects.com\/fr\/"},{"@type":"ListItem","position":2,"name":"Qui nous servons","item":"https:\/\/dexterra.jkmprojects.com\/fr\/qui-nous-servons\/"},{"@type":"ListItem","position":3,"name":"Soins de sant\u00e9 et bien-\u00eatre"}]}]}},"_links":{"self":[{"href":"http:\/\/dexterra.jkmprojects.com\/fr\/wp-json\/wp\/v2\/pages\/6789"}],"collection":[{"href":"http:\/\/dexterra.jkmprojects.com\/fr\/wp-json\/wp\/v2\/pages"}],"about":[{"href":"http:\/\/dexterra.jkmprojects.com\/fr\/wp-json\/wp\/v2\/types\/page"}],"author":[{"embeddable":true,"href":"http:\/\/dexterra.jkmprojects.com\/fr\/wp-json\/wp\/v2\/users\/8"}],"replies":[{"embeddable":true,"href":"http:\/\/dexterra.jkmprojects.com\/fr\/wp-json\/wp\/v2\/comments?post=6789"}],"version-history":[{"count":49,"href":"http:\/\/dexterra.jkmprojects.com\/fr\/wp-json\/wp\/v2\/pages\/6789\/revisions"}],"predecessor-version":[{"id":9307,"href":"http:\/\/dexterra.jkmprojects.com\/fr\/wp-json\/wp\/v2\/pages\/6789\/revisions\/9307"}],"up":[{"embeddable":true,"href":"http:\/\/dexterra.jkmprojects.com\/fr\/wp-json\/wp\/v2\/pages\/6292"}],"wp:attachment":[{"href":"http:\/\/dexterra.jkmprojects.com\/fr\/wp-json\/wp\/v2\/media?parent=6789"}],"curies":[{"name":"wp","href":"https:\/\/api.w.org\/{rel}","templated":true}]}}