{"id":6808,"date":"2021-01-08T21:34:15","date_gmt":"2021-01-08T21:34:15","guid":{"rendered":"http:\/\/dexterra2020.jkmprojects.com\/who-we-serve\/retail\/"},"modified":"2021-07-16T00:44:58","modified_gmt":"2021-07-16T00:44:58","slug":"vente-au-detail","status":"publish","type":"page","link":"http:\/\/dexterra.jkmprojects.com\/fr\/qui-nous-servons\/vente-au-detail\/","title":{"rendered":"Vente au d\u00e9tail"},"content":{"rendered":"\t\t<div data-elementor-type=\"wp-page\" data-elementor-id=\"6808\" class=\"elementor elementor-6808 elementor-4393\">\n\t\t\t\t\t\t<div class=\"elementor-inner\">\n\t\t\t\t<div class=\"elementor-section-wrap\">\n\t\t\t\t\t\t\t\t\t<header class=\"elementor-section elementor-top-section elementor-element elementor-element-5abffd06 elementor-section-full_width elementor-section-height-default elementor-section-height-default\" data-id=\"5abffd06\" data-element_type=\"section\">\n\t\t\t\t\t\t<div class=\"elementor-container elementor-column-gap-default\">\n\t\t\t\t\t\t\t<div class=\"elementor-row\">\n\t\t\t\t\t<div class=\"elementor-column elementor-col-100 elementor-top-column elementor-element elementor-element-3943f840\" data-id=\"3943f840\" data-element_type=\"column\">\n\t\t\t<div class=\"elementor-column-wrap elementor-element-populated\">\n\t\t\t\t\t\t\t<div class=\"elementor-widget-wrap\">\n\t\t\t\t\t\t<div class=\"elementor-element elementor-element-324ae151 elementor-widget elementor-widget-jk-pageheader\" data-id=\"324ae151\" data-element_type=\"widget\" data-widget_type=\"jk-pageheader.default\">\n\t\t\t\t<div class=\"elementor-widget-container\">\n\t\t\t<header class=\"medium\"><div class=\"jkea_header\"><div class=\"jkea_header__contentwrap\"><div class=\"jkea_header__content\"><div class=\"title\"><h1>Vente au d\u00e9tail<\/h1><\/div><div class=\"text\"><p><\/p><\/div><\/div><\/div><div class=\"jkea_header__graphic\"><div class=\"featuredimage full\"><img src=\"https:\/\/dexterra.com\/wp-content\/uploads\/2021\/02\/Dexterra-Banner-2.6_Retail-1.png\" alt=\"Une vue centrale d\u2019un centre commercial int\u00e9rieur avec des escaliers m\u00e9caniques et la marque Dexterra sur le dessus\"><\/div><div class=\"bars\"><div class=\"whiteslice\"><\/div><div class=\"dots\"><\/div><div class=\"greybar\"><\/div><div class=\"bluebar\"><\/div><\/div><div class=\"jkea_header__chevrons\"><div class=\"chevrons\"><div class=\"chevronbg\"><\/div><div class=\"dots\"><\/div><div class=\"greychevronshadow\"><div class=\"greychevron\"><\/div><\/div><div class=\"bluechevron\"><\/div><\/div><\/div><\/div><\/div><\/div><\/header>\t\t<\/div>\n\t\t\t\t<\/div>\n\t\t\t\t\t\t<\/div>\n\t\t\t\t\t<\/div>\n\t\t<\/div>\n\t\t\t\t\t\t\t\t<\/div>\n\t\t\t\t\t<\/div>\n\t\t<\/header>\n\t\t\t\t<section class=\"elementor-section elementor-top-section elementor-element elementor-element-26cb0a2e keyline elementor-section-boxed elementor-section-height-default elementor-section-height-default\" data-id=\"26cb0a2e\" data-element_type=\"section\">\n\t\t\t\t\t\t<div class=\"elementor-container elementor-column-gap-default\">\n\t\t\t\t\t\t\t<div class=\"elementor-row\">\n\t\t\t\t\t<div class=\"elementor-column elementor-col-100 elementor-top-column elementor-element elementor-element-30b452a4\" data-id=\"30b452a4\" data-element_type=\"column\">\n\t\t\t<div class=\"elementor-column-wrap elementor-element-populated\">\n\t\t\t\t\t\t\t<div class=\"elementor-widget-wrap\">\n\t\t\t\t\t\t<div class=\"elementor-element elementor-element-24ccbf67 elementor-widget elementor-widget-jk-spacer\" data-id=\"24ccbf67\" data-element_type=\"widget\" data-widget_type=\"jk-spacer.default\">\n\t\t\t\t<div class=\"elementor-widget-container\">\n\t\t\t<div class=\"jkea_spacer_wrapper\"><div class=\"jkea_spacer\"><\/div><\/div>\t\t<\/div>\n\t\t\t\t<\/div>\n\t\t\t\t<div class=\"elementor-element elementor-element-344b15ed elementor-widget elementor-widget-jk-tabs\" data-id=\"344b15ed\" data-element_type=\"widget\" data-widget_type=\"jk-tabs.default\">\n\t\t\t\t<div class=\"elementor-widget-container\">\n\t\t\t<div class=\"jkea-tabs-section\"><div class=\"container\"><div class=\"jkea-tabs-title\"><h2>Cr\u00e9er un espace accueillant<\/h2><\/div><div class=\"jkea-tabs-text\"><p><p><span style=\"font-weight: 400;\">Le secteur de la vente au d\u00e9tail est un secteur stimulant, mais exigeant. L\u2019exp\u00e9rience client est extr\u00eamement importante, mais les marges de produits font de la rentabilit\u00e9 une v\u00e9ritable priorit\u00e9. Chez Dexterra Group, nous sommes des experts pour atteindre cet \u00e9quilibre. Qu\u2019il s\u2019agisse d\u2019un centre commercial, d\u2019une succursale de franchise ou d\u2019une boutique ind\u00e9pendante, nos solutions optimisent votre espace et cr\u00e9ent une atmosph\u00e8re accueillante tout en respectant votre budget.\u00a0\u00a0<\/span><\/p><\/p><\/div><\/div><div class=\"jkea-tabs-tab-wrapper\"><div class=\"container\"><ul class=\"tabmenu\"><li class=\"tabitem active\" data-tabid=\"tab-83da281\"> Une chose. Ou tout. <\/li><li class=\"tabitem\" data-tabid=\"tab-6f42608\">Exp\u00e9rience client<\/li><li class=\"tabitem\" data-tabid=\"tab-8bc7b93\">Expertise <\/li><li class=\"tabitem\" data-tabid=\"tab-99667ef\">Solutions modulaires<\/li><li class=\"tabactivemarker\"><\/li><\/ul><\/div><div class=\"tabcontent\"><div class=\"container\"><div class=\"tab active\" id=\"tab-83da281\"><div class=\"jkea_image\" style=\"background-image: url(https:\/\/dexterra.com\/wp-content\/uploads\/2021\/02\/Merisol-Paralta_EDIT.jpg)\"><\/div><div class=\"jkea-tabcontent\" style=\"\"><div class=\"title\"> Une chose. Ou tout. <\/div><div class=\"text\" style=\"\"><p><span style=\"font-weight: 400;\">Que vous ayez besoin d\u2019une r\u00e9paration impromptue \u00e0 3 h du matin, d\u2019un nettoyage r\u00e9gulier ou d\u2019une gestion int\u00e9gr\u00e9e des installations, nous sommes l\u00e0 pour vous aider. Nous offrons une gamme de services pour r\u00e9pondre \u00e0 vos besoins en mati\u00e8re de budget et d\u2019installations.<\/span><\/p><\/div><\/div><\/div><div class=\"tab\" id=\"tab-6f42608\"><div class=\"jkea_image\" style=\"background-image: url(https:\/\/dexterra.com\/wp-content\/uploads\/2021\/02\/GettyImages-876507592.jpg)\"><\/div><div class=\"jkea-tabcontent\" style=\"\"><div class=\"title\">Exp\u00e9rience client<\/div><div class=\"text\" style=\"\"><p><span style=\"font-weight: 400;\">Vos clients sont irrempla\u00e7ables. C\u2019est pourquoi nos services de vente au d\u00e9tail sont con\u00e7us pour am\u00e9liorer leur exp\u00e9rience. Cela signifie avoir un personnel amical, minimiser les perturbations, maintenir un espace propre et m\u00eame concevoir votre espace pour une circulation optimale.<\/span><\/p><\/div><\/div><\/div><div class=\"tab\" id=\"tab-8bc7b93\"><div class=\"jkea_image\" style=\"background-image: url(https:\/\/dexterra.com\/wp-content\/uploads\/2021\/02\/Edmonton-City-Centre_Interior1_Shopping.jpg)\"><\/div><div class=\"jkea-tabcontent\" style=\"\"><div class=\"title\">Expertise <\/div><div class=\"text\" style=\"\"><p><span style=\"font-weight: 400;\">Dexterra est dans la vente au d\u00e9tail depuis des d\u00e9cennies. Nous g\u00e9rons certains des plus grands centres commerciaux du Canada et les plus petits d\u00e9panneurs, et nous comprenons les nuances de chacun. Nous comptons sur cette exp\u00e9rience lorsque nous travaillons avec nos clients pour tester de nouveaux produits et services qui am\u00e9liorent votre installation.<\/span><\/p><\/div><\/div><\/div><div class=\"tab\" id=\"tab-99667ef\"><div class=\"jkea_image\" style=\"background-image: url(https:\/\/dexterra.com\/wp-content\/uploads\/2021\/02\/Stationwest-Sales-03.jpg)\"><\/div><div class=\"jkea-tabcontent\" style=\"\"><div class=\"title\">Solutions modulaires<\/div><div class=\"text\" style=\"\"><p><span style=\"font-weight: 400;\">Lorsque vous avez besoin d\u2019une construction de qualit\u00e9 en moins de temps, nous avons la capacit\u00e9 de concevoir, fabriquer et installer des b\u00e2timents de vente au d\u00e9tail. Nos b\u00e2timents modulaires offrent une plus grande certitude de projet et moins de perturbations; c\u2019est une approche id\u00e9ale pour les franchises hautement normalis\u00e9es.<\/span><\/p><\/div><\/div><\/div><\/div><\/div><\/div>\t\t<\/div>\n\t\t\t\t<\/div>\n\t\t\t\t\t\t<\/div>\n\t\t\t\t\t<\/div>\n\t\t<\/div>\n\t\t\t\t\t\t\t\t<\/div>\n\t\t\t\t\t<\/div>\n\t\t<\/section>\n\t\t\t\t<section class=\"elementor-section elementor-top-section elementor-element elementor-element-685ab6f5 elementor-section-boxed elementor-section-height-default elementor-section-height-default\" data-id=\"685ab6f5\" data-element_type=\"section\">\n\t\t\t\t\t\t<div class=\"elementor-container elementor-column-gap-default\">\n\t\t\t\t\t\t\t<div class=\"elementor-row\">\n\t\t\t\t\t<div class=\"elementor-column elementor-col-100 elementor-top-column elementor-element elementor-element-64df8f96\" data-id=\"64df8f96\" data-element_type=\"column\">\n\t\t\t<div class=\"elementor-column-wrap elementor-element-populated\">\n\t\t\t\t\t\t\t<div class=\"elementor-widget-wrap\">\n\t\t\t\t\t\t<div class=\"elementor-element elementor-element-9f72645 elementor-widget elementor-widget-jk-spacer\" data-id=\"9f72645\" data-element_type=\"widget\" data-widget_type=\"jk-spacer.default\">\n\t\t\t\t<div class=\"elementor-widget-container\">\n\t\t\t<div class=\"jkea_spacer_wrapper\"><div class=\"jkea_spacer\"><\/div><\/div>\t\t<\/div>\n\t\t\t\t<\/div>\n\t\t\t\t\t\t<\/div>\n\t\t\t\t\t<\/div>\n\t\t<\/div>\n\t\t\t\t\t\t\t\t<\/div>\n\t\t\t\t\t<\/div>\n\t\t<\/section>\n\t\t\t\t<section class=\"elementor-section elementor-top-section elementor-element elementor-element-fdbe03e elementor-section-full_width cta elementor-section-height-default elementor-section-height-default\" data-id=\"fdbe03e\" data-element_type=\"section\">\n\t\t\t\t\t\t<div class=\"elementor-container elementor-column-gap-default\">\n\t\t\t\t\t\t\t<div class=\"elementor-row\">\n\t\t\t\t\t<div class=\"elementor-column elementor-col-100 elementor-top-column elementor-element elementor-element-6b4e312\" data-id=\"6b4e312\" data-element_type=\"column\">\n\t\t\t<div class=\"elementor-column-wrap elementor-element-populated\">\n\t\t\t\t\t\t\t<div class=\"elementor-widget-wrap\">\n\t\t\t\t\t\t<div class=\"elementor-element elementor-element-1647fd3d elementor-widget elementor-widget-jk-cta-bar\" data-id=\"1647fd3d\" data-element_type=\"widget\" data-widget_type=\"jk-cta-bar.default\">\n\t\t\t\t<div class=\"elementor-widget-container\">\n\t\t\t<div class=\"jkea_cta-bar_wrapper\">\n            <div class=\"bars\"><div class=\"dots\"><\/div><div class=\"greybar\"><\/div><div class=\"bluebar\"><\/div><\/div>\n                <div class=\"jkea_cta-bar\">\n                    <div class=\"jkea_cta-bar_content\">\n                        <div class=\"jkea_title\">\n                    \t    <h2> Nous sommes l\u00e0 pour aider <\/h2>\n                    \t<\/div>\n                    \t<div class=\"jkea_text\">\n                    \t\t<p><span style=\"font-weight: 400;\">D\u00e9couvrez toutes les fa\u00e7ons dont nous pouvons aider votre entreprise.\u00a0<\/span><\/p>\n                    \t<\/div><div class=\"jkea_button\">\n                    \t\t<a href=\"\/contact\" class=\"btn\">Contactez-nous<\/a>\n                    \t<\/div> <\/div>\n                    <\/div>\n                <\/div>\t\t<\/div>\n\t\t\t\t<\/div>\n\t\t\t\t\t\t<\/div>\n\t\t\t\t\t<\/div>\n\t\t<\/div>\n\t\t\t\t\t\t\t\t<\/div>\n\t\t\t\t\t<\/div>\n\t\t<\/section>\n\t\t\t\t\t\t\t\t\t<\/div>\n\t\t\t<\/div>\n\t\t\t\t\t<\/div>\n\t\t","protected":false},"excerpt":{"rendered":"<p>Vente au d\u00e9tail Cr\u00e9er un espace accueillant Le secteur de la vente au d\u00e9tail est un secteur stimulant, mais exigeant. L\u2019exp\u00e9rience client est extr\u00eamement importante, mais les marges de produits font de la rentabilit\u00e9 une v\u00e9ritable priorit\u00e9. Chez Dexterra Group, nous sommes des experts pour atteindre cet \u00e9quilibre. Qu\u2019il s\u2019agisse d\u2019un centre commercial, d\u2019une succursale [&hellip;]<\/p>\n","protected":false},"author":8,"featured_media":0,"parent":6292,"menu_order":0,"comment_status":"closed","ping_status":"closed","template":"","meta":[],"acf":[],"yoast_head":"<!-- This site is optimized with the Yoast SEO plugin v19.3 - https:\/\/yoast.com\/wordpress\/plugins\/seo\/ -->\n<title>Vente au d\u00e9tail | Dexterra Group<\/title>\n<meta name=\"description\" content=\"Qu\u2019il s\u2019agisse d\u2019un centre commercial, d\u2019une succursale de franchise ou d\u2019une boutique ind\u00e9pendante, nos solutions optimisent votre espace et cr\u00e9ent une atmosph\u00e8re accueillante tout en respectant votre budget.\" \/>\n<meta name=\"robots\" content=\"noindex, follow\" \/>\n<meta property=\"og:locale\" content=\"fr_FR\" \/>\n<meta property=\"og:type\" content=\"article\" \/>\n<meta property=\"og:title\" content=\"Vente au d\u00e9tail | Dexterra Group\" \/>\n<meta property=\"og:description\" content=\"Qu\u2019il s\u2019agisse d\u2019un centre commercial, d\u2019une succursale de franchise ou d\u2019une boutique ind\u00e9pendante, nos solutions optimisent votre espace et cr\u00e9ent une atmosph\u00e8re accueillante tout en respectant votre budget.\" \/>\n<meta property=\"og:url\" content=\"http:\/\/dexterra.jkmprojects.com\/fr\/qui-nous-servons\/vente-au-detail\/\" \/>\n<meta property=\"og:site_name\" content=\"Dexterra\" \/>\n<meta property=\"article:modified_time\" content=\"2021-07-16T00:44:58+00:00\" \/>\n<meta property=\"og:image\" content=\"https:\/\/dexterra.com\/wp-content\/uploads\/2021\/02\/Dexterra-Banner-2.6_Retail-1.png\" \/>\n<meta name=\"twitter:card\" content=\"summary_large_image\" \/>\n<meta name=\"twitter:label1\" content=\"Dur\u00e9e de lecture estim\u00e9e\" \/>\n\t<meta name=\"twitter:data1\" content=\"2 minutes\" \/>\n<script type=\"application\/ld+json\" class=\"yoast-schema-graph\">{\"@context\":\"https:\/\/schema.org\",\"@graph\":[{\"@type\":\"Organization\",\"@id\":\"https:\/\/dexterra.jkmprojects.com\/#organization\",\"name\":\"Dexterra Group\",\"url\":\"https:\/\/dexterra.jkmprojects.com\/\",\"sameAs\":[],\"logo\":{\"@type\":\"ImageObject\",\"inLanguage\":\"fr-FR\",\"@id\":\"https:\/\/dexterra.jkmprojects.com\/#\/schema\/logo\/image\/\",\"url\":\"https:\/\/dexterra.jkmprojects.com\/wp-content\/uploads\/2020\/11\/DexterraGroupLogo-1.png\",\"contentUrl\":\"https:\/\/dexterra.jkmprojects.com\/wp-content\/uploads\/2020\/11\/DexterraGroupLogo-1.png\",\"width\":302,\"height\":144,\"caption\":\"Dexterra Group\"},\"image\":{\"@id\":\"https:\/\/dexterra.jkmprojects.com\/#\/schema\/logo\/image\/\"}},{\"@type\":\"WebSite\",\"@id\":\"https:\/\/dexterra.jkmprojects.com\/#website\",\"url\":\"https:\/\/dexterra.jkmprojects.com\/\",\"name\":\"Dexterra\",\"description\":\"\",\"publisher\":{\"@id\":\"https:\/\/dexterra.jkmprojects.com\/#organization\"},\"potentialAction\":[{\"@type\":\"SearchAction\",\"target\":{\"@type\":\"EntryPoint\",\"urlTemplate\":\"https:\/\/dexterra.jkmprojects.com\/?s={search_term_string}\"},\"query-input\":\"required name=search_term_string\"}],\"inLanguage\":\"fr-FR\"},{\"@type\":\"ImageObject\",\"inLanguage\":\"fr-FR\",\"@id\":\"http:\/\/dexterra.jkmprojects.com\/fr\/qui-nous-servons\/vente-au-detail\/#primaryimage\",\"url\":\"https:\/\/dexterra.com\/wp-content\/uploads\/2021\/02\/Dexterra-Banner-2.6_Retail-1.png\",\"contentUrl\":\"https:\/\/dexterra.com\/wp-content\/uploads\/2021\/02\/Dexterra-Banner-2.6_Retail-1.png\"},{\"@type\":\"WebPage\",\"@id\":\"http:\/\/dexterra.jkmprojects.com\/fr\/qui-nous-servons\/vente-au-detail\/\",\"url\":\"http:\/\/dexterra.jkmprojects.com\/fr\/qui-nous-servons\/vente-au-detail\/\",\"name\":\"Vente au d\u00e9tail | Dexterra Group\",\"isPartOf\":{\"@id\":\"https:\/\/dexterra.jkmprojects.com\/#website\"},\"primaryImageOfPage\":{\"@id\":\"http:\/\/dexterra.jkmprojects.com\/fr\/qui-nous-servons\/vente-au-detail\/#primaryimage\"},\"datePublished\":\"2021-01-08T21:34:15+00:00\",\"dateModified\":\"2021-07-16T00:44:58+00:00\",\"description\":\"Qu\u2019il s\u2019agisse d\u2019un centre commercial, d\u2019une succursale de franchise ou d\u2019une boutique ind\u00e9pendante, nos solutions optimisent votre espace et cr\u00e9ent une atmosph\u00e8re accueillante tout en respectant votre budget.\",\"breadcrumb\":{\"@id\":\"http:\/\/dexterra.jkmprojects.com\/fr\/qui-nous-servons\/vente-au-detail\/#breadcrumb\"},\"inLanguage\":\"fr-FR\",\"potentialAction\":[{\"@type\":\"ReadAction\",\"target\":[\"http:\/\/dexterra.jkmprojects.com\/fr\/qui-nous-servons\/vente-au-detail\/\"]}]},{\"@type\":\"BreadcrumbList\",\"@id\":\"http:\/\/dexterra.jkmprojects.com\/fr\/qui-nous-servons\/vente-au-detail\/#breadcrumb\",\"itemListElement\":[{\"@type\":\"ListItem\",\"position\":1,\"name\":\"Home\",\"item\":\"https:\/\/dexterra.jkmprojects.com\/fr\/\"},{\"@type\":\"ListItem\",\"position\":2,\"name\":\"Qui nous servons\",\"item\":\"https:\/\/dexterra.jkmprojects.com\/fr\/qui-nous-servons\/\"},{\"@type\":\"ListItem\",\"position\":3,\"name\":\"Vente au d\u00e9tail\"}]}]}<\/script>\n<!-- \/ Yoast SEO plugin. -->","yoast_head_json":{"title":"Vente au d\u00e9tail | Dexterra Group","description":"Qu\u2019il s\u2019agisse d\u2019un centre commercial, d\u2019une succursale de franchise ou d\u2019une boutique ind\u00e9pendante, nos solutions optimisent votre espace et cr\u00e9ent une atmosph\u00e8re accueillante tout en respectant votre budget.","robots":{"index":"noindex","follow":"follow"},"og_locale":"fr_FR","og_type":"article","og_title":"Vente au d\u00e9tail | Dexterra Group","og_description":"Qu\u2019il s\u2019agisse d\u2019un centre commercial, d\u2019une succursale de franchise ou d\u2019une boutique ind\u00e9pendante, nos solutions optimisent votre espace et cr\u00e9ent une atmosph\u00e8re accueillante tout en respectant votre budget.","og_url":"http:\/\/dexterra.jkmprojects.com\/fr\/qui-nous-servons\/vente-au-detail\/","og_site_name":"Dexterra","article_modified_time":"2021-07-16T00:44:58+00:00","og_image":[{"url":"https:\/\/dexterra.com\/wp-content\/uploads\/2021\/02\/Dexterra-Banner-2.6_Retail-1.png"}],"twitter_card":"summary_large_image","twitter_misc":{"Dur\u00e9e de lecture estim\u00e9e":"2 minutes"},"schema":{"@context":"https:\/\/schema.org","@graph":[{"@type":"Organization","@id":"https:\/\/dexterra.jkmprojects.com\/#organization","name":"Dexterra Group","url":"https:\/\/dexterra.jkmprojects.com\/","sameAs":[],"logo":{"@type":"ImageObject","inLanguage":"fr-FR","@id":"https:\/\/dexterra.jkmprojects.com\/#\/schema\/logo\/image\/","url":"https:\/\/dexterra.jkmprojects.com\/wp-content\/uploads\/2020\/11\/DexterraGroupLogo-1.png","contentUrl":"https:\/\/dexterra.jkmprojects.com\/wp-content\/uploads\/2020\/11\/DexterraGroupLogo-1.png","width":302,"height":144,"caption":"Dexterra Group"},"image":{"@id":"https:\/\/dexterra.jkmprojects.com\/#\/schema\/logo\/image\/"}},{"@type":"WebSite","@id":"https:\/\/dexterra.jkmprojects.com\/#website","url":"https:\/\/dexterra.jkmprojects.com\/","name":"Dexterra","description":"","publisher":{"@id":"https:\/\/dexterra.jkmprojects.com\/#organization"},"potentialAction":[{"@type":"SearchAction","target":{"@type":"EntryPoint","urlTemplate":"https:\/\/dexterra.jkmprojects.com\/?s={search_term_string}"},"query-input":"required name=search_term_string"}],"inLanguage":"fr-FR"},{"@type":"ImageObject","inLanguage":"fr-FR","@id":"http:\/\/dexterra.jkmprojects.com\/fr\/qui-nous-servons\/vente-au-detail\/#primaryimage","url":"https:\/\/dexterra.com\/wp-content\/uploads\/2021\/02\/Dexterra-Banner-2.6_Retail-1.png","contentUrl":"https:\/\/dexterra.com\/wp-content\/uploads\/2021\/02\/Dexterra-Banner-2.6_Retail-1.png"},{"@type":"WebPage","@id":"http:\/\/dexterra.jkmprojects.com\/fr\/qui-nous-servons\/vente-au-detail\/","url":"http:\/\/dexterra.jkmprojects.com\/fr\/qui-nous-servons\/vente-au-detail\/","name":"Vente au d\u00e9tail | Dexterra Group","isPartOf":{"@id":"https:\/\/dexterra.jkmprojects.com\/#website"},"primaryImageOfPage":{"@id":"http:\/\/dexterra.jkmprojects.com\/fr\/qui-nous-servons\/vente-au-detail\/#primaryimage"},"datePublished":"2021-01-08T21:34:15+00:00","dateModified":"2021-07-16T00:44:58+00:00","description":"Qu\u2019il s\u2019agisse d\u2019un centre commercial, d\u2019une succursale de franchise ou d\u2019une boutique ind\u00e9pendante, nos solutions optimisent votre espace et cr\u00e9ent une atmosph\u00e8re accueillante tout en respectant votre budget.","breadcrumb":{"@id":"http:\/\/dexterra.jkmprojects.com\/fr\/qui-nous-servons\/vente-au-detail\/#breadcrumb"},"inLanguage":"fr-FR","potentialAction":[{"@type":"ReadAction","target":["http:\/\/dexterra.jkmprojects.com\/fr\/qui-nous-servons\/vente-au-detail\/"]}]},{"@type":"BreadcrumbList","@id":"http:\/\/dexterra.jkmprojects.com\/fr\/qui-nous-servons\/vente-au-detail\/#breadcrumb","itemListElement":[{"@type":"ListItem","position":1,"name":"Home","item":"https:\/\/dexterra.jkmprojects.com\/fr\/"},{"@type":"ListItem","position":2,"name":"Qui nous servons","item":"https:\/\/dexterra.jkmprojects.com\/fr\/qui-nous-servons\/"},{"@type":"ListItem","position":3,"name":"Vente au d\u00e9tail"}]}]}},"_links":{"self":[{"href":"http:\/\/dexterra.jkmprojects.com\/fr\/wp-json\/wp\/v2\/pages\/6808"}],"collection":[{"href":"http:\/\/dexterra.jkmprojects.com\/fr\/wp-json\/wp\/v2\/pages"}],"about":[{"href":"http:\/\/dexterra.jkmprojects.com\/fr\/wp-json\/wp\/v2\/types\/page"}],"author":[{"embeddable":true,"href":"http:\/\/dexterra.jkmprojects.com\/fr\/wp-json\/wp\/v2\/users\/8"}],"replies":[{"embeddable":true,"href":"http:\/\/dexterra.jkmprojects.com\/fr\/wp-json\/wp\/v2\/comments?post=6808"}],"version-history":[{"count":26,"href":"http:\/\/dexterra.jkmprojects.com\/fr\/wp-json\/wp\/v2\/pages\/6808\/revisions"}],"predecessor-version":[{"id":7916,"href":"http:\/\/dexterra.jkmprojects.com\/fr\/wp-json\/wp\/v2\/pages\/6808\/revisions\/7916"}],"up":[{"embeddable":true,"href":"http:\/\/dexterra.jkmprojects.com\/fr\/wp-json\/wp\/v2\/pages\/6292"}],"wp:attachment":[{"href":"http:\/\/dexterra.jkmprojects.com\/fr\/wp-json\/wp\/v2\/media?parent=6808"}],"curies":[{"name":"wp","href":"https:\/\/api.w.org\/{rel}","templated":true}]}}