{"id":7130,"date":"2021-01-08T21:39:55","date_gmt":"2021-01-08T21:39:55","guid":{"rendered":"http:\/\/dexterra2020.jkmprojects.com\/who-we-serve\/government\/"},"modified":"2021-07-17T11:37:13","modified_gmt":"2021-07-17T11:37:13","slug":"gouvernement","status":"publish","type":"page","link":"http:\/\/dexterra.jkmprojects.com\/fr\/qui-nous-servons\/gouvernement\/","title":{"rendered":"Gouvernement"},"content":{"rendered":"\t\t<div data-elementor-type=\"wp-page\" data-elementor-id=\"7130\" class=\"elementor elementor-7130 elementor-4404\">\n\t\t\t\t\t\t<div class=\"elementor-inner\">\n\t\t\t\t<div class=\"elementor-section-wrap\">\n\t\t\t\t\t\t\t\t\t<header class=\"elementor-section elementor-top-section elementor-element elementor-element-29decf2e elementor-section-full_width elementor-section-height-default elementor-section-height-default\" data-id=\"29decf2e\" data-element_type=\"section\">\n\t\t\t\t\t\t<div class=\"elementor-container elementor-column-gap-default\">\n\t\t\t\t\t\t\t<div class=\"elementor-row\">\n\t\t\t\t\t<div class=\"elementor-column elementor-col-100 elementor-top-column elementor-element elementor-element-575fff16\" data-id=\"575fff16\" data-element_type=\"column\">\n\t\t\t<div class=\"elementor-column-wrap elementor-element-populated\">\n\t\t\t\t\t\t\t<div class=\"elementor-widget-wrap\">\n\t\t\t\t\t\t<div class=\"elementor-element elementor-element-5850f715 elementor-widget elementor-widget-jk-pageheader\" data-id=\"5850f715\" data-element_type=\"widget\" data-widget_type=\"jk-pageheader.default\">\n\t\t\t\t<div class=\"elementor-widget-container\">\n\t\t\t<header class=\"medium\"><div class=\"jkea_header\"><div class=\"jkea_header__contentwrap\"><div class=\"jkea_header__content\"><div class=\"title\"><h1>Gouvernement<\/h1><\/div><div class=\"text\"><p><\/p><\/div><\/div><\/div><div class=\"jkea_header__graphic\"><div class=\"featuredimage full\"><img src=\"https:\/\/dexterra.com\/wp-content\/uploads\/2021\/02\/Dexterra-Banner-2.7_Government-1.png\" alt=\"Un immeuble d\u2019appartements avec des r\u00e9sidents qui se prom\u00e8nent avec la marque Dexterra\"><\/div><div class=\"bars\"><div class=\"whiteslice\"><\/div><div class=\"dots\"><\/div><div class=\"greybar\"><\/div><div class=\"bluebar\"><\/div><\/div><div class=\"jkea_header__chevrons\"><div class=\"chevrons\"><div class=\"chevronbg\"><\/div><div class=\"dots\"><\/div><div class=\"greychevronshadow\"><div class=\"greychevron\"><\/div><\/div><div class=\"bluechevron\"><\/div><\/div><\/div><\/div><\/div><\/div><\/header>\t\t<\/div>\n\t\t\t\t<\/div>\n\t\t\t\t\t\t<\/div>\n\t\t\t\t\t<\/div>\n\t\t<\/div>\n\t\t\t\t\t\t\t\t<\/div>\n\t\t\t\t\t<\/div>\n\t\t<\/header>\n\t\t\t\t<section class=\"elementor-section elementor-top-section elementor-element elementor-element-4ca40105 keyline elementor-section-boxed elementor-section-height-default elementor-section-height-default\" data-id=\"4ca40105\" data-element_type=\"section\">\n\t\t\t\t\t\t<div class=\"elementor-container elementor-column-gap-default\">\n\t\t\t\t\t\t\t<div class=\"elementor-row\">\n\t\t\t\t\t<div class=\"elementor-column elementor-col-100 elementor-top-column elementor-element elementor-element-a943136\" data-id=\"a943136\" data-element_type=\"column\">\n\t\t\t<div class=\"elementor-column-wrap elementor-element-populated\">\n\t\t\t\t\t\t\t<div class=\"elementor-widget-wrap\">\n\t\t\t\t\t\t<div class=\"elementor-element elementor-element-1fac17cc elementor-widget elementor-widget-jk-spacer\" data-id=\"1fac17cc\" data-element_type=\"widget\" data-widget_type=\"jk-spacer.default\">\n\t\t\t\t<div class=\"elementor-widget-container\">\n\t\t\t<div class=\"jkea_spacer_wrapper\"><div class=\"jkea_spacer\"><\/div><\/div>\t\t<\/div>\n\t\t\t\t<\/div>\n\t\t\t\t<div class=\"elementor-element elementor-element-52459971 elementor-widget elementor-widget-jk-tabs\" data-id=\"52459971\" data-element_type=\"widget\" data-widget_type=\"jk-tabs.default\">\n\t\t\t\t<div class=\"elementor-widget-container\">\n\t\t\t<div class=\"jkea-tabs-section\"><div class=\"container\"><div class=\"jkea-tabs-title\"><h2>Des installations dont les Canadiens peuvent \u00eatre fiers<\/h2><\/div><div class=\"jkea-tabs-text\"><p><p><span style=\"font-weight: 400;\">Des immeubles de bureaux, des installations r\u00e9cr\u00e9atives, des bureaux d\u2019entreposage et des laboratoires de recherche. Les installations gouvernementales sont vari\u00e9es. Leurs besoins sont diff\u00e9rents, mais elles partagent un \u00e9l\u00e9ment commun : elles sont des actifs canadiens. Nous nous engageons \u00e0 maintenir leur int\u00e9grit\u00e9, leur long\u00e9vit\u00e9 et leur performance.<\/span><\/p><\/p><\/div><\/div><div class=\"jkea-tabs-tab-wrapper\"><div class=\"container\"><ul class=\"tabmenu\"><li class=\"tabitem active\" data-tabid=\"tab-83da281\">Gestion int\u00e9gr\u00e9e des installations<\/li><li class=\"tabitem\" data-tabid=\"tab-698bdff\">Prise en charge compl\u00e8te du cycle de vie <\/li><li class=\"tabitem\" data-tabid=\"tab-43550cf\"> Soutenir les communaut\u00e9s locales <\/li><li class=\"tabitem\" data-tabid=\"tab-19f9f86\"> Exp\u00e9rience<\/li><li class=\"tabactivemarker\"><\/li><\/ul><\/div><div class=\"tabcontent\"><div class=\"container\"><div class=\"tab active\" id=\"tab-83da281\"><div class=\"jkea_image\" style=\"background-image: url(https:\/\/dexterra.com\/wp-content\/uploads\/2021\/02\/2.7-Government-Integrated-Facilities-Management_EDIT-1-1.jpg)\"><\/div><div class=\"jkea-tabcontent\" style=\"\"><div class=\"title\">Gestion int\u00e9gr\u00e9e des installations<\/div><div class=\"text\" style=\"\"><p><span style=\"font-weight: 400;\">Les gouvernements municipaux, provinciaux et f\u00e9d\u00e9raux poss\u00e8dent des portefeuilles d\u2019installations vastes et diversifi\u00e9s. Pour aider \u00e0 rationaliser les co\u00fbts, \u00e0 trouver des gains d\u2019efficacit\u00e9 et \u00e0 r\u00e9duire le co\u00fbt total de propri\u00e9t\u00e9, Dexterra Group offre des services int\u00e9gr\u00e9s de gestion des installations.<\/span><\/p><\/div><\/div><\/div><div class=\"tab\" id=\"tab-698bdff\"><div class=\"jkea_image\" style=\"background-image: url(https:\/\/dexterra.com\/wp-content\/uploads\/2021\/02\/180907_BC_Housing_Vancouver_0017.jpg)\"><\/div><div class=\"jkea-tabcontent\" style=\"\"><div class=\"title\">Prise en charge compl\u00e8te du cycle de vie <\/div><div class=\"text\" style=\"\"><p><span style=\"font-weight: 400;\">De la conception du b\u00e2timent et de la construction modulaire \u00e0 la gestion, nous offrons des solutions de cycle de vie pour une installation ou pour l\u2019ensemble de votre portefeuille. Notre approche est personnalis\u00e9e pour r\u00e9pondre \u00e0 vos besoins, qu\u2019il s\u2019agisse d\u2019une maintenance sur demande ou d\u2019un soutien op\u00e9rationnel continu.<\/span><\/p><\/div><\/div><\/div><div class=\"tab\" id=\"tab-43550cf\"><div class=\"jkea_image\" style=\"background-image: url(https:\/\/dexterra.com\/wp-content\/uploads\/2021\/02\/ONT_4799.jpg)\"><\/div><div class=\"jkea-tabcontent\" style=\"\"><div class=\"title\"> Soutenir les communaut\u00e9s locales <\/div><div class=\"text\" style=\"\"><p><span style=\"font-weight: 400;\">En plus d\u2019aider les communaut\u00e9s \u00e0 r\u00e9pondre \u00e0 des besoins comme le logement abordable, nous nous engageons \u00e9galement \u00e0 embaucher du personnel local. Dexterra Group d\u00e9sire collaborer avec les communaut\u00e9s et les organisations autochtones qui soutiennent les anciens combattants, en offrant des emplois et des opportunit\u00e9s \u00e9conomiques.<\/span><\/p><\/div><\/div><\/div><div class=\"tab\" id=\"tab-19f9f86\"><div class=\"jkea_image\" style=\"background-image: url(https:\/\/dexterra.com\/wp-content\/uploads\/2021\/02\/2.7-Government-Experience-1.png)\"><\/div><div class=\"jkea-tabcontent\" style=\"\"><div class=\"title\">Exp\u00e9rience<\/div><div class=\"text\" style=\"\"><p><span style=\"font-weight: 400;\">Dexterra Group travaille depuis longtemps avec tous les paliers de gouvernement, servant dans des projets tels que la construction, la gestion des installations, les services de foresterie et la lutte contre les incendies. C\u2019est ainsi que nous savons que nous partageons nos priorit\u00e9s, comme la s\u00e9curit\u00e9, la rentabilit\u00e9 et la qualit\u00e9.<\/span><\/p><\/div><\/div><\/div><\/div><\/div><\/div>\t\t<\/div>\n\t\t\t\t<\/div>\n\t\t\t\t\t\t<\/div>\n\t\t\t\t\t<\/div>\n\t\t<\/div>\n\t\t\t\t\t\t\t\t<\/div>\n\t\t\t\t\t<\/div>\n\t\t<\/section>\n\t\t\t\t<section class=\"elementor-section elementor-top-section elementor-element elementor-element-31800c6 elementor-section-boxed elementor-section-height-default elementor-section-height-default\" data-id=\"31800c6\" data-element_type=\"section\">\n\t\t\t\t\t\t<div class=\"elementor-container elementor-column-gap-default\">\n\t\t\t\t\t\t\t<div class=\"elementor-row\">\n\t\t\t\t\t<div class=\"elementor-column elementor-col-100 elementor-top-column elementor-element elementor-element-d36e772\" data-id=\"d36e772\" data-element_type=\"column\">\n\t\t\t<div class=\"elementor-column-wrap elementor-element-populated\">\n\t\t\t\t\t\t\t<div class=\"elementor-widget-wrap\">\n\t\t\t\t\t\t<div class=\"elementor-element elementor-element-2c56b4cd elementor-widget elementor-widget-jk-spacer\" data-id=\"2c56b4cd\" data-element_type=\"widget\" data-widget_type=\"jk-spacer.default\">\n\t\t\t\t<div class=\"elementor-widget-container\">\n\t\t\t<div class=\"jkea_spacer_wrapper\"><div class=\"jkea_spacer\"><\/div><\/div>\t\t<\/div>\n\t\t\t\t<\/div>\n\t\t\t\t\t\t<\/div>\n\t\t\t\t\t<\/div>\n\t\t<\/div>\n\t\t\t\t\t\t\t\t<\/div>\n\t\t\t\t\t<\/div>\n\t\t<\/section>\n\t\t\t\t<section class=\"elementor-section elementor-top-section elementor-element elementor-element-683035d4 elementor-section-full_width cta elementor-section-height-default elementor-section-height-default\" data-id=\"683035d4\" data-element_type=\"section\">\n\t\t\t\t\t\t<div class=\"elementor-container elementor-column-gap-default\">\n\t\t\t\t\t\t\t<div class=\"elementor-row\">\n\t\t\t\t\t<div class=\"elementor-column elementor-col-100 elementor-top-column elementor-element elementor-element-3de0bfe\" data-id=\"3de0bfe\" data-element_type=\"column\">\n\t\t\t<div class=\"elementor-column-wrap elementor-element-populated\">\n\t\t\t\t\t\t\t<div class=\"elementor-widget-wrap\">\n\t\t\t\t\t\t<div class=\"elementor-element elementor-element-5d3d45f7 elementor-widget elementor-widget-jk-cta-bar\" data-id=\"5d3d45f7\" data-element_type=\"widget\" data-widget_type=\"jk-cta-bar.default\">\n\t\t\t\t<div class=\"elementor-widget-container\">\n\t\t\t<div class=\"jkea_cta-bar_wrapper\">\n            <div class=\"bars\"><div class=\"dots\"><\/div><div class=\"greybar\"><\/div><div class=\"bluebar\"><\/div><\/div>\n                <div class=\"jkea_cta-bar\">\n                    <div class=\"jkea_cta-bar_content\">\n                        <div class=\"jkea_title\">\n                    \t    <h2>Nous sommes l\u00e0 pour aider <\/h2>\n                    \t<\/div>\n                    \t<div class=\"jkea_text\">\n                    \t\t<p><span style=\"font-weight: 400;\">D\u00e9couvrez toutes les fa\u00e7ons dont nous pouvons aider votre entreprise. <\/span><\/p>\n                    \t<\/div><div class=\"jkea_button\">\n                    \t\t<a href=\"\/contact\" class=\"btn\">Contactez-nous<\/a>\n                    \t<\/div> <\/div>\n                    <\/div>\n                <\/div>\t\t<\/div>\n\t\t\t\t<\/div>\n\t\t\t\t\t\t<\/div>\n\t\t\t\t\t<\/div>\n\t\t<\/div>\n\t\t\t\t\t\t\t\t<\/div>\n\t\t\t\t\t<\/div>\n\t\t<\/section>\n\t\t\t\t\t\t\t\t\t<\/div>\n\t\t\t<\/div>\n\t\t\t\t\t<\/div>\n\t\t","protected":false},"excerpt":{"rendered":"<p>Gouvernement Des installations dont les Canadiens peuvent \u00eatre fiers Des immeubles de bureaux, des installations r\u00e9cr\u00e9atives, des bureaux d\u2019entreposage et des laboratoires de recherche. Les installations gouvernementales sont vari\u00e9es. Leurs besoins sont diff\u00e9rents, mais elles partagent un \u00e9l\u00e9ment commun : elles sont des actifs canadiens. Nous nous engageons \u00e0 maintenir leur int\u00e9grit\u00e9, leur long\u00e9vit\u00e9 et [&hellip;]<\/p>\n","protected":false},"author":8,"featured_media":0,"parent":6292,"menu_order":0,"comment_status":"closed","ping_status":"closed","template":"","meta":[],"acf":[],"yoast_head":"<!-- This site is optimized with the Yoast SEO plugin v19.3 - https:\/\/yoast.com\/wordpress\/plugins\/seo\/ -->\n<title>Gouvernement | Dexterra Group<\/title>\n<meta name=\"description\" content=\"Nous maintenons tous les types d\u2019installations gouvernementales, en am\u00e9liorant leur int\u00e9grit\u00e9, leur long\u00e9vit\u00e9 et leur rendement.\" \/>\n<meta name=\"robots\" content=\"noindex, follow\" \/>\n<meta property=\"og:locale\" content=\"fr_FR\" \/>\n<meta property=\"og:type\" content=\"article\" \/>\n<meta property=\"og:title\" content=\"Gouvernement | Dexterra Group\" \/>\n<meta property=\"og:description\" content=\"Nous maintenons tous les types d\u2019installations gouvernementales, en am\u00e9liorant leur int\u00e9grit\u00e9, leur long\u00e9vit\u00e9 et leur rendement.\" \/>\n<meta property=\"og:url\" content=\"http:\/\/dexterra.jkmprojects.com\/fr\/qui-nous-servons\/gouvernement\/\" \/>\n<meta property=\"og:site_name\" content=\"Dexterra\" \/>\n<meta property=\"article:modified_time\" content=\"2021-07-17T11:37:13+00:00\" \/>\n<meta property=\"og:image\" content=\"https:\/\/dexterra.com\/wp-content\/uploads\/2021\/02\/Dexterra-Banner-2.7_Government-1.png\" \/>\n<meta name=\"twitter:card\" content=\"summary_large_image\" \/>\n<meta name=\"twitter:label1\" content=\"Dur\u00e9e de lecture estim\u00e9e\" \/>\n\t<meta name=\"twitter:data1\" content=\"2 minutes\" \/>\n<script type=\"application\/ld+json\" class=\"yoast-schema-graph\">{\"@context\":\"https:\/\/schema.org\",\"@graph\":[{\"@type\":\"Organization\",\"@id\":\"https:\/\/dexterra.jkmprojects.com\/#organization\",\"name\":\"Dexterra Group\",\"url\":\"https:\/\/dexterra.jkmprojects.com\/\",\"sameAs\":[],\"logo\":{\"@type\":\"ImageObject\",\"inLanguage\":\"fr-FR\",\"@id\":\"https:\/\/dexterra.jkmprojects.com\/#\/schema\/logo\/image\/\",\"url\":\"https:\/\/dexterra.jkmprojects.com\/wp-content\/uploads\/2020\/11\/DexterraGroupLogo-1.png\",\"contentUrl\":\"https:\/\/dexterra.jkmprojects.com\/wp-content\/uploads\/2020\/11\/DexterraGroupLogo-1.png\",\"width\":302,\"height\":144,\"caption\":\"Dexterra Group\"},\"image\":{\"@id\":\"https:\/\/dexterra.jkmprojects.com\/#\/schema\/logo\/image\/\"}},{\"@type\":\"WebSite\",\"@id\":\"https:\/\/dexterra.jkmprojects.com\/#website\",\"url\":\"https:\/\/dexterra.jkmprojects.com\/\",\"name\":\"Dexterra\",\"description\":\"\",\"publisher\":{\"@id\":\"https:\/\/dexterra.jkmprojects.com\/#organization\"},\"potentialAction\":[{\"@type\":\"SearchAction\",\"target\":{\"@type\":\"EntryPoint\",\"urlTemplate\":\"https:\/\/dexterra.jkmprojects.com\/?s={search_term_string}\"},\"query-input\":\"required name=search_term_string\"}],\"inLanguage\":\"fr-FR\"},{\"@type\":\"ImageObject\",\"inLanguage\":\"fr-FR\",\"@id\":\"http:\/\/dexterra.jkmprojects.com\/fr\/qui-nous-servons\/gouvernement\/#primaryimage\",\"url\":\"https:\/\/dexterra.com\/wp-content\/uploads\/2021\/02\/Dexterra-Banner-2.7_Government-1.png\",\"contentUrl\":\"https:\/\/dexterra.com\/wp-content\/uploads\/2021\/02\/Dexterra-Banner-2.7_Government-1.png\"},{\"@type\":\"WebPage\",\"@id\":\"http:\/\/dexterra.jkmprojects.com\/fr\/qui-nous-servons\/gouvernement\/\",\"url\":\"http:\/\/dexterra.jkmprojects.com\/fr\/qui-nous-servons\/gouvernement\/\",\"name\":\"Gouvernement | Dexterra Group\",\"isPartOf\":{\"@id\":\"https:\/\/dexterra.jkmprojects.com\/#website\"},\"primaryImageOfPage\":{\"@id\":\"http:\/\/dexterra.jkmprojects.com\/fr\/qui-nous-servons\/gouvernement\/#primaryimage\"},\"datePublished\":\"2021-01-08T21:39:55+00:00\",\"dateModified\":\"2021-07-17T11:37:13+00:00\",\"description\":\"Nous maintenons tous les types d\u2019installations gouvernementales, en am\u00e9liorant leur int\u00e9grit\u00e9, leur long\u00e9vit\u00e9 et leur rendement.\",\"breadcrumb\":{\"@id\":\"http:\/\/dexterra.jkmprojects.com\/fr\/qui-nous-servons\/gouvernement\/#breadcrumb\"},\"inLanguage\":\"fr-FR\",\"potentialAction\":[{\"@type\":\"ReadAction\",\"target\":[\"http:\/\/dexterra.jkmprojects.com\/fr\/qui-nous-servons\/gouvernement\/\"]}]},{\"@type\":\"BreadcrumbList\",\"@id\":\"http:\/\/dexterra.jkmprojects.com\/fr\/qui-nous-servons\/gouvernement\/#breadcrumb\",\"itemListElement\":[{\"@type\":\"ListItem\",\"position\":1,\"name\":\"Home\",\"item\":\"https:\/\/dexterra.jkmprojects.com\/fr\/\"},{\"@type\":\"ListItem\",\"position\":2,\"name\":\"Qui nous servons\",\"item\":\"https:\/\/dexterra.jkmprojects.com\/fr\/qui-nous-servons\/\"},{\"@type\":\"ListItem\",\"position\":3,\"name\":\"Gouvernement\"}]}]}<\/script>\n<!-- \/ Yoast SEO plugin. -->","yoast_head_json":{"title":"Gouvernement | Dexterra Group","description":"Nous maintenons tous les types d\u2019installations gouvernementales, en am\u00e9liorant leur int\u00e9grit\u00e9, leur long\u00e9vit\u00e9 et leur rendement.","robots":{"index":"noindex","follow":"follow"},"og_locale":"fr_FR","og_type":"article","og_title":"Gouvernement | Dexterra Group","og_description":"Nous maintenons tous les types d\u2019installations gouvernementales, en am\u00e9liorant leur int\u00e9grit\u00e9, leur long\u00e9vit\u00e9 et leur rendement.","og_url":"http:\/\/dexterra.jkmprojects.com\/fr\/qui-nous-servons\/gouvernement\/","og_site_name":"Dexterra","article_modified_time":"2021-07-17T11:37:13+00:00","og_image":[{"url":"https:\/\/dexterra.com\/wp-content\/uploads\/2021\/02\/Dexterra-Banner-2.7_Government-1.png"}],"twitter_card":"summary_large_image","twitter_misc":{"Dur\u00e9e de lecture estim\u00e9e":"2 minutes"},"schema":{"@context":"https:\/\/schema.org","@graph":[{"@type":"Organization","@id":"https:\/\/dexterra.jkmprojects.com\/#organization","name":"Dexterra Group","url":"https:\/\/dexterra.jkmprojects.com\/","sameAs":[],"logo":{"@type":"ImageObject","inLanguage":"fr-FR","@id":"https:\/\/dexterra.jkmprojects.com\/#\/schema\/logo\/image\/","url":"https:\/\/dexterra.jkmprojects.com\/wp-content\/uploads\/2020\/11\/DexterraGroupLogo-1.png","contentUrl":"https:\/\/dexterra.jkmprojects.com\/wp-content\/uploads\/2020\/11\/DexterraGroupLogo-1.png","width":302,"height":144,"caption":"Dexterra Group"},"image":{"@id":"https:\/\/dexterra.jkmprojects.com\/#\/schema\/logo\/image\/"}},{"@type":"WebSite","@id":"https:\/\/dexterra.jkmprojects.com\/#website","url":"https:\/\/dexterra.jkmprojects.com\/","name":"Dexterra","description":"","publisher":{"@id":"https:\/\/dexterra.jkmprojects.com\/#organization"},"potentialAction":[{"@type":"SearchAction","target":{"@type":"EntryPoint","urlTemplate":"https:\/\/dexterra.jkmprojects.com\/?s={search_term_string}"},"query-input":"required name=search_term_string"}],"inLanguage":"fr-FR"},{"@type":"ImageObject","inLanguage":"fr-FR","@id":"http:\/\/dexterra.jkmprojects.com\/fr\/qui-nous-servons\/gouvernement\/#primaryimage","url":"https:\/\/dexterra.com\/wp-content\/uploads\/2021\/02\/Dexterra-Banner-2.7_Government-1.png","contentUrl":"https:\/\/dexterra.com\/wp-content\/uploads\/2021\/02\/Dexterra-Banner-2.7_Government-1.png"},{"@type":"WebPage","@id":"http:\/\/dexterra.jkmprojects.com\/fr\/qui-nous-servons\/gouvernement\/","url":"http:\/\/dexterra.jkmprojects.com\/fr\/qui-nous-servons\/gouvernement\/","name":"Gouvernement | Dexterra Group","isPartOf":{"@id":"https:\/\/dexterra.jkmprojects.com\/#website"},"primaryImageOfPage":{"@id":"http:\/\/dexterra.jkmprojects.com\/fr\/qui-nous-servons\/gouvernement\/#primaryimage"},"datePublished":"2021-01-08T21:39:55+00:00","dateModified":"2021-07-17T11:37:13+00:00","description":"Nous maintenons tous les types d\u2019installations gouvernementales, en am\u00e9liorant leur int\u00e9grit\u00e9, leur long\u00e9vit\u00e9 et leur rendement.","breadcrumb":{"@id":"http:\/\/dexterra.jkmprojects.com\/fr\/qui-nous-servons\/gouvernement\/#breadcrumb"},"inLanguage":"fr-FR","potentialAction":[{"@type":"ReadAction","target":["http:\/\/dexterra.jkmprojects.com\/fr\/qui-nous-servons\/gouvernement\/"]}]},{"@type":"BreadcrumbList","@id":"http:\/\/dexterra.jkmprojects.com\/fr\/qui-nous-servons\/gouvernement\/#breadcrumb","itemListElement":[{"@type":"ListItem","position":1,"name":"Home","item":"https:\/\/dexterra.jkmprojects.com\/fr\/"},{"@type":"ListItem","position":2,"name":"Qui nous servons","item":"https:\/\/dexterra.jkmprojects.com\/fr\/qui-nous-servons\/"},{"@type":"ListItem","position":3,"name":"Gouvernement"}]}]}},"_links":{"self":[{"href":"http:\/\/dexterra.jkmprojects.com\/fr\/wp-json\/wp\/v2\/pages\/7130"}],"collection":[{"href":"http:\/\/dexterra.jkmprojects.com\/fr\/wp-json\/wp\/v2\/pages"}],"about":[{"href":"http:\/\/dexterra.jkmprojects.com\/fr\/wp-json\/wp\/v2\/types\/page"}],"author":[{"embeddable":true,"href":"http:\/\/dexterra.jkmprojects.com\/fr\/wp-json\/wp\/v2\/users\/8"}],"replies":[{"embeddable":true,"href":"http:\/\/dexterra.jkmprojects.com\/fr\/wp-json\/wp\/v2\/comments?post=7130"}],"version-history":[{"count":20,"href":"http:\/\/dexterra.jkmprojects.com\/fr\/wp-json\/wp\/v2\/pages\/7130\/revisions"}],"predecessor-version":[{"id":8042,"href":"http:\/\/dexterra.jkmprojects.com\/fr\/wp-json\/wp\/v2\/pages\/7130\/revisions\/8042"}],"up":[{"embeddable":true,"href":"http:\/\/dexterra.jkmprojects.com\/fr\/wp-json\/wp\/v2\/pages\/6292"}],"wp:attachment":[{"href":"http:\/\/dexterra.jkmprojects.com\/fr\/wp-json\/wp\/v2\/media?parent=7130"}],"curies":[{"name":"wp","href":"https:\/\/api.w.org\/{rel}","templated":true}]}}