{"id":7142,"date":"2021-01-08T21:45:55","date_gmt":"2021-01-08T21:45:55","guid":{"rendered":"http:\/\/dexterra2020.jkmprojects.com\/who-we-serve\/business-industry\/"},"modified":"2021-07-16T14:08:34","modified_gmt":"2021-07-16T14:08:34","slug":"affaires-industrie","status":"publish","type":"page","link":"http:\/\/dexterra.jkmprojects.com\/fr\/qui-nous-servons\/affaires-industrie\/","title":{"rendered":"Affaires et Industrie"},"content":{"rendered":"\t\t<div data-elementor-type=\"wp-page\" data-elementor-id=\"7142\" class=\"elementor elementor-7142 elementor-4415\">\n\t\t\t\t\t\t<div class=\"elementor-inner\">\n\t\t\t\t<div class=\"elementor-section-wrap\">\n\t\t\t\t\t\t\t\t\t<header class=\"elementor-section elementor-top-section elementor-element elementor-element-d4cd4 elementor-section-full_width elementor-section-height-default elementor-section-height-default\" data-id=\"d4cd4\" data-element_type=\"section\">\n\t\t\t\t\t\t<div class=\"elementor-container elementor-column-gap-default\">\n\t\t\t\t\t\t\t<div class=\"elementor-row\">\n\t\t\t\t\t<div class=\"elementor-column elementor-col-100 elementor-top-column elementor-element elementor-element-65dbad68\" data-id=\"65dbad68\" data-element_type=\"column\">\n\t\t\t<div class=\"elementor-column-wrap elementor-element-populated\">\n\t\t\t\t\t\t\t<div class=\"elementor-widget-wrap\">\n\t\t\t\t\t\t<div class=\"elementor-element elementor-element-5ea2efea elementor-widget elementor-widget-jk-pageheader\" data-id=\"5ea2efea\" data-element_type=\"widget\" data-widget_type=\"jk-pageheader.default\">\n\t\t\t\t<div class=\"elementor-widget-container\">\n\t\t\t<header class=\"medium\"><div class=\"jkea_header\"><div class=\"jkea_header__contentwrap\"><div class=\"jkea_header__content\"><div class=\"title\"><h1>Affaires et <span class=\"orange\"> industrie <\/span><\/h1><\/div><div class=\"text\"><p><\/p><\/div><\/div><\/div><div class=\"jkea_header__graphic\"><div class=\"featuredimage full\"><img src=\"https:\/\/dexterra.com\/wp-content\/uploads\/2021\/02\/Dexterra-Banner-2.8_Business-2.png\" alt=\"\"><\/div><div class=\"bars\"><div class=\"whiteslice\"><\/div><div class=\"dots\"><\/div><div class=\"greybar\"><\/div><div class=\"bluebar\"><\/div><\/div><div class=\"jkea_header__chevrons\"><div class=\"chevrons\"><div class=\"chevronbg\"><\/div><div class=\"dots\"><\/div><div class=\"greychevronshadow\"><div class=\"greychevron\"><\/div><\/div><div class=\"bluechevron\"><\/div><\/div><\/div><\/div><\/div><\/div><\/header>\t\t<\/div>\n\t\t\t\t<\/div>\n\t\t\t\t\t\t<\/div>\n\t\t\t\t\t<\/div>\n\t\t<\/div>\n\t\t\t\t\t\t\t\t<\/div>\n\t\t\t\t\t<\/div>\n\t\t<\/header>\n\t\t\t\t<section class=\"elementor-section elementor-top-section elementor-element elementor-element-5a02ff11 keyline elementor-section-boxed elementor-section-height-default elementor-section-height-default\" data-id=\"5a02ff11\" data-element_type=\"section\">\n\t\t\t\t\t\t<div class=\"elementor-container elementor-column-gap-default\">\n\t\t\t\t\t\t\t<div class=\"elementor-row\">\n\t\t\t\t\t<div class=\"elementor-column elementor-col-100 elementor-top-column elementor-element elementor-element-ffc12d8\" data-id=\"ffc12d8\" data-element_type=\"column\">\n\t\t\t<div class=\"elementor-column-wrap elementor-element-populated\">\n\t\t\t\t\t\t\t<div class=\"elementor-widget-wrap\">\n\t\t\t\t\t\t<div class=\"elementor-element elementor-element-6b9f714a elementor-widget elementor-widget-jk-spacer\" data-id=\"6b9f714a\" data-element_type=\"widget\" data-widget_type=\"jk-spacer.default\">\n\t\t\t\t<div class=\"elementor-widget-container\">\n\t\t\t<div class=\"jkea_spacer_wrapper\"><div class=\"jkea_spacer\"><\/div><\/div>\t\t<\/div>\n\t\t\t\t<\/div>\n\t\t\t\t<div class=\"elementor-element elementor-element-77fd197a elementor-widget elementor-widget-jk-tabs\" data-id=\"77fd197a\" data-element_type=\"widget\" data-widget_type=\"jk-tabs.default\">\n\t\t\t\t<div class=\"elementor-widget-container\">\n\t\t\t<div class=\"jkea-tabs-section\"><div class=\"container\"><div class=\"jkea-tabs-title\"><h2>Accro\u00eetre la productivit\u00e9 dans vos installations<\/h2><\/div><div class=\"jkea-tabs-text\"><p><p><span style=\"font-weight: 400;\">Campus d\u2019entreprise. Entrep\u00f4ts. Usines de fabrication. Centres de distribution. Les installations sont diff\u00e9rentes, mais chacune pourrait b\u00e9n\u00e9ficier d\u2019un co\u00fbt total de propri\u00e9t\u00e9 inf\u00e9rieur, d\u2019une long\u00e9vit\u00e9 accrue des actifs et d\u2019une efficacit\u00e9 accrue des syst\u00e8mes. Dexterra Group personnalise nos solutions pour r\u00e9pondre \u00e0 chaque b\u00e2timent ou portefeuille, mais nous aurons toujours la productivit\u00e9 \u00e0 l\u2019esprit.<\/span><\/p><\/p><\/div><\/div><div class=\"jkea-tabs-tab-wrapper\"><div class=\"container\"><ul class=\"tabmenu\"><li class=\"tabitem active\" data-tabid=\"tab-83da281\"> Diversit\u00e9 g\u00e9ographique<\/li><li class=\"tabitem\" data-tabid=\"tab-f933ce7\">Optimisation du portefeuille<\/li><li class=\"tabitem\" data-tabid=\"tab-c4ade2f\"> Exp\u00e9rience am\u00e9lior\u00e9e de l\u2019utilisateur du b\u00e2timent<\/li><li class=\"tabitem\" data-tabid=\"tab-f8861f8\">Construction modulaire de qualit\u00e9<\/li><li class=\"tabactivemarker\"><\/li><\/ul><\/div><div class=\"tabcontent\"><div class=\"container\"><div class=\"tab active\" id=\"tab-83da281\"><div class=\"jkea_image\" style=\"background-image: url(https:\/\/dexterra.com\/wp-content\/uploads\/2021\/02\/Borden-team-and-vehicles.jpg)\"><\/div><div class=\"jkea-tabcontent\" style=\"\"><div class=\"title\"> Diversit\u00e9 g\u00e9ographique<\/div><div class=\"text\" style=\"\"><p><span style=\"font-weight: 400;\">En tant qu\u2019entreprise nationale pr\u00e9sente dans les r\u00e9gions les plus rurales du pays, nous pouvons soutenir des portefeuilles \u00e9tendus, y compris des entreprises nationales, des cha\u00eenes et des franchises. Nos \u00e9quipes conservent des donn\u00e9es exactes et \u00e0 jour sur les installations auxquelles vous pouvez acc\u00e9der 24 heures sur 24, 7 jours sur 7.<\/span><\/p><\/div><\/div><\/div><div class=\"tab\" id=\"tab-f933ce7\"><div class=\"jkea_image\" style=\"background-image: url(https:\/\/dexterra.com\/wp-content\/uploads\/2021\/02\/AdobeStock_380272394.jpg)\"><\/div><div class=\"jkea-tabcontent\" style=\"\"><div class=\"title\">Optimisation du portefeuille<\/div><div class=\"text\" style=\"\"><p><span style=\"font-weight: 400;\">Si vous avez un vaste portefeuille d\u2019installations, nos solutions int\u00e9gr\u00e9es offrent une source unique pour l\u2019administration et la maintenance de vos actifs. Notre approche est adapt\u00e9e pour atteindre vos objectifs, minimiser les perturbations des locataires et am\u00e9liorer le cycle de vie des actifs.<\/span><\/p><\/div><\/div><\/div><div class=\"tab\" id=\"tab-c4ade2f\"><div class=\"jkea_image\" style=\"background-image: url(https:\/\/dexterra.com\/wp-content\/uploads\/2021\/02\/2.8-Business-_-Industry-Enhanced-Building-User-Experience.jpg)\"><\/div><div class=\"jkea-tabcontent\" style=\"\"><div class=\"title\"> Exp\u00e9rience am\u00e9lior\u00e9e de l\u2019utilisateur du b\u00e2timent<\/div><div class=\"text\" style=\"\"><p><span style=\"font-weight: 400;\">L\u2019int\u00e9grit\u00e9 des actifs est une question de long\u00e9vit\u00e9 et d\u2019optimisation, mais elle consiste \u00e9galement \u00e0 cr\u00e9er un environnement accueillant pour vos employ\u00e9s et vos clients. Nos solutions de gestion des installations trouvent le juste \u00e9quilibre entre les deux.<\/span><\/p><\/div><\/div><\/div><div class=\"tab\" id=\"tab-f8861f8\"><div class=\"jkea_image\" style=\"background-image: url(https:\/\/dexterra.com\/wp-content\/uploads\/2021\/02\/DSC_3478.jpg)\"><\/div><div class=\"jkea-tabcontent\" style=\"\"><div class=\"title\">Construction modulaire de qualit\u00e9<\/div><div class=\"text\" style=\"\"><p><span style=\"font-weight: 400;\">En tant que chefs de file de la construction modulaire, nous concevons, fabriquons et installons des b\u00e2timents commerciaux de haute qualit\u00e9 avec une plus grande certitude de projet que la construction conventionnelle. Pour que votre entreprise puisse d\u00e9marrer plus rapidement.<\/span><\/p><\/div><\/div><\/div><\/div><\/div><\/div>\t\t<\/div>\n\t\t\t\t<\/div>\n\t\t\t\t\t\t<\/div>\n\t\t\t\t\t<\/div>\n\t\t<\/div>\n\t\t\t\t\t\t\t\t<\/div>\n\t\t\t\t\t<\/div>\n\t\t<\/section>\n\t\t\t\t<section class=\"elementor-section elementor-top-section elementor-element elementor-element-1ebe4ca8 elementor-section-boxed elementor-section-height-default elementor-section-height-default\" data-id=\"1ebe4ca8\" data-element_type=\"section\">\n\t\t\t\t\t\t<div class=\"elementor-container elementor-column-gap-default\">\n\t\t\t\t\t\t\t<div class=\"elementor-row\">\n\t\t\t\t\t<div class=\"elementor-column elementor-col-100 elementor-top-column elementor-element elementor-element-1be4514f\" data-id=\"1be4514f\" data-element_type=\"column\">\n\t\t\t<div class=\"elementor-column-wrap elementor-element-populated\">\n\t\t\t\t\t\t\t<div class=\"elementor-widget-wrap\">\n\t\t\t\t\t\t<div class=\"elementor-element elementor-element-257f3f6f elementor-widget elementor-widget-jk-spacer\" data-id=\"257f3f6f\" data-element_type=\"widget\" data-widget_type=\"jk-spacer.default\">\n\t\t\t\t<div class=\"elementor-widget-container\">\n\t\t\t<div class=\"jkea_spacer_wrapper\"><div class=\"jkea_spacer\"><\/div><\/div>\t\t<\/div>\n\t\t\t\t<\/div>\n\t\t\t\t\t\t<\/div>\n\t\t\t\t\t<\/div>\n\t\t<\/div>\n\t\t\t\t\t\t\t\t<\/div>\n\t\t\t\t\t<\/div>\n\t\t<\/section>\n\t\t\t\t<section class=\"elementor-section elementor-top-section elementor-element elementor-element-777d7843 elementor-section-full_width cta elementor-section-height-default elementor-section-height-default\" data-id=\"777d7843\" data-element_type=\"section\">\n\t\t\t\t\t\t<div class=\"elementor-container elementor-column-gap-default\">\n\t\t\t\t\t\t\t<div class=\"elementor-row\">\n\t\t\t\t\t<div class=\"elementor-column elementor-col-100 elementor-top-column elementor-element elementor-element-b5729e6\" data-id=\"b5729e6\" data-element_type=\"column\">\n\t\t\t<div class=\"elementor-column-wrap elementor-element-populated\">\n\t\t\t\t\t\t\t<div class=\"elementor-widget-wrap\">\n\t\t\t\t\t\t<div class=\"elementor-element elementor-element-7d52c5af elementor-widget elementor-widget-jk-cta-bar\" data-id=\"7d52c5af\" data-element_type=\"widget\" data-widget_type=\"jk-cta-bar.default\">\n\t\t\t\t<div class=\"elementor-widget-container\">\n\t\t\t<div class=\"jkea_cta-bar_wrapper\">\n            <div class=\"bars\"><div class=\"dots\"><\/div><div class=\"greybar\"><\/div><div class=\"bluebar\"><\/div><\/div>\n                <div class=\"jkea_cta-bar\">\n                    <div class=\"jkea_cta-bar_content\">\n                        <div class=\"jkea_title\">\n                    \t    <h2>Nous sommes l\u00e0 pour aider<\/h2>\n                    \t<\/div>\n                    \t<div class=\"jkea_text\">\n                    \t\t<p><span style=\"font-weight: 400;\">D\u00e9couvrez toutes les fa\u00e7ons dont nous pouvons aider votre entreprise.\u00a0<\/span><\/p>\n                    \t<\/div><div class=\"jkea_button\">\n                    \t\t<a href=\"\/contact\" class=\"btn\">Contactez-nous<\/a>\n                    \t<\/div> <\/div>\n                    <\/div>\n                <\/div>\t\t<\/div>\n\t\t\t\t<\/div>\n\t\t\t\t\t\t<\/div>\n\t\t\t\t\t<\/div>\n\t\t<\/div>\n\t\t\t\t\t\t\t\t<\/div>\n\t\t\t\t\t<\/div>\n\t\t<\/section>\n\t\t\t\t\t\t\t\t\t<\/div>\n\t\t\t<\/div>\n\t\t\t\t\t<\/div>\n\t\t","protected":false},"excerpt":{"rendered":"<p>Affaires et industrie Accro\u00eetre la productivit\u00e9 dans vos installations Campus d\u2019entreprise. Entrep\u00f4ts. Usines de fabrication. Centres de distribution. Les installations sont diff\u00e9rentes, mais chacune pourrait b\u00e9n\u00e9ficier d\u2019un co\u00fbt total de propri\u00e9t\u00e9 inf\u00e9rieur, d\u2019une long\u00e9vit\u00e9 accrue des actifs et d\u2019une efficacit\u00e9 accrue des syst\u00e8mes. Dexterra Group personnalise nos solutions pour r\u00e9pondre \u00e0 chaque b\u00e2timent ou portefeuille, [&hellip;]<\/p>\n","protected":false},"author":8,"featured_media":0,"parent":6292,"menu_order":0,"comment_status":"closed","ping_status":"closed","template":"","meta":[],"acf":[],"yoast_head":"<!-- This site is optimized with the Yoast SEO plugin v19.3 - https:\/\/yoast.com\/wordpress\/plugins\/seo\/ -->\n<title>Affaires et industrie | Dexterra Group<\/title>\n<meta name=\"description\" content=\"Quelle que soit votre entreprise, nous vous aidons \u00e0 r\u00e9duire votre co\u00fbt total de propri\u00e9t\u00e9, \u00e0 am\u00e9liorer la long\u00e9vit\u00e9 de vos actifs et \u00e0 accro\u00eetre l\u2019efficacit\u00e9 de votre syst\u00e8me.\" \/>\n<meta name=\"robots\" content=\"noindex, follow\" \/>\n<meta property=\"og:locale\" content=\"fr_FR\" \/>\n<meta property=\"og:type\" content=\"article\" \/>\n<meta property=\"og:title\" content=\"Affaires et industrie | Dexterra Group\" \/>\n<meta property=\"og:description\" content=\"Quelle que soit votre entreprise, nous vous aidons \u00e0 r\u00e9duire votre co\u00fbt total de propri\u00e9t\u00e9, \u00e0 am\u00e9liorer la long\u00e9vit\u00e9 de vos actifs et \u00e0 accro\u00eetre l\u2019efficacit\u00e9 de votre syst\u00e8me.\" \/>\n<meta property=\"og:url\" content=\"http:\/\/dexterra.jkmprojects.com\/fr\/qui-nous-servons\/affaires-industrie\/\" \/>\n<meta property=\"og:site_name\" content=\"Dexterra\" \/>\n<meta property=\"article:modified_time\" content=\"2021-07-16T14:08:34+00:00\" \/>\n<meta property=\"og:image\" content=\"https:\/\/dexterra.com\/wp-content\/uploads\/2021\/02\/Dexterra-Banner-2.8_Business-2.png\" \/>\n<meta name=\"twitter:card\" content=\"summary_large_image\" \/>\n<meta name=\"twitter:label1\" content=\"Dur\u00e9e de lecture estim\u00e9e\" \/>\n\t<meta name=\"twitter:data1\" content=\"2 minutes\" \/>\n<script type=\"application\/ld+json\" class=\"yoast-schema-graph\">{\"@context\":\"https:\/\/schema.org\",\"@graph\":[{\"@type\":\"Organization\",\"@id\":\"https:\/\/dexterra.jkmprojects.com\/#organization\",\"name\":\"Dexterra Group\",\"url\":\"https:\/\/dexterra.jkmprojects.com\/\",\"sameAs\":[],\"logo\":{\"@type\":\"ImageObject\",\"inLanguage\":\"fr-FR\",\"@id\":\"https:\/\/dexterra.jkmprojects.com\/#\/schema\/logo\/image\/\",\"url\":\"https:\/\/dexterra.jkmprojects.com\/wp-content\/uploads\/2020\/11\/DexterraGroupLogo-1.png\",\"contentUrl\":\"https:\/\/dexterra.jkmprojects.com\/wp-content\/uploads\/2020\/11\/DexterraGroupLogo-1.png\",\"width\":302,\"height\":144,\"caption\":\"Dexterra Group\"},\"image\":{\"@id\":\"https:\/\/dexterra.jkmprojects.com\/#\/schema\/logo\/image\/\"}},{\"@type\":\"WebSite\",\"@id\":\"https:\/\/dexterra.jkmprojects.com\/#website\",\"url\":\"https:\/\/dexterra.jkmprojects.com\/\",\"name\":\"Dexterra\",\"description\":\"\",\"publisher\":{\"@id\":\"https:\/\/dexterra.jkmprojects.com\/#organization\"},\"potentialAction\":[{\"@type\":\"SearchAction\",\"target\":{\"@type\":\"EntryPoint\",\"urlTemplate\":\"https:\/\/dexterra.jkmprojects.com\/?s={search_term_string}\"},\"query-input\":\"required name=search_term_string\"}],\"inLanguage\":\"fr-FR\"},{\"@type\":\"ImageObject\",\"inLanguage\":\"fr-FR\",\"@id\":\"http:\/\/dexterra.jkmprojects.com\/fr\/qui-nous-servons\/affaires-industrie\/#primaryimage\",\"url\":\"https:\/\/dexterra.com\/wp-content\/uploads\/2021\/02\/Dexterra-Banner-2.8_Business-2.png\",\"contentUrl\":\"https:\/\/dexterra.com\/wp-content\/uploads\/2021\/02\/Dexterra-Banner-2.8_Business-2.png\"},{\"@type\":\"WebPage\",\"@id\":\"http:\/\/dexterra.jkmprojects.com\/fr\/qui-nous-servons\/affaires-industrie\/\",\"url\":\"http:\/\/dexterra.jkmprojects.com\/fr\/qui-nous-servons\/affaires-industrie\/\",\"name\":\"Affaires et industrie | Dexterra Group\",\"isPartOf\":{\"@id\":\"https:\/\/dexterra.jkmprojects.com\/#website\"},\"primaryImageOfPage\":{\"@id\":\"http:\/\/dexterra.jkmprojects.com\/fr\/qui-nous-servons\/affaires-industrie\/#primaryimage\"},\"datePublished\":\"2021-01-08T21:45:55+00:00\",\"dateModified\":\"2021-07-16T14:08:34+00:00\",\"description\":\"Quelle que soit votre entreprise, nous vous aidons \u00e0 r\u00e9duire votre co\u00fbt total de propri\u00e9t\u00e9, \u00e0 am\u00e9liorer la long\u00e9vit\u00e9 de vos actifs et \u00e0 accro\u00eetre l\u2019efficacit\u00e9 de votre syst\u00e8me.\",\"breadcrumb\":{\"@id\":\"http:\/\/dexterra.jkmprojects.com\/fr\/qui-nous-servons\/affaires-industrie\/#breadcrumb\"},\"inLanguage\":\"fr-FR\",\"potentialAction\":[{\"@type\":\"ReadAction\",\"target\":[\"http:\/\/dexterra.jkmprojects.com\/fr\/qui-nous-servons\/affaires-industrie\/\"]}]},{\"@type\":\"BreadcrumbList\",\"@id\":\"http:\/\/dexterra.jkmprojects.com\/fr\/qui-nous-servons\/affaires-industrie\/#breadcrumb\",\"itemListElement\":[{\"@type\":\"ListItem\",\"position\":1,\"name\":\"Home\",\"item\":\"https:\/\/dexterra.jkmprojects.com\/fr\/\"},{\"@type\":\"ListItem\",\"position\":2,\"name\":\"Qui nous servons\",\"item\":\"https:\/\/dexterra.jkmprojects.com\/fr\/qui-nous-servons\/\"},{\"@type\":\"ListItem\",\"position\":3,\"name\":\"Affaires et Industrie\"}]}]}<\/script>\n<!-- \/ Yoast SEO plugin. -->","yoast_head_json":{"title":"Affaires et industrie | Dexterra Group","description":"Quelle que soit votre entreprise, nous vous aidons \u00e0 r\u00e9duire votre co\u00fbt total de propri\u00e9t\u00e9, \u00e0 am\u00e9liorer la long\u00e9vit\u00e9 de vos actifs et \u00e0 accro\u00eetre l\u2019efficacit\u00e9 de votre syst\u00e8me.","robots":{"index":"noindex","follow":"follow"},"og_locale":"fr_FR","og_type":"article","og_title":"Affaires et industrie | Dexterra Group","og_description":"Quelle que soit votre entreprise, nous vous aidons \u00e0 r\u00e9duire votre co\u00fbt total de propri\u00e9t\u00e9, \u00e0 am\u00e9liorer la long\u00e9vit\u00e9 de vos actifs et \u00e0 accro\u00eetre l\u2019efficacit\u00e9 de votre syst\u00e8me.","og_url":"http:\/\/dexterra.jkmprojects.com\/fr\/qui-nous-servons\/affaires-industrie\/","og_site_name":"Dexterra","article_modified_time":"2021-07-16T14:08:34+00:00","og_image":[{"url":"https:\/\/dexterra.com\/wp-content\/uploads\/2021\/02\/Dexterra-Banner-2.8_Business-2.png"}],"twitter_card":"summary_large_image","twitter_misc":{"Dur\u00e9e de lecture estim\u00e9e":"2 minutes"},"schema":{"@context":"https:\/\/schema.org","@graph":[{"@type":"Organization","@id":"https:\/\/dexterra.jkmprojects.com\/#organization","name":"Dexterra Group","url":"https:\/\/dexterra.jkmprojects.com\/","sameAs":[],"logo":{"@type":"ImageObject","inLanguage":"fr-FR","@id":"https:\/\/dexterra.jkmprojects.com\/#\/schema\/logo\/image\/","url":"https:\/\/dexterra.jkmprojects.com\/wp-content\/uploads\/2020\/11\/DexterraGroupLogo-1.png","contentUrl":"https:\/\/dexterra.jkmprojects.com\/wp-content\/uploads\/2020\/11\/DexterraGroupLogo-1.png","width":302,"height":144,"caption":"Dexterra Group"},"image":{"@id":"https:\/\/dexterra.jkmprojects.com\/#\/schema\/logo\/image\/"}},{"@type":"WebSite","@id":"https:\/\/dexterra.jkmprojects.com\/#website","url":"https:\/\/dexterra.jkmprojects.com\/","name":"Dexterra","description":"","publisher":{"@id":"https:\/\/dexterra.jkmprojects.com\/#organization"},"potentialAction":[{"@type":"SearchAction","target":{"@type":"EntryPoint","urlTemplate":"https:\/\/dexterra.jkmprojects.com\/?s={search_term_string}"},"query-input":"required name=search_term_string"}],"inLanguage":"fr-FR"},{"@type":"ImageObject","inLanguage":"fr-FR","@id":"http:\/\/dexterra.jkmprojects.com\/fr\/qui-nous-servons\/affaires-industrie\/#primaryimage","url":"https:\/\/dexterra.com\/wp-content\/uploads\/2021\/02\/Dexterra-Banner-2.8_Business-2.png","contentUrl":"https:\/\/dexterra.com\/wp-content\/uploads\/2021\/02\/Dexterra-Banner-2.8_Business-2.png"},{"@type":"WebPage","@id":"http:\/\/dexterra.jkmprojects.com\/fr\/qui-nous-servons\/affaires-industrie\/","url":"http:\/\/dexterra.jkmprojects.com\/fr\/qui-nous-servons\/affaires-industrie\/","name":"Affaires et industrie | Dexterra Group","isPartOf":{"@id":"https:\/\/dexterra.jkmprojects.com\/#website"},"primaryImageOfPage":{"@id":"http:\/\/dexterra.jkmprojects.com\/fr\/qui-nous-servons\/affaires-industrie\/#primaryimage"},"datePublished":"2021-01-08T21:45:55+00:00","dateModified":"2021-07-16T14:08:34+00:00","description":"Quelle que soit votre entreprise, nous vous aidons \u00e0 r\u00e9duire votre co\u00fbt total de propri\u00e9t\u00e9, \u00e0 am\u00e9liorer la long\u00e9vit\u00e9 de vos actifs et \u00e0 accro\u00eetre l\u2019efficacit\u00e9 de votre syst\u00e8me.","breadcrumb":{"@id":"http:\/\/dexterra.jkmprojects.com\/fr\/qui-nous-servons\/affaires-industrie\/#breadcrumb"},"inLanguage":"fr-FR","potentialAction":[{"@type":"ReadAction","target":["http:\/\/dexterra.jkmprojects.com\/fr\/qui-nous-servons\/affaires-industrie\/"]}]},{"@type":"BreadcrumbList","@id":"http:\/\/dexterra.jkmprojects.com\/fr\/qui-nous-servons\/affaires-industrie\/#breadcrumb","itemListElement":[{"@type":"ListItem","position":1,"name":"Home","item":"https:\/\/dexterra.jkmprojects.com\/fr\/"},{"@type":"ListItem","position":2,"name":"Qui nous servons","item":"https:\/\/dexterra.jkmprojects.com\/fr\/qui-nous-servons\/"},{"@type":"ListItem","position":3,"name":"Affaires et Industrie"}]}]}},"_links":{"self":[{"href":"http:\/\/dexterra.jkmprojects.com\/fr\/wp-json\/wp\/v2\/pages\/7142"}],"collection":[{"href":"http:\/\/dexterra.jkmprojects.com\/fr\/wp-json\/wp\/v2\/pages"}],"about":[{"href":"http:\/\/dexterra.jkmprojects.com\/fr\/wp-json\/wp\/v2\/types\/page"}],"author":[{"embeddable":true,"href":"http:\/\/dexterra.jkmprojects.com\/fr\/wp-json\/wp\/v2\/users\/8"}],"replies":[{"embeddable":true,"href":"http:\/\/dexterra.jkmprojects.com\/fr\/wp-json\/wp\/v2\/comments?post=7142"}],"version-history":[{"count":20,"href":"http:\/\/dexterra.jkmprojects.com\/fr\/wp-json\/wp\/v2\/pages\/7142\/revisions"}],"predecessor-version":[{"id":7965,"href":"http:\/\/dexterra.jkmprojects.com\/fr\/wp-json\/wp\/v2\/pages\/7142\/revisions\/7965"}],"up":[{"embeddable":true,"href":"http:\/\/dexterra.jkmprojects.com\/fr\/wp-json\/wp\/v2\/pages\/6292"}],"wp:attachment":[{"href":"http:\/\/dexterra.jkmprojects.com\/fr\/wp-json\/wp\/v2\/media?parent=7142"}],"curies":[{"name":"wp","href":"https:\/\/api.w.org\/{rel}","templated":true}]}}