{"id":7150,"date":"2021-01-08T21:50:11","date_gmt":"2021-01-08T21:50:11","guid":{"rendered":"http:\/\/dexterra2020.jkmprojects.com\/who-we-serve\/emergency-response\/"},"modified":"2021-06-24T19:09:44","modified_gmt":"2021-06-24T19:09:44","slug":"intervention-durgence","status":"publish","type":"page","link":"http:\/\/dexterra.jkmprojects.com\/fr\/qui-nous-servons\/intervention-durgence\/","title":{"rendered":"Intervention d\u2019urgence"},"content":{"rendered":"\t\t<div data-elementor-type=\"wp-page\" data-elementor-id=\"7150\" class=\"elementor elementor-7150 elementor-4426\">\n\t\t\t\t\t\t<div class=\"elementor-inner\">\n\t\t\t\t<div class=\"elementor-section-wrap\">\n\t\t\t\t\t\t\t\t\t<header class=\"elementor-section elementor-top-section elementor-element elementor-element-352c4b8 elementor-section-full_width elementor-section-height-default elementor-section-height-default\" data-id=\"352c4b8\" data-element_type=\"section\">\n\t\t\t\t\t\t<div class=\"elementor-container elementor-column-gap-default\">\n\t\t\t\t\t\t\t<div class=\"elementor-row\">\n\t\t\t\t\t<div class=\"elementor-column elementor-col-100 elementor-top-column elementor-element elementor-element-678d437b\" data-id=\"678d437b\" data-element_type=\"column\">\n\t\t\t<div class=\"elementor-column-wrap elementor-element-populated\">\n\t\t\t\t\t\t\t<div class=\"elementor-widget-wrap\">\n\t\t\t\t\t\t<div class=\"elementor-element elementor-element-12de2de6 elementor-widget elementor-widget-jk-pageheader\" data-id=\"12de2de6\" data-element_type=\"widget\" data-widget_type=\"jk-pageheader.default\">\n\t\t\t\t<div class=\"elementor-widget-container\">\n\t\t\t<header class=\"medium\"><div class=\"jkea_header\"><div class=\"jkea_header__contentwrap\"><div class=\"jkea_header__content\"><div class=\"title\"><h1>Intervention<span class=\"orange\">  d\u2019urgence<\/span><\/h1><\/div><div class=\"text\"><p><\/p><\/div><\/div><\/div><div class=\"jkea_header__graphic\"><div class=\"featuredimage full\"><img src=\"https:\/\/dexterra.com\/wp-content\/uploads\/2021\/02\/Dexterra-Banner-2.9_Emergency-2.png\" alt=\": Une vue \u00e0 angle droit d\u2019une for\u00eat avec le logo Dexterra sur le dessus\"><\/div><div class=\"bars\"><div class=\"whiteslice\"><\/div><div class=\"dots\"><\/div><div class=\"greybar\"><\/div><div class=\"bluebar\"><\/div><\/div><div class=\"jkea_header__chevrons\"><div class=\"chevrons\"><div class=\"chevronbg\"><\/div><div class=\"dots\"><\/div><div class=\"greychevronshadow\"><div class=\"greychevron\"><\/div><\/div><div class=\"bluechevron\"><\/div><\/div><\/div><\/div><\/div><\/div><\/header>\t\t<\/div>\n\t\t\t\t<\/div>\n\t\t\t\t\t\t<\/div>\n\t\t\t\t\t<\/div>\n\t\t<\/div>\n\t\t\t\t\t\t\t\t<\/div>\n\t\t\t\t\t<\/div>\n\t\t<\/header>\n\t\t\t\t<section class=\"elementor-section elementor-top-section elementor-element elementor-element-75ad66ae keyline elementor-section-boxed elementor-section-height-default elementor-section-height-default\" data-id=\"75ad66ae\" data-element_type=\"section\">\n\t\t\t\t\t\t<div class=\"elementor-container elementor-column-gap-default\">\n\t\t\t\t\t\t\t<div class=\"elementor-row\">\n\t\t\t\t\t<div class=\"elementor-column elementor-col-100 elementor-top-column elementor-element elementor-element-48197a6c\" data-id=\"48197a6c\" data-element_type=\"column\">\n\t\t\t<div class=\"elementor-column-wrap elementor-element-populated\">\n\t\t\t\t\t\t\t<div class=\"elementor-widget-wrap\">\n\t\t\t\t\t\t<div class=\"elementor-element elementor-element-4ccb0457 elementor-widget elementor-widget-jk-spacer\" data-id=\"4ccb0457\" data-element_type=\"widget\" data-widget_type=\"jk-spacer.default\">\n\t\t\t\t<div class=\"elementor-widget-container\">\n\t\t\t<div class=\"jkea_spacer_wrapper\"><div class=\"jkea_spacer\"><\/div><\/div>\t\t<\/div>\n\t\t\t\t<\/div>\n\t\t\t\t<div class=\"elementor-element elementor-element-411f12a4 elementor-widget elementor-widget-jk-tabs\" data-id=\"411f12a4\" data-element_type=\"widget\" data-widget_type=\"jk-tabs.default\">\n\t\t\t\t<div class=\"elementor-widget-container\">\n\t\t\t<div class=\"jkea-tabs-section\"><div class=\"container\"><div class=\"jkea-tabs-title\"><h2>Toujours pr\u00eat. Quelle que soit la situation.<\/h2><\/div><div class=\"jkea-tabs-text\"><p><p><span style=\"font-weight: 400;\">Dexterra Group dispose de l\u2019infrastructure, de la main-d\u2019\u0153uvre et de la pr\u00e9sence nationale pour r\u00e9pondre aux urgences \u00e0 grande \u00e9chelle partout au Canada, 24 heures sur 24, 7 jours sur 7. Nos services de soutien comprennent la mise en \u0153uvre de protocoles d\u2019intervention, la lutte contre les incendies de for\u00eat, la mise en place de camps d\u2019intervention, la mise en place d\u2019installations m\u00e9dicales temporaires et la construction de logements modulaires pour r\u00e9pondre aux besoins urgents de la communaut\u00e9.<\/span><\/p><\/p><\/div><\/div><div class=\"jkea-tabs-tab-wrapper\"><div class=\"container\"><ul class=\"tabmenu\"><li class=\"tabitem active\" data-tabid=\"tab-83da281\">D\u00e9ploiement rapide<\/li><li class=\"tabitem\" data-tabid=\"tab-fc91433\"> Mobilit\u00e9<\/li><li class=\"tabitem\" data-tabid=\"tab-73d5769\">Services de d\u00e9sinfection<\/li><li class=\"tabitem\" data-tabid=\"tab-1ab22d2\">Engagement envers la sant\u00e9 et la s\u00e9curit\u00e9<\/li><li class=\"tabactivemarker\"><\/li><\/ul><\/div><div class=\"tabcontent\"><div class=\"container\"><div class=\"tab active\" id=\"tab-83da281\"><div class=\"jkea_image\" style=\"background-image: url(https:\/\/dexterra.com\/wp-content\/uploads\/2021\/02\/medical_tent.jpg)\"><\/div><div class=\"jkea-tabcontent\" style=\"\"><div class=\"title\">D\u00e9ploiement rapide<\/div><div class=\"text\" style=\"\"><p><span style=\"font-weight: 400;\">Nous prenons au s\u00e9rieux la r\u00e9activit\u00e9; en fait, nous pouvons organiser un camp de base en une fin de semaine. Nos \u00e9quipes peuvent d\u00e9ployer des solutions de main-d\u2019\u0153uvre suppl\u00e9mentaire, construire et livrer des installations d\u2019intervention rapide et assurer une maintenance continue.<\/span><\/p><\/div><\/div><\/div><div class=\"tab\" id=\"tab-fc91433\"><div class=\"jkea_image\" style=\"background-image: url(https:\/\/dexterra.com\/wp-content\/uploads\/2021\/02\/Emergency-Response_Mobility-scaled-e1614094154154.jpg)\"><\/div><div class=\"jkea-tabcontent\" style=\"\"><div class=\"title\"> Mobilit\u00e9<\/div><div class=\"text\" style=\"\"><p><span style=\"font-weight: 400;\">Lorsque vous avez besoin d\u2019assistance sur place, nous avons du personnel de soutien mobile, des techniciens et d\u2019autres experts disponibles en tout temps. Nous disposons d\u2019un service d\u2019assistance et d\u2019un centre d\u2019aide aux op\u00e9rations disponibles 24 heures sur 24, 7 jours sur 7, \u00e0 cette fin pr\u00e9cise.<\/span><\/p><\/div><\/div><\/div><div class=\"tab\" id=\"tab-73d5769\"><div class=\"jkea_image\" style=\"background-image: url(https:\/\/dexterra.com\/wp-content\/uploads\/2021\/02\/2.9-Emergency-Response-Disinfection-Services.jpg)\"><\/div><div class=\"jkea-tabcontent\" style=\"\"><div class=\"title\">Services de d\u00e9sinfection<\/div><div class=\"text\" style=\"\"><p><span style=\"font-weight: 400;\">Nos \u00e9quipes form\u00e9es sont \u00e9quip\u00e9es de produits et d\u2019\u00e9quipements de d\u00e9sinfection sp\u00e9cialis\u00e9s. En plus des services de nettoyage de qualit\u00e9, nous proposons des services complets d\u2019assainissement, de remise en \u00e9tat et de d\u00e9contamination des installations.<\/span><\/p><\/div><\/div><\/div><div class=\"tab\" id=\"tab-1ab22d2\"><div class=\"jkea_image\" style=\"background-image: url(https:\/\/dexterra.com\/wp-content\/uploads\/2021\/02\/2.9-Emergency-Response-Commitment-to-Health-and-Safety.jpg)\"><\/div><div class=\"jkea-tabcontent\" style=\"\"><div class=\"title\">Engagement envers la sant\u00e9 et la s\u00e9curit\u00e9<\/div><div class=\"text\" style=\"\"><p><span style=\"font-weight: 400;\">En tant qu\u2019organisation, Dexterra Group accorde la priorit\u00e9 \u00e0 la s\u00e9curit\u00e9 dans tout ce que nous faisons. En cas d\u2019urgence, nous ne d\u00e9rogerons pas \u00e0 cet engagement. Nos \u00e9quipes sont bien \u00e9quip\u00e9es pour r\u00e9pondre \u00e0 vos besoins et chaque approche assurera la s\u00e9curit\u00e9 et l\u2019int\u00e9grit\u00e9 de votre installation.<\/span><\/p><\/div><\/div><\/div><\/div><\/div><\/div>\t\t<\/div>\n\t\t\t\t<\/div>\n\t\t\t\t\t\t<\/div>\n\t\t\t\t\t<\/div>\n\t\t<\/div>\n\t\t\t\t\t\t\t\t<\/div>\n\t\t\t\t\t<\/div>\n\t\t<\/section>\n\t\t\t\t<section class=\"elementor-section elementor-top-section elementor-element elementor-element-19196e07 elementor-section-boxed elementor-section-height-default elementor-section-height-default\" data-id=\"19196e07\" data-element_type=\"section\">\n\t\t\t\t\t\t<div class=\"elementor-container elementor-column-gap-default\">\n\t\t\t\t\t\t\t<div class=\"elementor-row\">\n\t\t\t\t\t<div class=\"elementor-column elementor-col-100 elementor-top-column elementor-element elementor-element-db9f5eb\" data-id=\"db9f5eb\" data-element_type=\"column\">\n\t\t\t<div class=\"elementor-column-wrap elementor-element-populated\">\n\t\t\t\t\t\t\t<div class=\"elementor-widget-wrap\">\n\t\t\t\t\t\t<div class=\"elementor-element elementor-element-9ad8915 elementor-widget elementor-widget-jk-spacer\" data-id=\"9ad8915\" data-element_type=\"widget\" data-widget_type=\"jk-spacer.default\">\n\t\t\t\t<div class=\"elementor-widget-container\">\n\t\t\t<div class=\"jkea_spacer_wrapper\"><div class=\"jkea_spacer\"><\/div><\/div>\t\t<\/div>\n\t\t\t\t<\/div>\n\t\t\t\t\t\t<\/div>\n\t\t\t\t\t<\/div>\n\t\t<\/div>\n\t\t\t\t\t\t\t\t<\/div>\n\t\t\t\t\t<\/div>\n\t\t<\/section>\n\t\t\t\t<section class=\"elementor-section elementor-top-section elementor-element elementor-element-7e67a708 elementor-section-full_width cta elementor-section-height-default elementor-section-height-default\" data-id=\"7e67a708\" data-element_type=\"section\">\n\t\t\t\t\t\t<div class=\"elementor-container elementor-column-gap-default\">\n\t\t\t\t\t\t\t<div class=\"elementor-row\">\n\t\t\t\t\t<div class=\"elementor-column elementor-col-100 elementor-top-column elementor-element elementor-element-4ef8f32c\" data-id=\"4ef8f32c\" data-element_type=\"column\">\n\t\t\t<div class=\"elementor-column-wrap elementor-element-populated\">\n\t\t\t\t\t\t\t<div class=\"elementor-widget-wrap\">\n\t\t\t\t\t\t<div class=\"elementor-element elementor-element-1af8aaf3 elementor-widget elementor-widget-jk-cta-bar\" data-id=\"1af8aaf3\" data-element_type=\"widget\" data-widget_type=\"jk-cta-bar.default\">\n\t\t\t\t<div class=\"elementor-widget-container\">\n\t\t\t<div class=\"jkea_cta-bar_wrapper\">\n            <div class=\"bars\"><div class=\"dots\"><\/div><div class=\"greybar\"><\/div><div class=\"bluebar\"><\/div><\/div>\n                <div class=\"jkea_cta-bar\">\n                    <div class=\"jkea_cta-bar_content\">\n                        <div class=\"jkea_title\">\n                    \t    <h2>Nous sommes l\u00e0 pour aider<\/h2>\n                    \t<\/div>\n                    \t<div class=\"jkea_text\">\n                    \t\t<p><span style=\"font-weight: 400;\">D\u00e9couvrez toutes les fa\u00e7ons dont nous pouvons aider votre entreprise.\u00a0<\/span><\/p>\n                    \t<\/div><div class=\"jkea_button\">\n                    \t\t<a href=\"\/contact\" class=\"btn\"> Contactez-nous<\/a>\n                    \t<\/div> <\/div>\n                    <\/div>\n                <\/div>\t\t<\/div>\n\t\t\t\t<\/div>\n\t\t\t\t\t\t<\/div>\n\t\t\t\t\t<\/div>\n\t\t<\/div>\n\t\t\t\t\t\t\t\t<\/div>\n\t\t\t\t\t<\/div>\n\t\t<\/section>\n\t\t\t\t\t\t\t\t\t<\/div>\n\t\t\t<\/div>\n\t\t\t\t\t<\/div>\n\t\t","protected":false},"excerpt":{"rendered":"<p>Intervention d\u2019urgence Toujours pr\u00eat. Quelle que soit la situation. Dexterra Group dispose de l\u2019infrastructure, de la main-d\u2019\u0153uvre et de la pr\u00e9sence nationale pour r\u00e9pondre aux urgences \u00e0 grande \u00e9chelle partout au Canada, 24 heures sur 24, 7 jours sur 7. Nos services de soutien comprennent la mise en \u0153uvre de protocoles d\u2019intervention, la lutte contre [&hellip;]<\/p>\n","protected":false},"author":8,"featured_media":0,"parent":6292,"menu_order":0,"comment_status":"closed","ping_status":"closed","template":"","meta":[],"acf":[],"yoast_head":"<!-- This site is optimized with the Yoast SEO plugin v19.3 - https:\/\/yoast.com\/wordpress\/plugins\/seo\/ -->\n<title>Intervention d\u2019urgence | Dexterra Group<\/title>\n<meta name=\"description\" content=\"Dexterra Group dispose de l\u2019infrastructure, de la main-d\u2019\u0153uvre et de la pr\u00e9sence nationale pour r\u00e9pondre aux urgences \u00e0 grande \u00e9chelle partout au Canada, 24 heures sur 24, 7 jours sur 7.\" \/>\n<meta name=\"robots\" content=\"noindex, follow\" \/>\n<meta property=\"og:locale\" content=\"fr_FR\" \/>\n<meta property=\"og:type\" content=\"article\" \/>\n<meta property=\"og:title\" content=\"Intervention d\u2019urgence | Dexterra Group\" \/>\n<meta property=\"og:description\" content=\"Dexterra Group dispose de l\u2019infrastructure, de la main-d\u2019\u0153uvre et de la pr\u00e9sence nationale pour r\u00e9pondre aux urgences \u00e0 grande \u00e9chelle partout au Canada, 24 heures sur 24, 7 jours sur 7.\" \/>\n<meta property=\"og:url\" content=\"http:\/\/dexterra.jkmprojects.com\/fr\/qui-nous-servons\/intervention-durgence\/\" \/>\n<meta property=\"og:site_name\" content=\"Dexterra\" \/>\n<meta property=\"article:modified_time\" content=\"2021-06-24T19:09:44+00:00\" \/>\n<meta property=\"og:image\" content=\"https:\/\/dexterra.com\/wp-content\/uploads\/2021\/02\/Dexterra-Banner-2.9_Emergency-2.png\" \/>\n<meta name=\"twitter:card\" content=\"summary_large_image\" \/>\n<meta name=\"twitter:label1\" content=\"Dur\u00e9e de lecture estim\u00e9e\" \/>\n\t<meta name=\"twitter:data1\" content=\"2 minutes\" \/>\n<script type=\"application\/ld+json\" class=\"yoast-schema-graph\">{\"@context\":\"https:\/\/schema.org\",\"@graph\":[{\"@type\":\"Organization\",\"@id\":\"https:\/\/dexterra.jkmprojects.com\/#organization\",\"name\":\"Dexterra Group\",\"url\":\"https:\/\/dexterra.jkmprojects.com\/\",\"sameAs\":[],\"logo\":{\"@type\":\"ImageObject\",\"inLanguage\":\"fr-FR\",\"@id\":\"https:\/\/dexterra.jkmprojects.com\/#\/schema\/logo\/image\/\",\"url\":\"https:\/\/dexterra.jkmprojects.com\/wp-content\/uploads\/2020\/11\/DexterraGroupLogo-1.png\",\"contentUrl\":\"https:\/\/dexterra.jkmprojects.com\/wp-content\/uploads\/2020\/11\/DexterraGroupLogo-1.png\",\"width\":302,\"height\":144,\"caption\":\"Dexterra Group\"},\"image\":{\"@id\":\"https:\/\/dexterra.jkmprojects.com\/#\/schema\/logo\/image\/\"}},{\"@type\":\"WebSite\",\"@id\":\"https:\/\/dexterra.jkmprojects.com\/#website\",\"url\":\"https:\/\/dexterra.jkmprojects.com\/\",\"name\":\"Dexterra\",\"description\":\"\",\"publisher\":{\"@id\":\"https:\/\/dexterra.jkmprojects.com\/#organization\"},\"potentialAction\":[{\"@type\":\"SearchAction\",\"target\":{\"@type\":\"EntryPoint\",\"urlTemplate\":\"https:\/\/dexterra.jkmprojects.com\/?s={search_term_string}\"},\"query-input\":\"required name=search_term_string\"}],\"inLanguage\":\"fr-FR\"},{\"@type\":\"ImageObject\",\"inLanguage\":\"fr-FR\",\"@id\":\"http:\/\/dexterra.jkmprojects.com\/fr\/qui-nous-servons\/intervention-durgence\/#primaryimage\",\"url\":\"https:\/\/dexterra.com\/wp-content\/uploads\/2021\/02\/Dexterra-Banner-2.9_Emergency-2.png\",\"contentUrl\":\"https:\/\/dexterra.com\/wp-content\/uploads\/2021\/02\/Dexterra-Banner-2.9_Emergency-2.png\"},{\"@type\":\"WebPage\",\"@id\":\"http:\/\/dexterra.jkmprojects.com\/fr\/qui-nous-servons\/intervention-durgence\/\",\"url\":\"http:\/\/dexterra.jkmprojects.com\/fr\/qui-nous-servons\/intervention-durgence\/\",\"name\":\"Intervention d\u2019urgence | Dexterra Group\",\"isPartOf\":{\"@id\":\"https:\/\/dexterra.jkmprojects.com\/#website\"},\"primaryImageOfPage\":{\"@id\":\"http:\/\/dexterra.jkmprojects.com\/fr\/qui-nous-servons\/intervention-durgence\/#primaryimage\"},\"datePublished\":\"2021-01-08T21:50:11+00:00\",\"dateModified\":\"2021-06-24T19:09:44+00:00\",\"description\":\"Dexterra Group dispose de l\u2019infrastructure, de la main-d\u2019\u0153uvre et de la pr\u00e9sence nationale pour r\u00e9pondre aux urgences \u00e0 grande \u00e9chelle partout au Canada, 24 heures sur 24, 7 jours sur 7.\",\"breadcrumb\":{\"@id\":\"http:\/\/dexterra.jkmprojects.com\/fr\/qui-nous-servons\/intervention-durgence\/#breadcrumb\"},\"inLanguage\":\"fr-FR\",\"potentialAction\":[{\"@type\":\"ReadAction\",\"target\":[\"http:\/\/dexterra.jkmprojects.com\/fr\/qui-nous-servons\/intervention-durgence\/\"]}]},{\"@type\":\"BreadcrumbList\",\"@id\":\"http:\/\/dexterra.jkmprojects.com\/fr\/qui-nous-servons\/intervention-durgence\/#breadcrumb\",\"itemListElement\":[{\"@type\":\"ListItem\",\"position\":1,\"name\":\"Home\",\"item\":\"https:\/\/dexterra.jkmprojects.com\/fr\/\"},{\"@type\":\"ListItem\",\"position\":2,\"name\":\"Qui nous servons\",\"item\":\"https:\/\/dexterra.jkmprojects.com\/fr\/qui-nous-servons\/\"},{\"@type\":\"ListItem\",\"position\":3,\"name\":\"Intervention d\u2019urgence\"}]}]}<\/script>\n<!-- \/ Yoast SEO plugin. -->","yoast_head_json":{"title":"Intervention d\u2019urgence | Dexterra Group","description":"Dexterra Group dispose de l\u2019infrastructure, de la main-d\u2019\u0153uvre et de la pr\u00e9sence nationale pour r\u00e9pondre aux urgences \u00e0 grande \u00e9chelle partout au Canada, 24 heures sur 24, 7 jours sur 7.","robots":{"index":"noindex","follow":"follow"},"og_locale":"fr_FR","og_type":"article","og_title":"Intervention d\u2019urgence | Dexterra Group","og_description":"Dexterra Group dispose de l\u2019infrastructure, de la main-d\u2019\u0153uvre et de la pr\u00e9sence nationale pour r\u00e9pondre aux urgences \u00e0 grande \u00e9chelle partout au Canada, 24 heures sur 24, 7 jours sur 7.","og_url":"http:\/\/dexterra.jkmprojects.com\/fr\/qui-nous-servons\/intervention-durgence\/","og_site_name":"Dexterra","article_modified_time":"2021-06-24T19:09:44+00:00","og_image":[{"url":"https:\/\/dexterra.com\/wp-content\/uploads\/2021\/02\/Dexterra-Banner-2.9_Emergency-2.png"}],"twitter_card":"summary_large_image","twitter_misc":{"Dur\u00e9e de lecture estim\u00e9e":"2 minutes"},"schema":{"@context":"https:\/\/schema.org","@graph":[{"@type":"Organization","@id":"https:\/\/dexterra.jkmprojects.com\/#organization","name":"Dexterra Group","url":"https:\/\/dexterra.jkmprojects.com\/","sameAs":[],"logo":{"@type":"ImageObject","inLanguage":"fr-FR","@id":"https:\/\/dexterra.jkmprojects.com\/#\/schema\/logo\/image\/","url":"https:\/\/dexterra.jkmprojects.com\/wp-content\/uploads\/2020\/11\/DexterraGroupLogo-1.png","contentUrl":"https:\/\/dexterra.jkmprojects.com\/wp-content\/uploads\/2020\/11\/DexterraGroupLogo-1.png","width":302,"height":144,"caption":"Dexterra Group"},"image":{"@id":"https:\/\/dexterra.jkmprojects.com\/#\/schema\/logo\/image\/"}},{"@type":"WebSite","@id":"https:\/\/dexterra.jkmprojects.com\/#website","url":"https:\/\/dexterra.jkmprojects.com\/","name":"Dexterra","description":"","publisher":{"@id":"https:\/\/dexterra.jkmprojects.com\/#organization"},"potentialAction":[{"@type":"SearchAction","target":{"@type":"EntryPoint","urlTemplate":"https:\/\/dexterra.jkmprojects.com\/?s={search_term_string}"},"query-input":"required name=search_term_string"}],"inLanguage":"fr-FR"},{"@type":"ImageObject","inLanguage":"fr-FR","@id":"http:\/\/dexterra.jkmprojects.com\/fr\/qui-nous-servons\/intervention-durgence\/#primaryimage","url":"https:\/\/dexterra.com\/wp-content\/uploads\/2021\/02\/Dexterra-Banner-2.9_Emergency-2.png","contentUrl":"https:\/\/dexterra.com\/wp-content\/uploads\/2021\/02\/Dexterra-Banner-2.9_Emergency-2.png"},{"@type":"WebPage","@id":"http:\/\/dexterra.jkmprojects.com\/fr\/qui-nous-servons\/intervention-durgence\/","url":"http:\/\/dexterra.jkmprojects.com\/fr\/qui-nous-servons\/intervention-durgence\/","name":"Intervention d\u2019urgence | Dexterra Group","isPartOf":{"@id":"https:\/\/dexterra.jkmprojects.com\/#website"},"primaryImageOfPage":{"@id":"http:\/\/dexterra.jkmprojects.com\/fr\/qui-nous-servons\/intervention-durgence\/#primaryimage"},"datePublished":"2021-01-08T21:50:11+00:00","dateModified":"2021-06-24T19:09:44+00:00","description":"Dexterra Group dispose de l\u2019infrastructure, de la main-d\u2019\u0153uvre et de la pr\u00e9sence nationale pour r\u00e9pondre aux urgences \u00e0 grande \u00e9chelle partout au Canada, 24 heures sur 24, 7 jours sur 7.","breadcrumb":{"@id":"http:\/\/dexterra.jkmprojects.com\/fr\/qui-nous-servons\/intervention-durgence\/#breadcrumb"},"inLanguage":"fr-FR","potentialAction":[{"@type":"ReadAction","target":["http:\/\/dexterra.jkmprojects.com\/fr\/qui-nous-servons\/intervention-durgence\/"]}]},{"@type":"BreadcrumbList","@id":"http:\/\/dexterra.jkmprojects.com\/fr\/qui-nous-servons\/intervention-durgence\/#breadcrumb","itemListElement":[{"@type":"ListItem","position":1,"name":"Home","item":"https:\/\/dexterra.jkmprojects.com\/fr\/"},{"@type":"ListItem","position":2,"name":"Qui nous servons","item":"https:\/\/dexterra.jkmprojects.com\/fr\/qui-nous-servons\/"},{"@type":"ListItem","position":3,"name":"Intervention d\u2019urgence"}]}]}},"_links":{"self":[{"href":"http:\/\/dexterra.jkmprojects.com\/fr\/wp-json\/wp\/v2\/pages\/7150"}],"collection":[{"href":"http:\/\/dexterra.jkmprojects.com\/fr\/wp-json\/wp\/v2\/pages"}],"about":[{"href":"http:\/\/dexterra.jkmprojects.com\/fr\/wp-json\/wp\/v2\/types\/page"}],"author":[{"embeddable":true,"href":"http:\/\/dexterra.jkmprojects.com\/fr\/wp-json\/wp\/v2\/users\/8"}],"replies":[{"embeddable":true,"href":"http:\/\/dexterra.jkmprojects.com\/fr\/wp-json\/wp\/v2\/comments?post=7150"}],"version-history":[{"count":14,"href":"http:\/\/dexterra.jkmprojects.com\/fr\/wp-json\/wp\/v2\/pages\/7150\/revisions"}],"predecessor-version":[{"id":7626,"href":"http:\/\/dexterra.jkmprojects.com\/fr\/wp-json\/wp\/v2\/pages\/7150\/revisions\/7626"}],"up":[{"embeddable":true,"href":"http:\/\/dexterra.jkmprojects.com\/fr\/wp-json\/wp\/v2\/pages\/6292"}],"wp:attachment":[{"href":"http:\/\/dexterra.jkmprojects.com\/fr\/wp-json\/wp\/v2\/media?parent=7150"}],"curies":[{"name":"wp","href":"https:\/\/api.w.org\/{rel}","templated":true}]}}