{"id":7158,"date":"2021-01-08T21:54:58","date_gmt":"2021-01-08T21:54:58","guid":{"rendered":"http:\/\/dexterra2020.jkmprojects.com\/who-we-serve\/social-housing\/"},"modified":"2021-06-24T19:15:51","modified_gmt":"2021-06-24T19:15:51","slug":"hebergement-social","status":"publish","type":"page","link":"http:\/\/dexterra.jkmprojects.com\/fr\/qui-nous-servons\/hebergement-social\/","title":{"rendered":"H\u00e9bergement social"},"content":{"rendered":"\t\t<div data-elementor-type=\"wp-page\" data-elementor-id=\"7158\" class=\"elementor elementor-7158 elementor-4438\">\n\t\t\t\t\t\t<div class=\"elementor-inner\">\n\t\t\t\t<div class=\"elementor-section-wrap\">\n\t\t\t\t\t\t\t\t\t<header class=\"elementor-section elementor-top-section elementor-element elementor-element-c8c747 elementor-section-full_width elementor-section-height-default elementor-section-height-default\" data-id=\"c8c747\" data-element_type=\"section\">\n\t\t\t\t\t\t<div class=\"elementor-container elementor-column-gap-default\">\n\t\t\t\t\t\t\t<div class=\"elementor-row\">\n\t\t\t\t\t<div class=\"elementor-column elementor-col-100 elementor-top-column elementor-element elementor-element-569aaf52\" data-id=\"569aaf52\" data-element_type=\"column\">\n\t\t\t<div class=\"elementor-column-wrap elementor-element-populated\">\n\t\t\t\t\t\t\t<div class=\"elementor-widget-wrap\">\n\t\t\t\t\t\t<div class=\"elementor-element elementor-element-356845c elementor-widget elementor-widget-jk-pageheader\" data-id=\"356845c\" data-element_type=\"widget\" data-widget_type=\"jk-pageheader.default\">\n\t\t\t\t<div class=\"elementor-widget-container\">\n\t\t\t<header class=\"medium\"><div class=\"jkea_header\"><div class=\"jkea_header__contentwrap\"><div class=\"jkea_header__content\"><div class=\"title\"><h1> <span class=\"orange\">H\u00e9bergement <\/span>social <\/h1><\/div><div class=\"text\"><p><\/p><\/div><\/div><\/div><div class=\"jkea_header__graphic\"><div class=\"featuredimage full\"><img src=\"https:\/\/dexterra.com\/wp-content\/uploads\/2021\/02\/Dexterra-Banner-2.10_SocialHousing-2.png\" alt=\": Un angle lat\u00e9ral d\u2019un b\u00e2timent blanc\"><\/div><div class=\"bars\"><div class=\"whiteslice\"><\/div><div class=\"dots\"><\/div><div class=\"greybar\"><\/div><div class=\"bluebar\"><\/div><\/div><div class=\"jkea_header__chevrons\"><div class=\"chevrons\"><div class=\"chevronbg\"><\/div><div class=\"dots\"><\/div><div class=\"greychevronshadow\"><div class=\"greychevron\"><\/div><\/div><div class=\"bluechevron\"><\/div><\/div><\/div><\/div><\/div><\/div><\/header>\t\t<\/div>\n\t\t\t\t<\/div>\n\t\t\t\t\t\t<\/div>\n\t\t\t\t\t<\/div>\n\t\t<\/div>\n\t\t\t\t\t\t\t\t<\/div>\n\t\t\t\t\t<\/div>\n\t\t<\/header>\n\t\t\t\t<section class=\"elementor-section elementor-top-section elementor-element elementor-element-76af3fc8 keyline elementor-section-boxed elementor-section-height-default elementor-section-height-default\" data-id=\"76af3fc8\" data-element_type=\"section\">\n\t\t\t\t\t\t<div class=\"elementor-container elementor-column-gap-default\">\n\t\t\t\t\t\t\t<div class=\"elementor-row\">\n\t\t\t\t\t<div class=\"elementor-column elementor-col-100 elementor-top-column elementor-element elementor-element-226dbc4b\" data-id=\"226dbc4b\" data-element_type=\"column\">\n\t\t\t<div class=\"elementor-column-wrap elementor-element-populated\">\n\t\t\t\t\t\t\t<div class=\"elementor-widget-wrap\">\n\t\t\t\t\t\t<div class=\"elementor-element elementor-element-53fb1b23 elementor-widget elementor-widget-jk-spacer\" data-id=\"53fb1b23\" data-element_type=\"widget\" data-widget_type=\"jk-spacer.default\">\n\t\t\t\t<div class=\"elementor-widget-container\">\n\t\t\t<div class=\"jkea_spacer_wrapper\"><div class=\"jkea_spacer\"><\/div><\/div>\t\t<\/div>\n\t\t\t\t<\/div>\n\t\t\t\t<div class=\"elementor-element elementor-element-54406f62 elementor-widget elementor-widget-jk-tabs\" data-id=\"54406f62\" data-element_type=\"widget\" data-widget_type=\"jk-tabs.default\">\n\t\t\t\t<div class=\"elementor-widget-container\">\n\t\t\t<div class=\"jkea-tabs-section\"><div class=\"container\"><div class=\"jkea-tabs-title\"><h2>Ramenez-les \u00e0 la maison plus rapidement<\/h2><\/div><div class=\"jkea-tabs-text\"><p><p><span style=\"font-weight: 400;\">La demande croissante de logements sociaux combin\u00e9e au manque d\u2019approvisionnement a emp\u00each\u00e9 nos gouvernements de r\u00e9pondre aux besoins de la communaut\u00e9. Nous devons construire ces installations plus rapidement si nous voulons relever ce d\u00e9fi. C\u2019est pourquoi nous croyons en la construction modulaire. Elle nous permet de cr\u00e9er des solutions multi-unit\u00e9s de qualit\u00e9 dans des d\u00e9lais plus courts.\u00a0\u00a0\u00a0\u00a0<\/span><\/p><\/p><\/div><\/div><div class=\"jkea-tabs-tab-wrapper\"><div class=\"container\"><ul class=\"tabmenu\"><li class=\"tabitem active\" data-tabid=\"tab-83da281\">Construction rapide<\/li><li class=\"tabitem\" data-tabid=\"tab-5bd0c3c\">D\u00e9velopper la certitude<\/li><li class=\"tabitem\" data-tabid=\"tab-dc4e405\">Espaces de qualit\u00e9 sup\u00e9rieure<\/li><li class=\"tabitem\" data-tabid=\"tab-a1342a4\">Constructions durables<\/li><li class=\"tabitem\" data-tabid=\"tab-9f003dc\">Soutien complet du cycle de vie<\/li><li class=\"tabactivemarker\"><\/li><\/ul><\/div><div class=\"tabcontent\"><div class=\"container\"><div class=\"tab active\" id=\"tab-83da281\"><div class=\"jkea_image\" style=\"background-image: url(https:\/\/dexterra.com\/wp-content\/uploads\/2021\/02\/IMG_0545_edited.jpg)\"><\/div><div class=\"jkea-tabcontent\" style=\"\"><div class=\"title\">Construction rapide<\/div><div class=\"text\" style=\"\"><p><span style=\"font-weight: 400;\">La construction modulaire r\u00e9duit les d\u00e9lais jusqu\u2019\u00e0 50 %. Conforme \u00e0 tous les codes du b\u00e2timent pertinents, cette approche de b\u00e2timent est un mod\u00e8le \u00e9prouv\u00e9 de cr\u00e9ation de logements abordables dans des provinces comme la Colombie-Britannique et l\u2019Ontario.<\/span><\/p><\/div><\/div><\/div><div class=\"tab\" id=\"tab-5bd0c3c\"><div class=\"jkea_image\" style=\"background-image: url(https:\/\/dexterra.com\/wp-content\/uploads\/2021\/02\/2.10-Social-Housing-Building-Certainty.jpg)\"><\/div><div class=\"jkea-tabcontent\" style=\"\"><div class=\"title\">D\u00e9velopper la certitude<\/div><div class=\"text\" style=\"\"><p><span style=\"font-weight: 400;\">La fabrication hors site dans des installations \u00e0 temp\u00e9rature contr\u00f4l\u00e9e rend la construction modulaire plus fiable en termes de temps et de budget. Les projets ne subissent pas de retards en raison des conditions m\u00e9t\u00e9orologiques, des dommages, du vol ou du manque d\u2019\u00e9changes.<\/span><\/p><\/div><\/div><\/div><div class=\"tab\" id=\"tab-dc4e405\"><div class=\"jkea_image\" style=\"background-image: url(https:\/\/dexterra.com\/wp-content\/uploads\/2021\/02\/180907_BC_Housing_Vancouver_0329.jpg)\"><\/div><div class=\"jkea-tabcontent\" style=\"\"><div class=\"title\">Espaces de qualit\u00e9 sup\u00e9rieure<\/div><div class=\"text\" style=\"\"><p><span style=\"font-weight: 400;\">Tous nos projets modulaires comprennent une assurance qualit\u00e9 rigoureuse. Nous nous assurons que chaque unit\u00e9 est v\u00e9rifi\u00e9e et r\u00e9pond \u00e0 nos normes de contr\u00f4le de la qualit\u00e9. En prime, les constructions modulaires obtiennent par elles-m\u00eames de meilleurs r\u00e9sultats en mati\u00e8re de transmission du son.<\/span><\/p><\/div><\/div><\/div><div class=\"tab\" id=\"tab-a1342a4\"><div class=\"jkea_image\" style=\"background-image: url(https:\/\/dexterra.com\/wp-content\/uploads\/2020\/11\/2.0-Our-Brands-Brand-Image-NRB-scaled.jpg)\"><\/div><div class=\"jkea-tabcontent\" style=\"\"><div class=\"title\">Constructions durables<\/div><div class=\"text\" style=\"\"><p><span style=\"font-weight: 400;\">La construction modulaire nous permet de recycler et de r\u00e9utiliser les mat\u00e9riaux dans la fabrication, r\u00e9duisant ainsi les d\u00e9chets globaux. Nous passons \u00e9galement moins de temps sur place, ce qui r\u00e9duit la circulation, les \u00e9missions d\u2019\u00e9quipement et la pollution par le bruit.<\/span><\/p><\/div><\/div><\/div><div class=\"tab\" id=\"tab-9f003dc\"><div class=\"jkea_image\" style=\"background-image: url(https:\/\/dexterra.com\/wp-content\/uploads\/2021\/02\/TAN1194.jpg)\"><\/div><div class=\"jkea-tabcontent\" style=\"\"><div class=\"title\">Soutien complet du cycle de vie<\/div><div class=\"text\" style=\"\"><p><span style=\"font-weight: 400;\">En plus de fabriquer et d\u2019installer des b\u00e2timents modulaires, nous offrons \u00e9galement des solutions de gestion des installations pour le cycle de vie de votre b\u00e2timent. Gr\u00e2ce \u00e0 notre expertise en logements abordables partout au Canada, nous pouvons aider vos r\u00e9sidents \u00e0 se sentir chez eux.<\/span><\/p><\/div><\/div><\/div><\/div><\/div><\/div>\t\t<\/div>\n\t\t\t\t<\/div>\n\t\t\t\t\t\t<\/div>\n\t\t\t\t\t<\/div>\n\t\t<\/div>\n\t\t\t\t\t\t\t\t<\/div>\n\t\t\t\t\t<\/div>\n\t\t<\/section>\n\t\t\t\t<section class=\"elementor-section elementor-top-section elementor-element elementor-element-ad8e2f9 elementor-section-boxed elementor-section-height-default elementor-section-height-default\" data-id=\"ad8e2f9\" data-element_type=\"section\">\n\t\t\t\t\t\t<div class=\"elementor-container elementor-column-gap-default\">\n\t\t\t\t\t\t\t<div class=\"elementor-row\">\n\t\t\t\t\t<div class=\"elementor-column elementor-col-100 elementor-top-column elementor-element elementor-element-531455eb\" data-id=\"531455eb\" data-element_type=\"column\">\n\t\t\t<div class=\"elementor-column-wrap elementor-element-populated\">\n\t\t\t\t\t\t\t<div class=\"elementor-widget-wrap\">\n\t\t\t\t\t\t<div class=\"elementor-element elementor-element-3fa8e570 elementor-widget elementor-widget-jk-spacer\" data-id=\"3fa8e570\" data-element_type=\"widget\" data-widget_type=\"jk-spacer.default\">\n\t\t\t\t<div class=\"elementor-widget-container\">\n\t\t\t<div class=\"jkea_spacer_wrapper\"><div class=\"jkea_spacer\"><\/div><\/div>\t\t<\/div>\n\t\t\t\t<\/div>\n\t\t\t\t\t\t<\/div>\n\t\t\t\t\t<\/div>\n\t\t<\/div>\n\t\t\t\t\t\t\t\t<\/div>\n\t\t\t\t\t<\/div>\n\t\t<\/section>\n\t\t\t\t<section class=\"elementor-section elementor-top-section elementor-element elementor-element-18b97d2 elementor-section-full_width cta elementor-section-height-default elementor-section-height-default\" data-id=\"18b97d2\" data-element_type=\"section\">\n\t\t\t\t\t\t<div class=\"elementor-container elementor-column-gap-default\">\n\t\t\t\t\t\t\t<div class=\"elementor-row\">\n\t\t\t\t\t<div class=\"elementor-column elementor-col-100 elementor-top-column elementor-element elementor-element-9ba601d\" data-id=\"9ba601d\" data-element_type=\"column\">\n\t\t\t<div class=\"elementor-column-wrap elementor-element-populated\">\n\t\t\t\t\t\t\t<div class=\"elementor-widget-wrap\">\n\t\t\t\t\t\t<div class=\"elementor-element elementor-element-22cad510 elementor-widget elementor-widget-jk-cta-bar\" data-id=\"22cad510\" data-element_type=\"widget\" data-widget_type=\"jk-cta-bar.default\">\n\t\t\t\t<div class=\"elementor-widget-container\">\n\t\t\t<div class=\"jkea_cta-bar_wrapper\">\n            <div class=\"bars\"><div class=\"dots\"><\/div><div class=\"greybar\"><\/div><div class=\"bluebar\"><\/div><\/div>\n                <div class=\"jkea_cta-bar\">\n                    <div class=\"jkea_cta-bar_content\">\n                        <div class=\"jkea_title\">\n                    \t    <h2>Nous sommes l\u00e0 pour aider <\/h2>\n                    \t<\/div>\n                    \t<div class=\"jkea_text\">\n                    \t\t<p><span style=\"font-weight: 400;\">D\u00e9couvrez toutes les fa\u00e7ons dont nous pouvons aider votre entreprise.\u00a0<\/span><\/p>\n                    \t<\/div><div class=\"jkea_button\">\n                    \t\t<a href=\"\/contact\" class=\"btn\">Contactez-nous<\/a>\n                    \t<\/div> <\/div>\n                    <\/div>\n                <\/div>\t\t<\/div>\n\t\t\t\t<\/div>\n\t\t\t\t\t\t<\/div>\n\t\t\t\t\t<\/div>\n\t\t<\/div>\n\t\t\t\t\t\t\t\t<\/div>\n\t\t\t\t\t<\/div>\n\t\t<\/section>\n\t\t\t\t\t\t\t\t\t<\/div>\n\t\t\t<\/div>\n\t\t\t\t\t<\/div>\n\t\t","protected":false},"excerpt":{"rendered":"<p>H\u00e9bergement social Ramenez-les \u00e0 la maison plus rapidement La demande croissante de logements sociaux combin\u00e9e au manque d\u2019approvisionnement a emp\u00each\u00e9 nos gouvernements de r\u00e9pondre aux besoins de la communaut\u00e9. Nous devons construire ces installations plus rapidement si nous voulons relever ce d\u00e9fi. C\u2019est pourquoi nous croyons en la construction modulaire. Elle nous permet de cr\u00e9er [&hellip;]<\/p>\n","protected":false},"author":8,"featured_media":0,"parent":6292,"menu_order":0,"comment_status":"closed","ping_status":"closed","template":"","meta":[],"acf":[],"yoast_head":"<!-- This site is optimized with the Yoast SEO plugin v19.3 - https:\/\/yoast.com\/wordpress\/plugins\/seo\/ -->\n<title>H\u00e9bergement social | Dexterra Group<\/title>\n<meta name=\"description\" content=\"Pour faire face aux p\u00e9nuries de logements sociaux, nous croyons que la construction modulaire est le meilleur moyen de cr\u00e9er des solutions de qualit\u00e9 \u00e0 unit\u00e9s multiples dans des d\u00e9lais plus courts.\" \/>\n<meta name=\"robots\" content=\"noindex, follow\" \/>\n<meta property=\"og:locale\" content=\"fr_FR\" \/>\n<meta property=\"og:type\" content=\"article\" \/>\n<meta property=\"og:title\" content=\"H\u00e9bergement social | Dexterra Group\" \/>\n<meta property=\"og:description\" content=\"Pour faire face aux p\u00e9nuries de logements sociaux, nous croyons que la construction modulaire est le meilleur moyen de cr\u00e9er des solutions de qualit\u00e9 \u00e0 unit\u00e9s multiples dans des d\u00e9lais plus courts.\" \/>\n<meta property=\"og:url\" content=\"http:\/\/dexterra.jkmprojects.com\/fr\/qui-nous-servons\/hebergement-social\/\" \/>\n<meta property=\"og:site_name\" content=\"Dexterra\" \/>\n<meta property=\"article:modified_time\" content=\"2021-06-24T19:15:51+00:00\" \/>\n<meta property=\"og:image\" content=\"https:\/\/dexterra.com\/wp-content\/uploads\/2021\/02\/Dexterra-Banner-2.10_SocialHousing-2.png\" \/>\n<meta name=\"twitter:card\" content=\"summary_large_image\" \/>\n<meta name=\"twitter:label1\" content=\"Dur\u00e9e de lecture estim\u00e9e\" \/>\n\t<meta name=\"twitter:data1\" content=\"2 minutes\" \/>\n<script type=\"application\/ld+json\" class=\"yoast-schema-graph\">{\"@context\":\"https:\/\/schema.org\",\"@graph\":[{\"@type\":\"Organization\",\"@id\":\"https:\/\/dexterra.jkmprojects.com\/#organization\",\"name\":\"Dexterra Group\",\"url\":\"https:\/\/dexterra.jkmprojects.com\/\",\"sameAs\":[],\"logo\":{\"@type\":\"ImageObject\",\"inLanguage\":\"fr-FR\",\"@id\":\"https:\/\/dexterra.jkmprojects.com\/#\/schema\/logo\/image\/\",\"url\":\"https:\/\/dexterra.jkmprojects.com\/wp-content\/uploads\/2020\/11\/DexterraGroupLogo-1.png\",\"contentUrl\":\"https:\/\/dexterra.jkmprojects.com\/wp-content\/uploads\/2020\/11\/DexterraGroupLogo-1.png\",\"width\":302,\"height\":144,\"caption\":\"Dexterra Group\"},\"image\":{\"@id\":\"https:\/\/dexterra.jkmprojects.com\/#\/schema\/logo\/image\/\"}},{\"@type\":\"WebSite\",\"@id\":\"https:\/\/dexterra.jkmprojects.com\/#website\",\"url\":\"https:\/\/dexterra.jkmprojects.com\/\",\"name\":\"Dexterra\",\"description\":\"\",\"publisher\":{\"@id\":\"https:\/\/dexterra.jkmprojects.com\/#organization\"},\"potentialAction\":[{\"@type\":\"SearchAction\",\"target\":{\"@type\":\"EntryPoint\",\"urlTemplate\":\"https:\/\/dexterra.jkmprojects.com\/?s={search_term_string}\"},\"query-input\":\"required name=search_term_string\"}],\"inLanguage\":\"fr-FR\"},{\"@type\":\"ImageObject\",\"inLanguage\":\"fr-FR\",\"@id\":\"http:\/\/dexterra.jkmprojects.com\/fr\/qui-nous-servons\/hebergement-social\/#primaryimage\",\"url\":\"https:\/\/dexterra.com\/wp-content\/uploads\/2021\/02\/Dexterra-Banner-2.10_SocialHousing-2.png\",\"contentUrl\":\"https:\/\/dexterra.com\/wp-content\/uploads\/2021\/02\/Dexterra-Banner-2.10_SocialHousing-2.png\"},{\"@type\":\"WebPage\",\"@id\":\"http:\/\/dexterra.jkmprojects.com\/fr\/qui-nous-servons\/hebergement-social\/\",\"url\":\"http:\/\/dexterra.jkmprojects.com\/fr\/qui-nous-servons\/hebergement-social\/\",\"name\":\"H\u00e9bergement social | Dexterra Group\",\"isPartOf\":{\"@id\":\"https:\/\/dexterra.jkmprojects.com\/#website\"},\"primaryImageOfPage\":{\"@id\":\"http:\/\/dexterra.jkmprojects.com\/fr\/qui-nous-servons\/hebergement-social\/#primaryimage\"},\"datePublished\":\"2021-01-08T21:54:58+00:00\",\"dateModified\":\"2021-06-24T19:15:51+00:00\",\"description\":\"Pour faire face aux p\u00e9nuries de logements sociaux, nous croyons que la construction modulaire est le meilleur moyen de cr\u00e9er des solutions de qualit\u00e9 \u00e0 unit\u00e9s multiples dans des d\u00e9lais plus courts.\",\"breadcrumb\":{\"@id\":\"http:\/\/dexterra.jkmprojects.com\/fr\/qui-nous-servons\/hebergement-social\/#breadcrumb\"},\"inLanguage\":\"fr-FR\",\"potentialAction\":[{\"@type\":\"ReadAction\",\"target\":[\"http:\/\/dexterra.jkmprojects.com\/fr\/qui-nous-servons\/hebergement-social\/\"]}]},{\"@type\":\"BreadcrumbList\",\"@id\":\"http:\/\/dexterra.jkmprojects.com\/fr\/qui-nous-servons\/hebergement-social\/#breadcrumb\",\"itemListElement\":[{\"@type\":\"ListItem\",\"position\":1,\"name\":\"Home\",\"item\":\"https:\/\/dexterra.jkmprojects.com\/fr\/\"},{\"@type\":\"ListItem\",\"position\":2,\"name\":\"Qui nous servons\",\"item\":\"https:\/\/dexterra.jkmprojects.com\/fr\/qui-nous-servons\/\"},{\"@type\":\"ListItem\",\"position\":3,\"name\":\"H\u00e9bergement social\"}]}]}<\/script>\n<!-- \/ Yoast SEO plugin. -->","yoast_head_json":{"title":"H\u00e9bergement social | Dexterra Group","description":"Pour faire face aux p\u00e9nuries de logements sociaux, nous croyons que la construction modulaire est le meilleur moyen de cr\u00e9er des solutions de qualit\u00e9 \u00e0 unit\u00e9s multiples dans des d\u00e9lais plus courts.","robots":{"index":"noindex","follow":"follow"},"og_locale":"fr_FR","og_type":"article","og_title":"H\u00e9bergement social | Dexterra Group","og_description":"Pour faire face aux p\u00e9nuries de logements sociaux, nous croyons que la construction modulaire est le meilleur moyen de cr\u00e9er des solutions de qualit\u00e9 \u00e0 unit\u00e9s multiples dans des d\u00e9lais plus courts.","og_url":"http:\/\/dexterra.jkmprojects.com\/fr\/qui-nous-servons\/hebergement-social\/","og_site_name":"Dexterra","article_modified_time":"2021-06-24T19:15:51+00:00","og_image":[{"url":"https:\/\/dexterra.com\/wp-content\/uploads\/2021\/02\/Dexterra-Banner-2.10_SocialHousing-2.png"}],"twitter_card":"summary_large_image","twitter_misc":{"Dur\u00e9e de lecture estim\u00e9e":"2 minutes"},"schema":{"@context":"https:\/\/schema.org","@graph":[{"@type":"Organization","@id":"https:\/\/dexterra.jkmprojects.com\/#organization","name":"Dexterra Group","url":"https:\/\/dexterra.jkmprojects.com\/","sameAs":[],"logo":{"@type":"ImageObject","inLanguage":"fr-FR","@id":"https:\/\/dexterra.jkmprojects.com\/#\/schema\/logo\/image\/","url":"https:\/\/dexterra.jkmprojects.com\/wp-content\/uploads\/2020\/11\/DexterraGroupLogo-1.png","contentUrl":"https:\/\/dexterra.jkmprojects.com\/wp-content\/uploads\/2020\/11\/DexterraGroupLogo-1.png","width":302,"height":144,"caption":"Dexterra Group"},"image":{"@id":"https:\/\/dexterra.jkmprojects.com\/#\/schema\/logo\/image\/"}},{"@type":"WebSite","@id":"https:\/\/dexterra.jkmprojects.com\/#website","url":"https:\/\/dexterra.jkmprojects.com\/","name":"Dexterra","description":"","publisher":{"@id":"https:\/\/dexterra.jkmprojects.com\/#organization"},"potentialAction":[{"@type":"SearchAction","target":{"@type":"EntryPoint","urlTemplate":"https:\/\/dexterra.jkmprojects.com\/?s={search_term_string}"},"query-input":"required name=search_term_string"}],"inLanguage":"fr-FR"},{"@type":"ImageObject","inLanguage":"fr-FR","@id":"http:\/\/dexterra.jkmprojects.com\/fr\/qui-nous-servons\/hebergement-social\/#primaryimage","url":"https:\/\/dexterra.com\/wp-content\/uploads\/2021\/02\/Dexterra-Banner-2.10_SocialHousing-2.png","contentUrl":"https:\/\/dexterra.com\/wp-content\/uploads\/2021\/02\/Dexterra-Banner-2.10_SocialHousing-2.png"},{"@type":"WebPage","@id":"http:\/\/dexterra.jkmprojects.com\/fr\/qui-nous-servons\/hebergement-social\/","url":"http:\/\/dexterra.jkmprojects.com\/fr\/qui-nous-servons\/hebergement-social\/","name":"H\u00e9bergement social | Dexterra Group","isPartOf":{"@id":"https:\/\/dexterra.jkmprojects.com\/#website"},"primaryImageOfPage":{"@id":"http:\/\/dexterra.jkmprojects.com\/fr\/qui-nous-servons\/hebergement-social\/#primaryimage"},"datePublished":"2021-01-08T21:54:58+00:00","dateModified":"2021-06-24T19:15:51+00:00","description":"Pour faire face aux p\u00e9nuries de logements sociaux, nous croyons que la construction modulaire est le meilleur moyen de cr\u00e9er des solutions de qualit\u00e9 \u00e0 unit\u00e9s multiples dans des d\u00e9lais plus courts.","breadcrumb":{"@id":"http:\/\/dexterra.jkmprojects.com\/fr\/qui-nous-servons\/hebergement-social\/#breadcrumb"},"inLanguage":"fr-FR","potentialAction":[{"@type":"ReadAction","target":["http:\/\/dexterra.jkmprojects.com\/fr\/qui-nous-servons\/hebergement-social\/"]}]},{"@type":"BreadcrumbList","@id":"http:\/\/dexterra.jkmprojects.com\/fr\/qui-nous-servons\/hebergement-social\/#breadcrumb","itemListElement":[{"@type":"ListItem","position":1,"name":"Home","item":"https:\/\/dexterra.jkmprojects.com\/fr\/"},{"@type":"ListItem","position":2,"name":"Qui nous servons","item":"https:\/\/dexterra.jkmprojects.com\/fr\/qui-nous-servons\/"},{"@type":"ListItem","position":3,"name":"H\u00e9bergement social"}]}]}},"_links":{"self":[{"href":"http:\/\/dexterra.jkmprojects.com\/fr\/wp-json\/wp\/v2\/pages\/7158"}],"collection":[{"href":"http:\/\/dexterra.jkmprojects.com\/fr\/wp-json\/wp\/v2\/pages"}],"about":[{"href":"http:\/\/dexterra.jkmprojects.com\/fr\/wp-json\/wp\/v2\/types\/page"}],"author":[{"embeddable":true,"href":"http:\/\/dexterra.jkmprojects.com\/fr\/wp-json\/wp\/v2\/users\/8"}],"replies":[{"embeddable":true,"href":"http:\/\/dexterra.jkmprojects.com\/fr\/wp-json\/wp\/v2\/comments?post=7158"}],"version-history":[{"count":14,"href":"http:\/\/dexterra.jkmprojects.com\/fr\/wp-json\/wp\/v2\/pages\/7158\/revisions"}],"predecessor-version":[{"id":7630,"href":"http:\/\/dexterra.jkmprojects.com\/fr\/wp-json\/wp\/v2\/pages\/7158\/revisions\/7630"}],"up":[{"embeddable":true,"href":"http:\/\/dexterra.jkmprojects.com\/fr\/wp-json\/wp\/v2\/pages\/6292"}],"wp:attachment":[{"href":"http:\/\/dexterra.jkmprojects.com\/fr\/wp-json\/wp\/v2\/media?parent=7158"}],"curies":[{"name":"wp","href":"https:\/\/api.w.org\/{rel}","templated":true}]}}