{"id":8098,"date":"2020-11-06T15:13:00","date_gmt":"2020-11-06T15:13:00","guid":{"rendered":"http:\/\/dexterra2020.jkmprojects.com\/terms-and-conditions\/"},"modified":"2021-07-28T16:45:10","modified_gmt":"2021-07-28T16:45:10","slug":"conditions-dutilisation","status":"publish","type":"page","link":"http:\/\/dexterra.jkmprojects.com\/fr\/conditions-dutilisation\/","title":{"rendered":"Conditions d\u2019utilisation"},"content":{"rendered":"\t\t<div data-elementor-type=\"wp-page\" data-elementor-id=\"8098\" class=\"elementor elementor-8098 elementor-1769\">\n\t\t\t\t\t\t<div class=\"elementor-inner\">\n\t\t\t\t<div class=\"elementor-section-wrap\">\n\t\t\t\t\t\t\t\t\t<header class=\"elementor-section elementor-top-section elementor-element elementor-element-c54ddc6 elementor-section-full_width elementor-section-height-default elementor-section-height-default\" data-id=\"c54ddc6\" data-element_type=\"section\">\n\t\t\t\t\t\t<div class=\"elementor-container elementor-column-gap-default\">\n\t\t\t\t\t\t\t<div class=\"elementor-row\">\n\t\t\t\t\t<div class=\"elementor-column elementor-col-100 elementor-top-column elementor-element elementor-element-34d262b\" data-id=\"34d262b\" data-element_type=\"column\">\n\t\t\t<div class=\"elementor-column-wrap elementor-element-populated\">\n\t\t\t\t\t\t\t<div class=\"elementor-widget-wrap\">\n\t\t\t\t\t\t<div class=\"elementor-element elementor-element-5418f54 elementor-widget elementor-widget-jk-pageheader\" data-id=\"5418f54\" data-element_type=\"widget\" data-widget_type=\"jk-pageheader.default\">\n\t\t\t\t<div class=\"elementor-widget-container\">\n\t\t\t<header class=\"small\"><div class=\"jkea_header\"><div class=\"jkea_header__contentwrap\"><div class=\"jkea_header__content\"><div class=\"title\"><h1> Conditions d\u2019utilisation<\/h1><\/div><div class=\"text\"><p><\/p><\/div><\/div><\/div><div class=\"jkea_header__graphic\"><div class=\"featuredimage full\"><img src=\"http:\/\/dexterra.jkmprojects.com\/wp-content\/plugins\/elementor\/assets\/images\/placeholder.png\" alt=\"\"><\/div><div class=\"bars\"><div class=\"whiteslice\"><\/div><div class=\"dots\"><\/div><div class=\"greybar\"><\/div><div class=\"bluebar\"><\/div><\/div><div class=\"jkea_header__chevrons\"><div class=\"chevrons\"><div class=\"chevronbg\"><\/div><div class=\"dots\"><\/div><div class=\"greychevronshadow\"><div class=\"greychevron\"><\/div><\/div><div class=\"bluechevron\"><\/div><\/div><\/div><\/div><\/div><\/div><\/header>\t\t<\/div>\n\t\t\t\t<\/div>\n\t\t\t\t\t\t<\/div>\n\t\t\t\t\t<\/div>\n\t\t<\/div>\n\t\t\t\t\t\t\t\t<\/div>\n\t\t\t\t\t<\/div>\n\t\t<\/header>\n\t\t\t\t<section class=\"elementor-section elementor-top-section elementor-element elementor-element-ed6d5a7 privacy-policy elementor-section-boxed elementor-section-height-default elementor-section-height-default\" data-id=\"ed6d5a7\" data-element_type=\"section\">\n\t\t\t\t\t\t<div class=\"elementor-container elementor-column-gap-default\">\n\t\t\t\t\t\t\t<div class=\"elementor-row\">\n\t\t\t\t\t<div class=\"elementor-column elementor-col-100 elementor-top-column elementor-element elementor-element-df4690a container\" data-id=\"df4690a\" data-element_type=\"column\">\n\t\t\t<div class=\"elementor-column-wrap elementor-element-populated\">\n\t\t\t\t\t\t\t<div class=\"elementor-widget-wrap\">\n\t\t\t\t\t\t<div class=\"elementor-element elementor-element-ef164eb elementor-widget elementor-widget-text-editor\" data-id=\"ef164eb\" data-element_type=\"widget\" data-widget_type=\"text-editor.default\">\n\t\t\t\t<div class=\"elementor-widget-container\">\n\t\t\t\t\t\t\t\t<div class=\"elementor-text-editor elementor-clearfix\">\n\t\t\t\t<p>Ce qui suit d\u00e9finit les conditions d\u2019utilisation du site Web du Groupe Dexterra.<\/p><p>Les informations contenues et consult\u00e9es sur ce site (le \u00ab Site \u00bb) sont fournies par le Groupe Dexterra \u00e0 des fins d\u2019information g\u00e9n\u00e9rale uniquement et ne sont pas destin\u00e9es \u00e0 \u00eatre une sollicitation ou une offre de titres dans quelque juridiction que ce soit. L\u2019acc\u00e8s \u00e0 ce site Web se fait \u00e0 vos propres risques. Aucune d\u00e9claration ou garantie n\u2019est faite concernant l\u2019exactitude, l\u2019exhaustivit\u00e9, l\u2019actualit\u00e9 ou la fiabilit\u00e9 du mat\u00e9riel contenu sur ce site. Le mat\u00e9riel disponible dans ou via ce site Web n\u2019est pas destin\u00e9 \u00e0 modifier, qualifier, compl\u00e9ter ou amender les informations divulgu\u00e9es en vertu de la l\u00e9gislation sur les soci\u00e9t\u00e9s et les valeurs mobili\u00e8res de toute juridiction applicable au Groupe Dexterra. Les rapports d\u00e9pos\u00e9s par le Groupe Dexterra aupr\u00e8s des organismes de r\u00e9glementation des valeurs mobili\u00e8res et \u00e9num\u00e9r\u00e9s sur ce Site ne sont valables qu\u2019\u00e0 la date respective \u00e0 laquelle ils sont d\u00e9pos\u00e9s ou utilis\u00e9s par le Groupe Dexterra et peuvent devenir p\u00e9rim\u00e9s. Le Groupe Dexterra ne s\u2019engage pas et d\u00e9cline toute obligation de mettre \u00e0 jour de tels rapports. Toute d\u00e9cision que vous prenez en fonction des informations contenues dans ce site rel\u00e8ve de votre seule responsabilit\u00e9. Ni le Groupe Dexterra ni aucun de ses groupes de soci\u00e9t\u00e9s n\u2019accepte de responsabilit\u00e9 pour les pertes ou dommages directs, indirects, sp\u00e9ciaux, cons\u00e9cutifs ou autres de quelque nature que ce soit d\u00e9coulant de l\u2019acc\u00e8s ou de l\u2019utilisation de ce Site ou de toute information qu\u2019il contient.<\/p><p>\u00c9tant donn\u00e9 que le contenu de ce site est prot\u00e9g\u00e9 par la loi sur le droit d\u2019auteur et qu\u2019il est exclusif, toute utilisation non autoris\u00e9e de tout mat\u00e9riel sur le site peut violer les lois sur le droit d\u2019auteur, les marques de commerce et d\u2019autres lois. Le mat\u00e9riel sur le site ne peut \u00eatre modifi\u00e9, reproduit, affich\u00e9 publiquement, ex\u00e9cut\u00e9, distribu\u00e9 ou utilis\u00e9 \u00e0 des fins publiques ou commerciales sans le consentement \u00e9crit du fournisseur. Nous permettons toutefois \u00e0 un utilisateur de t\u00e9l\u00e9charger les documents sur le Site pour un usage personnel ou non commercial.<\/p><p>Notre logo d\u2019entreprise, y compris le texte Groupe Dexterra et le dessin X sont des marques d\u00e9pos\u00e9es du Groupe Dexterra. L\u2019utilisation de ces marques n\u00e9cessite une autorisation expresse et un contrat de licence avec le Groupe Dexterra. L\u2019utilisation non autoris\u00e9e de ces marques et de toute autre marque de son groupe de soci\u00e9t\u00e9s sera poursuivie dans toute la mesure permise par la loi. Pour demander une approbation \u00e9crite, contactez l\u2019administrateur Web \u00e0 l\u2019aide de la fonction \u00ab Contactez-nous \u00bb.<\/p><p>Les liens de tiers sont fournis pour la commodit\u00e9 de nos utilisateurs. Le Groupe Dexterra ne contr\u00f4le pas et n\u2019est pas responsable de ces sites ou de leur contenu. Le Groupe Dexterra est tenu de prot\u00e9ger sa r\u00e9putation et ses marques de commerce et se r\u00e9serve le droit de demander la suppression de tout lien vers notre site.<\/p><p>Les activit\u00e9s de liens Web suivantes sont explicitement interdites par le Groupe Dexterra et peuvent pr\u00e9senter des probl\u00e8mes de violation des marques de commerce et des droits d\u2019auteur :<\/p><ul><li><p>Liens impliquant l\u2019utilisation non autoris\u00e9e de notre logo<\/p><\/li><li><p>Une forme de lien qui d\u00e9guise l\u2019URL et\/ou contourne la page d\u2019accueil ou les pages contenant le droit d\u2019auteur de l\u2019entit\u00e9, la clause de non-responsabilit\u00e9 l\u00e9gale et la politique de confidentialit\u00e9.<\/p><\/li><\/ul>\t\t\t\t\t<\/div>\n\t\t\t\t\t\t<\/div>\n\t\t\t\t<\/div>\n\t\t\t\t\t\t<\/div>\n\t\t\t\t\t<\/div>\n\t\t<\/div>\n\t\t\t\t\t\t\t\t<\/div>\n\t\t\t\t\t<\/div>\n\t\t<\/section>\n\t\t\t\t<section class=\"elementor-section elementor-top-section elementor-element elementor-element-69e6c3d elementor-section-full_width elementor-section-height-default elementor-section-height-default\" data-id=\"69e6c3d\" data-element_type=\"section\">\n\t\t\t\t\t\t<div class=\"elementor-container elementor-column-gap-default\">\n\t\t\t\t\t\t\t<div class=\"elementor-row\">\n\t\t\t\t\t<div class=\"elementor-column elementor-col-100 elementor-top-column elementor-element elementor-element-ecdf1ed\" data-id=\"ecdf1ed\" data-element_type=\"column\">\n\t\t\t<div class=\"elementor-column-wrap elementor-element-populated\">\n\t\t\t\t\t\t\t<div class=\"elementor-widget-wrap\">\n\t\t\t\t\t\t<div class=\"elementor-element elementor-element-2ef0e15 elementor-widget elementor-widget-jk-cta-bar\" data-id=\"2ef0e15\" data-element_type=\"widget\" data-widget_type=\"jk-cta-bar.default\">\n\t\t\t\t<div class=\"elementor-widget-container\">\n\t\t\t<div class=\"jkea_cta-bar_wrapper\">\n            <div class=\"bars\"><div class=\"dots\"><\/div><div class=\"greybar\"><\/div><div class=\"bluebar\"><\/div><\/div>\n                <div class=\"jkea_cta-bar\">\n                    <div class=\"jkea_cta-bar_content\">\n                        <div class=\"jkea_title\">\n                    \t    <h2>Nous sommes l\u00e0 pour vous aider<\/h2>\n                    \t<\/div>\n                    \t<div class=\"jkea_text\">\n                    \t\t<p>Vous avez une question? N\u2019h\u00e9sitez pas \u00e0 demander.<\/p>\n                    \t<\/div><div class=\"jkea_button\">\n                    \t\t<a href=\"\/contact\" class=\"btn\">Contactez-nous<\/a>\n                    \t<\/div> <\/div>\n                    <\/div>\n                <\/div>\t\t<\/div>\n\t\t\t\t<\/div>\n\t\t\t\t\t\t<\/div>\n\t\t\t\t\t<\/div>\n\t\t<\/div>\n\t\t\t\t\t\t\t\t<\/div>\n\t\t\t\t\t<\/div>\n\t\t<\/section>\n\t\t\t\t\t\t\t\t\t<\/div>\n\t\t\t<\/div>\n\t\t\t\t\t<\/div>\n\t\t","protected":false},"excerpt":{"rendered":"<p>Conditions d\u2019utilisation Ce qui suit d\u00e9finit les conditions d\u2019utilisation du site Web du Groupe Dexterra. Les informations contenues et consult\u00e9es sur ce site (le \u00ab Site \u00bb) sont fournies par le Groupe Dexterra \u00e0 des fins d\u2019information g\u00e9n\u00e9rale uniquement et ne sont pas destin\u00e9es \u00e0 \u00eatre une sollicitation ou une offre de titres dans quelque [&hellip;]<\/p>\n","protected":false},"author":1,"featured_media":0,"parent":0,"menu_order":0,"comment_status":"closed","ping_status":"closed","template":"","meta":[],"acf":[],"yoast_head":"<!-- This site is optimized with the Yoast SEO plugin v19.3 - https:\/\/yoast.com\/wordpress\/plugins\/seo\/ -->\n<title>Conditions d\u2019utilisation | Dexterra<\/title>\n<meta name=\"description\" content=\"This page sets out the terms of use for the Dexterra Group website.\" \/>\n<meta name=\"robots\" content=\"noindex, follow\" \/>\n<meta property=\"og:locale\" content=\"fr_FR\" \/>\n<meta property=\"og:type\" content=\"article\" \/>\n<meta property=\"og:title\" content=\"Conditions d\u2019utilisation | Dexterra\" \/>\n<meta property=\"og:description\" content=\"This page sets out the terms of use for the Dexterra Group website.\" \/>\n<meta property=\"og:url\" content=\"http:\/\/dexterra.jkmprojects.com\/fr\/conditions-dutilisation\/\" \/>\n<meta property=\"og:site_name\" content=\"Dexterra\" \/>\n<meta property=\"article:modified_time\" content=\"2021-07-28T16:45:10+00:00\" \/>\n<meta property=\"og:image\" content=\"https:\/\/dexterra.com\/wp-content\/plugins\/elementor\/assets\/images\/placeholder.png\" \/>\n<meta name=\"twitter:card\" content=\"summary_large_image\" \/>\n<meta name=\"twitter:label1\" content=\"Dur\u00e9e de lecture estim\u00e9e\" \/>\n\t<meta name=\"twitter:data1\" content=\"3 minutes\" \/>\n<script type=\"application\/ld+json\" class=\"yoast-schema-graph\">{\"@context\":\"https:\/\/schema.org\",\"@graph\":[{\"@type\":\"Organization\",\"@id\":\"https:\/\/dexterra.jkmprojects.com\/#organization\",\"name\":\"Dexterra Group\",\"url\":\"https:\/\/dexterra.jkmprojects.com\/\",\"sameAs\":[],\"logo\":{\"@type\":\"ImageObject\",\"inLanguage\":\"fr-FR\",\"@id\":\"https:\/\/dexterra.jkmprojects.com\/#\/schema\/logo\/image\/\",\"url\":\"https:\/\/dexterra.jkmprojects.com\/wp-content\/uploads\/2020\/11\/DexterraGroupLogo-1.png\",\"contentUrl\":\"https:\/\/dexterra.jkmprojects.com\/wp-content\/uploads\/2020\/11\/DexterraGroupLogo-1.png\",\"width\":302,\"height\":144,\"caption\":\"Dexterra Group\"},\"image\":{\"@id\":\"https:\/\/dexterra.jkmprojects.com\/#\/schema\/logo\/image\/\"}},{\"@type\":\"WebSite\",\"@id\":\"https:\/\/dexterra.jkmprojects.com\/#website\",\"url\":\"https:\/\/dexterra.jkmprojects.com\/\",\"name\":\"Dexterra\",\"description\":\"\",\"publisher\":{\"@id\":\"https:\/\/dexterra.jkmprojects.com\/#organization\"},\"potentialAction\":[{\"@type\":\"SearchAction\",\"target\":{\"@type\":\"EntryPoint\",\"urlTemplate\":\"https:\/\/dexterra.jkmprojects.com\/?s={search_term_string}\"},\"query-input\":\"required name=search_term_string\"}],\"inLanguage\":\"fr-FR\"},{\"@type\":\"ImageObject\",\"inLanguage\":\"fr-FR\",\"@id\":\"http:\/\/dexterra.jkmprojects.com\/fr\/conditions-dutilisation\/#primaryimage\",\"url\":\"https:\/\/dexterra.com\/wp-content\/plugins\/elementor\/assets\/images\/placeholder.png\",\"contentUrl\":\"https:\/\/dexterra.com\/wp-content\/plugins\/elementor\/assets\/images\/placeholder.png\"},{\"@type\":\"WebPage\",\"@id\":\"http:\/\/dexterra.jkmprojects.com\/fr\/conditions-dutilisation\/\",\"url\":\"http:\/\/dexterra.jkmprojects.com\/fr\/conditions-dutilisation\/\",\"name\":\"Conditions d\u2019utilisation | Dexterra\",\"isPartOf\":{\"@id\":\"https:\/\/dexterra.jkmprojects.com\/#website\"},\"primaryImageOfPage\":{\"@id\":\"http:\/\/dexterra.jkmprojects.com\/fr\/conditions-dutilisation\/#primaryimage\"},\"datePublished\":\"2020-11-06T15:13:00+00:00\",\"dateModified\":\"2021-07-28T16:45:10+00:00\",\"description\":\"This page sets out the terms of use for the Dexterra Group website.\",\"breadcrumb\":{\"@id\":\"http:\/\/dexterra.jkmprojects.com\/fr\/conditions-dutilisation\/#breadcrumb\"},\"inLanguage\":\"fr-FR\",\"potentialAction\":[{\"@type\":\"ReadAction\",\"target\":[\"http:\/\/dexterra.jkmprojects.com\/fr\/conditions-dutilisation\/\"]}]},{\"@type\":\"BreadcrumbList\",\"@id\":\"http:\/\/dexterra.jkmprojects.com\/fr\/conditions-dutilisation\/#breadcrumb\",\"itemListElement\":[{\"@type\":\"ListItem\",\"position\":1,\"name\":\"Home\",\"item\":\"https:\/\/dexterra.jkmprojects.com\/fr\/\"},{\"@type\":\"ListItem\",\"position\":2,\"name\":\"Conditions d\u2019utilisation\"}]}]}<\/script>\n<!-- \/ Yoast SEO plugin. -->","yoast_head_json":{"title":"Conditions d\u2019utilisation | Dexterra","description":"This page sets out the terms of use for the Dexterra Group website.","robots":{"index":"noindex","follow":"follow"},"og_locale":"fr_FR","og_type":"article","og_title":"Conditions d\u2019utilisation | Dexterra","og_description":"This page sets out the terms of use for the Dexterra Group website.","og_url":"http:\/\/dexterra.jkmprojects.com\/fr\/conditions-dutilisation\/","og_site_name":"Dexterra","article_modified_time":"2021-07-28T16:45:10+00:00","og_image":[{"url":"https:\/\/dexterra.com\/wp-content\/plugins\/elementor\/assets\/images\/placeholder.png"}],"twitter_card":"summary_large_image","twitter_misc":{"Dur\u00e9e de lecture estim\u00e9e":"3 minutes"},"schema":{"@context":"https:\/\/schema.org","@graph":[{"@type":"Organization","@id":"https:\/\/dexterra.jkmprojects.com\/#organization","name":"Dexterra Group","url":"https:\/\/dexterra.jkmprojects.com\/","sameAs":[],"logo":{"@type":"ImageObject","inLanguage":"fr-FR","@id":"https:\/\/dexterra.jkmprojects.com\/#\/schema\/logo\/image\/","url":"https:\/\/dexterra.jkmprojects.com\/wp-content\/uploads\/2020\/11\/DexterraGroupLogo-1.png","contentUrl":"https:\/\/dexterra.jkmprojects.com\/wp-content\/uploads\/2020\/11\/DexterraGroupLogo-1.png","width":302,"height":144,"caption":"Dexterra Group"},"image":{"@id":"https:\/\/dexterra.jkmprojects.com\/#\/schema\/logo\/image\/"}},{"@type":"WebSite","@id":"https:\/\/dexterra.jkmprojects.com\/#website","url":"https:\/\/dexterra.jkmprojects.com\/","name":"Dexterra","description":"","publisher":{"@id":"https:\/\/dexterra.jkmprojects.com\/#organization"},"potentialAction":[{"@type":"SearchAction","target":{"@type":"EntryPoint","urlTemplate":"https:\/\/dexterra.jkmprojects.com\/?s={search_term_string}"},"query-input":"required name=search_term_string"}],"inLanguage":"fr-FR"},{"@type":"ImageObject","inLanguage":"fr-FR","@id":"http:\/\/dexterra.jkmprojects.com\/fr\/conditions-dutilisation\/#primaryimage","url":"https:\/\/dexterra.com\/wp-content\/plugins\/elementor\/assets\/images\/placeholder.png","contentUrl":"https:\/\/dexterra.com\/wp-content\/plugins\/elementor\/assets\/images\/placeholder.png"},{"@type":"WebPage","@id":"http:\/\/dexterra.jkmprojects.com\/fr\/conditions-dutilisation\/","url":"http:\/\/dexterra.jkmprojects.com\/fr\/conditions-dutilisation\/","name":"Conditions d\u2019utilisation | Dexterra","isPartOf":{"@id":"https:\/\/dexterra.jkmprojects.com\/#website"},"primaryImageOfPage":{"@id":"http:\/\/dexterra.jkmprojects.com\/fr\/conditions-dutilisation\/#primaryimage"},"datePublished":"2020-11-06T15:13:00+00:00","dateModified":"2021-07-28T16:45:10+00:00","description":"This page sets out the terms of use for the Dexterra Group website.","breadcrumb":{"@id":"http:\/\/dexterra.jkmprojects.com\/fr\/conditions-dutilisation\/#breadcrumb"},"inLanguage":"fr-FR","potentialAction":[{"@type":"ReadAction","target":["http:\/\/dexterra.jkmprojects.com\/fr\/conditions-dutilisation\/"]}]},{"@type":"BreadcrumbList","@id":"http:\/\/dexterra.jkmprojects.com\/fr\/conditions-dutilisation\/#breadcrumb","itemListElement":[{"@type":"ListItem","position":1,"name":"Home","item":"https:\/\/dexterra.jkmprojects.com\/fr\/"},{"@type":"ListItem","position":2,"name":"Conditions d\u2019utilisation"}]}]}},"_links":{"self":[{"href":"http:\/\/dexterra.jkmprojects.com\/fr\/wp-json\/wp\/v2\/pages\/8098"}],"collection":[{"href":"http:\/\/dexterra.jkmprojects.com\/fr\/wp-json\/wp\/v2\/pages"}],"about":[{"href":"http:\/\/dexterra.jkmprojects.com\/fr\/wp-json\/wp\/v2\/types\/page"}],"author":[{"embeddable":true,"href":"http:\/\/dexterra.jkmprojects.com\/fr\/wp-json\/wp\/v2\/users\/1"}],"replies":[{"embeddable":true,"href":"http:\/\/dexterra.jkmprojects.com\/fr\/wp-json\/wp\/v2\/comments?post=8098"}],"version-history":[{"count":7,"href":"http:\/\/dexterra.jkmprojects.com\/fr\/wp-json\/wp\/v2\/pages\/8098\/revisions"}],"predecessor-version":[{"id":8120,"href":"http:\/\/dexterra.jkmprojects.com\/fr\/wp-json\/wp\/v2\/pages\/8098\/revisions\/8120"}],"wp:attachment":[{"href":"http:\/\/dexterra.jkmprojects.com\/fr\/wp-json\/wp\/v2\/media?parent=8098"}],"curies":[{"name":"wp","href":"https:\/\/api.w.org\/{rel}","templated":true}]}}