{"id":8917,"date":"2022-03-23T18:55:39","date_gmt":"2022-03-23T18:55:39","guid":{"rendered":"https:\/\/dexterra.com\/supplier-information\/"},"modified":"2022-03-30T20:14:50","modified_gmt":"2022-03-30T20:14:50","slug":"renseignements-sur-le-fournisseur","status":"publish","type":"page","link":"http:\/\/dexterra.jkmprojects.com\/fr\/renseignements-sur-le-fournisseur\/","title":{"rendered":"Renseignements sur le fournisseur"},"content":{"rendered":"\t\t<div data-elementor-type=\"wp-page\" data-elementor-id=\"8917\" class=\"elementor elementor-8917 elementor-8812\">\n\t\t\t\t\t\t<div class=\"elementor-inner\">\n\t\t\t\t<div class=\"elementor-section-wrap\">\n\t\t\t\t\t\t\t\t\t<header class=\"elementor-section elementor-top-section elementor-element elementor-element-5bf5e9d1 elementor-section-full_width header elementor-section-height-default elementor-section-height-default\" data-id=\"5bf5e9d1\" data-element_type=\"section\">\n\t\t\t\t\t\t<div class=\"elementor-container elementor-column-gap-default\">\n\t\t\t\t\t\t\t<div class=\"elementor-row\">\n\t\t\t\t\t<div class=\"elementor-column elementor-col-100 elementor-top-column elementor-element elementor-element-2ef370c7\" data-id=\"2ef370c7\" data-element_type=\"column\">\n\t\t\t<div class=\"elementor-column-wrap elementor-element-populated\">\n\t\t\t\t\t\t\t<div class=\"elementor-widget-wrap\">\n\t\t\t\t\t\t<div class=\"elementor-element elementor-element-1ddaae1e elementor-widget elementor-widget-jk-pageheader\" data-id=\"1ddaae1e\" data-element_type=\"widget\" data-widget_type=\"jk-pageheader.default\">\n\t\t\t\t<div class=\"elementor-widget-container\">\n\t\t\t<header class=\"medium\"><div class=\"jkea_header\"><div class=\"jkea_header__contentwrap\"><div class=\"jkea_header__content\"><div class=\"title\"><h1>Renseignements <span class=\"orange\">sur le fournisseur<\/span><\/h1><\/div><div class=\"text\"><p><\/p><\/div><\/div><\/div><div class=\"jkea_header__graphic\"><div class=\"featuredimage f\"><img src=\"https:\/\/dexterra.com\/wp-content\/uploads\/2022\/03\/supplier-image-1.jpg\" alt=\"\"><\/div><div class=\"bars\"><div class=\"whiteslice\"><\/div><div class=\"dots\"><\/div><div class=\"greybar\"><\/div><div class=\"bluebar\"><\/div><\/div><div class=\"jkea_header__chevrons\"><div class=\"chevrons\"><div class=\"chevronbg\"><\/div><div class=\"dots\"><\/div><div class=\"greychevronshadow\"><div class=\"greychevron\"><\/div><\/div><div class=\"bluechevron\"><\/div><\/div><\/div><\/div><\/div><\/div><\/header>\t\t<\/div>\n\t\t\t\t<\/div>\n\t\t\t\t\t\t<\/div>\n\t\t\t\t\t<\/div>\n\t\t<\/div>\n\t\t\t\t\t\t\t\t<\/div>\n\t\t\t\t\t<\/div>\n\t\t<\/header>\n\t\t\t\t<section class=\"elementor-section elementor-top-section elementor-element elementor-element-7aa2f1f4 resource keyline elementor-section-boxed elementor-section-height-default elementor-section-height-default\" data-id=\"7aa2f1f4\" data-element_type=\"section\">\n\t\t\t\t\t\t<div class=\"elementor-container elementor-column-gap-default\">\n\t\t\t\t\t\t\t<div class=\"elementor-row\">\n\t\t\t\t\t<div class=\"elementor-column elementor-col-100 elementor-top-column elementor-element elementor-element-5f27a833\" data-id=\"5f27a833\" data-element_type=\"column\">\n\t\t\t<div class=\"elementor-column-wrap elementor-element-populated\">\n\t\t\t\t\t\t\t<div class=\"elementor-widget-wrap\">\n\t\t\t\t\t\t<div class=\"elementor-element elementor-element-33452b40 elementor-widget elementor-widget-jk-spacer\" data-id=\"33452b40\" data-element_type=\"widget\" data-widget_type=\"jk-spacer.default\">\n\t\t\t\t<div class=\"elementor-widget-container\">\n\t\t\t<div class=\"jkea_spacer_wrapper\"><div class=\"jkea_spacer\"><\/div><\/div>\t\t<\/div>\n\t\t\t\t<\/div>\n\t\t\t\t<div class=\"elementor-element elementor-element-693fc788 elementor-widget elementor-widget-heading\" data-id=\"693fc788\" data-element_type=\"widget\" data-widget_type=\"heading.default\">\n\t\t\t\t<div class=\"elementor-widget-container\">\n\t\t\t<h2 class=\"elementor-heading-title elementor-size-default\">Bienvenue \u00e0 Dexterra<\/h2>\t\t<\/div>\n\t\t\t\t<\/div>\n\t\t\t\t<div class=\"elementor-element elementor-element-1b390f4e elementor-widget elementor-widget-text-editor\" data-id=\"1b390f4e\" data-element_type=\"widget\" data-widget_type=\"text-editor.default\">\n\t\t\t\t<div class=\"elementor-widget-container\">\n\t\t\t\t\t\t\t\t<div class=\"elementor-text-editor elementor-clearfix\">\n\t\t\t\t<p><span style=\"font-weight: 400;\">Nous sommes impatients de travailler avec votre entreprise. Voici quelques informations pour vous aider \u00e0 commencer.<\/span><\/p>\t\t\t\t\t<\/div>\n\t\t\t\t\t\t<\/div>\n\t\t\t\t<\/div>\n\t\t\t\t\t\t<\/div>\n\t\t\t\t\t<\/div>\n\t\t<\/div>\n\t\t\t\t\t\t\t\t<\/div>\n\t\t\t\t\t<\/div>\n\t\t<\/section>\n\t\t\t\t<section class=\"elementor-section elementor-top-section elementor-element elementor-element-77963f10 elementor-section-boxed elementor-section-height-default elementor-section-height-default\" data-id=\"77963f10\" data-element_type=\"section\">\n\t\t\t\t\t\t<div class=\"elementor-container elementor-column-gap-default\">\n\t\t\t\t\t\t\t<div class=\"elementor-row\">\n\t\t\t\t\t<div class=\"elementor-column elementor-col-100 elementor-top-column elementor-element elementor-element-29b99c5f\" data-id=\"29b99c5f\" data-element_type=\"column\">\n\t\t\t<div class=\"elementor-column-wrap elementor-element-populated\">\n\t\t\t\t\t\t\t<div class=\"elementor-widget-wrap\">\n\t\t\t\t\t\t<div class=\"elementor-section elementor-inner-section elementor-element elementor-element-1e92df1e twocolumn-resourcelist elementor-section-boxed elementor-section-height-default elementor-section-height-default\" data-id=\"1e92df1e\" data-element_type=\"section\">\n\t\t\t\t\t\t<div class=\"elementor-container elementor-column-gap-default\">\n\t\t\t\t\t\t\t<div class=\"elementor-row\">\n\t\t\t\t\t<section class=\"elementor-column elementor-col-50 elementor-inner-column elementor-element elementor-element-22cf1ac6 resource halfpage\" data-id=\"22cf1ac6\" data-element_type=\"column\">\n\t\t\t<div class=\"elementor-column-wrap elementor-element-populated\">\n\t\t\t\t\t\t\t<div class=\"elementor-widget-wrap\">\n\t\t\t\t\t\t<div class=\"elementor-element elementor-element-375364e6 elementor-widget elementor-widget-heading\" data-id=\"375364e6\" data-element_type=\"widget\" data-widget_type=\"heading.default\">\n\t\t\t\t<div class=\"elementor-widget-container\">\n\t\t\t<h3 class=\"elementor-heading-title elementor-size-default\">Documents pour les fournisseurs<\/h3>\t\t<\/div>\n\t\t\t\t<\/div>\n\t\t\t\t<div class=\"elementor-element elementor-element-5a0727c8 elementor-grid-1 documentlist elementor-posts--thumbnail-top elementor-grid-tablet-2 elementor-grid-mobile-1 elementor-widget elementor-widget-posts\" data-id=\"5a0727c8\" data-element_type=\"widget\" data-settings=\"{&quot;custom_columns&quot;:&quot;1&quot;,&quot;custom_columns_tablet&quot;:&quot;2&quot;,&quot;custom_columns_mobile&quot;:&quot;1&quot;,&quot;custom_row_gap&quot;:{&quot;unit&quot;:&quot;px&quot;,&quot;size&quot;:35,&quot;sizes&quot;:[]},&quot;custom_row_gap_tablet&quot;:{&quot;unit&quot;:&quot;px&quot;,&quot;size&quot;:&quot;&quot;,&quot;sizes&quot;:[]},&quot;custom_row_gap_mobile&quot;:{&quot;unit&quot;:&quot;px&quot;,&quot;size&quot;:&quot;&quot;,&quot;sizes&quot;:[]}}\" data-widget_type=\"posts.custom\">\n\t\t\t\t<div class=\"elementor-widget-container\">\n\t\t\t      <div class=\"ecs-posts elementor-posts-container elementor-posts   elementor-grid elementor-posts--skin-custom\" data-settings=\"{&quot;current_page&quot;:1,&quot;max_num_pages&quot;:0,&quot;load_method&quot;:&quot;loadmore&quot;,&quot;widget_id&quot;:&quot;5a0727c8&quot;,&quot;post_id&quot;:8917,&quot;theme_id&quot;:8917,&quot;change_url&quot;:false,&quot;reinit_js&quot;:false}\">\n      <div class=\"elementor-posts-nothing-found\"><\/div>\t\t<\/div>\n\t\t\t\t<\/div>\n\t\t\t\t<\/div>\n\t\t\t\t\t\t<\/div>\n\t\t\t\t\t<\/div>\n\t\t<\/section>\n\t\t\t\t<section class=\"elementor-column elementor-col-50 elementor-inner-column elementor-element elementor-element-340d57c6 resource halfpage\" data-id=\"340d57c6\" data-element_type=\"column\">\n\t\t\t<div class=\"elementor-column-wrap elementor-element-populated\">\n\t\t\t\t\t\t\t<div class=\"elementor-widget-wrap\">\n\t\t\t\t\t\t<div class=\"elementor-element elementor-element-5608f4a3 elementor-widget elementor-widget-heading\" data-id=\"5608f4a3\" data-element_type=\"widget\" data-widget_type=\"heading.default\">\n\t\t\t\t<div class=\"elementor-widget-container\">\n\t\t\t<h3 class=\"elementor-heading-title elementor-size-default\">Mises \u00e0 jour et renseignements sur les fournisseurs<\/h3>\t\t<\/div>\n\t\t\t\t<\/div>\n\t\t\t\t<div class=\"elementor-element elementor-element-46a960cf elementor-grid-1 documentlist elementor-posts--thumbnail-top elementor-grid-tablet-2 elementor-grid-mobile-1 elementor-widget elementor-widget-posts\" data-id=\"46a960cf\" data-element_type=\"widget\" data-settings=\"{&quot;custom_columns&quot;:&quot;1&quot;,&quot;custom_columns_tablet&quot;:&quot;2&quot;,&quot;custom_columns_mobile&quot;:&quot;1&quot;,&quot;custom_row_gap&quot;:{&quot;unit&quot;:&quot;px&quot;,&quot;size&quot;:35,&quot;sizes&quot;:[]},&quot;custom_row_gap_tablet&quot;:{&quot;unit&quot;:&quot;px&quot;,&quot;size&quot;:&quot;&quot;,&quot;sizes&quot;:[]},&quot;custom_row_gap_mobile&quot;:{&quot;unit&quot;:&quot;px&quot;,&quot;size&quot;:&quot;&quot;,&quot;sizes&quot;:[]}}\" data-widget_type=\"posts.custom\">\n\t\t\t\t<div class=\"elementor-widget-container\">\n\t\t\t      <div class=\"ecs-posts elementor-posts-container elementor-posts   elementor-grid elementor-posts--skin-custom\" data-settings=\"{&quot;current_page&quot;:1,&quot;max_num_pages&quot;:0,&quot;load_method&quot;:&quot;loadmore&quot;,&quot;widget_id&quot;:&quot;46a960cf&quot;,&quot;post_id&quot;:8917,&quot;theme_id&quot;:8917,&quot;change_url&quot;:false,&quot;reinit_js&quot;:false}\">\n      <div class=\"elementor-posts-nothing-found\"><\/div>\t\t<\/div>\n\t\t\t\t<\/div>\n\t\t\t\t<\/div>\n\t\t\t\t\t\t<\/div>\n\t\t\t\t\t<\/div>\n\t\t<\/section>\n\t\t\t\t\t\t\t\t<\/div>\n\t\t\t\t\t<\/div>\n\t\t<\/div>\n\t\t\t\t\t\t<\/div>\n\t\t\t\t\t<\/div>\n\t\t<\/div>\n\t\t\t\t\t\t\t\t<\/div>\n\t\t\t\t\t<\/div>\n\t\t<\/section>\n\t\t\t\t<section class=\"elementor-section elementor-top-section elementor-element elementor-element-22c6d4a7 resource elementor-section-boxed elementor-section-height-default elementor-section-height-default\" data-id=\"22c6d4a7\" data-element_type=\"section\">\n\t\t\t\t\t\t<div class=\"elementor-container elementor-column-gap-default\">\n\t\t\t\t\t\t\t<div class=\"elementor-row\">\n\t\t\t\t\t<div class=\"elementor-column elementor-col-100 elementor-top-column elementor-element elementor-element-33bfe555\" data-id=\"33bfe555\" data-element_type=\"column\">\n\t\t\t<div class=\"elementor-column-wrap elementor-element-populated\">\n\t\t\t\t\t\t\t<div class=\"elementor-widget-wrap\">\n\t\t\t\t\t\t<div class=\"elementor-element elementor-element-52802709 elementor-widget elementor-widget-heading\" data-id=\"52802709\" data-element_type=\"widget\" data-widget_type=\"heading.default\">\n\t\t\t\t<div class=\"elementor-widget-container\">\n\t\t\t<h3 class=\"elementor-heading-title elementor-size-default\">Politiques du Groupe Dexterra<\/h3>\t\t<\/div>\n\t\t\t\t<\/div>\n\t\t\t\t<div class=\"elementor-element elementor-element-36b9447e elementor-grid-2 documentlist elementor-posts--thumbnail-top elementor-grid-tablet-2 elementor-grid-mobile-1 elementor-widget elementor-widget-posts\" data-id=\"36b9447e\" data-element_type=\"widget\" data-settings=\"{&quot;custom_columns&quot;:&quot;2&quot;,&quot;custom_row_gap&quot;:{&quot;unit&quot;:&quot;px&quot;,&quot;size&quot;:0,&quot;sizes&quot;:[]},&quot;custom_columns_tablet&quot;:&quot;2&quot;,&quot;custom_columns_mobile&quot;:&quot;1&quot;,&quot;custom_row_gap_tablet&quot;:{&quot;unit&quot;:&quot;px&quot;,&quot;size&quot;:&quot;&quot;,&quot;sizes&quot;:[]},&quot;custom_row_gap_mobile&quot;:{&quot;unit&quot;:&quot;px&quot;,&quot;size&quot;:&quot;&quot;,&quot;sizes&quot;:[]}}\" data-widget_type=\"posts.custom\">\n\t\t\t\t<div class=\"elementor-widget-container\">\n\t\t\t      <div class=\"ecs-posts elementor-posts-container elementor-posts   elementor-grid elementor-posts--skin-custom\" data-settings=\"{&quot;current_page&quot;:1,&quot;max_num_pages&quot;:0,&quot;load_method&quot;:&quot;loadmore&quot;,&quot;widget_id&quot;:&quot;36b9447e&quot;,&quot;post_id&quot;:8917,&quot;theme_id&quot;:8917,&quot;change_url&quot;:false,&quot;reinit_js&quot;:false}\">\n      <div class=\"elementor-posts-nothing-found\"><\/div>\t\t<\/div>\n\t\t\t\t<\/div>\n\t\t\t\t<\/div>\n\t\t\t\t\t\t<\/div>\n\t\t\t\t\t<\/div>\n\t\t<\/div>\n\t\t\t\t\t\t\t\t<\/div>\n\t\t\t\t\t<\/div>\n\t\t<\/section>\n\t\t\t\t<section class=\"elementor-section elementor-top-section elementor-element elementor-element-39a57b43 resource elementor-section-boxed elementor-section-height-default elementor-section-height-default\" data-id=\"39a57b43\" data-element_type=\"section\">\n\t\t\t\t\t\t<div class=\"elementor-container elementor-column-gap-default\">\n\t\t\t\t\t\t\t<div class=\"elementor-row\">\n\t\t\t\t\t<div class=\"elementor-column elementor-col-100 elementor-top-column elementor-element elementor-element-1aa5a16\" data-id=\"1aa5a16\" data-element_type=\"column\">\n\t\t\t<div class=\"elementor-column-wrap elementor-element-populated\">\n\t\t\t\t\t\t\t<div class=\"elementor-widget-wrap\">\n\t\t\t\t\t\t<div class=\"elementor-element elementor-element-73462d1b elementor-widget elementor-widget-jk-spacer\" data-id=\"73462d1b\" data-element_type=\"widget\" data-widget_type=\"jk-spacer.default\">\n\t\t\t\t<div class=\"elementor-widget-container\">\n\t\t\t<div class=\"jkea_spacer_wrapper\"><div class=\"jkea_spacer\"><\/div><\/div>\t\t<\/div>\n\t\t\t\t<\/div>\n\t\t\t\t\t\t<\/div>\n\t\t\t\t\t<\/div>\n\t\t<\/div>\n\t\t\t\t\t\t\t\t<\/div>\n\t\t\t\t\t<\/div>\n\t\t<\/section>\n\t\t\t\t<section class=\"elementor-section elementor-top-section elementor-element elementor-element-9c051a9 elementor-section-full_width elementor-section-height-default elementor-section-height-default\" data-id=\"9c051a9\" data-element_type=\"section\">\n\t\t\t\t\t\t<div class=\"elementor-container elementor-column-gap-default\">\n\t\t\t\t\t\t\t<div class=\"elementor-row\">\n\t\t\t\t\t<div class=\"elementor-column elementor-col-100 elementor-top-column elementor-element elementor-element-79bf3887\" data-id=\"79bf3887\" data-element_type=\"column\">\n\t\t\t<div class=\"elementor-column-wrap elementor-element-populated\">\n\t\t\t\t\t\t\t<div class=\"elementor-widget-wrap\">\n\t\t\t\t\t\t<div class=\"elementor-element elementor-element-6eee14ed elementor-widget elementor-widget-jk-cta-bar\" data-id=\"6eee14ed\" data-element_type=\"widget\" data-widget_type=\"jk-cta-bar.default\">\n\t\t\t\t<div class=\"elementor-widget-container\">\n\t\t\t<div class=\"jkea_cta-bar_wrapper\">\n            <div class=\"bars\"><div class=\"dots\"><\/div><div class=\"greybar\"><\/div><div class=\"bluebar\"><\/div><\/div>\n                <div class=\"jkea_cta-bar\">\n                    <div class=\"jkea_cta-bar_content\">\n                        <div class=\"jkea_title\">\n                    \t    <h2>Fournisseurs potentiels<\/h2>\n                    \t<\/div>\n                    \t<div class=\"jkea_text\">\n                    \t\t<div class=\"jkea_text\"><p><span style=\"font-weight: 400;\">Vous souhaitez devenir fournisseur ? Visitez <\/span><a href=\"\/fr\/contact\/\"><span style=\"font-weight: 400;\">notre page de contact<\/span><\/a><span style=\"font-weight: 400;\">, s\u00e9lectionnez \u2018Demandes de renseignements fournisseurs\u2019 et parlez-nous de vos services.<\/span><\/p><\/div>\n                    \t<\/div><div class=\"jkea_button\">\n                    \t\t<a href=\"\/fr\/contact\" class=\"btn\">Contactez-nous<\/a>\n                    \t<\/div> <\/div>\n                    <\/div>\n                <\/div>\t\t<\/div>\n\t\t\t\t<\/div>\n\t\t\t\t\t\t<\/div>\n\t\t\t\t\t<\/div>\n\t\t<\/div>\n\t\t\t\t\t\t\t\t<\/div>\n\t\t\t\t\t<\/div>\n\t\t<\/section>\n\t\t\t\t\t\t\t\t\t<\/div>\n\t\t\t<\/div>\n\t\t\t\t\t<\/div>\n\t\t","protected":false},"excerpt":{"rendered":"<p>Renseignements sur le fournisseur Bienvenue \u00e0 Dexterra Nous sommes impatients de travailler avec votre entreprise. Voici quelques informations pour vous aider \u00e0 commencer. Documents pour les fournisseurs Mises \u00e0 jour et renseignements sur les fournisseurs Politiques du Groupe Dexterra Fournisseurs potentiels Vous souhaitez devenir fournisseur ? Visitez notre page de contact, s\u00e9lectionnez \u2018Demandes de renseignements [&hellip;]<\/p>\n","protected":false},"author":1,"featured_media":0,"parent":0,"menu_order":0,"comment_status":"closed","ping_status":"closed","template":"","meta":[],"acf":[],"yoast_head":"<!-- This site is optimized with the Yoast SEO plugin v19.3 - https:\/\/yoast.com\/wordpress\/plugins\/seo\/ -->\n<title>Renseignements sur le fournisseur | Dexterra<\/title>\n<meta name=\"description\" content=\"Si vous \u00eates un fournisseur actuel pour le Groupe Dexterra ou si vous souhaitez en devenir un, vous trouverez tous les renseignements ci-dessous.\" \/>\n<meta name=\"robots\" content=\"noindex, follow\" \/>\n<meta property=\"og:locale\" content=\"fr_FR\" \/>\n<meta property=\"og:type\" content=\"article\" \/>\n<meta property=\"og:title\" content=\"Renseignements sur le fournisseur | Dexterra\" \/>\n<meta property=\"og:description\" content=\"Si vous \u00eates un fournisseur actuel pour le Groupe Dexterra ou si vous souhaitez en devenir un, vous trouverez tous les renseignements ci-dessous.\" \/>\n<meta property=\"og:url\" content=\"http:\/\/dexterra.jkmprojects.com\/fr\/renseignements-sur-le-fournisseur\/\" \/>\n<meta property=\"og:site_name\" content=\"Dexterra\" \/>\n<meta property=\"article:modified_time\" content=\"2022-03-30T20:14:50+00:00\" \/>\n<meta property=\"og:image\" content=\"https:\/\/dexterra.com\/wp-content\/uploads\/2022\/03\/supplier-image-1.jpg\" \/>\n<meta name=\"twitter:card\" content=\"summary_large_image\" \/>\n<meta name=\"twitter:label1\" content=\"Dur\u00e9e de lecture estim\u00e9e\" \/>\n\t<meta name=\"twitter:data1\" content=\"1 minute\" \/>\n<script type=\"application\/ld+json\" class=\"yoast-schema-graph\">{\"@context\":\"https:\/\/schema.org\",\"@graph\":[{\"@type\":\"Organization\",\"@id\":\"https:\/\/dexterra.jkmprojects.com\/#organization\",\"name\":\"Dexterra Group\",\"url\":\"https:\/\/dexterra.jkmprojects.com\/\",\"sameAs\":[],\"logo\":{\"@type\":\"ImageObject\",\"inLanguage\":\"fr-FR\",\"@id\":\"https:\/\/dexterra.jkmprojects.com\/#\/schema\/logo\/image\/\",\"url\":\"https:\/\/dexterra.jkmprojects.com\/wp-content\/uploads\/2020\/11\/DexterraGroupLogo-1.png\",\"contentUrl\":\"https:\/\/dexterra.jkmprojects.com\/wp-content\/uploads\/2020\/11\/DexterraGroupLogo-1.png\",\"width\":302,\"height\":144,\"caption\":\"Dexterra Group\"},\"image\":{\"@id\":\"https:\/\/dexterra.jkmprojects.com\/#\/schema\/logo\/image\/\"}},{\"@type\":\"WebSite\",\"@id\":\"https:\/\/dexterra.jkmprojects.com\/#website\",\"url\":\"https:\/\/dexterra.jkmprojects.com\/\",\"name\":\"Dexterra\",\"description\":\"\",\"publisher\":{\"@id\":\"https:\/\/dexterra.jkmprojects.com\/#organization\"},\"potentialAction\":[{\"@type\":\"SearchAction\",\"target\":{\"@type\":\"EntryPoint\",\"urlTemplate\":\"https:\/\/dexterra.jkmprojects.com\/?s={search_term_string}\"},\"query-input\":\"required name=search_term_string\"}],\"inLanguage\":\"fr-FR\"},{\"@type\":\"ImageObject\",\"inLanguage\":\"fr-FR\",\"@id\":\"http:\/\/dexterra.jkmprojects.com\/fr\/renseignements-sur-le-fournisseur\/#primaryimage\",\"url\":\"https:\/\/dexterra.com\/wp-content\/uploads\/2022\/03\/supplier-image-1.jpg\",\"contentUrl\":\"https:\/\/dexterra.com\/wp-content\/uploads\/2022\/03\/supplier-image-1.jpg\"},{\"@type\":\"WebPage\",\"@id\":\"http:\/\/dexterra.jkmprojects.com\/fr\/renseignements-sur-le-fournisseur\/\",\"url\":\"http:\/\/dexterra.jkmprojects.com\/fr\/renseignements-sur-le-fournisseur\/\",\"name\":\"Renseignements sur le fournisseur | Dexterra\",\"isPartOf\":{\"@id\":\"https:\/\/dexterra.jkmprojects.com\/#website\"},\"primaryImageOfPage\":{\"@id\":\"http:\/\/dexterra.jkmprojects.com\/fr\/renseignements-sur-le-fournisseur\/#primaryimage\"},\"datePublished\":\"2022-03-23T18:55:39+00:00\",\"dateModified\":\"2022-03-30T20:14:50+00:00\",\"description\":\"Si vous \u00eates un fournisseur actuel pour le Groupe Dexterra ou si vous souhaitez en devenir un, vous trouverez tous les renseignements ci-dessous.\",\"breadcrumb\":{\"@id\":\"http:\/\/dexterra.jkmprojects.com\/fr\/renseignements-sur-le-fournisseur\/#breadcrumb\"},\"inLanguage\":\"fr-FR\",\"potentialAction\":[{\"@type\":\"ReadAction\",\"target\":[\"http:\/\/dexterra.jkmprojects.com\/fr\/renseignements-sur-le-fournisseur\/\"]}]},{\"@type\":\"BreadcrumbList\",\"@id\":\"http:\/\/dexterra.jkmprojects.com\/fr\/renseignements-sur-le-fournisseur\/#breadcrumb\",\"itemListElement\":[{\"@type\":\"ListItem\",\"position\":1,\"name\":\"Home\",\"item\":\"https:\/\/dexterra.jkmprojects.com\/fr\/\"},{\"@type\":\"ListItem\",\"position\":2,\"name\":\"Renseignements sur le fournisseur\"}]}]}<\/script>\n<!-- \/ Yoast SEO plugin. -->","yoast_head_json":{"title":"Renseignements sur le fournisseur | Dexterra","description":"Si vous \u00eates un fournisseur actuel pour le Groupe Dexterra ou si vous souhaitez en devenir un, vous trouverez tous les renseignements ci-dessous.","robots":{"index":"noindex","follow":"follow"},"og_locale":"fr_FR","og_type":"article","og_title":"Renseignements sur le fournisseur | Dexterra","og_description":"Si vous \u00eates un fournisseur actuel pour le Groupe Dexterra ou si vous souhaitez en devenir un, vous trouverez tous les renseignements ci-dessous.","og_url":"http:\/\/dexterra.jkmprojects.com\/fr\/renseignements-sur-le-fournisseur\/","og_site_name":"Dexterra","article_modified_time":"2022-03-30T20:14:50+00:00","og_image":[{"url":"https:\/\/dexterra.com\/wp-content\/uploads\/2022\/03\/supplier-image-1.jpg"}],"twitter_card":"summary_large_image","twitter_misc":{"Dur\u00e9e de lecture estim\u00e9e":"1 minute"},"schema":{"@context":"https:\/\/schema.org","@graph":[{"@type":"Organization","@id":"https:\/\/dexterra.jkmprojects.com\/#organization","name":"Dexterra Group","url":"https:\/\/dexterra.jkmprojects.com\/","sameAs":[],"logo":{"@type":"ImageObject","inLanguage":"fr-FR","@id":"https:\/\/dexterra.jkmprojects.com\/#\/schema\/logo\/image\/","url":"https:\/\/dexterra.jkmprojects.com\/wp-content\/uploads\/2020\/11\/DexterraGroupLogo-1.png","contentUrl":"https:\/\/dexterra.jkmprojects.com\/wp-content\/uploads\/2020\/11\/DexterraGroupLogo-1.png","width":302,"height":144,"caption":"Dexterra Group"},"image":{"@id":"https:\/\/dexterra.jkmprojects.com\/#\/schema\/logo\/image\/"}},{"@type":"WebSite","@id":"https:\/\/dexterra.jkmprojects.com\/#website","url":"https:\/\/dexterra.jkmprojects.com\/","name":"Dexterra","description":"","publisher":{"@id":"https:\/\/dexterra.jkmprojects.com\/#organization"},"potentialAction":[{"@type":"SearchAction","target":{"@type":"EntryPoint","urlTemplate":"https:\/\/dexterra.jkmprojects.com\/?s={search_term_string}"},"query-input":"required name=search_term_string"}],"inLanguage":"fr-FR"},{"@type":"ImageObject","inLanguage":"fr-FR","@id":"http:\/\/dexterra.jkmprojects.com\/fr\/renseignements-sur-le-fournisseur\/#primaryimage","url":"https:\/\/dexterra.com\/wp-content\/uploads\/2022\/03\/supplier-image-1.jpg","contentUrl":"https:\/\/dexterra.com\/wp-content\/uploads\/2022\/03\/supplier-image-1.jpg"},{"@type":"WebPage","@id":"http:\/\/dexterra.jkmprojects.com\/fr\/renseignements-sur-le-fournisseur\/","url":"http:\/\/dexterra.jkmprojects.com\/fr\/renseignements-sur-le-fournisseur\/","name":"Renseignements sur le fournisseur | Dexterra","isPartOf":{"@id":"https:\/\/dexterra.jkmprojects.com\/#website"},"primaryImageOfPage":{"@id":"http:\/\/dexterra.jkmprojects.com\/fr\/renseignements-sur-le-fournisseur\/#primaryimage"},"datePublished":"2022-03-23T18:55:39+00:00","dateModified":"2022-03-30T20:14:50+00:00","description":"Si vous \u00eates un fournisseur actuel pour le Groupe Dexterra ou si vous souhaitez en devenir un, vous trouverez tous les renseignements ci-dessous.","breadcrumb":{"@id":"http:\/\/dexterra.jkmprojects.com\/fr\/renseignements-sur-le-fournisseur\/#breadcrumb"},"inLanguage":"fr-FR","potentialAction":[{"@type":"ReadAction","target":["http:\/\/dexterra.jkmprojects.com\/fr\/renseignements-sur-le-fournisseur\/"]}]},{"@type":"BreadcrumbList","@id":"http:\/\/dexterra.jkmprojects.com\/fr\/renseignements-sur-le-fournisseur\/#breadcrumb","itemListElement":[{"@type":"ListItem","position":1,"name":"Home","item":"https:\/\/dexterra.jkmprojects.com\/fr\/"},{"@type":"ListItem","position":2,"name":"Renseignements sur le fournisseur"}]}]}},"_links":{"self":[{"href":"http:\/\/dexterra.jkmprojects.com\/fr\/wp-json\/wp\/v2\/pages\/8917"}],"collection":[{"href":"http:\/\/dexterra.jkmprojects.com\/fr\/wp-json\/wp\/v2\/pages"}],"about":[{"href":"http:\/\/dexterra.jkmprojects.com\/fr\/wp-json\/wp\/v2\/types\/page"}],"author":[{"embeddable":true,"href":"http:\/\/dexterra.jkmprojects.com\/fr\/wp-json\/wp\/v2\/users\/1"}],"replies":[{"embeddable":true,"href":"http:\/\/dexterra.jkmprojects.com\/fr\/wp-json\/wp\/v2\/comments?post=8917"}],"version-history":[{"count":7,"href":"http:\/\/dexterra.jkmprojects.com\/fr\/wp-json\/wp\/v2\/pages\/8917\/revisions"}],"predecessor-version":[{"id":8925,"href":"http:\/\/dexterra.jkmprojects.com\/fr\/wp-json\/wp\/v2\/pages\/8917\/revisions\/8925"}],"wp:attachment":[{"href":"http:\/\/dexterra.jkmprojects.com\/fr\/wp-json\/wp\/v2\/media?parent=8917"}],"curies":[{"name":"wp","href":"https:\/\/api.w.org\/{rel}","templated":true}]}}