{"id":9076,"date":"2022-04-13T18:41:43","date_gmt":"2022-04-13T18:41:43","guid":{"rendered":"http:\/\/dexterra.jkmprojects.com\/gestion-et-exploitation-des-installations\/facility-operations-and-maintenance\/"},"modified":"2022-04-26T16:08:09","modified_gmt":"2022-04-26T16:08:09","slug":"exploitation-et-maintenance-des-installations","status":"publish","type":"page","link":"http:\/\/dexterra.jkmprojects.com\/fr\/gestion-et-exploitation-des-installations\/exploitation-et-maintenance-des-installations\/","title":{"rendered":"Exploitation et maintenance des installations"},"content":{"rendered":"\t\t<div data-elementor-type=\"wp-page\" data-elementor-id=\"9076\" class=\"elementor elementor-9076 elementor-8978\">\n\t\t\t\t\t\t<div class=\"elementor-inner\">\n\t\t\t\t<div class=\"elementor-section-wrap\">\n\t\t\t\t\t\t\t\t\t<header class=\"elementor-section elementor-top-section elementor-element elementor-element-2ce744e0 elementor-section-full_width elementor-section-height-default elementor-section-height-default\" data-id=\"2ce744e0\" data-element_type=\"section\">\n\t\t\t\t\t\t<div class=\"elementor-container elementor-column-gap-default\">\n\t\t\t\t\t\t\t<div class=\"elementor-row\">\n\t\t\t\t\t<div class=\"elementor-column elementor-col-100 elementor-top-column elementor-element elementor-element-6706e9f5\" data-id=\"6706e9f5\" data-element_type=\"column\">\n\t\t\t<div class=\"elementor-column-wrap elementor-element-populated\">\n\t\t\t\t\t\t\t<div class=\"elementor-widget-wrap\">\n\t\t\t\t\t\t<div class=\"elementor-element elementor-element-37366a9 elementor-widget elementor-widget-jk-pageheader\" data-id=\"37366a9\" data-element_type=\"widget\" data-widget_type=\"jk-pageheader.default\">\n\t\t\t\t<div class=\"elementor-widget-container\">\n\t\t\t<header class=\"medium\"><div class=\"jkea_header\"><div class=\"jkea_header__contentwrap\"><div class=\"jkea_header__content\"><div class=\"title\"><h1>Exploitation et maintenance des <span class=\"orange\">installations<\/span><\/h1><\/div><div class=\"text\"><p><p><img loading=\"lazy\" class=\"\" src=\"https:\/\/dexterra.com\/wp-content\/uploads\/2020\/11\/DexterraLogo-1.png\" alt=\"\" width=\"191\" height=\"91\" \/><\/p><\/p><\/div><\/div><\/div><div class=\"jkea_header__graphic\"><div class=\"featuredimage full\"><img src=\"https:\/\/dexterra.com\/wp-content\/uploads\/2022\/04\/Built-Environment-1.jpg\" alt=\"Facility Operations & Maintenance\"><\/div><div class=\"bars\"><div class=\"whiteslice\"><\/div><div class=\"dots\"><\/div><div class=\"greybar\"><\/div><div class=\"bluebar\"><\/div><\/div><div class=\"jkea_header__chevrons\"><div class=\"chevrons\"><div class=\"chevronbg\"><\/div><div class=\"dots\"><\/div><div class=\"greychevronshadow\"><div class=\"greychevron\"><\/div><\/div><div class=\"bluechevron\"><\/div><\/div><\/div><\/div><\/div><\/div><\/header>\t\t<\/div>\n\t\t\t\t<\/div>\n\t\t\t\t\t\t<\/div>\n\t\t\t\t\t<\/div>\n\t\t<\/div>\n\t\t\t\t\t\t\t\t<\/div>\n\t\t\t\t\t<\/div>\n\t\t<\/header>\n\t\t\t\t<section class=\"elementor-section elementor-top-section elementor-element elementor-element-9bda90d keyline elementor-section-boxed elementor-section-height-default elementor-section-height-default\" data-id=\"9bda90d\" data-element_type=\"section\">\n\t\t\t\t\t\t<div class=\"elementor-container elementor-column-gap-default\">\n\t\t\t\t\t\t\t<div class=\"elementor-row\">\n\t\t\t\t\t<div class=\"elementor-column elementor-col-100 elementor-top-column elementor-element elementor-element-0269a59\" data-id=\"0269a59\" data-element_type=\"column\">\n\t\t\t<div class=\"elementor-column-wrap elementor-element-populated\">\n\t\t\t\t\t\t\t<div class=\"elementor-widget-wrap\">\n\t\t\t\t\t\t<div class=\"elementor-element elementor-element-1389e11 elementor-widget elementor-widget-jk-pageintro\" data-id=\"1389e11\" data-element_type=\"widget\" data-widget_type=\"jk-pageintro.default\">\n\t\t\t\t<div class=\"elementor-widget-container\">\n\t\t\t<div class=\"jkea_pageintro_wrapper\"><div class=\"jkea_pageintro\">\n                    <div class=\"jkea_pageintro_content\">\n                        <div class=\"jkea_title\"><h2>Gestion des milieux b\u00e2tis et des attentes<\/h2><\/div>\n                    \t<div class=\"jkea_text\">\n                    \t\t<p><span style=\"font-weight: 400;\">Les lieux de travail d\u2019aujourd\u2019hui \u2013 et l\u2019infrastructure qui les soutient \u2013 sont de plus en plus complexes, avec des exigences, des contraintes et des d\u00e9fis en constante \u00e9volution. L\u2019adaptation \u00e0 ces changements n\u00e9cessite une expertise approfondie en mati\u00e8re de construction et les comp\u00e9tences techniques appropri\u00e9es pour exploiter, entretenir et r\u00e9parer les b\u00e2timents et les actifs. Nos solutions en mati\u00e8re de gestion des infrastructures aident les propri\u00e9taires de b\u00e2timents \u00e0 cr\u00e9er des milieux b\u00e2tis s\u00e9curitaires et conformes, ce qui contribue \u00e0 optimiser la productivit\u00e9 et l\u2019efficacit\u00e9.<\/span><\/p>\n                    \t<\/div> <\/div>\n                <\/div>\t\t<\/div>\n\t\t\t\t<\/div>\n\t\t\t\t\t\t<\/div>\n\t\t\t\t\t<\/div>\n\t\t<\/div>\n\t\t\t\t\t\t\t\t<\/div>\n\t\t\t\t\t<\/div>\n\t\t<\/section>\n\t\t\t\t<section class=\"elementor-section elementor-top-section elementor-element elementor-element-1ee8aae8 elementor-section-full_width divider elementor-section-height-default elementor-section-height-default\" data-id=\"1ee8aae8\" data-element_type=\"section\">\n\t\t\t\t\t\t<div class=\"elementor-container elementor-column-gap-default\">\n\t\t\t\t\t\t\t<div class=\"elementor-row\">\n\t\t\t\t\t<div class=\"elementor-column elementor-col-100 elementor-top-column elementor-element elementor-element-1da9cb84\" data-id=\"1da9cb84\" data-element_type=\"column\">\n\t\t\t<div class=\"elementor-column-wrap elementor-element-populated\">\n\t\t\t\t\t\t\t<div class=\"elementor-widget-wrap\">\n\t\t\t\t\t\t<div class=\"elementor-element elementor-element-3961c6fa elementor-widget elementor-widget-jk-divider\" data-id=\"3961c6fa\" data-element_type=\"widget\" data-widget_type=\"jk-divider.default\">\n\t\t\t\t<div class=\"elementor-widget-container\">\n\t\t\t<div class=\"jkea_divider grey\"><div class=\"barholder\"><div class=\"greybar\"><\/div><div class=\"bluebar\"><\/div><\/div>\t\t<\/div>\n\t\t\t\t<\/div>\n\t\t\t\t\t\t<\/div>\n\t\t\t\t\t<\/div>\n\t\t<\/div>\n\t\t\t\t\t\t\t\t<\/div>\n\t\t\t\t\t<\/div>\n\t\t<\/section>\n\t\t\t\t<section class=\"elementor-section elementor-top-section elementor-element elementor-element-46513b42 grey faq elementor-section-boxed elementor-section-height-default elementor-section-height-default\" data-id=\"46513b42\" data-element_type=\"section\">\n\t\t\t\t\t\t<div class=\"elementor-container elementor-column-gap-default\">\n\t\t\t\t\t\t\t<div class=\"elementor-row\">\n\t\t\t\t\t<div class=\"elementor-column elementor-col-100 elementor-top-column elementor-element elementor-element-17fe3009\" data-id=\"17fe3009\" data-element_type=\"column\">\n\t\t\t<div class=\"elementor-column-wrap elementor-element-populated\">\n\t\t\t\t\t\t\t<div class=\"elementor-widget-wrap\">\n\t\t\t\t\t\t<div class=\"elementor-element elementor-element-6dfaea4e elementor-widget elementor-widget-jk-faq-accordion\" data-id=\"6dfaea4e\" data-element_type=\"widget\" data-widget_type=\"jk-faq-accordion.default\">\n\t\t\t\t<div class=\"elementor-widget-container\">\n\t\t\t<div class=\"jkea-faq-accordion\" itemscope itemtype=\"https:\/\/schema.org\/FAQPage\"><div class=\"jkea-faq-title\"><h2>Services<\/h2><\/div><div itemscope itemprop=\"mainEntity\" itemtype=\"https:\/\/schema.org\/Question\" class=\"jkea-accordion-item\" data-tabid=\"tab-9093\"><div class=\"jkea-tab-title\"><div class=\"jkea-accordion-title\"><span class=\"question\" itemprop=\"name\">Gestion des actifs<\/span><\/div><div class=\"openclose\"><\/div><\/div><div class=\"jkea-tab-content\" itemscope itemprop=\"acceptedAnswer\" itemtype=\"https:\/\/schema.org\/Answer\"><div class=\"jkea-image\"><img src=\"http:\/\/dexterra.jkmprojects.com\/wp-content\/uploads\/2022\/04\/Asset-Management.jpg\" alt=\"Asset management\"><\/div><div class=\"jkea-text\"  itemprop=\"text\"><p><span style=\"font-weight: 400;\">Nos services de gestion des actifs comprennent la planification, la gestion et l\u2019optimisation des capitaux \u00e0 long terme.\u00a0<\/span>\r\n\r\n<span style=\"font-weight: 400;\">Les besoins en mati\u00e8re de maintenance, de r\u00e9paration et de renouvellement des actifs varient en fonction de nombreux facteurs, notamment la qualit\u00e9 de la construction, les d\u00e9tails de conception, les conditions d\u2019exposition et le niveau de soin apport\u00e9 par les propri\u00e9taires et les gestionnaires des b\u00e2timents \u00e0 ce jour. Nos consultants, ing\u00e9nieurs, gestionnaires d\u2019installations et techniciens savent comment optimiser les performances op\u00e9rationnelles, limiter les co\u00fbts et att\u00e9nuer les risques gr\u00e2ce \u00e0 des plans de maintenance et d\u2019investissement d\u00e9taill\u00e9s con\u00e7us pour chaque \u00e9tape du cycle de vie. <\/span><\/p><\/div><\/div><\/div><div itemscope itemprop=\"mainEntity\" itemtype=\"https:\/\/schema.org\/Question\" class=\"jkea-accordion-item\" data-tabid=\"tab-9092\"><div class=\"jkea-tab-title\"><div class=\"jkea-accordion-title\"><span class=\"question\" itemprop=\"name\">Exploitation et maintenance des usines<\/span><\/div><div class=\"openclose\"><\/div><\/div><div class=\"jkea-tab-content\" itemscope itemprop=\"acceptedAnswer\" itemtype=\"https:\/\/schema.org\/Answer\"><div class=\"jkea-image\"><img src=\"http:\/\/dexterra.jkmprojects.com\/wp-content\/uploads\/2022\/04\/Plant-Ops-1.jpg\" alt=\"Plant Ops\"><\/div><div class=\"jkea-text\"  itemprop=\"text\"><p><span style=\"font-weight: 400;\">Notre approche d\u2019exploitation des usines comprend des programmes de maintenance pr\u00e9dictifs, pr\u00e9ventifs et ax\u00e9s sur la fiabilit\u00e9. Nous assurons la bonne quantit\u00e9 de maintenance, au bon moment, avec un minimum de perturbations. Nous offrons \u00e9galement un soutien op\u00e9rationnel 24 heures sur 24, 7 jours sur 7, une gestion des co\u00fbts, des rapports de performance et une gestion de l\u2019environnement critique.<\/span><\/p><\/div><\/div><\/div><div itemscope itemprop=\"mainEntity\" itemtype=\"https:\/\/schema.org\/Question\" class=\"jkea-accordion-item\" data-tabid=\"tab-9091\"><div class=\"jkea-tab-title\"><div class=\"jkea-accordion-title\"><span class=\"question\" itemprop=\"name\">Maintenance des mat\u00e9riaux de l\u2019immeuble<\/span><\/div><div class=\"openclose\"><\/div><\/div><div class=\"jkea-tab-content\" itemscope itemprop=\"acceptedAnswer\" itemtype=\"https:\/\/schema.org\/Answer\"><div class=\"jkea-image\"><img src=\"http:\/\/dexterra.jkmprojects.com\/wp-content\/uploads\/2022\/04\/FabricMaintenance.jpg\" alt=\"Fabric Maintenance\"><\/div><div class=\"jkea-text\"  itemprop=\"text\"><p><span style=\"font-weight: 400;\">La maintenance des mat\u00e9riaux de l\u2019immeuble est l\u2019endroit o\u00f9 l\u2019esth\u00e9tique et l\u2019exploitation se rencontrent. Nos \u00e9quipes entretiennent et r\u00e9parent les raccords, les accessoires, les planchers, les murs et les plafonds, en s\u2019assurant que tout est beau et en bon \u00e9tat de fonctionnement.<\/span><\/p><\/div><\/div><\/div><div itemscope itemprop=\"mainEntity\" itemtype=\"https:\/\/schema.org\/Question\" class=\"jkea-accordion-item\" data-tabid=\"tab-9090\"><div class=\"jkea-tab-title\"><div class=\"jkea-accordion-title\"><span class=\"question\" itemprop=\"name\">Syst\u00e8mes d\u2019automatisation des b\u00e2timents et de surveillance \u00e0 distance<\/span><\/div><div class=\"openclose\"><\/div><\/div><div class=\"jkea-tab-content\" itemscope itemprop=\"acceptedAnswer\" itemtype=\"https:\/\/schema.org\/Answer\"><div class=\"jkea-image\"><img src=\"http:\/\/dexterra.jkmprojects.com\/wp-content\/uploads\/2022\/04\/Remote-Monitoring-1.jpg\" alt=\"Remote Monitoring\"><\/div><div class=\"jkea-text\"  itemprop=\"text\"><p><span style=\"font-weight: 400;\">Nous g\u00e9rons les syst\u00e8mes critiques de b\u00e2timents avec un entretien pr\u00e9dictif et r\u00e9actif; en cas d\u2019urgence, nous sommes disponibles 24 heures sur 24, 7 jours sur 7, 365 jours par ann\u00e9e. Dans la mesure du possible, nos \u00e9quipes installent des syst\u00e8mes automatis\u00e9s de b\u00e2timents (SAB) pour surveiller et contr\u00f4ler les syst\u00e8mes CVCA\/R, l\u2019\u00e9clairage, les syst\u00e8mes \u00e9lectriques et m\u00e9caniques afin d\u2019optimiser la surveillance, le triage, la r\u00e9partition et les rapports de performance.<\/span><\/p><\/div><\/div><\/div><div itemscope itemprop=\"mainEntity\" itemtype=\"https:\/\/schema.org\/Question\" class=\"jkea-accordion-item\" data-tabid=\"tab-9089\"><div class=\"jkea-tab-title\"><div class=\"jkea-accordion-title\"><span class=\"question\" itemprop=\"name\">Gestion de l\u2019\u00e9nergie et des services publics<\/span><\/div><div class=\"openclose\"><\/div><\/div><div class=\"jkea-tab-content\" itemscope itemprop=\"acceptedAnswer\" itemtype=\"https:\/\/schema.org\/Answer\"><div class=\"jkea-image\"><img src=\"http:\/\/dexterra.jkmprojects.com\/wp-content\/uploads\/2022\/04\/EnergyManagement.jpg\" alt=\"Energy Management\"><\/div><div class=\"jkea-text\"  itemprop=\"text\"><p><span style=\"font-weight: 400;\">Nos services de gestion de l\u2019\u00e9nergie comprennent la gestion continue des services publics, mais la priorit\u00e9 est de r\u00e9duire la consommation d\u2019\u00e9nergie et les co\u00fbts. Nous y parvenons en obtenant une r\u00e9f\u00e9rence de portefeuille ou une r\u00e9f\u00e9rence d\u2019installation unique. \u00c0 partir de l\u00e0, nous d\u00e9veloppons un mod\u00e8le \u00e9nerg\u00e9tique, suivons les performances et apportons des ajustements.<\/span><\/p><\/div><\/div><\/div><div itemscope itemprop=\"mainEntity\" itemtype=\"https:\/\/schema.org\/Question\" class=\"jkea-accordion-item\" data-tabid=\"tab-9088\"><div class=\"jkea-tab-title\"><div class=\"jkea-accordion-title\"><span class=\"question\" itemprop=\"name\">Gestion de projet<\/span><\/div><div class=\"openclose\"><\/div><\/div><div class=\"jkea-tab-content\" itemscope itemprop=\"acceptedAnswer\" itemtype=\"https:\/\/schema.org\/Answer\"><div class=\"jkea-image\"><img src=\"http:\/\/dexterra.jkmprojects.com\/wp-content\/uploads\/2022\/04\/PM3.jpg\" alt=\"Project Management\"><\/div><div class=\"jkea-text\"  itemprop=\"text\"><p><span style=\"font-weight: 400;\">Une bonne gestion de projet garantit que chaque projet, petit ou grand, est toujours men\u00e9 \u00e0 bien de mani\u00e8re coh\u00e9rente et efficace. Nous r\u00e9unissons les comp\u00e9tences et l\u2019exp\u00e9rience n\u00e9cessaires pour mener \u00e0 bien tout projet, petit ou grand. Gr\u00e2ce \u00e0 des outils et une technologie de pointe, ainsi qu\u2019\u00e0 des ann\u00e9es d\u2019exp\u00e9rience, nous aidons les entreprises \u00e0 faire face aux d\u00e9fis organisationnels et \u00e0 g\u00e9rer les projets strat\u00e9giques. Vous pouvez compter sur une livraison de projet r\u00e9ussie, dans le respect de la port\u00e9e, des d\u00e9lais et du budget.<\/span><\/p><\/div><\/div><\/div><\/div>\t\t<\/div>\n\t\t\t\t<\/div>\n\t\t\t\t<div class=\"elementor-element elementor-element-235b4c79 elementor-widget elementor-widget-jk-spacer\" data-id=\"235b4c79\" data-element_type=\"widget\" data-widget_type=\"jk-spacer.default\">\n\t\t\t\t<div class=\"elementor-widget-container\">\n\t\t\t<div class=\"jkea_spacer_wrapper\"><div class=\"jkea_spacer\"><\/div><\/div>\t\t<\/div>\n\t\t\t\t<\/div>\n\t\t\t\t\t\t<\/div>\n\t\t\t\t\t<\/div>\n\t\t<\/div>\n\t\t\t\t\t\t\t\t<\/div>\n\t\t\t\t\t<\/div>\n\t\t<\/section>\n\t\t\t\t\t\t\t\t\t<\/div>\n\t\t\t<\/div>\n\t\t\t\t\t<\/div>\n\t\t","protected":false},"excerpt":{"rendered":"<p>Exploitation et maintenance des installations Gestion des milieux b\u00e2tis et des attentes Les lieux de travail d\u2019aujourd\u2019hui \u2013 et l\u2019infrastructure qui les soutient \u2013 sont de plus en plus complexes, avec des exigences, des contraintes et des d\u00e9fis en constante \u00e9volution. L\u2019adaptation \u00e0 ces changements n\u00e9cessite une expertise approfondie en mati\u00e8re de construction et les [&hellip;]<\/p>\n","protected":false},"author":1,"featured_media":0,"parent":6514,"menu_order":0,"comment_status":"closed","ping_status":"closed","template":"","meta":[],"acf":[],"yoast_head":"<!-- This site is optimized with the Yoast SEO plugin v19.3 - https:\/\/yoast.com\/wordpress\/plugins\/seo\/ -->\n<title>Exploitation et maintenance des installations | Dexterra<\/title>\n<meta name=\"description\" content=\"Nos solutions de gestion d\u2019infrastructure aident les propri\u00e9taires \u00e0 cr\u00e9er des milieux b\u00e2tis s\u00fbrs, contribuant \u00e0 optimiser la productivit\u00e9 et l\u2019efficacit\u00e9.\" \/>\n<meta name=\"robots\" content=\"noindex, follow\" \/>\n<meta property=\"og:locale\" content=\"fr_FR\" \/>\n<meta property=\"og:type\" content=\"article\" \/>\n<meta property=\"og:title\" content=\"Exploitation et maintenance des installations | Dexterra\" \/>\n<meta property=\"og:description\" content=\"Nos solutions de gestion d\u2019infrastructure aident les propri\u00e9taires \u00e0 cr\u00e9er des milieux b\u00e2tis s\u00fbrs, contribuant \u00e0 optimiser la productivit\u00e9 et l\u2019efficacit\u00e9.\" \/>\n<meta property=\"og:url\" content=\"http:\/\/dexterra.jkmprojects.com\/fr\/gestion-et-exploitation-des-installations\/exploitation-et-maintenance-des-installations\/\" \/>\n<meta property=\"og:site_name\" content=\"Dexterra\" \/>\n<meta property=\"article:modified_time\" content=\"2022-04-26T16:08:09+00:00\" \/>\n<meta property=\"og:image\" content=\"https:\/\/dexterra.com\/wp-content\/uploads\/2020\/11\/DexterraLogo-1.png\" \/>\n<meta name=\"twitter:card\" content=\"summary_large_image\" \/>\n<meta name=\"twitter:label1\" content=\"Dur\u00e9e de lecture estim\u00e9e\" \/>\n\t<meta name=\"twitter:data1\" content=\"5 minutes\" \/>\n<script type=\"application\/ld+json\" class=\"yoast-schema-graph\">{\"@context\":\"https:\/\/schema.org\",\"@graph\":[{\"@type\":\"Organization\",\"@id\":\"https:\/\/dexterra.jkmprojects.com\/#organization\",\"name\":\"Dexterra Group\",\"url\":\"https:\/\/dexterra.jkmprojects.com\/\",\"sameAs\":[],\"logo\":{\"@type\":\"ImageObject\",\"inLanguage\":\"fr-FR\",\"@id\":\"https:\/\/dexterra.jkmprojects.com\/#\/schema\/logo\/image\/\",\"url\":\"https:\/\/dexterra.jkmprojects.com\/wp-content\/uploads\/2020\/11\/DexterraGroupLogo-1.png\",\"contentUrl\":\"https:\/\/dexterra.jkmprojects.com\/wp-content\/uploads\/2020\/11\/DexterraGroupLogo-1.png\",\"width\":302,\"height\":144,\"caption\":\"Dexterra Group\"},\"image\":{\"@id\":\"https:\/\/dexterra.jkmprojects.com\/#\/schema\/logo\/image\/\"}},{\"@type\":\"WebSite\",\"@id\":\"https:\/\/dexterra.jkmprojects.com\/#website\",\"url\":\"https:\/\/dexterra.jkmprojects.com\/\",\"name\":\"Dexterra\",\"description\":\"\",\"publisher\":{\"@id\":\"https:\/\/dexterra.jkmprojects.com\/#organization\"},\"potentialAction\":[{\"@type\":\"SearchAction\",\"target\":{\"@type\":\"EntryPoint\",\"urlTemplate\":\"https:\/\/dexterra.jkmprojects.com\/?s={search_term_string}\"},\"query-input\":\"required name=search_term_string\"}],\"inLanguage\":\"fr-FR\"},{\"@type\":\"ImageObject\",\"inLanguage\":\"fr-FR\",\"@id\":\"http:\/\/dexterra.jkmprojects.com\/fr\/gestion-et-exploitation-des-installations\/exploitation-et-maintenance-des-installations\/#primaryimage\",\"url\":\"https:\/\/dexterra.com\/wp-content\/uploads\/2020\/11\/DexterraLogo-1.png\",\"contentUrl\":\"https:\/\/dexterra.com\/wp-content\/uploads\/2020\/11\/DexterraLogo-1.png\"},{\"@type\":\"WebPage\",\"@id\":\"http:\/\/dexterra.jkmprojects.com\/fr\/gestion-et-exploitation-des-installations\/exploitation-et-maintenance-des-installations\/\",\"url\":\"http:\/\/dexterra.jkmprojects.com\/fr\/gestion-et-exploitation-des-installations\/exploitation-et-maintenance-des-installations\/\",\"name\":\"Exploitation et maintenance des installations | Dexterra\",\"isPartOf\":{\"@id\":\"https:\/\/dexterra.jkmprojects.com\/#website\"},\"primaryImageOfPage\":{\"@id\":\"http:\/\/dexterra.jkmprojects.com\/fr\/gestion-et-exploitation-des-installations\/exploitation-et-maintenance-des-installations\/#primaryimage\"},\"datePublished\":\"2022-04-13T18:41:43+00:00\",\"dateModified\":\"2022-04-26T16:08:09+00:00\",\"description\":\"Nos solutions de gestion d\u2019infrastructure aident les propri\u00e9taires \u00e0 cr\u00e9er des milieux b\u00e2tis s\u00fbrs, contribuant \u00e0 optimiser la productivit\u00e9 et l\u2019efficacit\u00e9.\",\"breadcrumb\":{\"@id\":\"http:\/\/dexterra.jkmprojects.com\/fr\/gestion-et-exploitation-des-installations\/exploitation-et-maintenance-des-installations\/#breadcrumb\"},\"inLanguage\":\"fr-FR\",\"potentialAction\":[{\"@type\":\"ReadAction\",\"target\":[\"http:\/\/dexterra.jkmprojects.com\/fr\/gestion-et-exploitation-des-installations\/exploitation-et-maintenance-des-installations\/\"]}]},{\"@type\":\"BreadcrumbList\",\"@id\":\"http:\/\/dexterra.jkmprojects.com\/fr\/gestion-et-exploitation-des-installations\/exploitation-et-maintenance-des-installations\/#breadcrumb\",\"itemListElement\":[{\"@type\":\"ListItem\",\"position\":1,\"name\":\"Home\",\"item\":\"https:\/\/dexterra.jkmprojects.com\/fr\/\"},{\"@type\":\"ListItem\",\"position\":2,\"name\":\"Gestion et exploitation des installations\",\"item\":\"http:\/\/dexterra.jkmprojects.com\/fr\/gestion-et-exploitation-des-installations\/\"},{\"@type\":\"ListItem\",\"position\":3,\"name\":\"Exploitation et maintenance des installations\"}]}]}<\/script>\n<!-- \/ Yoast SEO plugin. -->","yoast_head_json":{"title":"Exploitation et maintenance des installations | Dexterra","description":"Nos solutions de gestion d\u2019infrastructure aident les propri\u00e9taires \u00e0 cr\u00e9er des milieux b\u00e2tis s\u00fbrs, contribuant \u00e0 optimiser la productivit\u00e9 et l\u2019efficacit\u00e9.","robots":{"index":"noindex","follow":"follow"},"og_locale":"fr_FR","og_type":"article","og_title":"Exploitation et maintenance des installations | Dexterra","og_description":"Nos solutions de gestion d\u2019infrastructure aident les propri\u00e9taires \u00e0 cr\u00e9er des milieux b\u00e2tis s\u00fbrs, contribuant \u00e0 optimiser la productivit\u00e9 et l\u2019efficacit\u00e9.","og_url":"http:\/\/dexterra.jkmprojects.com\/fr\/gestion-et-exploitation-des-installations\/exploitation-et-maintenance-des-installations\/","og_site_name":"Dexterra","article_modified_time":"2022-04-26T16:08:09+00:00","og_image":[{"url":"https:\/\/dexterra.com\/wp-content\/uploads\/2020\/11\/DexterraLogo-1.png"}],"twitter_card":"summary_large_image","twitter_misc":{"Dur\u00e9e de lecture estim\u00e9e":"5 minutes"},"schema":{"@context":"https:\/\/schema.org","@graph":[{"@type":"Organization","@id":"https:\/\/dexterra.jkmprojects.com\/#organization","name":"Dexterra Group","url":"https:\/\/dexterra.jkmprojects.com\/","sameAs":[],"logo":{"@type":"ImageObject","inLanguage":"fr-FR","@id":"https:\/\/dexterra.jkmprojects.com\/#\/schema\/logo\/image\/","url":"https:\/\/dexterra.jkmprojects.com\/wp-content\/uploads\/2020\/11\/DexterraGroupLogo-1.png","contentUrl":"https:\/\/dexterra.jkmprojects.com\/wp-content\/uploads\/2020\/11\/DexterraGroupLogo-1.png","width":302,"height":144,"caption":"Dexterra Group"},"image":{"@id":"https:\/\/dexterra.jkmprojects.com\/#\/schema\/logo\/image\/"}},{"@type":"WebSite","@id":"https:\/\/dexterra.jkmprojects.com\/#website","url":"https:\/\/dexterra.jkmprojects.com\/","name":"Dexterra","description":"","publisher":{"@id":"https:\/\/dexterra.jkmprojects.com\/#organization"},"potentialAction":[{"@type":"SearchAction","target":{"@type":"EntryPoint","urlTemplate":"https:\/\/dexterra.jkmprojects.com\/?s={search_term_string}"},"query-input":"required name=search_term_string"}],"inLanguage":"fr-FR"},{"@type":"ImageObject","inLanguage":"fr-FR","@id":"http:\/\/dexterra.jkmprojects.com\/fr\/gestion-et-exploitation-des-installations\/exploitation-et-maintenance-des-installations\/#primaryimage","url":"https:\/\/dexterra.com\/wp-content\/uploads\/2020\/11\/DexterraLogo-1.png","contentUrl":"https:\/\/dexterra.com\/wp-content\/uploads\/2020\/11\/DexterraLogo-1.png"},{"@type":"WebPage","@id":"http:\/\/dexterra.jkmprojects.com\/fr\/gestion-et-exploitation-des-installations\/exploitation-et-maintenance-des-installations\/","url":"http:\/\/dexterra.jkmprojects.com\/fr\/gestion-et-exploitation-des-installations\/exploitation-et-maintenance-des-installations\/","name":"Exploitation et maintenance des installations | Dexterra","isPartOf":{"@id":"https:\/\/dexterra.jkmprojects.com\/#website"},"primaryImageOfPage":{"@id":"http:\/\/dexterra.jkmprojects.com\/fr\/gestion-et-exploitation-des-installations\/exploitation-et-maintenance-des-installations\/#primaryimage"},"datePublished":"2022-04-13T18:41:43+00:00","dateModified":"2022-04-26T16:08:09+00:00","description":"Nos solutions de gestion d\u2019infrastructure aident les propri\u00e9taires \u00e0 cr\u00e9er des milieux b\u00e2tis s\u00fbrs, contribuant \u00e0 optimiser la productivit\u00e9 et l\u2019efficacit\u00e9.","breadcrumb":{"@id":"http:\/\/dexterra.jkmprojects.com\/fr\/gestion-et-exploitation-des-installations\/exploitation-et-maintenance-des-installations\/#breadcrumb"},"inLanguage":"fr-FR","potentialAction":[{"@type":"ReadAction","target":["http:\/\/dexterra.jkmprojects.com\/fr\/gestion-et-exploitation-des-installations\/exploitation-et-maintenance-des-installations\/"]}]},{"@type":"BreadcrumbList","@id":"http:\/\/dexterra.jkmprojects.com\/fr\/gestion-et-exploitation-des-installations\/exploitation-et-maintenance-des-installations\/#breadcrumb","itemListElement":[{"@type":"ListItem","position":1,"name":"Home","item":"https:\/\/dexterra.jkmprojects.com\/fr\/"},{"@type":"ListItem","position":2,"name":"Gestion et exploitation des installations","item":"http:\/\/dexterra.jkmprojects.com\/fr\/gestion-et-exploitation-des-installations\/"},{"@type":"ListItem","position":3,"name":"Exploitation et maintenance des installations"}]}]}},"_links":{"self":[{"href":"http:\/\/dexterra.jkmprojects.com\/fr\/wp-json\/wp\/v2\/pages\/9076"}],"collection":[{"href":"http:\/\/dexterra.jkmprojects.com\/fr\/wp-json\/wp\/v2\/pages"}],"about":[{"href":"http:\/\/dexterra.jkmprojects.com\/fr\/wp-json\/wp\/v2\/types\/page"}],"author":[{"embeddable":true,"href":"http:\/\/dexterra.jkmprojects.com\/fr\/wp-json\/wp\/v2\/users\/1"}],"replies":[{"embeddable":true,"href":"http:\/\/dexterra.jkmprojects.com\/fr\/wp-json\/wp\/v2\/comments?post=9076"}],"version-history":[{"count":34,"href":"http:\/\/dexterra.jkmprojects.com\/fr\/wp-json\/wp\/v2\/pages\/9076\/revisions"}],"predecessor-version":[{"id":9314,"href":"http:\/\/dexterra.jkmprojects.com\/fr\/wp-json\/wp\/v2\/pages\/9076\/revisions\/9314"}],"up":[{"embeddable":true,"href":"http:\/\/dexterra.jkmprojects.com\/fr\/wp-json\/wp\/v2\/pages\/6514"}],"wp:attachment":[{"href":"http:\/\/dexterra.jkmprojects.com\/fr\/wp-json\/wp\/v2\/media?parent=9076"}],"curies":[{"name":"wp","href":"https:\/\/api.w.org\/{rel}","templated":true}]}}