{"id":9124,"date":"2021-06-14T13:44:53","date_gmt":"2021-06-14T13:44:53","guid":{"rendered":"http:\/\/dexterra.jkmprojects.com\/gestion-et-exploitation-des-installations\/foodservices\/"},"modified":"2022-05-04T16:16:52","modified_gmt":"2022-05-04T16:16:52","slug":"services-alimentaires","status":"publish","type":"page","link":"http:\/\/dexterra.jkmprojects.com\/fr\/gestion-et-exploitation-des-installations\/services-alimentaires\/","title":{"rendered":"Services alimentaires"},"content":{"rendered":"\t\t<div data-elementor-type=\"wp-page\" data-elementor-id=\"9124\" class=\"elementor elementor-9124 elementor-6663\">\n\t\t\t\t\t\t<div class=\"elementor-inner\">\n\t\t\t\t<div class=\"elementor-section-wrap\">\n\t\t\t\t\t\t\t\t\t<header class=\"elementor-section elementor-top-section elementor-element elementor-element-f3a0b54 elementor-section-full_width elementor-section-height-default elementor-section-height-default\" data-id=\"f3a0b54\" data-element_type=\"section\">\n\t\t\t\t\t\t<div class=\"elementor-container elementor-column-gap-default\">\n\t\t\t\t\t\t\t<div class=\"elementor-row\">\n\t\t\t\t\t<div class=\"elementor-column elementor-col-100 elementor-top-column elementor-element elementor-element-f9ee68b\" data-id=\"f9ee68b\" data-element_type=\"column\">\n\t\t\t<div class=\"elementor-column-wrap elementor-element-populated\">\n\t\t\t\t\t\t\t<div class=\"elementor-widget-wrap\">\n\t\t\t\t\t\t<div class=\"elementor-element elementor-element-c5812f9 elementor-widget elementor-widget-jk-pageheader\" data-id=\"c5812f9\" data-element_type=\"widget\" data-widget_type=\"jk-pageheader.default\">\n\t\t\t\t<div class=\"elementor-widget-container\">\n\t\t\t<header class=\"medium\"><div class=\"jkea_header\"><div class=\"jkea_header__contentwrap\"><div class=\"jkea_header__content\"><div class=\"title\"><h1>Services <span class=\"orange\"> alimentaires<\/span><\/h1><\/div><div class=\"text\"><p><img src=\"\/wp-content\/uploads\/2022\/04\/DanaLogo_French.png\" width=\"150\" \/><\/p><\/div><\/div><\/div><div class=\"jkea_header__graphic\"><div class=\"featuredimage full\"><img src=\"https:\/\/dexterra.com\/wp-content\/uploads\/2021\/06\/Chef-stock-scaled.jpg\" alt=\"man in chefs outfit preparing a meal in the kitchen\"><\/div><div class=\"bars\"><div class=\"whiteslice\"><\/div><div class=\"dots\"><\/div><div class=\"greybar\"><\/div><div class=\"bluebar\"><\/div><\/div><div class=\"jkea_header__chevrons\"><div class=\"chevrons\"><div class=\"chevronbg\"><\/div><div class=\"dots\"><\/div><div class=\"greychevronshadow\"><div class=\"greychevron\"><\/div><\/div><div class=\"bluechevron\"><\/div><\/div><\/div><\/div><\/div><\/div><\/header>\t\t<\/div>\n\t\t\t\t<\/div>\n\t\t\t\t\t\t<\/div>\n\t\t\t\t\t<\/div>\n\t\t<\/div>\n\t\t\t\t\t\t\t\t<\/div>\n\t\t\t\t\t<\/div>\n\t\t<\/header>\n\t\t\t\t<section class=\"elementor-section elementor-top-section elementor-element elementor-element-663b49f keyline elementor-section-boxed elementor-section-height-default elementor-section-height-default\" data-id=\"663b49f\" data-element_type=\"section\">\n\t\t\t\t\t\t<div class=\"elementor-container elementor-column-gap-default\">\n\t\t\t\t\t\t\t<div class=\"elementor-row\">\n\t\t\t\t\t<div class=\"elementor-column elementor-col-100 elementor-top-column elementor-element elementor-element-ce501c8\" data-id=\"ce501c8\" data-element_type=\"column\">\n\t\t\t<div class=\"elementor-column-wrap elementor-element-populated\">\n\t\t\t\t\t\t\t<div class=\"elementor-widget-wrap\">\n\t\t\t\t\t\t<div class=\"elementor-element elementor-element-de3710e elementor-widget elementor-widget-jk-pageintro\" data-id=\"de3710e\" data-element_type=\"widget\" data-widget_type=\"jk-pageintro.default\">\n\t\t\t\t<div class=\"elementor-widget-container\">\n\t\t\t<div class=\"jkea_pageintro_wrapper\"><div class=\"jkea_pageintro\">\n                    <div class=\"jkea_pageintro_content\">\n                        <div class=\"jkea_title\"><h2>Excellente nourriture. Personnes responsabilis\u00e9es.<\/h2><\/div>\n                    \t<div class=\"jkea_text\">\n                    \t\t<p><span style=\"font-weight: 400;\">Nous comprenons qu\u2019offrir des exp\u00e9riences culinaires d\u00e9licieuses, saines et personnalis\u00e9es est un facteur important de bien-\u00eatre g\u00e9n\u00e9ral et de productivit\u00e9 pour les employ\u00e9s, les invit\u00e9s, les r\u00e9sidents et les patients. Nos \u00e9quipes culinaires sont tr\u00e8s fi\u00e8res d\u2019utiliser des ingr\u00e9dients frais d\u2019origine locale pour pr\u00e9parer des repas de A \u00e0 Z chaque jour.<\/span><\/p>\n                    \t<\/div> <\/div>\n                <\/div>\t\t<\/div>\n\t\t\t\t<\/div>\n\t\t\t\t\t\t<\/div>\n\t\t\t\t\t<\/div>\n\t\t<\/div>\n\t\t\t\t\t\t\t\t<\/div>\n\t\t\t\t\t<\/div>\n\t\t<\/section>\n\t\t\t\t<section class=\"elementor-section elementor-top-section elementor-element elementor-element-0078a4b elementor-section-boxed elementor-section-height-default elementor-section-height-default\" data-id=\"0078a4b\" data-element_type=\"section\">\n\t\t\t\t\t\t<div class=\"elementor-container elementor-column-gap-default\">\n\t\t\t\t\t\t\t<div class=\"elementor-row\">\n\t\t\t\t\t<div class=\"elementor-column elementor-col-100 elementor-top-column elementor-element elementor-element-c83b147\" data-id=\"c83b147\" data-element_type=\"column\">\n\t\t\t<div class=\"elementor-column-wrap elementor-element-populated\">\n\t\t\t\t\t\t\t<div class=\"elementor-widget-wrap\">\n\t\t\t\t\t\t<div class=\"elementor-element elementor-element-90bbacb elementor-widget elementor-widget-jk-pod\" data-id=\"90bbacb\" data-element_type=\"widget\" data-widget_type=\"jk-pod.default\">\n\t\t\t\t<div class=\"elementor-widget-container\">\n\t\t\t<div class=\"jkea_pod_wrapper \"><div class=\"jkea_pods \"><div class=\"jkea_pod_content\">\r\n                    <div class=\"jkea_title center\"><div class=\"jkea_icon\">\r\n                        \t<div class=\"icon\">\r\n                        \t    <img src=\"https:\/\/dexterra.com\/wp-content\/uploads\/2022\/04\/Icon-Create-140x140-1.png\" alt=\"Create\">\r\n                    \t    <\/div>\r\n                        <\/div>    <h3>Cr\u00e9er<\/h3>\r\n                \t<\/div>\r\n                \t<div class=\"jkea_text center\">\r\n                \t\t<p><span style=\"font-weight: 400;\">Cr\u00e9er des exp\u00e9riences alimentaires authentiques de A \u00e0 Z chaque jour.<\/span><\/p>\r\n                \t<\/div> <\/div><div class=\"jkea_pod_content\">\r\n                    <div class=\"jkea_title center\"><div class=\"jkea_icon\">\r\n                        \t<div class=\"icon\">\r\n                        \t    <img src=\"https:\/\/dexterra.com\/wp-content\/uploads\/2022\/04\/Icon-Elevate-140x140-1.png\" alt=\"Elevate\">\r\n                    \t    <\/div>\r\n                        <\/div>    <h3>Promouvoir<\/h3>\r\n                \t<\/div>\r\n                \t<div class=\"jkea_text center\">\r\n                \t\t<p><span style=\"font-weight: 400;\">Faire participer nos clients pour obtenir un retour d\u2019information que nous int\u00e9grons dans nos op\u00e9rations quotidiennes afin d\u2019am\u00e9liorer leur exp\u00e9rience culinaire.<\/span><\/p>\r\n                \t<\/div> <\/div><div class=\"jkea_pod_content\">\r\n                    <div class=\"jkea_title center\"><div class=\"jkea_icon\">\r\n                        \t<div class=\"icon\">\r\n                        \t    <img src=\"https:\/\/dexterra.com\/wp-content\/uploads\/2022\/04\/Icon-Innovate-140x140-1.png\" alt=\"Innovate\">\r\n                    \t    <\/div>\r\n                        <\/div>    <h3>Innover<\/h3>\r\n                \t<\/div>\r\n                \t<div class=\"jkea_text center\">\r\n                \t\t<p><span style=\"font-weight: 400;\">L\u2019am\u00e9lioration continue est int\u00e9gr\u00e9e \u00e0 notre approche, y compris la mise en \u0153uvre des pratiques exemplaires en mati\u00e8re de durabilit\u00e9 dans le secteur de l\u2019alimentation et des services.<\/span><\/p>\r\n                \t<\/div> <\/div><\/div><\/div>\t\t<\/div>\n\t\t\t\t<\/div>\n\t\t\t\t\t\t<\/div>\n\t\t\t\t\t<\/div>\n\t\t<\/div>\n\t\t\t\t\t\t\t\t<\/div>\n\t\t\t\t\t<\/div>\n\t\t<\/section>\n\t\t\t\t<section class=\"elementor-section elementor-top-section elementor-element elementor-element-3c7ea68 elementor-section-full_width elementor-section-height-default elementor-section-height-default\" data-id=\"3c7ea68\" data-element_type=\"section\">\n\t\t\t\t\t\t<div class=\"elementor-container elementor-column-gap-default\">\n\t\t\t\t\t\t\t<div class=\"elementor-row\">\n\t\t\t\t\t<div class=\"elementor-column elementor-col-100 elementor-top-column elementor-element elementor-element-bf607f7\" data-id=\"bf607f7\" data-element_type=\"column\">\n\t\t\t<div class=\"elementor-column-wrap elementor-element-populated\">\n\t\t\t\t\t\t\t<div class=\"elementor-widget-wrap\">\n\t\t\t\t\t\t<div class=\"elementor-element elementor-element-8c50de1 elementor-widget elementor-widget-jk-divider\" data-id=\"8c50de1\" data-element_type=\"widget\" data-widget_type=\"jk-divider.default\">\n\t\t\t\t<div class=\"elementor-widget-container\">\n\t\t\t<div class=\"jkea_divider grey\"><div class=\"barholder\"><div class=\"greybar\"><\/div><div class=\"bluebar\"><\/div><\/div>\t\t<\/div>\n\t\t\t\t<\/div>\n\t\t\t\t\t\t<\/div>\n\t\t\t\t\t<\/div>\n\t\t<\/div>\n\t\t\t\t\t\t\t\t<\/div>\n\t\t\t\t\t<\/div>\n\t\t<\/section>\n\t\t\t\t<section class=\"elementor-section elementor-top-section elementor-element elementor-element-de81759 sectionwithlink grey elementor-section-boxed elementor-section-height-default elementor-section-height-default\" data-id=\"de81759\" data-element_type=\"section\">\n\t\t\t\t\t\t<div class=\"elementor-container elementor-column-gap-default\">\n\t\t\t\t\t\t\t<div class=\"elementor-row\">\n\t\t\t\t\t<div class=\"elementor-column elementor-col-100 elementor-top-column elementor-element elementor-element-db99be2 container\" data-id=\"db99be2\" data-element_type=\"column\">\n\t\t\t<div class=\"elementor-column-wrap elementor-element-populated\">\n\t\t\t\t\t\t\t<div class=\"elementor-widget-wrap\">\n\t\t\t\t\t\t<div class=\"elementor-section elementor-inner-section elementor-element elementor-element-27e26c4 elementor-section-boxed elementor-section-height-default elementor-section-height-default\" data-id=\"27e26c4\" data-element_type=\"section\">\n\t\t\t\t\t\t<div class=\"elementor-container elementor-column-gap-default\">\n\t\t\t\t\t\t\t<div class=\"elementor-row\">\n\t\t\t\t\t<div class=\"elementor-column elementor-col-50 elementor-inner-column elementor-element elementor-element-2f034ba col\" data-id=\"2f034ba\" data-element_type=\"column\">\n\t\t\t<div class=\"elementor-column-wrap elementor-element-populated\">\n\t\t\t\t\t\t\t<div class=\"elementor-widget-wrap\">\n\t\t\t\t\t\t<div class=\"elementor-element elementor-element-290cee4 title elementor-widget elementor-widget-heading\" data-id=\"290cee4\" data-element_type=\"widget\" data-widget_type=\"heading.default\">\n\t\t\t\t<div class=\"elementor-widget-container\">\n\t\t\t<h2 class=\"elementor-heading-title elementor-size-default\">Dana Hospitalit\u00e9<\/h2>\t\t<\/div>\n\t\t\t\t<\/div>\n\t\t\t\t<div class=\"elementor-element elementor-element-96c06b2 text elementor-widget elementor-widget-text-editor\" data-id=\"96c06b2\" data-element_type=\"widget\" data-widget_type=\"text-editor.default\">\n\t\t\t\t<div class=\"elementor-widget-container\">\n\t\t\t\t\t\t\t\t<div class=\"elementor-text-editor elementor-clearfix\">\n\t\t\t\t<p><span style=\"font-weight: 400;\">Transforme l\u2019exp\u00e9rience des services alimentaires. Chaque jour. <\/span><\/p>\t\t\t\t\t<\/div>\n\t\t\t\t\t\t<\/div>\n\t\t\t\t<\/div>\n\t\t\t\t\t\t<\/div>\n\t\t\t\t\t<\/div>\n\t\t<\/div>\n\t\t\t\t<div class=\"elementor-column elementor-col-50 elementor-inner-column elementor-element elementor-element-67653fb col\" data-id=\"67653fb\" data-element_type=\"column\">\n\t\t\t<div class=\"elementor-column-wrap elementor-element-populated\">\n\t\t\t\t\t\t\t<div class=\"elementor-widget-wrap\">\n\t\t\t\t\t\t<div class=\"elementor-element elementor-element-3be0759 button externallink elementor-widget elementor-widget-button\" data-id=\"3be0759\" data-element_type=\"widget\" data-widget_type=\"button.default\">\n\t\t\t\t<div class=\"elementor-widget-container\">\n\t\t\t\t\t<div class=\"elementor-button-wrapper\">\n\t\t\t<a href=\"http:\/\/www.danahospitalite.ca\" target=\"_blank\" class=\"elementor-button-link elementor-button elementor-size-sm\" role=\"button\">\n\t\t\t\t\t\t<span class=\"elementor-button-content-wrapper\">\n\t\t\t\t\t\t<span class=\"elementor-button-text\">VISITEZ LE SITE WEB DE DANA HOSPITALIT\u00c9<\/span>\n\t\t<\/span>\n\t\t\t\t\t<\/a>\n\t\t<\/div>\n\t\t\t\t<\/div>\n\t\t\t\t<\/div>\n\t\t\t\t\t\t<\/div>\n\t\t\t\t\t<\/div>\n\t\t<\/div>\n\t\t\t\t\t\t\t\t<\/div>\n\t\t\t\t\t<\/div>\n\t\t<\/div>\n\t\t\t\t\t\t<\/div>\n\t\t\t\t\t<\/div>\n\t\t<\/div>\n\t\t\t\t\t\t\t\t<\/div>\n\t\t\t\t\t<\/div>\n\t\t<\/section>\n\t\t\t\t<section class=\"elementor-section elementor-top-section elementor-element elementor-element-0974c10 grey elementor-section-boxed elementor-section-height-default elementor-section-height-default\" data-id=\"0974c10\" data-element_type=\"section\">\n\t\t\t\t\t\t<div class=\"elementor-container elementor-column-gap-default\">\n\t\t\t\t\t\t\t<div class=\"elementor-row\">\n\t\t\t\t\t<div class=\"elementor-column elementor-col-100 elementor-top-column elementor-element elementor-element-d9355c0\" data-id=\"d9355c0\" data-element_type=\"column\">\n\t\t\t<div class=\"elementor-column-wrap elementor-element-populated\">\n\t\t\t\t\t\t\t<div class=\"elementor-widget-wrap\">\n\t\t\t\t\t\t<div class=\"elementor-element elementor-element-b090c4c elementor-widget elementor-widget-jk-spacer\" data-id=\"b090c4c\" data-element_type=\"widget\" data-widget_type=\"jk-spacer.default\">\n\t\t\t\t<div class=\"elementor-widget-container\">\n\t\t\t<div class=\"jkea_spacer_wrapper\"><div class=\"jkea_spacer\"><\/div><\/div>\t\t<\/div>\n\t\t\t\t<\/div>\n\t\t\t\t\t\t<\/div>\n\t\t\t\t\t<\/div>\n\t\t<\/div>\n\t\t\t\t\t\t\t\t<\/div>\n\t\t\t\t\t<\/div>\n\t\t<\/section>\n\t\t\t\t<section class=\"elementor-section elementor-top-section elementor-element elementor-element-4d14cba elementor-section-full_width elementor-section-height-default elementor-section-height-default\" data-id=\"4d14cba\" data-element_type=\"section\">\n\t\t\t\t\t\t<div class=\"elementor-container elementor-column-gap-default\">\n\t\t\t\t\t\t\t<div class=\"elementor-row\">\n\t\t\t\t\t<div class=\"elementor-column elementor-col-100 elementor-top-column elementor-element elementor-element-d1dadc8\" data-id=\"d1dadc8\" data-element_type=\"column\">\n\t\t\t<div class=\"elementor-column-wrap elementor-element-populated\">\n\t\t\t\t\t\t\t<div class=\"elementor-widget-wrap\">\n\t\t\t\t\t\t<div class=\"elementor-element elementor-element-e63a72f elementor-widget elementor-widget-jk-cta-bar\" data-id=\"e63a72f\" data-element_type=\"widget\" data-widget_type=\"jk-cta-bar.default\">\n\t\t\t\t<div class=\"elementor-widget-container\">\n\t\t\t<div class=\"jkea_cta-bar_wrapper\">\n            <div class=\"bars\"><div class=\"dots\"><\/div><div class=\"greybar\"><\/div><div class=\"bluebar\"><\/div><\/div>\n                <div class=\"jkea_cta-bar\">\n                    <div class=\"jkea_cta-bar_content\">\n                        <div class=\"jkea_title\">\n                    \t    <h2>FAISONS EN SORTE D\u2019AM\u00c9LIORER ENSEMBLE VOTRE INSTALLATION.<\/h2>\n                    \t<\/div>\n                    \t<div class=\"jkea_text\">\n                    \t\t<div class=\"jkea_text\"><p>Nos experts sont pr\u00eats \u00e0 travailler avec vous pour d\u00e9couvrir la meilleure solution int\u00e9gr\u00e9e de gestion des installations.<\/p><\/div>\n                    \t<\/div><div class=\"jkea_button\">\n                    \t\t<a href=\"\/fr\/personne-ressource\/\" class=\"btn\">CONTACTEZ-NOUS<\/a>\n                    \t<\/div> <\/div>\n                    <\/div>\n                <\/div>\t\t<\/div>\n\t\t\t\t<\/div>\n\t\t\t\t\t\t<\/div>\n\t\t\t\t\t<\/div>\n\t\t<\/div>\n\t\t\t\t\t\t\t\t<\/div>\n\t\t\t\t\t<\/div>\n\t\t<\/section>\n\t\t\t\t\t\t\t\t\t<\/div>\n\t\t\t<\/div>\n\t\t\t\t\t<\/div>\n\t\t","protected":false},"excerpt":{"rendered":"<p>Services alimentaires Excellente nourriture. Personnes responsabilis\u00e9es. Nous comprenons qu\u2019offrir des exp\u00e9riences culinaires d\u00e9licieuses, saines et personnalis\u00e9es est un facteur important de bien-\u00eatre g\u00e9n\u00e9ral et de productivit\u00e9 pour les employ\u00e9s, les invit\u00e9s, les r\u00e9sidents et les patients. Nos \u00e9quipes culinaires sont tr\u00e8s fi\u00e8res d\u2019utiliser des ingr\u00e9dients frais d\u2019origine locale pour pr\u00e9parer des repas de A \u00e0 [&hellip;]<\/p>\n","protected":false},"author":7,"featured_media":6687,"parent":6514,"menu_order":0,"comment_status":"closed","ping_status":"closed","template":"","meta":[],"acf":[],"yoast_head":"<!-- This site is optimized with the Yoast SEO plugin v19.3 - https:\/\/yoast.com\/wordpress\/plugins\/seo\/ -->\n<title>Services alimentaires | Dexterra Group<\/title>\n<meta name=\"description\" content=\"Des exp\u00e9riences culinaires et de restauration personnalis\u00e9es pour le bien-\u00eatre g\u00e9n\u00e9ral et la productivit\u00e9 des employ\u00e9s, des r\u00e9sidents et des patients.\" \/>\n<meta name=\"robots\" content=\"noindex, follow\" \/>\n<meta property=\"og:locale\" content=\"fr_FR\" \/>\n<meta property=\"og:type\" content=\"article\" \/>\n<meta property=\"og:title\" content=\"Services alimentaires | Dexterra Group\" \/>\n<meta property=\"og:description\" content=\"Des exp\u00e9riences culinaires et de restauration personnalis\u00e9es pour le bien-\u00eatre g\u00e9n\u00e9ral et la productivit\u00e9 des employ\u00e9s, des r\u00e9sidents et des patients.\" \/>\n<meta property=\"og:url\" content=\"http:\/\/dexterra.jkmprojects.com\/fr\/gestion-et-exploitation-des-installations\/services-alimentaires\/\" \/>\n<meta property=\"og:site_name\" content=\"Dexterra\" \/>\n<meta property=\"article:modified_time\" content=\"2022-05-04T16:16:52+00:00\" \/>\n<meta property=\"og:image\" content=\"http:\/\/dexterra.jkmprojects.com\/wp-content\/uploads\/2021\/06\/Chef-stock-scaled.jpg\" \/>\n\t<meta property=\"og:image:width\" content=\"2560\" \/>\n\t<meta property=\"og:image:height\" content=\"1707\" \/>\n\t<meta property=\"og:image:type\" content=\"image\/jpeg\" \/>\n<meta name=\"twitter:card\" content=\"summary_large_image\" \/>\n<meta name=\"twitter:label1\" content=\"Dur\u00e9e de lecture estim\u00e9e\" \/>\n\t<meta name=\"twitter:data1\" content=\"2 minutes\" \/>\n<script type=\"application\/ld+json\" class=\"yoast-schema-graph\">{\"@context\":\"https:\/\/schema.org\",\"@graph\":[{\"@type\":\"Organization\",\"@id\":\"https:\/\/dexterra.jkmprojects.com\/#organization\",\"name\":\"Dexterra Group\",\"url\":\"https:\/\/dexterra.jkmprojects.com\/\",\"sameAs\":[],\"logo\":{\"@type\":\"ImageObject\",\"inLanguage\":\"fr-FR\",\"@id\":\"https:\/\/dexterra.jkmprojects.com\/#\/schema\/logo\/image\/\",\"url\":\"https:\/\/dexterra.jkmprojects.com\/wp-content\/uploads\/2020\/11\/DexterraGroupLogo-1.png\",\"contentUrl\":\"https:\/\/dexterra.jkmprojects.com\/wp-content\/uploads\/2020\/11\/DexterraGroupLogo-1.png\",\"width\":302,\"height\":144,\"caption\":\"Dexterra Group\"},\"image\":{\"@id\":\"https:\/\/dexterra.jkmprojects.com\/#\/schema\/logo\/image\/\"}},{\"@type\":\"WebSite\",\"@id\":\"https:\/\/dexterra.jkmprojects.com\/#website\",\"url\":\"https:\/\/dexterra.jkmprojects.com\/\",\"name\":\"Dexterra\",\"description\":\"\",\"publisher\":{\"@id\":\"https:\/\/dexterra.jkmprojects.com\/#organization\"},\"potentialAction\":[{\"@type\":\"SearchAction\",\"target\":{\"@type\":\"EntryPoint\",\"urlTemplate\":\"https:\/\/dexterra.jkmprojects.com\/?s={search_term_string}\"},\"query-input\":\"required name=search_term_string\"}],\"inLanguage\":\"fr-FR\"},{\"@type\":\"ImageObject\",\"inLanguage\":\"fr-FR\",\"@id\":\"http:\/\/dexterra.jkmprojects.com\/fr\/gestion-et-exploitation-des-installations\/services-alimentaires\/#primaryimage\",\"url\":\"http:\/\/dexterra.jkmprojects.com\/wp-content\/uploads\/2021\/06\/Chef-stock-scaled.jpg\",\"contentUrl\":\"http:\/\/dexterra.jkmprojects.com\/wp-content\/uploads\/2021\/06\/Chef-stock-scaled.jpg\",\"width\":2560,\"height\":1707,\"caption\":\"man in chefs outfit preparing a meal in the kitchen\"},{\"@type\":\"WebPage\",\"@id\":\"http:\/\/dexterra.jkmprojects.com\/fr\/gestion-et-exploitation-des-installations\/services-alimentaires\/\",\"url\":\"http:\/\/dexterra.jkmprojects.com\/fr\/gestion-et-exploitation-des-installations\/services-alimentaires\/\",\"name\":\"Services alimentaires | Dexterra Group\",\"isPartOf\":{\"@id\":\"https:\/\/dexterra.jkmprojects.com\/#website\"},\"primaryImageOfPage\":{\"@id\":\"http:\/\/dexterra.jkmprojects.com\/fr\/gestion-et-exploitation-des-installations\/services-alimentaires\/#primaryimage\"},\"datePublished\":\"2021-06-14T13:44:53+00:00\",\"dateModified\":\"2022-05-04T16:16:52+00:00\",\"description\":\"Des exp\u00e9riences culinaires et de restauration personnalis\u00e9es pour le bien-\u00eatre g\u00e9n\u00e9ral et la productivit\u00e9 des employ\u00e9s, des r\u00e9sidents et des patients.\",\"breadcrumb\":{\"@id\":\"http:\/\/dexterra.jkmprojects.com\/fr\/gestion-et-exploitation-des-installations\/services-alimentaires\/#breadcrumb\"},\"inLanguage\":\"fr-FR\",\"potentialAction\":[{\"@type\":\"ReadAction\",\"target\":[\"http:\/\/dexterra.jkmprojects.com\/fr\/gestion-et-exploitation-des-installations\/services-alimentaires\/\"]}]},{\"@type\":\"BreadcrumbList\",\"@id\":\"http:\/\/dexterra.jkmprojects.com\/fr\/gestion-et-exploitation-des-installations\/services-alimentaires\/#breadcrumb\",\"itemListElement\":[{\"@type\":\"ListItem\",\"position\":1,\"name\":\"Home\",\"item\":\"https:\/\/dexterra.jkmprojects.com\/fr\/\"},{\"@type\":\"ListItem\",\"position\":2,\"name\":\"Gestion et exploitation des installations\",\"item\":\"http:\/\/dexterra.jkmprojects.com\/fr\/gestion-et-exploitation-des-installations\/\"},{\"@type\":\"ListItem\",\"position\":3,\"name\":\"Services alimentaires\"}]}]}<\/script>\n<!-- \/ Yoast SEO plugin. -->","yoast_head_json":{"title":"Services alimentaires | Dexterra Group","description":"Des exp\u00e9riences culinaires et de restauration personnalis\u00e9es pour le bien-\u00eatre g\u00e9n\u00e9ral et la productivit\u00e9 des employ\u00e9s, des r\u00e9sidents et des patients.","robots":{"index":"noindex","follow":"follow"},"og_locale":"fr_FR","og_type":"article","og_title":"Services alimentaires | Dexterra Group","og_description":"Des exp\u00e9riences culinaires et de restauration personnalis\u00e9es pour le bien-\u00eatre g\u00e9n\u00e9ral et la productivit\u00e9 des employ\u00e9s, des r\u00e9sidents et des patients.","og_url":"http:\/\/dexterra.jkmprojects.com\/fr\/gestion-et-exploitation-des-installations\/services-alimentaires\/","og_site_name":"Dexterra","article_modified_time":"2022-05-04T16:16:52+00:00","og_image":[{"width":2560,"height":1707,"url":"http:\/\/dexterra.jkmprojects.com\/wp-content\/uploads\/2021\/06\/Chef-stock-scaled.jpg","type":"image\/jpeg"}],"twitter_card":"summary_large_image","twitter_misc":{"Dur\u00e9e de lecture estim\u00e9e":"2 minutes"},"schema":{"@context":"https:\/\/schema.org","@graph":[{"@type":"Organization","@id":"https:\/\/dexterra.jkmprojects.com\/#organization","name":"Dexterra Group","url":"https:\/\/dexterra.jkmprojects.com\/","sameAs":[],"logo":{"@type":"ImageObject","inLanguage":"fr-FR","@id":"https:\/\/dexterra.jkmprojects.com\/#\/schema\/logo\/image\/","url":"https:\/\/dexterra.jkmprojects.com\/wp-content\/uploads\/2020\/11\/DexterraGroupLogo-1.png","contentUrl":"https:\/\/dexterra.jkmprojects.com\/wp-content\/uploads\/2020\/11\/DexterraGroupLogo-1.png","width":302,"height":144,"caption":"Dexterra Group"},"image":{"@id":"https:\/\/dexterra.jkmprojects.com\/#\/schema\/logo\/image\/"}},{"@type":"WebSite","@id":"https:\/\/dexterra.jkmprojects.com\/#website","url":"https:\/\/dexterra.jkmprojects.com\/","name":"Dexterra","description":"","publisher":{"@id":"https:\/\/dexterra.jkmprojects.com\/#organization"},"potentialAction":[{"@type":"SearchAction","target":{"@type":"EntryPoint","urlTemplate":"https:\/\/dexterra.jkmprojects.com\/?s={search_term_string}"},"query-input":"required name=search_term_string"}],"inLanguage":"fr-FR"},{"@type":"ImageObject","inLanguage":"fr-FR","@id":"http:\/\/dexterra.jkmprojects.com\/fr\/gestion-et-exploitation-des-installations\/services-alimentaires\/#primaryimage","url":"http:\/\/dexterra.jkmprojects.com\/wp-content\/uploads\/2021\/06\/Chef-stock-scaled.jpg","contentUrl":"http:\/\/dexterra.jkmprojects.com\/wp-content\/uploads\/2021\/06\/Chef-stock-scaled.jpg","width":2560,"height":1707,"caption":"man in chefs outfit preparing a meal in the kitchen"},{"@type":"WebPage","@id":"http:\/\/dexterra.jkmprojects.com\/fr\/gestion-et-exploitation-des-installations\/services-alimentaires\/","url":"http:\/\/dexterra.jkmprojects.com\/fr\/gestion-et-exploitation-des-installations\/services-alimentaires\/","name":"Services alimentaires | Dexterra Group","isPartOf":{"@id":"https:\/\/dexterra.jkmprojects.com\/#website"},"primaryImageOfPage":{"@id":"http:\/\/dexterra.jkmprojects.com\/fr\/gestion-et-exploitation-des-installations\/services-alimentaires\/#primaryimage"},"datePublished":"2021-06-14T13:44:53+00:00","dateModified":"2022-05-04T16:16:52+00:00","description":"Des exp\u00e9riences culinaires et de restauration personnalis\u00e9es pour le bien-\u00eatre g\u00e9n\u00e9ral et la productivit\u00e9 des employ\u00e9s, des r\u00e9sidents et des patients.","breadcrumb":{"@id":"http:\/\/dexterra.jkmprojects.com\/fr\/gestion-et-exploitation-des-installations\/services-alimentaires\/#breadcrumb"},"inLanguage":"fr-FR","potentialAction":[{"@type":"ReadAction","target":["http:\/\/dexterra.jkmprojects.com\/fr\/gestion-et-exploitation-des-installations\/services-alimentaires\/"]}]},{"@type":"BreadcrumbList","@id":"http:\/\/dexterra.jkmprojects.com\/fr\/gestion-et-exploitation-des-installations\/services-alimentaires\/#breadcrumb","itemListElement":[{"@type":"ListItem","position":1,"name":"Home","item":"https:\/\/dexterra.jkmprojects.com\/fr\/"},{"@type":"ListItem","position":2,"name":"Gestion et exploitation des installations","item":"http:\/\/dexterra.jkmprojects.com\/fr\/gestion-et-exploitation-des-installations\/"},{"@type":"ListItem","position":3,"name":"Services alimentaires"}]}]}},"_links":{"self":[{"href":"http:\/\/dexterra.jkmprojects.com\/fr\/wp-json\/wp\/v2\/pages\/9124"}],"collection":[{"href":"http:\/\/dexterra.jkmprojects.com\/fr\/wp-json\/wp\/v2\/pages"}],"about":[{"href":"http:\/\/dexterra.jkmprojects.com\/fr\/wp-json\/wp\/v2\/types\/page"}],"author":[{"embeddable":true,"href":"http:\/\/dexterra.jkmprojects.com\/fr\/wp-json\/wp\/v2\/users\/7"}],"replies":[{"embeddable":true,"href":"http:\/\/dexterra.jkmprojects.com\/fr\/wp-json\/wp\/v2\/comments?post=9124"}],"version-history":[{"count":22,"href":"http:\/\/dexterra.jkmprojects.com\/fr\/wp-json\/wp\/v2\/pages\/9124\/revisions"}],"predecessor-version":[{"id":9421,"href":"http:\/\/dexterra.jkmprojects.com\/fr\/wp-json\/wp\/v2\/pages\/9124\/revisions\/9421"}],"up":[{"embeddable":true,"href":"http:\/\/dexterra.jkmprojects.com\/fr\/wp-json\/wp\/v2\/pages\/6514"}],"wp:featuredmedia":[{"embeddable":true,"href":"http:\/\/dexterra.jkmprojects.com\/fr\/wp-json\/wp\/v2\/media\/6687"}],"wp:attachment":[{"href":"http:\/\/dexterra.jkmprojects.com\/fr\/wp-json\/wp\/v2\/media?parent=9124"}],"curies":[{"name":"wp","href":"https:\/\/api.w.org\/{rel}","templated":true}]}}